{"id":4,"date":"2026-01-29T14:57:37","date_gmt":"2026-01-29T17:57:37","guid":{"rendered":"https:\/\/www.pmpf.rs.gov.br\/rumocerto\/?page_id=4"},"modified":"2026-02-06T15:25:05","modified_gmt":"2026-02-06T18:25:05","slug":"rumo-certo","status":"publish","type":"page","link":"https:\/\/www.pmpf.rs.gov.br\/rumocerto\/","title":{"rendered":"Programa Rumo Certo"},"content":{"rendered":"\n<p><strong>Esmola n\u00e3o \u00e9 ajuda. Mostrar um caminho \u00e9!<\/strong><br>Dar dinheiro n\u00e3o resolve a situa\u00e7\u00e3o de quem vive nas ruas. Ao contr\u00e1rio, a esmola contribui para a perman\u00eancia nessa realidade e afasta o acesso a caminhos reais de mudan\u00e7a. Quando uma pessoa recebe dinheiro na rua, ela deixa de aceitar o acolhimento, o atendimento social e as oportunidades de reinser\u00e7\u00e3o que existem na cidade.<br><br><strong>Ajude de verdade: <\/strong>Passo Fundo tem uma ampla rede de atendimento. Acione a equipe de abordagem social e fale sobre os servi\u00e7os da Prefeitura, contribuindo com o encaminhamento adequado.<\/p>\n\n\n\n<p>A Prefeitura re\u00fane esfor\u00e7os para encaminhar, de forma respons\u00e1vel e integrada, as pessoas em situa\u00e7\u00e3o de rua a servi\u00e7os e oportunidades de transforma\u00e7\u00e3o.<br><br>Por meio do Rumo Certo, o Munic\u00edpio articula a sua rede de assist\u00eancia com for\u00e7as de seguran\u00e7a, comunidades terap\u00eauticas, entidades, empresas e a popula\u00e7\u00e3o para a\u00e7\u00f5es focadas na identifica\u00e7\u00e3o, atendimento, tratamento e reinser\u00e7\u00e3o social.<\/p>\n\n\n\n<p><strong>A Prefeitura oferece uma rede estruturada para o atendimento das pessoas em situa\u00e7\u00e3o de rua:<\/strong><\/p>\n\n\n\n<p><strong>Casa de Passagem<\/strong><br>Acolhimento imediato, emergencial e provis\u00f3rio com pernoite, alimenta\u00e7\u00e3o e higiene<br>(54) 3314.6180 &#8211; Rua Uruguai, 266 &#8211; 24h<\/p>\n\n\n\n<p><strong>Centro Pop<\/strong><br>Atendimento social, escuta qualificada e encaminhamentos, como provis\u00e3o de documentos<br>8h \u00e0s 12h &#8211; 13h \u00e0s 17h &#8211; Rua Morom, 2649 &#8211; Centro<\/p>\n\n\n\n<p><strong>Abordagem Social<\/strong><br>Atua diretamente nas ruas, identificando necessidades e oferecendo encaminhamentos<br>Segunda a sexta-feira &#8211; 24 horas<br>S\u00e1bados e domingos &#8211; 19h \u00e0s 7h<br>(54) 9 9193.9597<\/p>\n\n\n\n<p><strong>PAC \u2013 Programa Apoiar e Comprometer<\/strong><br>Oportunidades de trabalho e reinser\u00e7\u00e3o social <\/p>\n\n\n\n<figure class=\"wp-block-gallery has-nested-images columns-default is-cropped wp-block-gallery-1 is-layout-flex wp-block-gallery-is-layout-flex\">\n<figure class=\"wp-block-image size-large\"><img loading=\"lazy\" decoding=\"async\" width=\"722\" height=\"1024\" data-id=\"27\" src=\"https:\/\/www.pmpf.rs.gov.br\/rumocerto\/wp-content\/uploads\/sites\/89\/2026\/02\/Prancheta-1-copia-10011-722x1024.jpg\" alt=\"\" class=\"wp-image-27\" srcset=\"https:\/\/www.pmpf.rs.gov.br\/rumocerto\/wp-content\/uploads\/sites\/89\/2026\/02\/Prancheta-1-copia-10011-722x1024.jpg 722w, https:\/\/www.pmpf.rs.gov.br\/rumocerto\/wp-content\/uploads\/sites\/89\/2026\/02\/Prancheta-1-copia-10011-212x300.jpg 212w, https:\/\/www.pmpf.rs.gov.br\/rumocerto\/wp-content\/uploads\/sites\/89\/2026\/02\/Prancheta-1-copia-10011-768x1089.jpg 768w, https:\/\/www.pmpf.rs.gov.br\/rumocerto\/wp-content\/uploads\/sites\/89\/2026\/02\/Prancheta-1-copia-10011-1083x1536.jpg 1083w, https:\/\/www.pmpf.rs.gov.br\/rumocerto\/wp-content\/uploads\/sites\/89\/2026\/02\/Prancheta-1-copia-10011-1444x2048.jpg 1444w, https:\/\/www.pmpf.rs.gov.br\/rumocerto\/wp-content\/uploads\/sites\/89\/2026\/02\/Prancheta-1-copia-10011.jpg 1680w\" sizes=\"(max-width: 722px) 100vw, 722px\" \/><\/figure>\n\n\n\n<figure class=\"wp-block-image size-large\"><img loading=\"lazy\" decoding=\"async\" width=\"722\" height=\"1024\" data-id=\"28\" src=\"https:\/\/www.pmpf.rs.gov.br\/rumocerto\/wp-content\/uploads\/sites\/89\/2026\/02\/Prancheta-1-10011-722x1024.jpg\" alt=\"\" class=\"wp-image-28\" srcset=\"https:\/\/www.pmpf.rs.gov.br\/rumocerto\/wp-content\/uploads\/sites\/89\/2026\/02\/Prancheta-1-10011-722x1024.jpg 722w, https:\/\/www.pmpf.rs.gov.br\/rumocerto\/wp-content\/uploads\/sites\/89\/2026\/02\/Prancheta-1-10011-212x300.jpg 212w, https:\/\/www.pmpf.rs.gov.br\/rumocerto\/wp-content\/uploads\/sites\/89\/2026\/02\/Prancheta-1-10011-768x1089.jpg 768w, https:\/\/www.pmpf.rs.gov.br\/rumocerto\/wp-content\/uploads\/sites\/89\/2026\/02\/Prancheta-1-10011-1083x1536.jpg 1083w, https:\/\/www.pmpf.rs.gov.br\/rumocerto\/wp-content\/uploads\/sites\/89\/2026\/02\/Prancheta-1-10011-1444x2048.jpg 1444w, https:\/\/www.pmpf.rs.gov.br\/rumocerto\/wp-content\/uploads\/sites\/89\/2026\/02\/Prancheta-1-10011.jpg 1680w\" sizes=\"(max-width: 722px) 100vw, 722px\" \/><\/figure>\n<\/figure>\n\n\n\n<div data-wp-interactive=\"core\/file\" class=\"wp-block-file\"><object data-wp-bind--hidden=\"!state.hasPdfPreview\"  class=\"wp-block-file__embed\" data=\"https:\/\/www.pmpf.rs.gov.br\/rumocerto\/wp-content\/uploads\/sites\/89\/2026\/02\/flyer_web.pdf\" type=\"application\/pdf\" style=\"width:100%;height:890px\" aria-label=\"Incorporado de flyer_web.\"><\/object><a id=\"wp-block-file--media-15987161-66b2-4325-9830-a598d0201089\" href=\"https:\/\/www.pmpf.rs.gov.br\/rumocerto\/wp-content\/uploads\/sites\/89\/2026\/02\/flyer_web.pdf\">flyer_web<\/a><a href=\"https:\/\/www.pmpf.rs.gov.br\/rumocerto\/wp-content\/uploads\/sites\/89\/2026\/02\/flyer_web.pdf\" class=\"wp-block-file__button wp-element-button\" download aria-describedby=\"wp-block-file--media-15987161-66b2-4325-9830-a598d0201089\">Baixar<\/a><\/div>\n","protected":false},"excerpt":{"rendered":"<p>Esmola n\u00e3o \u00e9 ajuda. Mostrar um caminho \u00e9!Dar dinheiro n\u00e3o resolve a situa\u00e7\u00e3o de quem vive nas ruas. Ao contr\u00e1rio, a esmola contribui para a perman\u00eancia nessa realidade e afasta o acesso [&hellip;]<\/p>\n","protected":false},"author":4,"featured_media":0,"parent":0,"menu_order":0,"comment_status":"closed","ping_status":"closed","template":"page_secretaria_sem_sidebar.php","meta":{"footnotes":""},"class_list":["post-4","page","type-page","status-publish","hentry"],"yoast_head":"<!-- This site is optimized with the Yoast SEO plugin v23.8 - https:\/\/yoast.com\/wordpress\/plugins\/seo\/ -->\n<title>Programa Rumo Certo - Rumo Certo<\/title>\n<meta name=\"robots\" content=\"index, follow, max-snippet:-1, max-image-preview:large, max-video-preview:-1\" \/>\n<link rel=\"canonical\" href=\"https:\/\/www.pmpf.rs.gov.br\/rumocerto\/\" \/>\n<meta property=\"og:locale\" content=\"pt_BR\" \/>\n<meta property=\"og:type\" content=\"article\" \/>\n<meta property=\"og:title\" content=\"Programa Rumo Certo - Rumo Certo\" \/>\n<meta property=\"og:description\" content=\"Esmola n\u00e3o \u00e9 ajuda. Mostrar um caminho \u00e9!Dar dinheiro n\u00e3o resolve a situa\u00e7\u00e3o de quem vive nas ruas. Ao contr\u00e1rio, a esmola contribui para a perman\u00eancia nessa realidade e afasta o acesso [&hellip;]\" \/>\n<meta property=\"og:url\" content=\"https:\/\/www.pmpf.rs.gov.br\/rumocerto\/\" \/>\n<meta property=\"og:site_name\" content=\"Rumo Certo\" \/>\n<meta property=\"article:modified_time\" content=\"2026-02-06T18:25:05+00:00\" \/>\n<meta property=\"og:image\" content=\"https:\/\/www.pmpf.rs.gov.br\/rumocerto\/wp-content\/uploads\/sites\/89\/2026\/02\/Prancheta-1-copia-10011-722x1024.jpg\" \/>\n\t<meta property=\"og:image:width\" content=\"722\" \/>\n\t<meta property=\"og:image:height\" content=\"1024\" \/>\n\t<meta property=\"og:image:type\" content=\"image\/jpeg\" \/>\n<meta name=\"twitter:card\" content=\"summary_large_image\" \/>\n<meta name=\"twitter:label1\" content=\"Est. tempo de leitura\" \/>\n\t<meta name=\"twitter:data1\" content=\"1 minuto\" \/>\n<script type=\"application\/ld+json\" class=\"yoast-schema-graph\">{\"@context\":\"https:\/\/schema.org\",\"@graph\":[{\"@type\":\"WebPage\",\"@id\":\"https:\/\/www.pmpf.rs.gov.br\/rumocerto\/\",\"url\":\"https:\/\/www.pmpf.rs.gov.br\/rumocerto\/\",\"name\":\"Programa Rumo Certo - Rumo Certo\",\"isPartOf\":{\"@id\":\"https:\/\/www.pmpf.rs.gov.br\/rumocerto\/#website\"},\"primaryImageOfPage\":{\"@id\":\"https:\/\/www.pmpf.rs.gov.br\/rumocerto\/#primaryimage\"},\"image\":{\"@id\":\"https:\/\/www.pmpf.rs.gov.br\/rumocerto\/#primaryimage\"},\"thumbnailUrl\":\"https:\/\/www.pmpf.rs.gov.br\/rumocerto\/wp-content\/uploads\/sites\/89\/2026\/02\/Prancheta-1-copia-10011-722x1024.jpg\",\"datePublished\":\"2026-01-29T17:57:37+00:00\",\"dateModified\":\"2026-02-06T18:25:05+00:00\",\"breadcrumb\":{\"@id\":\"https:\/\/www.pmpf.rs.gov.br\/rumocerto\/#breadcrumb\"},\"inLanguage\":\"pt-BR\",\"potentialAction\":[{\"@type\":\"ReadAction\",\"target\":[\"https:\/\/www.pmpf.rs.gov.br\/rumocerto\/\"]}]},{\"@type\":\"ImageObject\",\"inLanguage\":\"pt-BR\",\"@id\":\"https:\/\/www.pmpf.rs.gov.br\/rumocerto\/#primaryimage\",\"url\":\"https:\/\/www.pmpf.rs.gov.br\/rumocerto\/wp-content\/uploads\/sites\/89\/2026\/02\/Prancheta-1-copia-10011.jpg\",\"contentUrl\":\"https:\/\/www.pmpf.rs.gov.br\/rumocerto\/wp-content\/uploads\/sites\/89\/2026\/02\/Prancheta-1-copia-10011.jpg\",\"width\":1680,\"height\":2382},{\"@type\":\"BreadcrumbList\",\"@id\":\"https:\/\/www.pmpf.rs.gov.br\/rumocerto\/#breadcrumb\",\"itemListElement\":[{\"@type\":\"ListItem\",\"position\":1,\"name\":\"In\u00edcio\",\"item\":\"https:\/\/www.pmpf.rs.gov.br\/rumocerto\/\"},{\"@type\":\"ListItem\",\"position\":2,\"name\":\"Programa Rumo Certo\"}]},{\"@type\":\"WebSite\",\"@id\":\"https:\/\/www.pmpf.rs.gov.br\/rumocerto\/#website\",\"url\":\"https:\/\/www.pmpf.rs.gov.br\/rumocerto\/\",\"name\":\"Rumo Certo\",\"description\":\"\",\"potentialAction\":[{\"@type\":\"SearchAction\",\"target\":{\"@type\":\"EntryPoint\",\"urlTemplate\":\"https:\/\/www.pmpf.rs.gov.br\/rumocerto\/?s={search_term_string}\"},\"query-input\":{\"@type\":\"PropertyValueSpecification\",\"valueRequired\":true,\"valueName\":\"search_term_string\"}}],\"inLanguage\":\"pt-BR\"}]}<\/script>\n<!-- \/ Yoast SEO plugin. -->","yoast_head_json":{"title":"Programa Rumo Certo - Rumo Certo","robots":{"index":"index","follow":"follow","max-snippet":"max-snippet:-1","max-image-preview":"max-image-preview:large","max-video-preview":"max-video-preview:-1"},"canonical":"https:\/\/www.pmpf.rs.gov.br\/rumocerto\/","og_locale":"pt_BR","og_type":"article","og_title":"Programa Rumo Certo - Rumo Certo","og_description":"Esmola n\u00e3o \u00e9 ajuda. Mostrar um caminho \u00e9!Dar dinheiro n\u00e3o resolve a situa\u00e7\u00e3o de quem vive nas ruas. Ao contr\u00e1rio, a esmola contribui para a perman\u00eancia nessa realidade e afasta o acesso [&hellip;]","og_url":"https:\/\/www.pmpf.rs.gov.br\/rumocerto\/","og_site_name":"Rumo Certo","article_modified_time":"2026-02-06T18:25:05+00:00","og_image":[{"width":722,"height":1024,"url":"https:\/\/www.pmpf.rs.gov.br\/rumocerto\/wp-content\/uploads\/sites\/89\/2026\/02\/Prancheta-1-copia-10011-722x1024.jpg","type":"image\/jpeg"}],"twitter_card":"summary_large_image","twitter_misc":{"Est. tempo de leitura":"1 minuto"},"schema":{"@context":"https:\/\/schema.org","@graph":[{"@type":"WebPage","@id":"https:\/\/www.pmpf.rs.gov.br\/rumocerto\/","url":"https:\/\/www.pmpf.rs.gov.br\/rumocerto\/","name":"Programa Rumo Certo - Rumo Certo","isPartOf":{"@id":"https:\/\/www.pmpf.rs.gov.br\/rumocerto\/#website"},"primaryImageOfPage":{"@id":"https:\/\/www.pmpf.rs.gov.br\/rumocerto\/#primaryimage"},"image":{"@id":"https:\/\/www.pmpf.rs.gov.br\/rumocerto\/#primaryimage"},"thumbnailUrl":"https:\/\/www.pmpf.rs.gov.br\/rumocerto\/wp-content\/uploads\/sites\/89\/2026\/02\/Prancheta-1-copia-10011-722x1024.jpg","datePublished":"2026-01-29T17:57:37+00:00","dateModified":"2026-02-06T18:25:05+00:00","breadcrumb":{"@id":"https:\/\/www.pmpf.rs.gov.br\/rumocerto\/#breadcrumb"},"inLanguage":"pt-BR","potentialAction":[{"@type":"ReadAction","target":["https:\/\/www.pmpf.rs.gov.br\/rumocerto\/"]}]},{"@type":"ImageObject","inLanguage":"pt-BR","@id":"https:\/\/www.pmpf.rs.gov.br\/rumocerto\/#primaryimage","url":"https:\/\/www.pmpf.rs.gov.br\/rumocerto\/wp-content\/uploads\/sites\/89\/2026\/02\/Prancheta-1-copia-10011.jpg","contentUrl":"https:\/\/www.pmpf.rs.gov.br\/rumocerto\/wp-content\/uploads\/sites\/89\/2026\/02\/Prancheta-1-copia-10011.jpg","width":1680,"height":2382},{"@type":"BreadcrumbList","@id":"https:\/\/www.pmpf.rs.gov.br\/rumocerto\/#breadcrumb","itemListElement":[{"@type":"ListItem","position":1,"name":"In\u00edcio","item":"https:\/\/www.pmpf.rs.gov.br\/rumocerto\/"},{"@type":"ListItem","position":2,"name":"Programa Rumo Certo"}]},{"@type":"WebSite","@id":"https:\/\/www.pmpf.rs.gov.br\/rumocerto\/#website","url":"https:\/\/www.pmpf.rs.gov.br\/rumocerto\/","name":"Rumo Certo","description":"","potentialAction":[{"@type":"SearchAction","target":{"@type":"EntryPoint","urlTemplate":"https:\/\/www.pmpf.rs.gov.br\/rumocerto\/?s={search_term_string}"},"query-input":{"@type":"PropertyValueSpecification","valueRequired":true,"valueName":"search_term_string"}}],"inLanguage":"pt-BR"}]}},"_links":{"self":[{"href":"https:\/\/www.pmpf.rs.gov.br\/rumocerto\/wp-json\/wp\/v2\/pages\/4"}],"collection":[{"href":"https:\/\/www.pmpf.rs.gov.br\/rumocerto\/wp-json\/wp\/v2\/pages"}],"about":[{"href":"https:\/\/www.pmpf.rs.gov.br\/rumocerto\/wp-json\/wp\/v2\/types\/page"}],"author":[{"embeddable":true,"href":"https:\/\/www.pmpf.rs.gov.br\/rumocerto\/wp-json\/wp\/v2\/users\/4"}],"replies":[{"embeddable":true,"href":"https:\/\/www.pmpf.rs.gov.br\/rumocerto\/wp-json\/wp\/v2\/comments?post=4"}],"version-history":[{"count":8,"href":"https:\/\/www.pmpf.rs.gov.br\/rumocerto\/wp-json\/wp\/v2\/pages\/4\/revisions"}],"predecessor-version":[{"id":32,"href":"https:\/\/www.pmpf.rs.gov.br\/rumocerto\/wp-json\/wp\/v2\/pages\/4\/revisions\/32"}],"wp:attachment":[{"href":"https:\/\/www.pmpf.rs.gov.br\/rumocerto\/wp-json\/wp\/v2\/media?parent=4"}],"curies":[{"name":"wp","href":"https:\/\/api.w.org\/{rel}","templated":true}]}}