{"id":138,"date":"2021-12-23T01:52:23","date_gmt":"2021-12-23T04:52:23","guid":{"rendered":"https:\/\/www.pmpf.rs.gov.br\/revisao-do-plano-diretor\/?page_id=138"},"modified":"2021-12-23T17:02:31","modified_gmt":"2021-12-23T20:02:31","slug":"nucleo-gestor","status":"publish","type":"page","link":"https:\/\/www.pmpf.rs.gov.br\/revisao-do-plano-diretor\/nucleo-gestor\/","title":{"rendered":"N\u00facleo Gestor"},"content":{"rendered":"\n<h2 class=\"wp-block-heading\">Legisla\u00e7\u00e3o<\/h2>\n\n\n\n<p><a href=\"https:\/\/www.pmpf.rs.gov.br\/interna.php?t=19&amp;c=11&amp;i=11861\" target=\"_blank\" rel=\"noreferrer noopener\">04\/08\/2017 \u2013 Inscri\u00e7\u00f5es para participar do N\u00facleo Gestor<\/a><br><a href=\"https:\/\/www.pmpf.rs.gov.br\/revisao-do-plano-diretor\/wp-content\/uploads\/sites\/56\/2021\/12\/regimento_interno_nucleo_gestor_15012019.pdf\" target=\"_blank\" rel=\"noreferrer noopener\">15\/01\/2019 \u2013 Regimento Interno N\u00facleo Gestor<\/a><\/p>\n\n\n\n<p><strong>Editais<\/strong><br><a href=\"https:\/\/www.pmpf.rs.gov.br\/revisao-do-plano-diretor\/wp-content\/uploads\/sites\/56\/2021\/12\/edital_42_17_31082017.pdf\" target=\"_blank\" rel=\"noreferrer noopener\">Sele\u00e7\u00e3o de membros eletivos<\/a><\/p>\n\n\n\n<p><strong>Decretos<\/strong><br><a href=\"https:\/\/leismunicipais.com.br\/a1\/rs\/p\/passo-fundo\/decreto\/2017\/8\/72\/decreto-n-72-2017-dispoe-sobre-instituicao-do-nucleo-gestor-para-a-revisao-do-plano-diretor-do-municipio-de-passo-fundo-e-da-outras-providencias?q=72\/2017\" target=\"_blank\" rel=\"noreferrer noopener\">Decreto n\u00ba 72\/2017 \u2013 Institui o N\u00facleo Gestor para a Revis\u00e3o do Plano Diretor<\/a><\/p>\n\n\n\n<p><strong>Atas<\/strong><br><a href=\"https:\/\/www.pmpf.rs.gov.br\/revisao-do-plano-diretor\/wp-content\/uploads\/sites\/56\/2021\/12\/ata_pddi01_edital_3724082017.pdf\" target=\"_blank\" rel=\"noreferrer noopener\">24\/08\/2017 \u2013 An\u00e1lise da documenta\u00e7\u00e3o da Sociedade Civil Organizada para participa\u00e7\u00e3o do N\u00facleo Gestor da Revis\u00e3o do Plano Diretor<\/a><br><a href=\"https:\/\/www.pmpf.rs.gov.br\/revisao-do-plano-diretor\/wp-content\/uploads\/sites\/56\/2021\/12\/ata_pddi02_092017.pdf\" target=\"_blank\" rel=\"noreferrer noopener\">15\/09\/2017 \u2013 Elei\u00e7\u00e3o dos membros do N\u00facleo Gestor da Revis\u00e3o do Plano Diretor<\/a><br><a href=\"https:\/\/www.pmpf.rs.gov.br\/revisao-do-plano-diretor\/wp-content\/uploads\/sites\/56\/2021\/12\/ata_pddiposse_102017.pdf\" target=\"_blank\" rel=\"noreferrer noopener\">05\/10\/2017 \u2013 Posse do N\u00facleo Gestor da Revis\u00e3o do Plano Diretor<\/a><br><a href=\"https:\/\/www.pmpf.rs.gov.br\/revisao-do-plano-diretor\/wp-content\/uploads\/sites\/56\/2021\/12\/ata_pddi_18_10_2017.pdf\" target=\"_blank\" rel=\"noreferrer noopener\">18\/10\/2017 \u2013 Reuni\u00e3o do N\u00facleo Gestor da Revis\u00e3o do Plano Diretor<\/a><br><a href=\"https:\/\/www.pmpf.rs.gov.br\/revisao-do-plano-diretor\/wp-content\/uploads\/sites\/56\/2021\/12\/ata_pddi_14_11_2017.pdf\" target=\"_blank\" rel=\"noreferrer noopener\">14\/11\/2017 \u2013 Reuni\u00e3o do N\u00facleo Gestor da Revis\u00e3o do Plano Diretor<\/a><br><a href=\"https:\/\/www.pmpf.rs.gov.br\/revisao-do-plano-diretor\/wp-content\/uploads\/sites\/56\/2021\/12\/ata_pddi_20_12_2017.pdf\" target=\"_blank\" rel=\"noreferrer noopener\">20\/12\/2017 \u2013 Reuni\u00e3o do N\u00facleo Gestor da Revis\u00e3o do Plano Diretor<\/a><br><a href=\"https:\/\/www.pmpf.rs.gov.br\/revisao-do-plano-diretor\/wp-content\/uploads\/sites\/56\/2021\/12\/ata_pddi_plano_mobilizacao_17_01_2018.pdf\" target=\"_blank\" rel=\"noreferrer noopener\">17\/01\/2018 \u2013 Reuni\u00e3o do Plano de Mobiliza\u00e7\u00e3o da Revis\u00e3o do Plano Diretor<\/a><br><a href=\"https:\/\/www.pmpf.rs.gov.br\/revisao-do-plano-diretor\/wp-content\/uploads\/sites\/56\/2021\/12\/ata_pddi06_nucleo_gestor_21_02-2018.pdf\" target=\"_blank\" rel=\"noreferrer noopener\">21\/02\/2018 \u2013 Reuni\u00e3o do N\u00facleo Gestor da Revis\u00e3o do Plano Diretor<\/a><br><a href=\"https:\/\/www.pmpf.rs.gov.br\/revisao-do-plano-diretor\/wp-content\/uploads\/sites\/56\/2021\/12\/ata_pddi_nucleo_gestor_21_03_2018.pdf\" target=\"_blank\" rel=\"noreferrer noopener\">21\/03\/2018 \u2013 Reuni\u00e3o do N\u00facleo Gestor da Revis\u00e3o do Plano Diretor<\/a><br><a href=\"https:\/\/www.pmpf.rs.gov.br\/revisao-do-plano-diretor\/wp-content\/uploads\/sites\/56\/2021\/12\/ata_pddi_nucleo_gestor_18_04_2018.pdf\" target=\"_blank\" rel=\"noreferrer noopener\">18\/04\/2018 \u2013 Reuni\u00e3o do N\u00facleo Gestor da Revis\u00e3o do Plano Diretor<\/a><br><a href=\"https:\/\/www.pmpf.rs.gov.br\/revisao-do-plano-diretor\/wp-content\/uploads\/sites\/56\/2021\/12\/ata_pddi_nucleo_gestor_16_05_2018.pdf\" target=\"_blank\" rel=\"noreferrer noopener\">16\/05\/2018 \u2013 Reuni\u00e3o do N\u00facleo Gestor da Revis\u00e3o do Plano Diretor<\/a><br><a href=\"https:\/\/www.pmpf.rs.gov.br\/revisao-do-plano-diretor\/wp-content\/uploads\/sites\/56\/2021\/12\/ata_pddi_nucleo_gestor_20_06_2018.pdf\" target=\"_blank\" rel=\"noreferrer noopener\">20\/06\/2018 \u2013 Reuni\u00e3o do N\u00facleo Gestor da Revis\u00e3o do Plano Diretor<\/a><br><a href=\"https:\/\/www.pmpf.rs.gov.br\/revisao-do-plano-diretor\/wp-content\/uploads\/sites\/56\/2021\/12\/ata_pddi_nucleo_gestor_18_07_2018.pdf\" target=\"_blank\" rel=\"noreferrer noopener\">18\/07\/2018 \u2013 Reuni\u00e3o do N\u00facleo Gestor da Revis\u00e3o do Plano Diretor<\/a><br><a href=\"https:\/\/www.pmpf.rs.gov.br\/revisao-do-plano-diretor\/wp-content\/uploads\/sites\/56\/2021\/12\/ata_pddi_nucleo_gestor_15_08_2018.pdf\" target=\"_blank\" rel=\"noreferrer noopener\">15\/08\/2018 \u2013 Reuni\u00e3o do N\u00facleo Gestor da Revis\u00e3o do Plano Diretor<\/a><br><a href=\"https:\/\/www.pmpf.rs.gov.br\/revisao-do-plano-diretor\/wp-content\/uploads\/sites\/56\/2021\/12\/ata_pddi_nucleo_gestor_19_09_2018.pdf\" target=\"_blank\" rel=\"noreferrer noopener\">19\/09\/2018 \u2013 Reuni\u00e3o do N\u00facleo Gestor da Revis\u00e3o do Plano Diretor<\/a><br><a href=\"https:\/\/www.pmpf.rs.gov.br\/revisao-do-plano-diretor\/wp-content\/uploads\/sites\/56\/2021\/12\/ata_pddi_nucleo_gestor_17_10_2018.pdf\" target=\"_blank\" rel=\"noreferrer noopener\">17\/10\/2018 \u2013 Reuni\u00e3o do N\u00facleo Gestor da Revis\u00e3o do Plano Diretor<\/a><br><a href=\"https:\/\/www.pmpf.rs.gov.br\/revisao-do-plano-diretor\/wp-content\/uploads\/sites\/56\/2021\/12\/ata_pddi_nucleo_gestor_21_11_2018.pdf\" target=\"_blank\" rel=\"noreferrer noopener\">21\/11\/2018 \u2013 Reuni\u00e3o do N\u00facleo Gestor da Revis\u00e3o do Plano Diretor<\/a><br><a href=\"https:\/\/www.pmpf.rs.gov.br\/revisao-do-plano-diretor\/wp-content\/uploads\/sites\/56\/2021\/12\/ata_pddi_nucleo_gestor_19_12_2018.pdf\" target=\"_blank\" rel=\"noreferrer noopener\">19\/12\/\/2018 \u2013 Reuni\u00e3o do N\u00facleo Gestor da Revis\u00e3o do Plano Diretor<\/a><br><a href=\"https:\/\/www.pmpf.rs.gov.br\/revisao-do-plano-diretor\/wp-content\/uploads\/sites\/56\/2021\/12\/ata_pddi_nucleo_gestor_25_01_2019.pdf\" target=\"_blank\" rel=\"noreferrer noopener\">25\/01\/2019 \u2013 Reuni\u00e3o do N\u00facleo Gestor da Revis\u00e3o do Plano Diretor<\/a><br><a href=\"https:\/\/www.pmpf.rs.gov.br\/revisao-do-plano-diretor\/wp-content\/uploads\/sites\/56\/2021\/12\/ata_pddi_nucleo_gestor_13_02_2019.pdf\" target=\"_blank\" rel=\"noreferrer noopener\">13\/02\/2019 \u2013 Reuni\u00e3o do N\u00facleo Gestor da Revis\u00e3o do Plano Diretor<\/a><br><a href=\"https:\/\/www.pmpf.rs.gov.br\/revisao-do-plano-diretor\/wp-content\/uploads\/sites\/56\/2021\/12\/ata_pddi_nucleo_gestor_20_03_2019.pdf\" target=\"_blank\" rel=\"noreferrer noopener\">20\/03\/2019 \u2013 Reuni\u00e3o do N\u00facleo Gestor da Revis\u00e3o do Plano Diretor<\/a><br><a href=\"https:\/\/www.pmpf.rs.gov.br\/revisao-do-plano-diretor\/wp-content\/uploads\/sites\/56\/2021\/12\/ata_pddi_nucleo_gestor_17_04_2019.pdf\" target=\"_blank\" rel=\"noreferrer noopener\">17\/04\/2019 \u2013 Reuni\u00e3o do N\u00facleo Gestor da Revis\u00e3o do Plano Diretor<\/a><br><a href=\"https:\/\/www.pmpf.rs.gov.br\/revisao-do-plano-diretor\/wp-content\/uploads\/sites\/56\/2021\/12\/ata_pddi_nucleo_gestor_15_05_2019.pdf\" target=\"_blank\" rel=\"noreferrer noopener\">15\/05\/2019 \u2013 Reuni\u00e3o do N\u00facleo Gestor da Revis\u00e3o do Plano Diretor<\/a><br><a href=\"https:\/\/www.pmpf.rs.gov.br\/revisao-do-plano-diretor\/wp-content\/uploads\/sites\/56\/2021\/12\/ata_pddi_nucleo_gestor_19_06_2019.pdf\" target=\"_blank\" rel=\"noreferrer noopener\">19\/06\/2019 \u2013 Reuni\u00e3o do N\u00facleo Gestor da Revis\u00e3o do Plano Diretor<\/a><br><a href=\"https:\/\/www.pmpf.rs.gov.br\/revisao-do-plano-diretor\/wp-content\/uploads\/sites\/56\/2021\/12\/ata_pddi_nucleo_gestor_17_07_2019.pdf\" target=\"_blank\" rel=\"noreferrer noopener\">17\/07\/2019 \u2013 Reuni\u00e3o do N\u00facleo Gestor da Revis\u00e3o do Plano Diretor<\/a><br><a href=\"https:\/\/www.pmpf.rs.gov.br\/revisao-do-plano-diretor\/wp-content\/uploads\/sites\/56\/2021\/12\/ata_pddi_nucleo_gestor_21_08_2019.pdf\" target=\"_blank\" rel=\"noreferrer noopener\">21\/08\/2019 \u2013 Reuni\u00e3o do N\u00facleo Gestor da Revis\u00e3o do Plano Diretor<\/a><br><a href=\"https:\/\/www.pmpf.rs.gov.br\/revisao-do-plano-diretor\/wp-content\/uploads\/sites\/56\/2021\/12\/ata_pddi_nucleo_gestor_18_09_2019.pdf\" target=\"_blank\" rel=\"noreferrer noopener\">18\/09\/2019 \u2013 Reuni\u00e3o do N\u00facleo Gestor da Revis\u00e3o do Plano Diretor<\/a><\/p>\n","protected":false},"excerpt":{"rendered":"<p>Legisla\u00e7\u00e3o 04\/08\/2017 \u2013 Inscri\u00e7\u00f5es para participar do N\u00facleo Gestor15\/01\/2019 \u2013 Regimento Interno N\u00facleo Gestor EditaisSele\u00e7\u00e3o de membros eletivos DecretosDecreto n\u00ba 72\/2017 \u2013 Institui o N\u00facleo Gestor para a Revis\u00e3o do Plano Diretor [&hellip;]<\/p>\n","protected":false},"author":1,"featured_media":0,"parent":0,"menu_order":0,"comment_status":"closed","ping_status":"closed","template":"","meta":{"footnotes":""},"class_list":["post-138","page","type-page","status-publish","hentry"],"yoast_head":"<!-- This site is optimized with the Yoast SEO plugin v23.8 - https:\/\/yoast.com\/wordpress\/plugins\/seo\/ -->\n<title>N\u00facleo Gestor - Revis\u00e3o do Plano Diretor<\/title>\n<meta name=\"robots\" content=\"index, follow, max-snippet:-1, max-image-preview:large, max-video-preview:-1\" \/>\n<link rel=\"canonical\" href=\"https:\/\/www.pmpf.rs.gov.br\/revisao-do-plano-diretor\/nucleo-gestor\/\" \/>\n<meta property=\"og:locale\" content=\"pt_BR\" \/>\n<meta property=\"og:type\" content=\"article\" \/>\n<meta property=\"og:title\" content=\"N\u00facleo Gestor - Revis\u00e3o do Plano Diretor\" \/>\n<meta property=\"og:description\" content=\"Legisla\u00e7\u00e3o 04\/08\/2017 \u2013 Inscri\u00e7\u00f5es para participar do N\u00facleo Gestor15\/01\/2019 \u2013 Regimento Interno N\u00facleo Gestor EditaisSele\u00e7\u00e3o de membros eletivos DecretosDecreto n\u00ba 72\/2017 \u2013 Institui o N\u00facleo Gestor para a Revis\u00e3o do Plano Diretor [&hellip;]\" \/>\n<meta property=\"og:url\" content=\"https:\/\/www.pmpf.rs.gov.br\/revisao-do-plano-diretor\/nucleo-gestor\/\" \/>\n<meta property=\"og:site_name\" content=\"Revis\u00e3o do Plano Diretor\" \/>\n<meta property=\"article:modified_time\" content=\"2021-12-23T20:02:31+00:00\" \/>\n<meta name=\"twitter:card\" content=\"summary_large_image\" \/>\n<meta name=\"twitter:label1\" content=\"Est. tempo de leitura\" \/>\n\t<meta name=\"twitter:data1\" content=\"2 minutos\" \/>\n<script type=\"application\/ld+json\" class=\"yoast-schema-graph\">{\"@context\":\"https:\/\/schema.org\",\"@graph\":[{\"@type\":\"WebPage\",\"@id\":\"https:\/\/www.pmpf.rs.gov.br\/revisao-do-plano-diretor\/nucleo-gestor\/\",\"url\":\"https:\/\/www.pmpf.rs.gov.br\/revisao-do-plano-diretor\/nucleo-gestor\/\",\"name\":\"N\u00facleo Gestor - Revis\u00e3o do Plano Diretor\",\"isPartOf\":{\"@id\":\"https:\/\/www.pmpf.rs.gov.br\/revisao-do-plano-diretor\/#website\"},\"datePublished\":\"2021-12-23T04:52:23+00:00\",\"dateModified\":\"2021-12-23T20:02:31+00:00\",\"breadcrumb\":{\"@id\":\"https:\/\/www.pmpf.rs.gov.br\/revisao-do-plano-diretor\/nucleo-gestor\/#breadcrumb\"},\"inLanguage\":\"pt-BR\",\"potentialAction\":[{\"@type\":\"ReadAction\",\"target\":[\"https:\/\/www.pmpf.rs.gov.br\/revisao-do-plano-diretor\/nucleo-gestor\/\"]}]},{\"@type\":\"BreadcrumbList\",\"@id\":\"https:\/\/www.pmpf.rs.gov.br\/revisao-do-plano-diretor\/nucleo-gestor\/#breadcrumb\",\"itemListElement\":[{\"@type\":\"ListItem\",\"position\":1,\"name\":\"In\u00edcio\",\"item\":\"https:\/\/www.pmpf.rs.gov.br\/revisao-do-plano-diretor\/\"},{\"@type\":\"ListItem\",\"position\":2,\"name\":\"N\u00facleo Gestor\"}]},{\"@type\":\"WebSite\",\"@id\":\"https:\/\/www.pmpf.rs.gov.br\/revisao-do-plano-diretor\/#website\",\"url\":\"https:\/\/www.pmpf.rs.gov.br\/revisao-do-plano-diretor\/\",\"name\":\"Revis\u00e3o do Plano Diretor\",\"description\":\"S\u00f3 mais um site Prefeitura de Passo Fundo\",\"potentialAction\":[{\"@type\":\"SearchAction\",\"target\":{\"@type\":\"EntryPoint\",\"urlTemplate\":\"https:\/\/www.pmpf.rs.gov.br\/revisao-do-plano-diretor\/?s={search_term_string}\"},\"query-input\":{\"@type\":\"PropertyValueSpecification\",\"valueRequired\":true,\"valueName\":\"search_term_string\"}}],\"inLanguage\":\"pt-BR\"}]}<\/script>\n<!-- \/ Yoast SEO plugin. -->","yoast_head_json":{"title":"N\u00facleo Gestor - Revis\u00e3o do Plano Diretor","robots":{"index":"index","follow":"follow","max-snippet":"max-snippet:-1","max-image-preview":"max-image-preview:large","max-video-preview":"max-video-preview:-1"},"canonical":"https:\/\/www.pmpf.rs.gov.br\/revisao-do-plano-diretor\/nucleo-gestor\/","og_locale":"pt_BR","og_type":"article","og_title":"N\u00facleo Gestor - Revis\u00e3o do Plano Diretor","og_description":"Legisla\u00e7\u00e3o 04\/08\/2017 \u2013 Inscri\u00e7\u00f5es para participar do N\u00facleo Gestor15\/01\/2019 \u2013 Regimento Interno N\u00facleo Gestor EditaisSele\u00e7\u00e3o de membros eletivos DecretosDecreto n\u00ba 72\/2017 \u2013 Institui o N\u00facleo Gestor para a Revis\u00e3o do Plano Diretor [&hellip;]","og_url":"https:\/\/www.pmpf.rs.gov.br\/revisao-do-plano-diretor\/nucleo-gestor\/","og_site_name":"Revis\u00e3o do Plano Diretor","article_modified_time":"2021-12-23T20:02:31+00:00","twitter_card":"summary_large_image","twitter_misc":{"Est. tempo de leitura":"2 minutos"},"schema":{"@context":"https:\/\/schema.org","@graph":[{"@type":"WebPage","@id":"https:\/\/www.pmpf.rs.gov.br\/revisao-do-plano-diretor\/nucleo-gestor\/","url":"https:\/\/www.pmpf.rs.gov.br\/revisao-do-plano-diretor\/nucleo-gestor\/","name":"N\u00facleo Gestor - Revis\u00e3o do Plano Diretor","isPartOf":{"@id":"https:\/\/www.pmpf.rs.gov.br\/revisao-do-plano-diretor\/#website"},"datePublished":"2021-12-23T04:52:23+00:00","dateModified":"2021-12-23T20:02:31+00:00","breadcrumb":{"@id":"https:\/\/www.pmpf.rs.gov.br\/revisao-do-plano-diretor\/nucleo-gestor\/#breadcrumb"},"inLanguage":"pt-BR","potentialAction":[{"@type":"ReadAction","target":["https:\/\/www.pmpf.rs.gov.br\/revisao-do-plano-diretor\/nucleo-gestor\/"]}]},{"@type":"BreadcrumbList","@id":"https:\/\/www.pmpf.rs.gov.br\/revisao-do-plano-diretor\/nucleo-gestor\/#breadcrumb","itemListElement":[{"@type":"ListItem","position":1,"name":"In\u00edcio","item":"https:\/\/www.pmpf.rs.gov.br\/revisao-do-plano-diretor\/"},{"@type":"ListItem","position":2,"name":"N\u00facleo Gestor"}]},{"@type":"WebSite","@id":"https:\/\/www.pmpf.rs.gov.br\/revisao-do-plano-diretor\/#website","url":"https:\/\/www.pmpf.rs.gov.br\/revisao-do-plano-diretor\/","name":"Revis\u00e3o do Plano Diretor","description":"S\u00f3 mais um site Prefeitura de Passo Fundo","potentialAction":[{"@type":"SearchAction","target":{"@type":"EntryPoint","urlTemplate":"https:\/\/www.pmpf.rs.gov.br\/revisao-do-plano-diretor\/?s={search_term_string}"},"query-input":{"@type":"PropertyValueSpecification","valueRequired":true,"valueName":"search_term_string"}}],"inLanguage":"pt-BR"}]}},"_links":{"self":[{"href":"https:\/\/www.pmpf.rs.gov.br\/revisao-do-plano-diretor\/wp-json\/wp\/v2\/pages\/138"}],"collection":[{"href":"https:\/\/www.pmpf.rs.gov.br\/revisao-do-plano-diretor\/wp-json\/wp\/v2\/pages"}],"about":[{"href":"https:\/\/www.pmpf.rs.gov.br\/revisao-do-plano-diretor\/wp-json\/wp\/v2\/types\/page"}],"author":[{"embeddable":true,"href":"https:\/\/www.pmpf.rs.gov.br\/revisao-do-plano-diretor\/wp-json\/wp\/v2\/users\/1"}],"replies":[{"embeddable":true,"href":"https:\/\/www.pmpf.rs.gov.br\/revisao-do-plano-diretor\/wp-json\/wp\/v2\/comments?post=138"}],"version-history":[{"count":3,"href":"https:\/\/www.pmpf.rs.gov.br\/revisao-do-plano-diretor\/wp-json\/wp\/v2\/pages\/138\/revisions"}],"predecessor-version":[{"id":186,"href":"https:\/\/www.pmpf.rs.gov.br\/revisao-do-plano-diretor\/wp-json\/wp\/v2\/pages\/138\/revisions\/186"}],"wp:attachment":[{"href":"https:\/\/www.pmpf.rs.gov.br\/revisao-do-plano-diretor\/wp-json\/wp\/v2\/media?parent=138"}],"curies":[{"name":"wp","href":"https:\/\/api.w.org\/{rel}","templated":true}]}}