{"id":9,"date":"2021-12-22T14:39:05","date_gmt":"2021-12-22T17:39:05","guid":{"rendered":"https:\/\/www.pmpf.rs.gov.br\/procuradoria-geral-do-municipio\/?page_id=9"},"modified":"2022-02-10T11:22:29","modified_gmt":"2022-02-10T14:22:29","slug":"inicial","status":"publish","type":"page","link":"https:\/\/www.pmpf.rs.gov.br\/procuradoria\/","title":{"rendered":"Inicial"},"content":{"rendered":"\n<h2 class=\"wp-block-heading\" id=\"setor-responsavel-pelas-questoes-juridicas-de-passo-fundo\">Setor respons\u00e1vel pelas quest\u00f5es jur\u00eddicas de Passo Fundo.<\/h2>\n\n\n\n<div class=\"wp-block-image\"><figure class=\"alignleft size-large is-resized\"><img loading=\"lazy\" decoding=\"async\" src=\"https:\/\/www.pmpf.rs.gov.br\/procuradoria-geral-do-municipio\/wp-content\/uploads\/sites\/53\/2021\/12\/I2013-12-10_05_30_58_164470-950x1024.jpg\" alt=\"\" class=\"wp-image-5\" width=\"291\" height=\"314\" srcset=\"https:\/\/www.pmpf.rs.gov.br\/procuradoria\/wp-content\/uploads\/sites\/53\/2021\/12\/I2013-12-10_05_30_58_164470-950x1024.jpg 950w, https:\/\/www.pmpf.rs.gov.br\/procuradoria\/wp-content\/uploads\/sites\/53\/2021\/12\/I2013-12-10_05_30_58_164470-278x300.jpg 278w, https:\/\/www.pmpf.rs.gov.br\/procuradoria\/wp-content\/uploads\/sites\/53\/2021\/12\/I2013-12-10_05_30_58_164470-768x828.jpg 768w, https:\/\/www.pmpf.rs.gov.br\/procuradoria\/wp-content\/uploads\/sites\/53\/2021\/12\/I2013-12-10_05_30_58_164470.jpg 1096w\" sizes=\"(max-width: 291px) 100vw, 291px\" \/><\/figure><\/div>\n\n\n\n<p>\u00d3rg\u00e3o com as atribui\u00e7\u00f5es de assessorar o Prefeito e aos demais \u00f3rg\u00e3os da administra\u00e7\u00e3o municipal nos assuntos de natureza legal submetidos a sua aprecia\u00e7\u00e3o; elabora\u00e7\u00e3o de minutas de atos normativos e de pareceres sobre projetos de lei de iniciativa do Executivo; elabora\u00e7\u00e3o de minutas de contratos e demais rela\u00e7\u00f5es legais do munic\u00edpio; cobran\u00e7a extrajudicial da d\u00edvida ativa e dos demais cr\u00e9ditos da municipalidade; pareceres sobre assuntos legais e do interesse dos \u00f3rg\u00e3os da Administra\u00e7\u00e3o P\u00fablica; propositura das a\u00e7\u00f5es relativas \u00e0 defesa dos interesses do munic\u00edpio e da Administra\u00e7\u00e3o; receber cita\u00e7\u00f5es iniciais e notifica\u00e7\u00f5es e de representar em ju\u00edzo ou fora dele, nas quest\u00f5es legais, o munic\u00edpio e a Administra\u00e7\u00e3o P\u00fablica, ativa e passivamente; examinar previamente e aprovar as minutas dos editais de licita\u00e7\u00e3o, bem como as minutas dos contratos, acordos, conv\u00eanios ou ajustes deles decorrente, al\u00e9m das compet\u00eancias pertinentes a outros \u00f3rg\u00e3os p\u00fablicos.<\/p>\n\n\n\n<hr class=\"wp-block-separator\"\/>\n\n\n\t\t<section id=\"section-transparencia\">\n\t\t\t<h2 class=\"title-1\">\n\t\t\t\tTranspar\u00eancia <span class=\"texto-azul\">da Prefeitura<\/span>\n\t\t\t<\/h2>\n\n\t\t\t<div class=\"row\">\n\n\t\t\t\t\t\t\t\t\t\t\t\t\t\t\t\t\t\t<div class=\"col-12 col-sm-4\">\n\t\t\t\t\t\t<a style=\"background-color: #666666;\" href=\"https:\/\/www.pmpf.rs.gov.br\/transparencia\/\" >\n\t\t\t\t\t\t\t<img loading=\"lazy\" decoding=\"async\" width=\"64\" height=\"64\" src=\"https:\/\/www.pmpf.rs.gov.br\/procuradoria\/wp-content\/uploads\/2021\/10\/portal-da-transparencia.svg\" alt=\"Portal de Transpar\u00eancia\">\n\t\t\t\t\t\t\t<span>\n\t\t\t\t\t\t\t\t<small>Portal de<\/small><br>Transpar\u00eancia\t\t\t\t\t\t\t<\/span>\n\t\t\t\t\t\t<\/a>\n\t\t\t\t\t<\/div>\n\t\t\t\t\t\t\t\t\t\t\t\t\t\t\t\t\t\t\t<div class=\"col-12 col-sm-4\">\n\t\t\t\t\t\t<a style=\"background-color: #0055a5;\" href=\"https:\/\/www.leismunicipais.com.br\/prefeitura\/rs\/passofundo\" rel=\"nofollow\" target=\"_blank\">\n\t\t\t\t\t\t\t<img loading=\"lazy\" decoding=\"async\" width=\"64\" height=\"64\" src=\"https:\/\/www.pmpf.rs.gov.br\/procuradoria\/wp-content\/uploads\/2021\/10\/legislacao-municipal.svg\" alt=\"Legisla\u00e7\u00e3o Municipal\">\n\t\t\t\t\t\t\t<span>\n\t\t\t\t\t\t\t\t<small>Legisla\u00e7\u00e3o<\/small><br>Municipal\t\t\t\t\t\t\t<\/span>\n\t\t\t\t\t\t<\/a>\n\t\t\t\t\t<\/div>\n\t\t\t\t\t\t\t\t\t\t\t\t\t\t\t\t\t\t\t<div class=\"col-12 col-sm-4\">\n\t\t\t\t\t\t<a style=\"background-color: #008733;\" href=\"https:\/\/www.pmpf.rs.gov.br\/transparencia\/sic\" >\n\t\t\t\t\t\t\t<img loading=\"lazy\" decoding=\"async\" width=\"64\" height=\"64\" src=\"https:\/\/www.pmpf.rs.gov.br\/procuradoria\/wp-content\/uploads\/2021\/10\/info.png\" alt=\"Acesso \u00e0 Informa\u00e7\u00e3o\">\n\t\t\t\t\t\t\t<span>\n\t\t\t\t\t\t\t\t<small>Acesso \u00e0<\/small><br>Informa\u00e7\u00e3o\t\t\t\t\t\t\t<\/span>\n\t\t\t\t\t\t<\/a>\n\t\t\t\t\t<\/div>\n\t\t\t\t\t\t\t\t\t\t\t\t\t\t\t\t<\/div>\n\t\t<\/section>\n\t\n","protected":false},"excerpt":{"rendered":"<p>Setor respons\u00e1vel pelas quest\u00f5es jur\u00eddicas de Passo Fundo. \u00d3rg\u00e3o com as atribui\u00e7\u00f5es de assessorar o Prefeito e aos demais \u00f3rg\u00e3os da administra\u00e7\u00e3o municipal nos assuntos de natureza legal submetidos a sua aprecia\u00e7\u00e3o; [&hellip;]<\/p>\n","protected":false},"author":1,"featured_media":73,"parent":0,"menu_order":0,"comment_status":"closed","ping_status":"closed","template":"page_secretaria_sem_sidebar.php","meta":{"footnotes":""},"class_list":["post-9","page","type-page","status-publish","has-post-thumbnail","hentry"],"yoast_head":"<!-- This site is optimized with the Yoast SEO plugin v23.8 - https:\/\/yoast.com\/wordpress\/plugins\/seo\/ -->\n<title>Inicial - Procuradoria Geral do Munic\u00edpio<\/title>\n<meta name=\"robots\" content=\"index, follow, max-snippet:-1, max-image-preview:large, max-video-preview:-1\" \/>\n<link rel=\"canonical\" href=\"https:\/\/www.pmpf.rs.gov.br\/procuradoria\/\" \/>\n<meta property=\"og:locale\" content=\"pt_BR\" \/>\n<meta property=\"og:type\" content=\"article\" \/>\n<meta property=\"og:title\" content=\"Inicial - Procuradoria Geral do Munic\u00edpio\" \/>\n<meta property=\"og:description\" content=\"Setor respons\u00e1vel pelas quest\u00f5es jur\u00eddicas de Passo Fundo. \u00d3rg\u00e3o com as atribui\u00e7\u00f5es de assessorar o Prefeito e aos demais \u00f3rg\u00e3os da administra\u00e7\u00e3o municipal nos assuntos de natureza legal submetidos a sua aprecia\u00e7\u00e3o; [&hellip;]\" \/>\n<meta property=\"og:url\" content=\"https:\/\/www.pmpf.rs.gov.br\/procuradoria\/\" \/>\n<meta property=\"og:site_name\" content=\"Procuradoria Geral do Munic\u00edpio\" \/>\n<meta property=\"article:modified_time\" content=\"2022-02-10T14:22:29+00:00\" \/>\n<meta name=\"twitter:card\" content=\"summary_large_image\" \/>\n<meta name=\"twitter:label1\" content=\"Est. tempo de leitura\" \/>\n\t<meta name=\"twitter:data1\" content=\"2 minutos\" \/>\n<script type=\"application\/ld+json\" class=\"yoast-schema-graph\">{\"@context\":\"https:\/\/schema.org\",\"@graph\":[{\"@type\":\"WebPage\",\"@id\":\"https:\/\/www.pmpf.rs.gov.br\/procuradoria\/\",\"url\":\"https:\/\/www.pmpf.rs.gov.br\/procuradoria\/\",\"name\":\"Inicial - Procuradoria Geral do Munic\u00edpio\",\"isPartOf\":{\"@id\":\"https:\/\/www.pmpf.rs.gov.br\/procuradoria\/#website\"},\"primaryImageOfPage\":{\"@id\":\"https:\/\/www.pmpf.rs.gov.br\/procuradoria\/#primaryimage\"},\"image\":{\"@id\":\"https:\/\/www.pmpf.rs.gov.br\/procuradoria\/#primaryimage\"},\"thumbnailUrl\":\"https:\/\/www.pmpf.rs.gov.br\/procuradoria\/wp-content\/uploads\/sites\/53\/2021\/12\/icone-procuradoria.svg\",\"datePublished\":\"2021-12-22T17:39:05+00:00\",\"dateModified\":\"2022-02-10T14:22:29+00:00\",\"breadcrumb\":{\"@id\":\"https:\/\/www.pmpf.rs.gov.br\/procuradoria\/#breadcrumb\"},\"inLanguage\":\"pt-BR\",\"potentialAction\":[{\"@type\":\"ReadAction\",\"target\":[\"https:\/\/www.pmpf.rs.gov.br\/procuradoria\/\"]}]},{\"@type\":\"ImageObject\",\"inLanguage\":\"pt-BR\",\"@id\":\"https:\/\/www.pmpf.rs.gov.br\/procuradoria\/#primaryimage\",\"url\":\"https:\/\/www.pmpf.rs.gov.br\/procuradoria\/wp-content\/uploads\/sites\/53\/2021\/12\/icone-procuradoria.svg\",\"contentUrl\":\"https:\/\/www.pmpf.rs.gov.br\/procuradoria\/wp-content\/uploads\/sites\/53\/2021\/12\/icone-procuradoria.svg\",\"width\":280,\"height\":280},{\"@type\":\"BreadcrumbList\",\"@id\":\"https:\/\/www.pmpf.rs.gov.br\/procuradoria\/#breadcrumb\",\"itemListElement\":[{\"@type\":\"ListItem\",\"position\":1,\"name\":\"In\u00edcio\",\"item\":\"https:\/\/www.pmpf.rs.gov.br\/procuradoria\/\"},{\"@type\":\"ListItem\",\"position\":2,\"name\":\"Inicial\"}]},{\"@type\":\"WebSite\",\"@id\":\"https:\/\/www.pmpf.rs.gov.br\/procuradoria\/#website\",\"url\":\"https:\/\/www.pmpf.rs.gov.br\/procuradoria\/\",\"name\":\"Procuradoria Geral do Munic\u00edpio\",\"description\":\"S\u00f3 mais um site Prefeitura de Passo Fundo\",\"potentialAction\":[{\"@type\":\"SearchAction\",\"target\":{\"@type\":\"EntryPoint\",\"urlTemplate\":\"https:\/\/www.pmpf.rs.gov.br\/procuradoria\/?s={search_term_string}\"},\"query-input\":{\"@type\":\"PropertyValueSpecification\",\"valueRequired\":true,\"valueName\":\"search_term_string\"}}],\"inLanguage\":\"pt-BR\"}]}<\/script>\n<!-- \/ Yoast SEO plugin. -->","yoast_head_json":{"title":"Inicial - Procuradoria Geral do Munic\u00edpio","robots":{"index":"index","follow":"follow","max-snippet":"max-snippet:-1","max-image-preview":"max-image-preview:large","max-video-preview":"max-video-preview:-1"},"canonical":"https:\/\/www.pmpf.rs.gov.br\/procuradoria\/","og_locale":"pt_BR","og_type":"article","og_title":"Inicial - Procuradoria Geral do Munic\u00edpio","og_description":"Setor respons\u00e1vel pelas quest\u00f5es jur\u00eddicas de Passo Fundo. \u00d3rg\u00e3o com as atribui\u00e7\u00f5es de assessorar o Prefeito e aos demais \u00f3rg\u00e3os da administra\u00e7\u00e3o municipal nos assuntos de natureza legal submetidos a sua aprecia\u00e7\u00e3o; [&hellip;]","og_url":"https:\/\/www.pmpf.rs.gov.br\/procuradoria\/","og_site_name":"Procuradoria Geral do Munic\u00edpio","article_modified_time":"2022-02-10T14:22:29+00:00","twitter_card":"summary_large_image","twitter_misc":{"Est. tempo de leitura":"2 minutos"},"schema":{"@context":"https:\/\/schema.org","@graph":[{"@type":"WebPage","@id":"https:\/\/www.pmpf.rs.gov.br\/procuradoria\/","url":"https:\/\/www.pmpf.rs.gov.br\/procuradoria\/","name":"Inicial - Procuradoria Geral do Munic\u00edpio","isPartOf":{"@id":"https:\/\/www.pmpf.rs.gov.br\/procuradoria\/#website"},"primaryImageOfPage":{"@id":"https:\/\/www.pmpf.rs.gov.br\/procuradoria\/#primaryimage"},"image":{"@id":"https:\/\/www.pmpf.rs.gov.br\/procuradoria\/#primaryimage"},"thumbnailUrl":"https:\/\/www.pmpf.rs.gov.br\/procuradoria\/wp-content\/uploads\/sites\/53\/2021\/12\/icone-procuradoria.svg","datePublished":"2021-12-22T17:39:05+00:00","dateModified":"2022-02-10T14:22:29+00:00","breadcrumb":{"@id":"https:\/\/www.pmpf.rs.gov.br\/procuradoria\/#breadcrumb"},"inLanguage":"pt-BR","potentialAction":[{"@type":"ReadAction","target":["https:\/\/www.pmpf.rs.gov.br\/procuradoria\/"]}]},{"@type":"ImageObject","inLanguage":"pt-BR","@id":"https:\/\/www.pmpf.rs.gov.br\/procuradoria\/#primaryimage","url":"https:\/\/www.pmpf.rs.gov.br\/procuradoria\/wp-content\/uploads\/sites\/53\/2021\/12\/icone-procuradoria.svg","contentUrl":"https:\/\/www.pmpf.rs.gov.br\/procuradoria\/wp-content\/uploads\/sites\/53\/2021\/12\/icone-procuradoria.svg","width":280,"height":280},{"@type":"BreadcrumbList","@id":"https:\/\/www.pmpf.rs.gov.br\/procuradoria\/#breadcrumb","itemListElement":[{"@type":"ListItem","position":1,"name":"In\u00edcio","item":"https:\/\/www.pmpf.rs.gov.br\/procuradoria\/"},{"@type":"ListItem","position":2,"name":"Inicial"}]},{"@type":"WebSite","@id":"https:\/\/www.pmpf.rs.gov.br\/procuradoria\/#website","url":"https:\/\/www.pmpf.rs.gov.br\/procuradoria\/","name":"Procuradoria Geral do Munic\u00edpio","description":"S\u00f3 mais um site Prefeitura de Passo Fundo","potentialAction":[{"@type":"SearchAction","target":{"@type":"EntryPoint","urlTemplate":"https:\/\/www.pmpf.rs.gov.br\/procuradoria\/?s={search_term_string}"},"query-input":{"@type":"PropertyValueSpecification","valueRequired":true,"valueName":"search_term_string"}}],"inLanguage":"pt-BR"}]}},"_links":{"self":[{"href":"https:\/\/www.pmpf.rs.gov.br\/procuradoria\/wp-json\/wp\/v2\/pages\/9"}],"collection":[{"href":"https:\/\/www.pmpf.rs.gov.br\/procuradoria\/wp-json\/wp\/v2\/pages"}],"about":[{"href":"https:\/\/www.pmpf.rs.gov.br\/procuradoria\/wp-json\/wp\/v2\/types\/page"}],"author":[{"embeddable":true,"href":"https:\/\/www.pmpf.rs.gov.br\/procuradoria\/wp-json\/wp\/v2\/users\/1"}],"replies":[{"embeddable":true,"href":"https:\/\/www.pmpf.rs.gov.br\/procuradoria\/wp-json\/wp\/v2\/comments?post=9"}],"version-history":[{"count":7,"href":"https:\/\/www.pmpf.rs.gov.br\/procuradoria\/wp-json\/wp\/v2\/pages\/9\/revisions"}],"predecessor-version":[{"id":80,"href":"https:\/\/www.pmpf.rs.gov.br\/procuradoria\/wp-json\/wp\/v2\/pages\/9\/revisions\/80"}],"wp:featuredmedia":[{"embeddable":true,"href":"https:\/\/www.pmpf.rs.gov.br\/procuradoria\/wp-json\/wp\/v2\/media\/73"}],"wp:attachment":[{"href":"https:\/\/www.pmpf.rs.gov.br\/procuradoria\/wp-json\/wp\/v2\/media?parent=9"}],"curies":[{"name":"wp","href":"https:\/\/api.w.org\/{rel}","templated":true}]}}