{"id":43,"date":"2021-12-22T22:58:03","date_gmt":"2021-12-23T01:58:03","guid":{"rendered":"https:\/\/www.pmpf.rs.gov.br\/procuradoria-geral-do-municipio\/?page_id=43"},"modified":"2021-12-22T22:58:04","modified_gmt":"2021-12-23T01:58:04","slug":"estrutura","status":"publish","type":"page","link":"https:\/\/www.pmpf.rs.gov.br\/procuradoria\/estrutura\/","title":{"rendered":"Estrutura"},"content":{"rendered":"\n<h2 class=\"wp-block-heading\"><em>A Procuradoria est\u00e1 organizada em tr\u00eas coordenadorias.<\/em><\/h2>\n\n\n\n<p><strong><em>Administra\u00e7\u00e3o e Planejamento<\/em><\/strong><br><br>\u00c9 o setor que atua na elabora\u00e7\u00e3o de minutas de atos normativos e de projetos de lei de iniciativa do Executivo de Passo Fundo. Elabora pareceres sobre assuntos de ordem administrativa, produz as minutas de contratos, acordos, conv\u00eanios ou ajustes.<\/p>\n\n\n\n<p>Realiza controle de pagamentos dos precat\u00f3rios, \u00e9 respons\u00e1vel pela frequ\u00eancia (assiduidade e pontualidade) dos servidores assim como o acompanhamento&nbsp; do registro e f\u00e9rias, licen\u00e7as entre outras situa\u00e7\u00f5es funcionais dos servidores veiculados a PGM.<\/p>\n\n\n\n<p>O recebimento, controle interno e expedi\u00e7\u00e3o dos processos internos,&nbsp; administrativos e&nbsp; a elabora\u00e7\u00e3o de requisi\u00e7\u00f5es de materiais, servi\u00e7os, equipamentos e orienta\u00e7\u00e3o&nbsp; \u00e0s demais coordenadorias e n\u00facleos da PGM s\u00e3o tarefas desta coordenadoria.<\/p>\n\n\n\n<p><strong><em>Coordenadoria de Demandas Judiciais<\/em><\/strong><\/p>\n\n\n\n<p>\u00c9 o \u00f3rg\u00e3o respons\u00e1vel pela execu\u00e7\u00e3o e controle da defesa legal do munic\u00edpio ativa ou passivamente, presta orienta\u00e7\u00e3o e aux\u00edlio aos respectivos n\u00facleos na execu\u00e7\u00e3o das compet\u00eancias atribu\u00eddas.<br>Estrutura da Coordenadoria<br>&#8211; N\u00facleo de Execu\u00e7\u00e3o Fiscal<br>&#8211; N\u00facleo de A\u00e7\u00f5es Trabalhistas<br>&#8211; N\u00facleo de A\u00e7\u00f5es de Servidores P\u00fablicos<\/p>\n\n\n\n<p><strong><em>Departamento de Supervis\u00e3o Geral<\/em><\/strong><\/p>\n\n\n\n<p>Setor respons\u00e1vel pelo assessoramento ao Prefeito e demais \u00f3rg\u00e3os da administra\u00e7\u00e3o de Passo Fundo.<\/p>\n\n\n\n<p>Atua nos assuntos submetidos a sua aprecia\u00e7\u00e3o, no planejamento de a\u00e7\u00f5es que visem a celeridade nos andamentos dos processos.<\/p>\n\n\n\n<p>Coordena as fun\u00e7\u00f5es dos servidores lotados na PGM e no controle dos resultados dos processos judiciais. Tamb\u00e9m examinar previamente e aprova os editais de licita\u00e7\u00e3o do munic\u00edpio.<\/p>\n","protected":false},"excerpt":{"rendered":"<p>A Procuradoria est\u00e1 organizada em tr\u00eas coordenadorias. Administra\u00e7\u00e3o e Planejamento \u00c9 o setor que atua na elabora\u00e7\u00e3o de minutas de atos normativos e de projetos de lei de iniciativa do Executivo de [&hellip;]<\/p>\n","protected":false},"author":1,"featured_media":0,"parent":0,"menu_order":0,"comment_status":"closed","ping_status":"closed","template":"","meta":{"footnotes":""},"class_list":["post-43","page","type-page","status-publish","hentry"],"yoast_head":"<!-- This site is optimized with the Yoast SEO plugin v23.8 - https:\/\/yoast.com\/wordpress\/plugins\/seo\/ -->\n<title>Estrutura - Procuradoria Geral do Munic\u00edpio<\/title>\n<meta name=\"robots\" content=\"index, follow, max-snippet:-1, max-image-preview:large, max-video-preview:-1\" \/>\n<link rel=\"canonical\" href=\"https:\/\/www.pmpf.rs.gov.br\/procuradoria\/estrutura\/\" \/>\n<meta property=\"og:locale\" content=\"pt_BR\" \/>\n<meta property=\"og:type\" content=\"article\" \/>\n<meta property=\"og:title\" content=\"Estrutura - Procuradoria Geral do Munic\u00edpio\" \/>\n<meta property=\"og:description\" content=\"A Procuradoria est\u00e1 organizada em tr\u00eas coordenadorias. Administra\u00e7\u00e3o e Planejamento \u00c9 o setor que atua na elabora\u00e7\u00e3o de minutas de atos normativos e de projetos de lei de iniciativa do Executivo de [&hellip;]\" \/>\n<meta property=\"og:url\" content=\"https:\/\/www.pmpf.rs.gov.br\/procuradoria\/estrutura\/\" \/>\n<meta property=\"og:site_name\" content=\"Procuradoria Geral do Munic\u00edpio\" \/>\n<meta property=\"article:modified_time\" content=\"2021-12-23T01:58:04+00:00\" \/>\n<meta name=\"twitter:card\" content=\"summary_large_image\" \/>\n<meta name=\"twitter:label1\" content=\"Est. tempo de leitura\" \/>\n\t<meta name=\"twitter:data1\" content=\"2 minutos\" \/>\n<script type=\"application\/ld+json\" class=\"yoast-schema-graph\">{\"@context\":\"https:\/\/schema.org\",\"@graph\":[{\"@type\":\"WebPage\",\"@id\":\"https:\/\/www.pmpf.rs.gov.br\/procuradoria\/estrutura\/\",\"url\":\"https:\/\/www.pmpf.rs.gov.br\/procuradoria\/estrutura\/\",\"name\":\"Estrutura - Procuradoria Geral do Munic\u00edpio\",\"isPartOf\":{\"@id\":\"https:\/\/www.pmpf.rs.gov.br\/procuradoria\/#website\"},\"datePublished\":\"2021-12-23T01:58:03+00:00\",\"dateModified\":\"2021-12-23T01:58:04+00:00\",\"breadcrumb\":{\"@id\":\"https:\/\/www.pmpf.rs.gov.br\/procuradoria\/estrutura\/#breadcrumb\"},\"inLanguage\":\"pt-BR\",\"potentialAction\":[{\"@type\":\"ReadAction\",\"target\":[\"https:\/\/www.pmpf.rs.gov.br\/procuradoria\/estrutura\/\"]}]},{\"@type\":\"BreadcrumbList\",\"@id\":\"https:\/\/www.pmpf.rs.gov.br\/procuradoria\/estrutura\/#breadcrumb\",\"itemListElement\":[{\"@type\":\"ListItem\",\"position\":1,\"name\":\"In\u00edcio\",\"item\":\"https:\/\/www.pmpf.rs.gov.br\/procuradoria\/\"},{\"@type\":\"ListItem\",\"position\":2,\"name\":\"Estrutura\"}]},{\"@type\":\"WebSite\",\"@id\":\"https:\/\/www.pmpf.rs.gov.br\/procuradoria\/#website\",\"url\":\"https:\/\/www.pmpf.rs.gov.br\/procuradoria\/\",\"name\":\"Procuradoria Geral do Munic\u00edpio\",\"description\":\"S\u00f3 mais um site Prefeitura de Passo Fundo\",\"potentialAction\":[{\"@type\":\"SearchAction\",\"target\":{\"@type\":\"EntryPoint\",\"urlTemplate\":\"https:\/\/www.pmpf.rs.gov.br\/procuradoria\/?s={search_term_string}\"},\"query-input\":{\"@type\":\"PropertyValueSpecification\",\"valueRequired\":true,\"valueName\":\"search_term_string\"}}],\"inLanguage\":\"pt-BR\"}]}<\/script>\n<!-- \/ Yoast SEO plugin. -->","yoast_head_json":{"title":"Estrutura - Procuradoria Geral do Munic\u00edpio","robots":{"index":"index","follow":"follow","max-snippet":"max-snippet:-1","max-image-preview":"max-image-preview:large","max-video-preview":"max-video-preview:-1"},"canonical":"https:\/\/www.pmpf.rs.gov.br\/procuradoria\/estrutura\/","og_locale":"pt_BR","og_type":"article","og_title":"Estrutura - Procuradoria Geral do Munic\u00edpio","og_description":"A Procuradoria est\u00e1 organizada em tr\u00eas coordenadorias. Administra\u00e7\u00e3o e Planejamento \u00c9 o setor que atua na elabora\u00e7\u00e3o de minutas de atos normativos e de projetos de lei de iniciativa do Executivo de [&hellip;]","og_url":"https:\/\/www.pmpf.rs.gov.br\/procuradoria\/estrutura\/","og_site_name":"Procuradoria Geral do Munic\u00edpio","article_modified_time":"2021-12-23T01:58:04+00:00","twitter_card":"summary_large_image","twitter_misc":{"Est. tempo de leitura":"2 minutos"},"schema":{"@context":"https:\/\/schema.org","@graph":[{"@type":"WebPage","@id":"https:\/\/www.pmpf.rs.gov.br\/procuradoria\/estrutura\/","url":"https:\/\/www.pmpf.rs.gov.br\/procuradoria\/estrutura\/","name":"Estrutura - Procuradoria Geral do Munic\u00edpio","isPartOf":{"@id":"https:\/\/www.pmpf.rs.gov.br\/procuradoria\/#website"},"datePublished":"2021-12-23T01:58:03+00:00","dateModified":"2021-12-23T01:58:04+00:00","breadcrumb":{"@id":"https:\/\/www.pmpf.rs.gov.br\/procuradoria\/estrutura\/#breadcrumb"},"inLanguage":"pt-BR","potentialAction":[{"@type":"ReadAction","target":["https:\/\/www.pmpf.rs.gov.br\/procuradoria\/estrutura\/"]}]},{"@type":"BreadcrumbList","@id":"https:\/\/www.pmpf.rs.gov.br\/procuradoria\/estrutura\/#breadcrumb","itemListElement":[{"@type":"ListItem","position":1,"name":"In\u00edcio","item":"https:\/\/www.pmpf.rs.gov.br\/procuradoria\/"},{"@type":"ListItem","position":2,"name":"Estrutura"}]},{"@type":"WebSite","@id":"https:\/\/www.pmpf.rs.gov.br\/procuradoria\/#website","url":"https:\/\/www.pmpf.rs.gov.br\/procuradoria\/","name":"Procuradoria Geral do Munic\u00edpio","description":"S\u00f3 mais um site Prefeitura de Passo Fundo","potentialAction":[{"@type":"SearchAction","target":{"@type":"EntryPoint","urlTemplate":"https:\/\/www.pmpf.rs.gov.br\/procuradoria\/?s={search_term_string}"},"query-input":{"@type":"PropertyValueSpecification","valueRequired":true,"valueName":"search_term_string"}}],"inLanguage":"pt-BR"}]}},"_links":{"self":[{"href":"https:\/\/www.pmpf.rs.gov.br\/procuradoria\/wp-json\/wp\/v2\/pages\/43"}],"collection":[{"href":"https:\/\/www.pmpf.rs.gov.br\/procuradoria\/wp-json\/wp\/v2\/pages"}],"about":[{"href":"https:\/\/www.pmpf.rs.gov.br\/procuradoria\/wp-json\/wp\/v2\/types\/page"}],"author":[{"embeddable":true,"href":"https:\/\/www.pmpf.rs.gov.br\/procuradoria\/wp-json\/wp\/v2\/users\/1"}],"replies":[{"embeddable":true,"href":"https:\/\/www.pmpf.rs.gov.br\/procuradoria\/wp-json\/wp\/v2\/comments?post=43"}],"version-history":[{"count":1,"href":"https:\/\/www.pmpf.rs.gov.br\/procuradoria\/wp-json\/wp\/v2\/pages\/43\/revisions"}],"predecessor-version":[{"id":44,"href":"https:\/\/www.pmpf.rs.gov.br\/procuradoria\/wp-json\/wp\/v2\/pages\/43\/revisions\/44"}],"wp:attachment":[{"href":"https:\/\/www.pmpf.rs.gov.br\/procuradoria\/wp-json\/wp\/v2\/media?parent=43"}],"curies":[{"name":"wp","href":"https:\/\/api.w.org\/{rel}","templated":true}]}}