{"id":7,"date":"2025-03-13T14:05:36","date_gmt":"2025-03-13T17:05:36","guid":{"rendered":"https:\/\/www.pmpf.rs.gov.br\/procon\/?page_id=7"},"modified":"2026-02-10T15:15:25","modified_gmt":"2026-02-10T18:15:25","slug":"consumidor","status":"publish","type":"page","link":"https:\/\/www.pmpf.rs.gov.br\/procon\/","title":{"rendered":"Inicial"},"content":{"rendered":"\n<div class=\"wp-block-columns is-layout-flex wp-container-core-columns-is-layout-1 wp-block-columns-is-layout-flex\">\n<div class=\"wp-block-column is-vertically-aligned-center is-layout-flow wp-block-column-is-layout-flow\"><div class=\"wp-block-image\">\n<figure class=\"alignleft size-full is-resized\"><img loading=\"lazy\" decoding=\"async\" width=\"159\" height=\"193\" src=\"https:\/\/www.pmpf.rs.gov.br\/procon\/wp-content\/uploads\/sites\/84\/2025\/03\/proconpf-logo.png\" alt=\"\" class=\"wp-image-11\" style=\"width:119px;height:auto\"\/><\/figure><\/div>\n\n\n<h2 class=\"wp-block-heading has-text-align-center has-black-color has-text-color has-link-color wp-elements-a489d4dc733d1c3544a31e87a78cedba\">Coordenadoria do Programa Municipal <br>de Defesa do Consumidor<\/h2>\n\n\n\n<p class=\"has-text-align-center has-medium-font-size\">Atendimento presencial de segunda-feira \u00e0 sexta-feira<br>Das <strong>8h \u00e0s 11h20min<\/strong> e das <strong>13h30min  \u00e0s 16h<\/strong><\/p>\n<\/div>\n\n\n\n<div class=\"wp-block-column is-layout-flow wp-block-column-is-layout-flow\" style=\"flex-basis:18%\">\n<h3 class=\"wp-block-heading has-text-align-right\"><strong>Whats Procon<\/strong><br>(<small>54<\/small>) 3584-1155<\/h3>\n\n\n\n<ul class=\"wp-block-social-links alignright is-layout-flex wp-block-social-links-is-layout-flex\"><li class=\"wp-social-link wp-social-link-whatsapp  wp-block-social-link\"><a href=\"https:\/\/wa.me\/35841155\" class=\"wp-block-social-link-anchor\"><svg width=\"24\" height=\"24\" viewBox=\"0 0 24 24\" version=\"1.1\" xmlns=\"http:\/\/www.w3.org\/2000\/svg\" aria-hidden=\"true\" focusable=\"false\"><path d=\"M 12.011719 2 C 6.5057187 2 2.0234844 6.478375 2.0214844 11.984375 C 2.0204844 13.744375 2.4814687 15.462563 3.3554688 16.976562 L 2 22 L 7.2324219 20.763672 C 8.6914219 21.559672 10.333859 21.977516 12.005859 21.978516 L 12.009766 21.978516 C 17.514766 21.978516 21.995047 17.499141 21.998047 11.994141 C 22.000047 9.3251406 20.962172 6.8157344 19.076172 4.9277344 C 17.190172 3.0407344 14.683719 2.001 12.011719 2 z M 12.009766 4 C 14.145766 4.001 16.153109 4.8337969 17.662109 6.3417969 C 19.171109 7.8517969 20.000047 9.8581875 19.998047 11.992188 C 19.996047 16.396187 16.413812 19.978516 12.007812 19.978516 C 10.674812 19.977516 9.3544062 19.642812 8.1914062 19.007812 L 7.5175781 18.640625 L 6.7734375 18.816406 L 4.8046875 19.28125 L 5.2851562 17.496094 L 5.5019531 16.695312 L 5.0878906 15.976562 C 4.3898906 14.768562 4.0204844 13.387375 4.0214844 11.984375 C 4.0234844 7.582375 7.6067656 4 12.009766 4 z M 8.4765625 7.375 C 8.3095625 7.375 8.0395469 7.4375 7.8105469 7.6875 C 7.5815469 7.9365 6.9355469 8.5395781 6.9355469 9.7675781 C 6.9355469 10.995578 7.8300781 12.182609 7.9550781 12.349609 C 8.0790781 12.515609 9.68175 15.115234 12.21875 16.115234 C 14.32675 16.946234 14.754891 16.782234 15.212891 16.740234 C 15.670891 16.699234 16.690438 16.137687 16.898438 15.554688 C 17.106437 14.971687 17.106922 14.470187 17.044922 14.367188 C 16.982922 14.263188 16.816406 14.201172 16.566406 14.076172 C 16.317406 13.951172 15.090328 13.348625 14.861328 13.265625 C 14.632328 13.182625 14.464828 13.140625 14.298828 13.390625 C 14.132828 13.640625 13.655766 14.201187 13.509766 14.367188 C 13.363766 14.534188 13.21875 14.556641 12.96875 14.431641 C 12.71875 14.305641 11.914938 14.041406 10.960938 13.191406 C 10.218937 12.530406 9.7182656 11.714844 9.5722656 11.464844 C 9.4272656 11.215844 9.5585938 11.079078 9.6835938 10.955078 C 9.7955938 10.843078 9.9316406 10.663578 10.056641 10.517578 C 10.180641 10.371578 10.223641 10.267562 10.306641 10.101562 C 10.389641 9.9355625 10.347156 9.7890625 10.285156 9.6640625 C 10.223156 9.5390625 9.737625 8.3065 9.515625 7.8125 C 9.328625 7.3975 9.131125 7.3878594 8.953125 7.3808594 C 8.808125 7.3748594 8.6425625 7.375 8.4765625 7.375 z\"><\/path><\/svg><span class=\"wp-block-social-link-label screen-reader-text\">WhatsApp<\/span><\/a><\/li><\/ul>\n<\/div>\n<\/div>\n\n\n\n<hr class=\"wp-block-separator has-alpha-channel-opacity\"\/>\n\n\n<div class=\"wp-block-image\">\n<figure class=\"aligncenter size-large\"><a href=\"https:\/\/www.gov.br\/mj\/pt-br\/assuntos\/seus-direitos\/consumidor\/Anexos\/cdc-portugues-2013.pdf\" target=\"_blank\" rel=\"noreferrer noopener\"><img loading=\"lazy\" decoding=\"async\" width=\"1024\" height=\"252\" src=\"https:\/\/www.pmpf.rs.gov.br\/procon\/wp-content\/uploads\/sites\/84\/2025\/03\/topo-procon-1024x252.png\" alt=\"C\u00f3digo de Defesa do Consumidor\" class=\"wp-image-30\" srcset=\"https:\/\/www.pmpf.rs.gov.br\/procon\/wp-content\/uploads\/sites\/84\/2025\/03\/topo-procon-1024x252.png 1024w, https:\/\/www.pmpf.rs.gov.br\/procon\/wp-content\/uploads\/sites\/84\/2025\/03\/topo-procon-300x74.png 300w, https:\/\/www.pmpf.rs.gov.br\/procon\/wp-content\/uploads\/sites\/84\/2025\/03\/topo-procon-768x189.png 768w, https:\/\/www.pmpf.rs.gov.br\/procon\/wp-content\/uploads\/sites\/84\/2025\/03\/topo-procon-1536x379.png 1536w, https:\/\/www.pmpf.rs.gov.br\/procon\/wp-content\/uploads\/sites\/84\/2025\/03\/topo-procon.png 1538w\" sizes=\"(max-width: 1024px) 100vw, 1024px\" \/><\/a><\/figure><\/div>\n\n\n<div style=\"height:10px\" aria-hidden=\"true\" class=\"wp-block-spacer\"><\/div>\n\n\n\n<hr class=\"wp-block-separator has-alpha-channel-opacity\"\/>\n\n\n\n<p><\/p>\n","protected":false},"excerpt":{"rendered":"<p>Coordenadoria do Programa Municipal de Defesa do Consumidor Atendimento presencial de segunda-feira \u00e0 sexta-feiraDas 8h \u00e0s 11h20min e das 13h30min \u00e0s 16h Whats Procon(54) 3584-1155<\/p>\n","protected":false},"author":4,"featured_media":0,"parent":0,"menu_order":0,"comment_status":"closed","ping_status":"closed","template":"page_secretaria_sem_sidebar.php","meta":{"footnotes":""},"class_list":["post-7","page","type-page","status-publish","hentry"],"yoast_head":"<!-- This site is optimized with the Yoast SEO plugin v23.8 - https:\/\/yoast.com\/wordpress\/plugins\/seo\/ -->\n<title>Inicial - PROCON<\/title>\n<meta name=\"robots\" content=\"index, follow, max-snippet:-1, max-image-preview:large, max-video-preview:-1\" \/>\n<link rel=\"canonical\" href=\"https:\/\/www.pmpf.rs.gov.br\/procon\/\" \/>\n<meta property=\"og:locale\" content=\"pt_BR\" \/>\n<meta property=\"og:type\" content=\"article\" \/>\n<meta property=\"og:title\" content=\"Inicial - PROCON\" \/>\n<meta property=\"og:description\" content=\"Coordenadoria do Programa Municipal de Defesa do Consumidor Atendimento presencial de segunda-feira \u00e0 sexta-feiraDas 8h \u00e0s 11h20min e das 13h30min \u00e0s 16h Whats Procon(54) 3584-1155\" \/>\n<meta property=\"og:url\" content=\"https:\/\/www.pmpf.rs.gov.br\/procon\/\" \/>\n<meta property=\"og:site_name\" content=\"PROCON\" \/>\n<meta property=\"article:modified_time\" content=\"2026-02-10T18:15:25+00:00\" \/>\n<meta property=\"og:image\" content=\"https:\/\/www.pmpf.rs.gov.br\/procon\/wp-content\/uploads\/sites\/84\/2025\/03\/proconpf-logo.png\" \/>\n\t<meta property=\"og:image:width\" content=\"159\" \/>\n\t<meta property=\"og:image:height\" content=\"193\" \/>\n\t<meta property=\"og:image:type\" content=\"image\/png\" \/>\n<meta name=\"twitter:card\" content=\"summary_large_image\" \/>\n<script type=\"application\/ld+json\" class=\"yoast-schema-graph\">{\"@context\":\"https:\/\/schema.org\",\"@graph\":[{\"@type\":\"WebPage\",\"@id\":\"https:\/\/www.pmpf.rs.gov.br\/procon\/\",\"url\":\"https:\/\/www.pmpf.rs.gov.br\/procon\/\",\"name\":\"Inicial - PROCON\",\"isPartOf\":{\"@id\":\"https:\/\/www.pmpf.rs.gov.br\/procon\/#website\"},\"primaryImageOfPage\":{\"@id\":\"https:\/\/www.pmpf.rs.gov.br\/procon\/#primaryimage\"},\"image\":{\"@id\":\"https:\/\/www.pmpf.rs.gov.br\/procon\/#primaryimage\"},\"thumbnailUrl\":\"https:\/\/www.pmpf.rs.gov.br\/procon\/wp-content\/uploads\/sites\/84\/2025\/03\/proconpf-logo.png\",\"datePublished\":\"2025-03-13T17:05:36+00:00\",\"dateModified\":\"2026-02-10T18:15:25+00:00\",\"breadcrumb\":{\"@id\":\"https:\/\/www.pmpf.rs.gov.br\/procon\/#breadcrumb\"},\"inLanguage\":\"pt-BR\",\"potentialAction\":[{\"@type\":\"ReadAction\",\"target\":[\"https:\/\/www.pmpf.rs.gov.br\/procon\/\"]}]},{\"@type\":\"ImageObject\",\"inLanguage\":\"pt-BR\",\"@id\":\"https:\/\/www.pmpf.rs.gov.br\/procon\/#primaryimage\",\"url\":\"https:\/\/www.pmpf.rs.gov.br\/procon\/wp-content\/uploads\/sites\/84\/2025\/03\/proconpf-logo.png\",\"contentUrl\":\"https:\/\/www.pmpf.rs.gov.br\/procon\/wp-content\/uploads\/sites\/84\/2025\/03\/proconpf-logo.png\",\"width\":159,\"height\":193},{\"@type\":\"BreadcrumbList\",\"@id\":\"https:\/\/www.pmpf.rs.gov.br\/procon\/#breadcrumb\",\"itemListElement\":[{\"@type\":\"ListItem\",\"position\":1,\"name\":\"In\u00edcio\",\"item\":\"https:\/\/www.pmpf.rs.gov.br\/procon\/\"},{\"@type\":\"ListItem\",\"position\":2,\"name\":\"Inicial\"}]},{\"@type\":\"WebSite\",\"@id\":\"https:\/\/www.pmpf.rs.gov.br\/procon\/#website\",\"url\":\"https:\/\/www.pmpf.rs.gov.br\/procon\/\",\"name\":\"PROCON\",\"description\":\"\",\"potentialAction\":[{\"@type\":\"SearchAction\",\"target\":{\"@type\":\"EntryPoint\",\"urlTemplate\":\"https:\/\/www.pmpf.rs.gov.br\/procon\/?s={search_term_string}\"},\"query-input\":{\"@type\":\"PropertyValueSpecification\",\"valueRequired\":true,\"valueName\":\"search_term_string\"}}],\"inLanguage\":\"pt-BR\"}]}<\/script>\n<!-- \/ Yoast SEO plugin. -->","yoast_head_json":{"title":"Inicial - PROCON","robots":{"index":"index","follow":"follow","max-snippet":"max-snippet:-1","max-image-preview":"max-image-preview:large","max-video-preview":"max-video-preview:-1"},"canonical":"https:\/\/www.pmpf.rs.gov.br\/procon\/","og_locale":"pt_BR","og_type":"article","og_title":"Inicial - PROCON","og_description":"Coordenadoria do Programa Municipal de Defesa do Consumidor Atendimento presencial de segunda-feira \u00e0 sexta-feiraDas 8h \u00e0s 11h20min e das 13h30min \u00e0s 16h Whats Procon(54) 3584-1155","og_url":"https:\/\/www.pmpf.rs.gov.br\/procon\/","og_site_name":"PROCON","article_modified_time":"2026-02-10T18:15:25+00:00","og_image":[{"width":159,"height":193,"url":"https:\/\/www.pmpf.rs.gov.br\/procon\/wp-content\/uploads\/sites\/84\/2025\/03\/proconpf-logo.png","type":"image\/png"}],"twitter_card":"summary_large_image","schema":{"@context":"https:\/\/schema.org","@graph":[{"@type":"WebPage","@id":"https:\/\/www.pmpf.rs.gov.br\/procon\/","url":"https:\/\/www.pmpf.rs.gov.br\/procon\/","name":"Inicial - PROCON","isPartOf":{"@id":"https:\/\/www.pmpf.rs.gov.br\/procon\/#website"},"primaryImageOfPage":{"@id":"https:\/\/www.pmpf.rs.gov.br\/procon\/#primaryimage"},"image":{"@id":"https:\/\/www.pmpf.rs.gov.br\/procon\/#primaryimage"},"thumbnailUrl":"https:\/\/www.pmpf.rs.gov.br\/procon\/wp-content\/uploads\/sites\/84\/2025\/03\/proconpf-logo.png","datePublished":"2025-03-13T17:05:36+00:00","dateModified":"2026-02-10T18:15:25+00:00","breadcrumb":{"@id":"https:\/\/www.pmpf.rs.gov.br\/procon\/#breadcrumb"},"inLanguage":"pt-BR","potentialAction":[{"@type":"ReadAction","target":["https:\/\/www.pmpf.rs.gov.br\/procon\/"]}]},{"@type":"ImageObject","inLanguage":"pt-BR","@id":"https:\/\/www.pmpf.rs.gov.br\/procon\/#primaryimage","url":"https:\/\/www.pmpf.rs.gov.br\/procon\/wp-content\/uploads\/sites\/84\/2025\/03\/proconpf-logo.png","contentUrl":"https:\/\/www.pmpf.rs.gov.br\/procon\/wp-content\/uploads\/sites\/84\/2025\/03\/proconpf-logo.png","width":159,"height":193},{"@type":"BreadcrumbList","@id":"https:\/\/www.pmpf.rs.gov.br\/procon\/#breadcrumb","itemListElement":[{"@type":"ListItem","position":1,"name":"In\u00edcio","item":"https:\/\/www.pmpf.rs.gov.br\/procon\/"},{"@type":"ListItem","position":2,"name":"Inicial"}]},{"@type":"WebSite","@id":"https:\/\/www.pmpf.rs.gov.br\/procon\/#website","url":"https:\/\/www.pmpf.rs.gov.br\/procon\/","name":"PROCON","description":"","potentialAction":[{"@type":"SearchAction","target":{"@type":"EntryPoint","urlTemplate":"https:\/\/www.pmpf.rs.gov.br\/procon\/?s={search_term_string}"},"query-input":{"@type":"PropertyValueSpecification","valueRequired":true,"valueName":"search_term_string"}}],"inLanguage":"pt-BR"}]}},"_links":{"self":[{"href":"https:\/\/www.pmpf.rs.gov.br\/procon\/wp-json\/wp\/v2\/pages\/7"}],"collection":[{"href":"https:\/\/www.pmpf.rs.gov.br\/procon\/wp-json\/wp\/v2\/pages"}],"about":[{"href":"https:\/\/www.pmpf.rs.gov.br\/procon\/wp-json\/wp\/v2\/types\/page"}],"author":[{"embeddable":true,"href":"https:\/\/www.pmpf.rs.gov.br\/procon\/wp-json\/wp\/v2\/users\/4"}],"replies":[{"embeddable":true,"href":"https:\/\/www.pmpf.rs.gov.br\/procon\/wp-json\/wp\/v2\/comments?post=7"}],"version-history":[{"count":43,"href":"https:\/\/www.pmpf.rs.gov.br\/procon\/wp-json\/wp\/v2\/pages\/7\/revisions"}],"predecessor-version":[{"id":113,"href":"https:\/\/www.pmpf.rs.gov.br\/procon\/wp-json\/wp\/v2\/pages\/7\/revisions\/113"}],"wp:attachment":[{"href":"https:\/\/www.pmpf.rs.gov.br\/procon\/wp-json\/wp\/v2\/media?parent=7"}],"curies":[{"name":"wp","href":"https:\/\/api.w.org\/{rel}","templated":true}]}}