{"id":9,"date":"2021-12-18T15:11:46","date_gmt":"2021-12-18T18:11:46","guid":{"rendered":"https:\/\/www.pmpf.rs.gov.br\/prefeito\/?page_id=9"},"modified":"2025-11-25T10:02:14","modified_gmt":"2025-11-25T13:02:14","slug":"secretarias","status":"publish","type":"page","link":"https:\/\/www.pmpf.rs.gov.br\/prefeito\/secretarias\/","title":{"rendered":"Secretarias"},"content":{"rendered":"\n<h2 class=\"wp-block-heading\">Integram o Governo Municipal:<\/h2>\n\n\n\n<p><strong>Secret\u00e1rio de Gabinete<\/strong><br>Paulo C\u00e9sar Caletti<\/p>\n\n\n\n<p><strong>Secret\u00e1rio de Finan\u00e7as<\/strong><br>Dorlei Maffi<\/p>\n\n\n\n<p><strong>Secret\u00e1rio de Obras<\/strong>&nbsp;&nbsp;<br>Rubens Astolfi <\/p>\n\n\n\n<p><strong>Secret\u00e1ria de Educa\u00e7\u00e3o<\/strong><br>Adriano Canabarro Teixeira<\/p>\n\n\n\n<p><strong>Secret\u00e1rio de Servi\u00e7os Gerais<\/strong><br>Alexandre de Mello<\/p>\n\n\n\n<p><strong>Secret\u00e1rio de Agricultura e Desenvolvimento Rural<\/strong><br>Evandro Meireles<\/p>\n\n\n\n<p><strong>Secret\u00e1ria de Cultura<\/strong><br>Rafael Bortoluzzi<\/p>\n\n\n\n<p><strong>Secret\u00e1ria de Sa\u00fade<\/strong><br>Diego Teixeira de Farias<\/p>\n\n\n\n<p><strong>Secret\u00e1rio de Planejamento<\/strong><br>Giezi Schneider<\/p>\n\n\n\n<p><strong>Secret\u00e1rio de Cidadania e Assist\u00eancia Social<\/strong><br>Elenir Chapuis<\/p>\n\n\n\n<p><strong>Secret\u00e1rio de Desenvolvimento Econ\u00f4mico<\/strong><br>Adolfo de Freitas <\/p>\n\n\n\n<p><strong>Secret\u00e1rio de Habita\u00e7\u00e3o<\/strong><br>Fernando Muller Pires<\/p>\n\n\n\n<p><strong>Secret\u00e1ria de Inova\u00e7\u00e3o<\/strong><br>Barbara Fritzen<\/p>\n\n\n\n<p><strong>Secret\u00e1rio de Meio Ambiente<\/strong><br>Diorges Oliveira<\/p>\n\n\n\n<p><strong>Secret\u00e1rio de Seguran\u00e7a P\u00fablica e Transporte<\/strong><br>Tadeu Trindade<\/p>\n\n\n\n<p><strong>Secret\u00e1rio de Esportes<\/strong><br>Gilberto Bellaver <\/p>\n\n\n\n<p><strong>Secret\u00e1rio de Capta\u00e7\u00e3o de Recursos<\/strong><br>Josu\u00e9 Longo<\/p>\n\n\n\n<p><strong>Secret\u00e1rio de Transpar\u00eancia e Rela\u00e7\u00f5es Institucionais<\/strong><br>Leandro Rosso <\/p>\n\n\n\n<p><strong>Secret\u00e1ria de Comunica\u00e7\u00e3o Social<\/strong><br>Luciana Meneghetti<\/p>\n\n\n\n<p><strong>Secret\u00e1rio de Gest\u00e3o<\/strong><br>Dailon Barp<\/p>\n\n\n\n<p><strong>Procurador do Munic\u00edpio<\/strong><br>Giovani da Silva Corralo<\/p>\n\n\n\n<hr class=\"wp-block-separator has-alpha-channel-opacity\"\/>\n","protected":false},"excerpt":{"rendered":"<p>Integram o Governo Municipal: Secret\u00e1rio de GabinetePaulo C\u00e9sar Caletti Secret\u00e1rio de Finan\u00e7asDorlei Maffi Secret\u00e1rio de Obras&nbsp;&nbsp;Rubens Astolfi Secret\u00e1ria de Educa\u00e7\u00e3oAdriano Canabarro Teixeira Secret\u00e1rio de Servi\u00e7os GeraisAlexandre de Mello Secret\u00e1rio de Agricultura e [&hellip;]<\/p>\n","protected":false},"author":1,"featured_media":0,"parent":0,"menu_order":0,"comment_status":"closed","ping_status":"closed","template":"","meta":{"footnotes":""},"class_list":["post-9","page","type-page","status-publish","hentry"],"yoast_head":"<!-- This site is optimized with the Yoast SEO plugin v23.8 - https:\/\/yoast.com\/wordpress\/plugins\/seo\/ -->\n<title>Secretarias - Prefeito<\/title>\n<meta name=\"robots\" content=\"index, follow, max-snippet:-1, max-image-preview:large, max-video-preview:-1\" \/>\n<link rel=\"canonical\" href=\"https:\/\/www.pmpf.rs.gov.br\/prefeito\/secretarias\/\" \/>\n<meta property=\"og:locale\" content=\"pt_BR\" \/>\n<meta property=\"og:type\" content=\"article\" \/>\n<meta property=\"og:title\" content=\"Secretarias - Prefeito\" \/>\n<meta property=\"og:description\" content=\"Integram o Governo Municipal: Secret\u00e1rio de GabinetePaulo C\u00e9sar Caletti Secret\u00e1rio de Finan\u00e7asDorlei Maffi Secret\u00e1rio de Obras&nbsp;&nbsp;Rubens Astolfi Secret\u00e1ria de Educa\u00e7\u00e3oAdriano Canabarro Teixeira Secret\u00e1rio de Servi\u00e7os GeraisAlexandre de Mello Secret\u00e1rio de Agricultura e [&hellip;]\" \/>\n<meta property=\"og:url\" content=\"https:\/\/www.pmpf.rs.gov.br\/prefeito\/secretarias\/\" \/>\n<meta property=\"og:site_name\" content=\"Prefeito\" \/>\n<meta property=\"article:modified_time\" content=\"2025-11-25T13:02:14+00:00\" \/>\n<meta name=\"twitter:card\" content=\"summary_large_image\" \/>\n<meta name=\"twitter:label1\" content=\"Est. tempo de leitura\" \/>\n\t<meta name=\"twitter:data1\" content=\"1 minuto\" \/>\n<script type=\"application\/ld+json\" class=\"yoast-schema-graph\">{\"@context\":\"https:\/\/schema.org\",\"@graph\":[{\"@type\":\"WebPage\",\"@id\":\"https:\/\/www.pmpf.rs.gov.br\/prefeito\/secretarias\/\",\"url\":\"https:\/\/www.pmpf.rs.gov.br\/prefeito\/secretarias\/\",\"name\":\"Secretarias - Prefeito\",\"isPartOf\":{\"@id\":\"https:\/\/www.pmpf.rs.gov.br\/prefeito\/#website\"},\"datePublished\":\"2021-12-18T18:11:46+00:00\",\"dateModified\":\"2025-11-25T13:02:14+00:00\",\"inLanguage\":\"pt-BR\",\"potentialAction\":[{\"@type\":\"ReadAction\",\"target\":[\"https:\/\/www.pmpf.rs.gov.br\/prefeito\/secretarias\/\"]}]},{\"@type\":\"WebSite\",\"@id\":\"https:\/\/www.pmpf.rs.gov.br\/prefeito\/#website\",\"url\":\"https:\/\/www.pmpf.rs.gov.br\/prefeito\/\",\"name\":\"Prefeito\",\"description\":\"S\u00f3 mais um site Prefeitura de Passo Fundo\",\"potentialAction\":[{\"@type\":\"SearchAction\",\"target\":{\"@type\":\"EntryPoint\",\"urlTemplate\":\"https:\/\/www.pmpf.rs.gov.br\/prefeito\/?s={search_term_string}\"},\"query-input\":{\"@type\":\"PropertyValueSpecification\",\"valueRequired\":true,\"valueName\":\"search_term_string\"}}],\"inLanguage\":\"pt-BR\"}]}<\/script>\n<!-- \/ Yoast SEO plugin. -->","yoast_head_json":{"title":"Secretarias - Prefeito","robots":{"index":"index","follow":"follow","max-snippet":"max-snippet:-1","max-image-preview":"max-image-preview:large","max-video-preview":"max-video-preview:-1"},"canonical":"https:\/\/www.pmpf.rs.gov.br\/prefeito\/secretarias\/","og_locale":"pt_BR","og_type":"article","og_title":"Secretarias - Prefeito","og_description":"Integram o Governo Municipal: Secret\u00e1rio de GabinetePaulo C\u00e9sar Caletti Secret\u00e1rio de Finan\u00e7asDorlei Maffi Secret\u00e1rio de Obras&nbsp;&nbsp;Rubens Astolfi Secret\u00e1ria de Educa\u00e7\u00e3oAdriano Canabarro Teixeira Secret\u00e1rio de Servi\u00e7os GeraisAlexandre de Mello Secret\u00e1rio de Agricultura e [&hellip;]","og_url":"https:\/\/www.pmpf.rs.gov.br\/prefeito\/secretarias\/","og_site_name":"Prefeito","article_modified_time":"2025-11-25T13:02:14+00:00","twitter_card":"summary_large_image","twitter_misc":{"Est. tempo de leitura":"1 minuto"},"schema":{"@context":"https:\/\/schema.org","@graph":[{"@type":"WebPage","@id":"https:\/\/www.pmpf.rs.gov.br\/prefeito\/secretarias\/","url":"https:\/\/www.pmpf.rs.gov.br\/prefeito\/secretarias\/","name":"Secretarias - Prefeito","isPartOf":{"@id":"https:\/\/www.pmpf.rs.gov.br\/prefeito\/#website"},"datePublished":"2021-12-18T18:11:46+00:00","dateModified":"2025-11-25T13:02:14+00:00","inLanguage":"pt-BR","potentialAction":[{"@type":"ReadAction","target":["https:\/\/www.pmpf.rs.gov.br\/prefeito\/secretarias\/"]}]},{"@type":"WebSite","@id":"https:\/\/www.pmpf.rs.gov.br\/prefeito\/#website","url":"https:\/\/www.pmpf.rs.gov.br\/prefeito\/","name":"Prefeito","description":"S\u00f3 mais um site Prefeitura de Passo Fundo","potentialAction":[{"@type":"SearchAction","target":{"@type":"EntryPoint","urlTemplate":"https:\/\/www.pmpf.rs.gov.br\/prefeito\/?s={search_term_string}"},"query-input":{"@type":"PropertyValueSpecification","valueRequired":true,"valueName":"search_term_string"}}],"inLanguage":"pt-BR"}]}},"_links":{"self":[{"href":"https:\/\/www.pmpf.rs.gov.br\/prefeito\/wp-json\/wp\/v2\/pages\/9"}],"collection":[{"href":"https:\/\/www.pmpf.rs.gov.br\/prefeito\/wp-json\/wp\/v2\/pages"}],"about":[{"href":"https:\/\/www.pmpf.rs.gov.br\/prefeito\/wp-json\/wp\/v2\/types\/page"}],"author":[{"embeddable":true,"href":"https:\/\/www.pmpf.rs.gov.br\/prefeito\/wp-json\/wp\/v2\/users\/1"}],"replies":[{"embeddable":true,"href":"https:\/\/www.pmpf.rs.gov.br\/prefeito\/wp-json\/wp\/v2\/comments?post=9"}],"version-history":[{"count":22,"href":"https:\/\/www.pmpf.rs.gov.br\/prefeito\/wp-json\/wp\/v2\/pages\/9\/revisions"}],"predecessor-version":[{"id":2981,"href":"https:\/\/www.pmpf.rs.gov.br\/prefeito\/wp-json\/wp\/v2\/pages\/9\/revisions\/2981"}],"wp:attachment":[{"href":"https:\/\/www.pmpf.rs.gov.br\/prefeito\/wp-json\/wp\/v2\/media?parent=9"}],"curies":[{"name":"wp","href":"https:\/\/api.w.org\/{rel}","templated":true}]}}