{"id":7,"date":"2021-12-18T15:10:27","date_gmt":"2021-12-18T18:10:27","guid":{"rendered":"https:\/\/www.pmpf.rs.gov.br\/prefeito\/?page_id=7"},"modified":"2025-11-25T09:52:05","modified_gmt":"2025-11-25T12:52:05","slug":"autarquias-e-empresas","status":"publish","type":"page","link":"https:\/\/www.pmpf.rs.gov.br\/prefeito\/autarquias-e-empresas\/","title":{"rendered":"Autarquias e Empresas"},"content":{"rendered":"\n<h2 class=\"wp-block-heading\">Administra\u00e7\u00e3o Indireta<\/h2>\n\n\n\n<p><strong>Os dirigentes das autarquias e empresas s\u00e3o:<\/strong><\/p>\n\n\n\n<p><strong>Caixa de Presta\u00e7\u00e3o de Assist\u00eancia e Servi\u00e7os de Sa\u00fade &#8211; CAPASEMU<\/strong><br>Presidente: Maria Bernardete de Matos<\/p>\n\n\n\n<p><strong>Instituto de Previd\u00eancia Social dos Servidores Municipais de Passo Fundo<\/strong><br>Presidente: Franceli do Carmo<\/p>\n\n\n\n<p><strong>Hospital Beneficiente DR. C\u00e9sar Santos &#8211; HBCS<\/strong><br>Diretor: Lu\u00eds Schneiders<\/p>\n\n\n\n<p><strong>Companhia de Desenvolvimento de Passo Fundo &#8211;\u00a0CODEPAS<\/strong><br>Presidente: Cristiam Thans<\/p>\n","protected":false},"excerpt":{"rendered":"<p>Administra\u00e7\u00e3o Indireta Os dirigentes das autarquias e empresas s\u00e3o: Caixa de Presta\u00e7\u00e3o de Assist\u00eancia e Servi\u00e7os de Sa\u00fade &#8211; CAPASEMUPresidente: Maria Bernardete de Matos Instituto de Previd\u00eancia Social dos Servidores Municipais de [&hellip;]<\/p>\n","protected":false},"author":1,"featured_media":0,"parent":0,"menu_order":0,"comment_status":"closed","ping_status":"closed","template":"","meta":{"footnotes":""},"class_list":["post-7","page","type-page","status-publish","hentry"],"yoast_head":"<!-- This site is optimized with the Yoast SEO plugin v23.8 - https:\/\/yoast.com\/wordpress\/plugins\/seo\/ -->\n<title>Autarquias e Empresas - Prefeito<\/title>\n<meta name=\"robots\" content=\"index, follow, max-snippet:-1, max-image-preview:large, max-video-preview:-1\" \/>\n<link rel=\"canonical\" href=\"https:\/\/www.pmpf.rs.gov.br\/prefeito\/autarquias-e-empresas\/\" \/>\n<meta property=\"og:locale\" content=\"pt_BR\" \/>\n<meta property=\"og:type\" content=\"article\" \/>\n<meta property=\"og:title\" content=\"Autarquias e Empresas - Prefeito\" \/>\n<meta property=\"og:description\" content=\"Administra\u00e7\u00e3o Indireta Os dirigentes das autarquias e empresas s\u00e3o: Caixa de Presta\u00e7\u00e3o de Assist\u00eancia e Servi\u00e7os de Sa\u00fade &#8211; CAPASEMUPresidente: Maria Bernardete de Matos Instituto de Previd\u00eancia Social dos Servidores Municipais de [&hellip;]\" \/>\n<meta property=\"og:url\" content=\"https:\/\/www.pmpf.rs.gov.br\/prefeito\/autarquias-e-empresas\/\" \/>\n<meta property=\"og:site_name\" content=\"Prefeito\" \/>\n<meta property=\"article:modified_time\" content=\"2025-11-25T12:52:05+00:00\" \/>\n<meta name=\"twitter:card\" content=\"summary_large_image\" \/>\n<meta name=\"twitter:label1\" content=\"Est. tempo de leitura\" \/>\n\t<meta name=\"twitter:data1\" content=\"1 minuto\" \/>\n<script type=\"application\/ld+json\" class=\"yoast-schema-graph\">{\"@context\":\"https:\/\/schema.org\",\"@graph\":[{\"@type\":\"WebPage\",\"@id\":\"https:\/\/www.pmpf.rs.gov.br\/prefeito\/autarquias-e-empresas\/\",\"url\":\"https:\/\/www.pmpf.rs.gov.br\/prefeito\/autarquias-e-empresas\/\",\"name\":\"Autarquias e Empresas - Prefeito\",\"isPartOf\":{\"@id\":\"https:\/\/www.pmpf.rs.gov.br\/prefeito\/#website\"},\"datePublished\":\"2021-12-18T18:10:27+00:00\",\"dateModified\":\"2025-11-25T12:52:05+00:00\",\"inLanguage\":\"pt-BR\",\"potentialAction\":[{\"@type\":\"ReadAction\",\"target\":[\"https:\/\/www.pmpf.rs.gov.br\/prefeito\/autarquias-e-empresas\/\"]}]},{\"@type\":\"WebSite\",\"@id\":\"https:\/\/www.pmpf.rs.gov.br\/prefeito\/#website\",\"url\":\"https:\/\/www.pmpf.rs.gov.br\/prefeito\/\",\"name\":\"Prefeito\",\"description\":\"S\u00f3 mais um site Prefeitura de Passo Fundo\",\"potentialAction\":[{\"@type\":\"SearchAction\",\"target\":{\"@type\":\"EntryPoint\",\"urlTemplate\":\"https:\/\/www.pmpf.rs.gov.br\/prefeito\/?s={search_term_string}\"},\"query-input\":{\"@type\":\"PropertyValueSpecification\",\"valueRequired\":true,\"valueName\":\"search_term_string\"}}],\"inLanguage\":\"pt-BR\"}]}<\/script>\n<!-- \/ Yoast SEO plugin. -->","yoast_head_json":{"title":"Autarquias e Empresas - Prefeito","robots":{"index":"index","follow":"follow","max-snippet":"max-snippet:-1","max-image-preview":"max-image-preview:large","max-video-preview":"max-video-preview:-1"},"canonical":"https:\/\/www.pmpf.rs.gov.br\/prefeito\/autarquias-e-empresas\/","og_locale":"pt_BR","og_type":"article","og_title":"Autarquias e Empresas - Prefeito","og_description":"Administra\u00e7\u00e3o Indireta Os dirigentes das autarquias e empresas s\u00e3o: Caixa de Presta\u00e7\u00e3o de Assist\u00eancia e Servi\u00e7os de Sa\u00fade &#8211; CAPASEMUPresidente: Maria Bernardete de Matos Instituto de Previd\u00eancia Social dos Servidores Municipais de [&hellip;]","og_url":"https:\/\/www.pmpf.rs.gov.br\/prefeito\/autarquias-e-empresas\/","og_site_name":"Prefeito","article_modified_time":"2025-11-25T12:52:05+00:00","twitter_card":"summary_large_image","twitter_misc":{"Est. tempo de leitura":"1 minuto"},"schema":{"@context":"https:\/\/schema.org","@graph":[{"@type":"WebPage","@id":"https:\/\/www.pmpf.rs.gov.br\/prefeito\/autarquias-e-empresas\/","url":"https:\/\/www.pmpf.rs.gov.br\/prefeito\/autarquias-e-empresas\/","name":"Autarquias e Empresas - Prefeito","isPartOf":{"@id":"https:\/\/www.pmpf.rs.gov.br\/prefeito\/#website"},"datePublished":"2021-12-18T18:10:27+00:00","dateModified":"2025-11-25T12:52:05+00:00","inLanguage":"pt-BR","potentialAction":[{"@type":"ReadAction","target":["https:\/\/www.pmpf.rs.gov.br\/prefeito\/autarquias-e-empresas\/"]}]},{"@type":"WebSite","@id":"https:\/\/www.pmpf.rs.gov.br\/prefeito\/#website","url":"https:\/\/www.pmpf.rs.gov.br\/prefeito\/","name":"Prefeito","description":"S\u00f3 mais um site Prefeitura de Passo Fundo","potentialAction":[{"@type":"SearchAction","target":{"@type":"EntryPoint","urlTemplate":"https:\/\/www.pmpf.rs.gov.br\/prefeito\/?s={search_term_string}"},"query-input":{"@type":"PropertyValueSpecification","valueRequired":true,"valueName":"search_term_string"}}],"inLanguage":"pt-BR"}]}},"_links":{"self":[{"href":"https:\/\/www.pmpf.rs.gov.br\/prefeito\/wp-json\/wp\/v2\/pages\/7"}],"collection":[{"href":"https:\/\/www.pmpf.rs.gov.br\/prefeito\/wp-json\/wp\/v2\/pages"}],"about":[{"href":"https:\/\/www.pmpf.rs.gov.br\/prefeito\/wp-json\/wp\/v2\/types\/page"}],"author":[{"embeddable":true,"href":"https:\/\/www.pmpf.rs.gov.br\/prefeito\/wp-json\/wp\/v2\/users\/1"}],"replies":[{"embeddable":true,"href":"https:\/\/www.pmpf.rs.gov.br\/prefeito\/wp-json\/wp\/v2\/comments?post=7"}],"version-history":[{"count":7,"href":"https:\/\/www.pmpf.rs.gov.br\/prefeito\/wp-json\/wp\/v2\/pages\/7\/revisions"}],"predecessor-version":[{"id":2976,"href":"https:\/\/www.pmpf.rs.gov.br\/prefeito\/wp-json\/wp\/v2\/pages\/7\/revisions\/2976"}],"wp:attachment":[{"href":"https:\/\/www.pmpf.rs.gov.br\/prefeito\/wp-json\/wp\/v2\/media?parent=7"}],"curies":[{"name":"wp","href":"https:\/\/api.w.org\/{rel}","templated":true}]}}