{"id":2986,"date":"2026-01-19T11:00:46","date_gmt":"2026-01-19T14:00:46","guid":{"rendered":"https:\/\/www.pmpf.rs.gov.br\/prefeito\/?page_id=2986"},"modified":"2026-01-19T11:00:47","modified_gmt":"2026-01-19T14:00:47","slug":"controladoria-geral-do-municipio","status":"publish","type":"page","link":"https:\/\/www.pmpf.rs.gov.br\/prefeito\/controladoria-geral-do-municipio\/","title":{"rendered":"Controladoria-Geral do Munic\u00edpio"},"content":{"rendered":"\n<h2 class=\"wp-block-heading\">Conhe\u00e7a o Auditor Leandro Bussolotto<\/h2>\n\n\n<div class=\"wp-block-image\">\n<figure class=\"alignleft size-full is-resized\"><img loading=\"lazy\" decoding=\"async\" width=\"1280\" height=\"855\" src=\"https:\/\/www.pmpf.rs.gov.br\/prefeito\/wp-content\/uploads\/sites\/32\/2025\/01\/auditoria-bussoloto.jpg\" alt=\"\" class=\"wp-image-2958\" style=\"width:380px\" srcset=\"https:\/\/www.pmpf.rs.gov.br\/prefeito\/wp-content\/uploads\/sites\/32\/2025\/01\/auditoria-bussoloto.jpg 1280w, https:\/\/www.pmpf.rs.gov.br\/prefeito\/wp-content\/uploads\/sites\/32\/2025\/01\/auditoria-bussoloto-300x200.jpg 300w, https:\/\/www.pmpf.rs.gov.br\/prefeito\/wp-content\/uploads\/sites\/32\/2025\/01\/auditoria-bussoloto-1024x684.jpg 1024w, https:\/\/www.pmpf.rs.gov.br\/prefeito\/wp-content\/uploads\/sites\/32\/2025\/01\/auditoria-bussoloto-768x513.jpg 768w\" sizes=\"(max-width: 1280px) 100vw, 1280px\" \/><\/figure><\/div>\n\n\n<p>Bussolotto \u00e9 Graduado em Direito pela Universidade de Passo Fundo\/RS. P\u00f3s Graduado em Direito Civil pela Faculdade CESUSC, Florian\u00f3polis\/SC. Mestre em Direito pela Atitus Passo Fundo\/RS, exerce o cargo de Auditor e \u00e9 Respons\u00e1vel pelo Controle Interno. Hoje, \u00e9 s\u00f3cio da Aporte Im\u00f3veis e Ativos BS Compliance empresarial.<\/p>\n\n\n\n<p>Ainda, Leandro tamb\u00e9m fica respons\u00e1vel pela Unidade Central de Controle Interno (UCCI), sem remunera\u00e7\u00e3o adicional.<\/p>\n\n\n\n<p>A Controladoria Geral do Munic\u00edpio \u00e9 um \u00f3rg\u00e3o aut\u00f4nomo, ligado diretamente ao Prefeito, tendo como principais atribui\u00e7\u00f5es: analisar, conferir e efetuar pareceres referentes aos procedimentos administrativos e de gest\u00e3o fiscal do Executivo, Legislativo e Autarquias, auditar pedidos de informa\u00e7\u00e3o, question\u00e1rios e den\u00fancias, fornecer relat\u00f3rios de pareceres cont\u00e1beis, patrimoniais, financeiros, al\u00e9m de realizar visitas t\u00e9cnicas e de rotina dos processos ordin\u00e1rios de auditoria.<\/p>\n\n\n\n<p><strong>Endere\u00e7o:<\/strong>&nbsp;Rua Ant\u00f4nio Ara\u00fajo, n\u00ba 1058, sala n\u00ba 505, Ed. Prime Office II, Vila Popular, Passo Fundo\/RS;<\/p>\n\n\n\n<p><strong>Fone:<\/strong>&nbsp;(54) 3198-0762;<\/p>\n\n\n\n<p><strong>E-mail:<\/strong>&nbsp;<a href=\"mailto:cgm@pmpf.rs.gov.br\" target=\"_blank\" rel=\"noreferrer noopener\">cgm@pmpf.rs.gov.br<\/a><\/p>\n\n\n\n<p><\/p>\n","protected":false},"excerpt":{"rendered":"<p>Conhe\u00e7a o Auditor Leandro Bussolotto Bussolotto \u00e9 Graduado em Direito pela Universidade de Passo Fundo\/RS. P\u00f3s Graduado em Direito Civil pela Faculdade CESUSC, Florian\u00f3polis\/SC. Mestre em Direito pela Atitus Passo Fundo\/RS, exerce [&hellip;]<\/p>\n","protected":false},"author":28,"featured_media":2988,"parent":0,"menu_order":0,"comment_status":"closed","ping_status":"closed","template":"page_secretaria_sem_sidebar.php","meta":{"footnotes":""},"class_list":["post-2986","page","type-page","status-publish","has-post-thumbnail","hentry"],"yoast_head":"<!-- This site is optimized with the Yoast SEO plugin v23.8 - https:\/\/yoast.com\/wordpress\/plugins\/seo\/ -->\n<title>Controladoria-Geral do Munic\u00edpio - Prefeito<\/title>\n<meta name=\"robots\" content=\"index, follow, max-snippet:-1, max-image-preview:large, max-video-preview:-1\" \/>\n<link rel=\"canonical\" href=\"https:\/\/www.pmpf.rs.gov.br\/prefeito\/controladoria-geral-do-municipio\/\" \/>\n<meta property=\"og:locale\" content=\"pt_BR\" \/>\n<meta property=\"og:type\" content=\"article\" \/>\n<meta property=\"og:title\" content=\"Controladoria-Geral do Munic\u00edpio - Prefeito\" \/>\n<meta property=\"og:description\" content=\"Conhe\u00e7a o Auditor Leandro Bussolotto Bussolotto \u00e9 Graduado em Direito pela Universidade de Passo Fundo\/RS. P\u00f3s Graduado em Direito Civil pela Faculdade CESUSC, Florian\u00f3polis\/SC. Mestre em Direito pela Atitus Passo Fundo\/RS, exerce [&hellip;]\" \/>\n<meta property=\"og:url\" content=\"https:\/\/www.pmpf.rs.gov.br\/prefeito\/controladoria-geral-do-municipio\/\" \/>\n<meta property=\"og:site_name\" content=\"Prefeito\" \/>\n<meta property=\"article:modified_time\" content=\"2026-01-19T14:00:47+00:00\" \/>\n<meta property=\"og:image\" content=\"https:\/\/www.pmpf.rs.gov.br\/prefeito\/wp-content\/uploads\/sites\/32\/2026\/01\/logo-controladoria-geral.png\" \/>\n\t<meta property=\"og:image:width\" content=\"1080\" \/>\n\t<meta property=\"og:image:height\" content=\"1080\" \/>\n\t<meta property=\"og:image:type\" content=\"image\/png\" \/>\n<meta name=\"twitter:card\" content=\"summary_large_image\" \/>\n<meta name=\"twitter:label1\" content=\"Est. tempo de leitura\" \/>\n\t<meta name=\"twitter:data1\" content=\"2 minutos\" \/>\n<script type=\"application\/ld+json\" class=\"yoast-schema-graph\">{\"@context\":\"https:\/\/schema.org\",\"@graph\":[{\"@type\":\"WebPage\",\"@id\":\"https:\/\/www.pmpf.rs.gov.br\/prefeito\/controladoria-geral-do-municipio\/\",\"url\":\"https:\/\/www.pmpf.rs.gov.br\/prefeito\/controladoria-geral-do-municipio\/\",\"name\":\"Controladoria-Geral do Munic\u00edpio - Prefeito\",\"isPartOf\":{\"@id\":\"https:\/\/www.pmpf.rs.gov.br\/prefeito\/#website\"},\"primaryImageOfPage\":{\"@id\":\"https:\/\/www.pmpf.rs.gov.br\/prefeito\/controladoria-geral-do-municipio\/#primaryimage\"},\"image\":{\"@id\":\"https:\/\/www.pmpf.rs.gov.br\/prefeito\/controladoria-geral-do-municipio\/#primaryimage\"},\"thumbnailUrl\":\"https:\/\/www.pmpf.rs.gov.br\/prefeito\/wp-content\/uploads\/sites\/32\/2026\/01\/logo-controladoria-geral.png\",\"datePublished\":\"2026-01-19T14:00:46+00:00\",\"dateModified\":\"2026-01-19T14:00:47+00:00\",\"inLanguage\":\"pt-BR\",\"potentialAction\":[{\"@type\":\"ReadAction\",\"target\":[\"https:\/\/www.pmpf.rs.gov.br\/prefeito\/controladoria-geral-do-municipio\/\"]}]},{\"@type\":\"ImageObject\",\"inLanguage\":\"pt-BR\",\"@id\":\"https:\/\/www.pmpf.rs.gov.br\/prefeito\/controladoria-geral-do-municipio\/#primaryimage\",\"url\":\"https:\/\/www.pmpf.rs.gov.br\/prefeito\/wp-content\/uploads\/sites\/32\/2026\/01\/logo-controladoria-geral.png\",\"contentUrl\":\"https:\/\/www.pmpf.rs.gov.br\/prefeito\/wp-content\/uploads\/sites\/32\/2026\/01\/logo-controladoria-geral.png\",\"width\":1080,\"height\":1080},{\"@type\":\"WebSite\",\"@id\":\"https:\/\/www.pmpf.rs.gov.br\/prefeito\/#website\",\"url\":\"https:\/\/www.pmpf.rs.gov.br\/prefeito\/\",\"name\":\"Prefeito\",\"description\":\"S\u00f3 mais um site Prefeitura de Passo Fundo\",\"potentialAction\":[{\"@type\":\"SearchAction\",\"target\":{\"@type\":\"EntryPoint\",\"urlTemplate\":\"https:\/\/www.pmpf.rs.gov.br\/prefeito\/?s={search_term_string}\"},\"query-input\":{\"@type\":\"PropertyValueSpecification\",\"valueRequired\":true,\"valueName\":\"search_term_string\"}}],\"inLanguage\":\"pt-BR\"}]}<\/script>\n<!-- \/ Yoast SEO plugin. -->","yoast_head_json":{"title":"Controladoria-Geral do Munic\u00edpio - Prefeito","robots":{"index":"index","follow":"follow","max-snippet":"max-snippet:-1","max-image-preview":"max-image-preview:large","max-video-preview":"max-video-preview:-1"},"canonical":"https:\/\/www.pmpf.rs.gov.br\/prefeito\/controladoria-geral-do-municipio\/","og_locale":"pt_BR","og_type":"article","og_title":"Controladoria-Geral do Munic\u00edpio - Prefeito","og_description":"Conhe\u00e7a o Auditor Leandro Bussolotto Bussolotto \u00e9 Graduado em Direito pela Universidade de Passo Fundo\/RS. P\u00f3s Graduado em Direito Civil pela Faculdade CESUSC, Florian\u00f3polis\/SC. Mestre em Direito pela Atitus Passo Fundo\/RS, exerce [&hellip;]","og_url":"https:\/\/www.pmpf.rs.gov.br\/prefeito\/controladoria-geral-do-municipio\/","og_site_name":"Prefeito","article_modified_time":"2026-01-19T14:00:47+00:00","og_image":[{"width":1080,"height":1080,"url":"https:\/\/www.pmpf.rs.gov.br\/prefeito\/wp-content\/uploads\/sites\/32\/2026\/01\/logo-controladoria-geral.png","type":"image\/png"}],"twitter_card":"summary_large_image","twitter_misc":{"Est. tempo de leitura":"2 minutos"},"schema":{"@context":"https:\/\/schema.org","@graph":[{"@type":"WebPage","@id":"https:\/\/www.pmpf.rs.gov.br\/prefeito\/controladoria-geral-do-municipio\/","url":"https:\/\/www.pmpf.rs.gov.br\/prefeito\/controladoria-geral-do-municipio\/","name":"Controladoria-Geral do Munic\u00edpio - Prefeito","isPartOf":{"@id":"https:\/\/www.pmpf.rs.gov.br\/prefeito\/#website"},"primaryImageOfPage":{"@id":"https:\/\/www.pmpf.rs.gov.br\/prefeito\/controladoria-geral-do-municipio\/#primaryimage"},"image":{"@id":"https:\/\/www.pmpf.rs.gov.br\/prefeito\/controladoria-geral-do-municipio\/#primaryimage"},"thumbnailUrl":"https:\/\/www.pmpf.rs.gov.br\/prefeito\/wp-content\/uploads\/sites\/32\/2026\/01\/logo-controladoria-geral.png","datePublished":"2026-01-19T14:00:46+00:00","dateModified":"2026-01-19T14:00:47+00:00","inLanguage":"pt-BR","potentialAction":[{"@type":"ReadAction","target":["https:\/\/www.pmpf.rs.gov.br\/prefeito\/controladoria-geral-do-municipio\/"]}]},{"@type":"ImageObject","inLanguage":"pt-BR","@id":"https:\/\/www.pmpf.rs.gov.br\/prefeito\/controladoria-geral-do-municipio\/#primaryimage","url":"https:\/\/www.pmpf.rs.gov.br\/prefeito\/wp-content\/uploads\/sites\/32\/2026\/01\/logo-controladoria-geral.png","contentUrl":"https:\/\/www.pmpf.rs.gov.br\/prefeito\/wp-content\/uploads\/sites\/32\/2026\/01\/logo-controladoria-geral.png","width":1080,"height":1080},{"@type":"WebSite","@id":"https:\/\/www.pmpf.rs.gov.br\/prefeito\/#website","url":"https:\/\/www.pmpf.rs.gov.br\/prefeito\/","name":"Prefeito","description":"S\u00f3 mais um site Prefeitura de Passo Fundo","potentialAction":[{"@type":"SearchAction","target":{"@type":"EntryPoint","urlTemplate":"https:\/\/www.pmpf.rs.gov.br\/prefeito\/?s={search_term_string}"},"query-input":{"@type":"PropertyValueSpecification","valueRequired":true,"valueName":"search_term_string"}}],"inLanguage":"pt-BR"}]}},"_links":{"self":[{"href":"https:\/\/www.pmpf.rs.gov.br\/prefeito\/wp-json\/wp\/v2\/pages\/2986"}],"collection":[{"href":"https:\/\/www.pmpf.rs.gov.br\/prefeito\/wp-json\/wp\/v2\/pages"}],"about":[{"href":"https:\/\/www.pmpf.rs.gov.br\/prefeito\/wp-json\/wp\/v2\/types\/page"}],"author":[{"embeddable":true,"href":"https:\/\/www.pmpf.rs.gov.br\/prefeito\/wp-json\/wp\/v2\/users\/28"}],"replies":[{"embeddable":true,"href":"https:\/\/www.pmpf.rs.gov.br\/prefeito\/wp-json\/wp\/v2\/comments?post=2986"}],"version-history":[{"count":1,"href":"https:\/\/www.pmpf.rs.gov.br\/prefeito\/wp-json\/wp\/v2\/pages\/2986\/revisions"}],"predecessor-version":[{"id":2987,"href":"https:\/\/www.pmpf.rs.gov.br\/prefeito\/wp-json\/wp\/v2\/pages\/2986\/revisions\/2987"}],"wp:featuredmedia":[{"embeddable":true,"href":"https:\/\/www.pmpf.rs.gov.br\/prefeito\/wp-json\/wp\/v2\/media\/2988"}],"wp:attachment":[{"href":"https:\/\/www.pmpf.rs.gov.br\/prefeito\/wp-json\/wp\/v2\/media?parent=2986"}],"curies":[{"name":"wp","href":"https:\/\/api.w.org\/{rel}","templated":true}]}}