{"id":89,"date":"2022-01-07T10:38:48","date_gmt":"2022-01-07T13:38:48","guid":{"rendered":"https:\/\/www.pmpf.rs.gov.br\/portal-pet\/?page_id=89"},"modified":"2025-09-11T15:43:13","modified_gmt":"2025-09-11T18:43:13","slug":"rede-de-protecao","status":"publish","type":"page","link":"https:\/\/www.pmpf.rs.gov.br\/portal-pet\/rede-de-protecao\/","title":{"rendered":"Rede de Prote\u00e7\u00e3o"},"content":{"rendered":"\n<h2 class=\"wp-block-heading\">Informa\u00e7\u00f5es da rede de prote\u00e7\u00e3o de animais de Passo Fundo<\/h2>\n\n\n\n<p>A CBEA compreende como Rede de Prote\u00e7\u00e3o de Animais, pessoas f\u00edsicas comprometidas com a causa animal que atuam em defesa dos animais no Munic\u00edpio de Passo Fundo-RS com hist\u00f3rico de resgate, castra\u00e7\u00e3o, albergagem, campanhas de ado\u00e7\u00e3o e outros.<\/p>\n\n\n\n<h3 class=\"wp-block-heading\">Protetoras Homenageadas<\/h3>\n\n\n<div class=\"wp-block-image is-style-default\">\n<figure class=\"alignleft size-full is-resized\"><img loading=\"lazy\" decoding=\"async\" width=\"300\" height=\"258\" src=\"https:\/\/www.pmpf.rs.gov.br\/portal-pet\/wp-content\/uploads\/sites\/64\/2022\/01\/foto_protetora_lisiane_tavares.png\" alt=\"Lisiane Tavares\" class=\"wp-image-100\" style=\"width:300px;height:258px\"\/><\/figure><\/div>\n\n\n<h4 class=\"wp-block-heading\">Lisiane Tavares<\/h4>\n\n\n\n<p>\u201cMeu nome \u00e9 Lisiane Tavares, moro no bairro Petr\u00f3polis. Atualmente tenho 5 p\u00e1ginas no Facebook para ajudar a procurar animais perdidos e pedir ajuda para animais resgatados e que precisam de castra\u00e7\u00e3o, atendimentos, ra\u00e7\u00e3o. Iniciei cuidando de gatos carentes, mais tarde participei como volunt\u00e1ria do CAPA (2009). Posteriormente trabalhei com protetoras ajudando pessoas que mantinham animais em situa\u00e7\u00e3o de maus tratos, dando abrigo e alimenta\u00e7\u00e3o, assim como buscando tutores respons\u00e1veis para ado\u00e7\u00e3o. J\u00e1 houve situa\u00e7\u00e3o em que resgatamos cerca de 90 animais em condi\u00e7\u00f5es prec\u00e1rias e degradantes e todos foram castrados e doados. Ao longo desse per\u00edodo, continuo fazendo trabalho de resgate, castrando, tratando e doando. Ajudo por m\u00eas aproximadamente 70 c\u00e3es comunit\u00e1rios. N\u00e3o tenho como calcular quantos c\u00e3es e gatos auxiliei nesses anos, mas s\u00e3o em m\u00e9dia 10 castra\u00e7\u00f5es por m\u00eas. Quem desejar me auxiliar com essa bicharada, tem v\u00e1rias formas: com Ra\u00e7\u00e3o, com lar tempor\u00e1rio quando preciso, e apadrinhamento de castra\u00e7\u00e3o.\u201d<\/p>\n\n\n\n<div style=\"height:15px\" aria-hidden=\"true\" class=\"wp-block-spacer\"><\/div>\n\n\n<div class=\"wp-block-image is-style-default\">\n<figure class=\"alignleft size-full\"><img loading=\"lazy\" decoding=\"async\" width=\"300\" height=\"302\" src=\"https:\/\/www.pmpf.rs.gov.br\/portal-pet\/wp-content\/uploads\/sites\/64\/2022\/01\/foto_protetora_marina_silva.png\" alt=\"Marina Silva\" class=\"wp-image-101\" srcset=\"https:\/\/www.pmpf.rs.gov.br\/portal-pet\/wp-content\/uploads\/sites\/64\/2022\/01\/foto_protetora_marina_silva.png 300w, https:\/\/www.pmpf.rs.gov.br\/portal-pet\/wp-content\/uploads\/sites\/64\/2022\/01\/foto_protetora_marina_silva-298x300.png 298w, https:\/\/www.pmpf.rs.gov.br\/portal-pet\/wp-content\/uploads\/sites\/64\/2022\/01\/foto_protetora_marina_silva-150x150.png 150w\" sizes=\"(max-width: 300px) 100vw, 300px\" \/><\/figure><\/div>\n\n\n<h4 class=\"wp-block-heading\">Marina Silva<\/h4>\n\n\n\n<p>\u201cTenho 24 anos de trabalho na causa animal, sendo 7 anos de encaminhamentos para castra\u00e7\u00e3o atrav\u00e9s do Programa \u00c9 o Bicho e tamb\u00e9m atrav\u00e9s de campanhas de arrecada\u00e7\u00e3o em redes sociais. Ao longo de todos esses anos foram muitas vidas salvas, por meio do resgate e doa\u00e7\u00e3o dos animais nas redes sociais, sendo que n\u00e3o consigo mensurar quantos animais foram atendidos. Atualmente, tenho comigo 15 gatos e 14 c\u00e3es, ao qual forne\u00e7o abrigo e prote\u00e7\u00e3o. Em Passo Fundo, trabalho em todos os bairros, principalmente nas comunidades mais carentes monitorando pontos de frequentes abandonos de animais.\u201d<\/p>\n\n\n\n<p><\/p>\n\n\n\n<p><\/p>\n\n\n\n<div style=\"height:5px\" aria-hidden=\"true\" class=\"wp-block-spacer\"><\/div>\n\n\n\n<div style=\"height:15px\" aria-hidden=\"true\" class=\"wp-block-spacer\"><\/div>\n\n\n<div class=\"wp-block-image is-style-default\">\n<figure class=\"alignleft size-full\"><img loading=\"lazy\" decoding=\"async\" width=\"300\" height=\"298\" src=\"https:\/\/www.pmpf.rs.gov.br\/portal-pet\/wp-content\/uploads\/sites\/64\/2022\/01\/foto_protetora_doris_flores.png\" alt=\"Doris Flores\" class=\"wp-image-99\" srcset=\"https:\/\/www.pmpf.rs.gov.br\/portal-pet\/wp-content\/uploads\/sites\/64\/2022\/01\/foto_protetora_doris_flores.png 300w, https:\/\/www.pmpf.rs.gov.br\/portal-pet\/wp-content\/uploads\/sites\/64\/2022\/01\/foto_protetora_doris_flores-150x150.png 150w\" sizes=\"(max-width: 300px) 100vw, 300px\" \/><\/figure><\/div>\n\n\n<h4 class=\"wp-block-heading\">Doris Flores<\/h4>\n\n\n\n<p>\u201cTrabalho h\u00e1 cerca de 35 anos com a causa animal. Iniciei trabalhando como protetora dentro de casa antes mesmo de saber que era protetora. A empatia e amor pelos animais s\u00e3o o que me movem, pois \u00e9 necess\u00e1rio abrir m\u00e3o de in\u00fameras coisas no dia a dia para poder dar conta das dificuldades sendo a mais complicada a financeira, devido os gastos com cl\u00ednicas, agropecu\u00e1rias e demais despesas. Atendo uma m\u00e9dia de 150 c\u00e3es ao longo de um ano, sempre visando a doa\u00e7\u00e3o dos animais para tutores respons\u00e1veis depois de recuperados e castrados. Conto com uma rede de apoiadores, mas as dificuldades e gastos s\u00e3o superiores aos valores arrecadados. Sou otimista e persistente, considero que a conquista do Programa de Castra\u00e7\u00e3o \u00e9 de grande valor para as pessoas que se envolvem com animais em situa\u00e7\u00e3o de risco\/abandonados. Esta \u00e9 a \u00fanica forma \u00e9tica e humanit\u00e1ria de controlar a popula\u00e7\u00e3o de animais e Passo Fundo \u00e9 uma cidade que tem demonstrado atrav\u00e9s de pol\u00edticas p\u00fablicas que h\u00e1 esperan\u00e7a para um futuro melhor.\u201d<\/p>\n\n\n\n<div style=\"height:15px\" aria-hidden=\"true\" class=\"wp-block-spacer\"><\/div>\n\n\n<div class=\"wp-block-image is-style-default\">\n<figure class=\"alignleft size-full\"><img loading=\"lazy\" decoding=\"async\" width=\"300\" height=\"385\" src=\"https:\/\/www.pmpf.rs.gov.br\/portal-pet\/wp-content\/uploads\/sites\/64\/2022\/01\/foto_protetora_cristina_tebaldi.png\" alt=\"Cristina Tebaldi\" class=\"wp-image-98\" srcset=\"https:\/\/www.pmpf.rs.gov.br\/portal-pet\/wp-content\/uploads\/sites\/64\/2022\/01\/foto_protetora_cristina_tebaldi.png 300w, https:\/\/www.pmpf.rs.gov.br\/portal-pet\/wp-content\/uploads\/sites\/64\/2022\/01\/foto_protetora_cristina_tebaldi-234x300.png 234w\" sizes=\"(max-width: 300px) 100vw, 300px\" \/><\/figure><\/div>\n\n\n<h4 class=\"wp-block-heading\">Cristina Tebaldi<\/h4>\n\n\n\n<p>\u201cAmo os animais, por\u00e9m meu maior contato s\u00e3o com c\u00e3es e gatos. Meu trabalho volunt\u00e1rio realizo com duas protetoras: Claudia e Maria Luiza. Resido em Passo Fundo desde 2005, e a partir dessa data me envolvi com a causa animal. A compaix\u00e3o pelos animais abandonados e em sofrimento despertou o desejo de querer fazer algo por eles. O descaso, a fome, a sede, o frio causa muita tristeza, al\u00e9m de animais em correntes, cadelas no cio e ninhadas de filhotes sem ter lar para todos. Por isso \u00e9 preciso CASTRAR! As a\u00e7\u00f5es bem-sucedidas nos trazem a sensa\u00e7\u00e3o de realiza\u00e7\u00e3o e essa \u00e9 a compensa\u00e7\u00e3o que almejamos. N\u00e3o salvamos todos, mas muitas vidas s\u00e3o mudadas. Nesses anos de prote\u00e7\u00e3o, n\u00e3o tenho o n\u00famero exato de quantos atendimentos, resgates foram feitos, com certeza mudamos o destino de muitos animais, sendo que todos foram castrados e adotados. Minha maior alegria \u00e9 castrar e encontrar lares para os animais abandonados. Fa\u00e7o um apelo para toda a comunidade passo-fundense: olhem para o seu animalzinho com os olhos do cora\u00e7\u00e3o. Agrade\u00e7o o empenho da Prefeitura em realizar castra\u00e7\u00f5es como forma de controle populacional! Para aqueles que quiserem adotar ou contribuir de alguma forma entrar em contato atrav\u00e9s de redes sociais.\u201d<\/p>\n\n\n\n<hr class=\"wp-block-separator has-alpha-channel-opacity\"\/>\n","protected":false},"excerpt":{"rendered":"<p>Informa\u00e7\u00f5es da rede de prote\u00e7\u00e3o de animais de Passo Fundo A CBEA compreende como Rede de Prote\u00e7\u00e3o de Animais, pessoas f\u00edsicas comprometidas com a causa animal que atuam em defesa dos animais [&hellip;]<\/p>\n","protected":false},"author":4,"featured_media":0,"parent":0,"menu_order":0,"comment_status":"closed","ping_status":"closed","template":"","meta":{"footnotes":""},"class_list":["post-89","page","type-page","status-publish","hentry"],"yoast_head":"<!-- This site is optimized with the Yoast SEO plugin v23.8 - https:\/\/yoast.com\/wordpress\/plugins\/seo\/ -->\n<title>Rede de Prote\u00e7\u00e3o - Portal Pet<\/title>\n<meta name=\"robots\" content=\"index, follow, max-snippet:-1, max-image-preview:large, max-video-preview:-1\" \/>\n<link rel=\"canonical\" href=\"https:\/\/www.pmpf.rs.gov.br\/portal-pet\/rede-de-protecao\/\" \/>\n<meta property=\"og:locale\" content=\"pt_BR\" \/>\n<meta property=\"og:type\" content=\"article\" \/>\n<meta property=\"og:title\" content=\"Rede de Prote\u00e7\u00e3o - Portal Pet\" \/>\n<meta property=\"og:description\" content=\"Informa\u00e7\u00f5es da rede de prote\u00e7\u00e3o de animais de Passo Fundo A CBEA compreende como Rede de Prote\u00e7\u00e3o de Animais, pessoas f\u00edsicas comprometidas com a causa animal que atuam em defesa dos animais [&hellip;]\" \/>\n<meta property=\"og:url\" content=\"https:\/\/www.pmpf.rs.gov.br\/portal-pet\/rede-de-protecao\/\" \/>\n<meta property=\"og:site_name\" content=\"Portal Pet\" \/>\n<meta property=\"article:modified_time\" content=\"2025-09-11T18:43:13+00:00\" \/>\n<meta property=\"og:image\" content=\"https:\/\/www.pmpf.rs.gov.br\/portal-pet\/wp-content\/uploads\/sites\/64\/2022\/01\/foto_protetora_lisiane_tavares.png\" \/>\n\t<meta property=\"og:image:width\" content=\"300\" \/>\n\t<meta property=\"og:image:height\" content=\"258\" \/>\n\t<meta property=\"og:image:type\" content=\"image\/png\" \/>\n<meta name=\"twitter:card\" content=\"summary_large_image\" \/>\n<meta name=\"twitter:label1\" content=\"Est. tempo de leitura\" \/>\n\t<meta name=\"twitter:data1\" content=\"5 minutos\" \/>\n<script type=\"application\/ld+json\" class=\"yoast-schema-graph\">{\"@context\":\"https:\/\/schema.org\",\"@graph\":[{\"@type\":\"WebPage\",\"@id\":\"https:\/\/www.pmpf.rs.gov.br\/portal-pet\/rede-de-protecao\/\",\"url\":\"https:\/\/www.pmpf.rs.gov.br\/portal-pet\/rede-de-protecao\/\",\"name\":\"Rede de Prote\u00e7\u00e3o - Portal Pet\",\"isPartOf\":{\"@id\":\"https:\/\/www.pmpf.rs.gov.br\/portal-pet\/#website\"},\"primaryImageOfPage\":{\"@id\":\"https:\/\/www.pmpf.rs.gov.br\/portal-pet\/rede-de-protecao\/#primaryimage\"},\"image\":{\"@id\":\"https:\/\/www.pmpf.rs.gov.br\/portal-pet\/rede-de-protecao\/#primaryimage\"},\"thumbnailUrl\":\"https:\/\/www.pmpf.rs.gov.br\/portal-pet\/wp-content\/uploads\/sites\/64\/2022\/01\/foto_protetora_lisiane_tavares.png\",\"datePublished\":\"2022-01-07T13:38:48+00:00\",\"dateModified\":\"2025-09-11T18:43:13+00:00\",\"breadcrumb\":{\"@id\":\"https:\/\/www.pmpf.rs.gov.br\/portal-pet\/rede-de-protecao\/#breadcrumb\"},\"inLanguage\":\"pt-BR\",\"potentialAction\":[{\"@type\":\"ReadAction\",\"target\":[\"https:\/\/www.pmpf.rs.gov.br\/portal-pet\/rede-de-protecao\/\"]}]},{\"@type\":\"ImageObject\",\"inLanguage\":\"pt-BR\",\"@id\":\"https:\/\/www.pmpf.rs.gov.br\/portal-pet\/rede-de-protecao\/#primaryimage\",\"url\":\"https:\/\/www.pmpf.rs.gov.br\/portal-pet\/wp-content\/uploads\/sites\/64\/2022\/01\/foto_protetora_lisiane_tavares.png\",\"contentUrl\":\"https:\/\/www.pmpf.rs.gov.br\/portal-pet\/wp-content\/uploads\/sites\/64\/2022\/01\/foto_protetora_lisiane_tavares.png\",\"width\":300,\"height\":258},{\"@type\":\"BreadcrumbList\",\"@id\":\"https:\/\/www.pmpf.rs.gov.br\/portal-pet\/rede-de-protecao\/#breadcrumb\",\"itemListElement\":[{\"@type\":\"ListItem\",\"position\":1,\"name\":\"In\u00edcio\",\"item\":\"https:\/\/www.pmpf.rs.gov.br\/portal-pet\/\"},{\"@type\":\"ListItem\",\"position\":2,\"name\":\"Rede de Prote\u00e7\u00e3o\"}]},{\"@type\":\"WebSite\",\"@id\":\"https:\/\/www.pmpf.rs.gov.br\/portal-pet\/#website\",\"url\":\"https:\/\/www.pmpf.rs.gov.br\/portal-pet\/\",\"name\":\"Portal Pet\",\"description\":\"S\u00f3 mais um site Prefeitura de Passo Fundo\",\"potentialAction\":[{\"@type\":\"SearchAction\",\"target\":{\"@type\":\"EntryPoint\",\"urlTemplate\":\"https:\/\/www.pmpf.rs.gov.br\/portal-pet\/?s={search_term_string}\"},\"query-input\":{\"@type\":\"PropertyValueSpecification\",\"valueRequired\":true,\"valueName\":\"search_term_string\"}}],\"inLanguage\":\"pt-BR\"}]}<\/script>\n<!-- \/ Yoast SEO plugin. -->","yoast_head_json":{"title":"Rede de Prote\u00e7\u00e3o - Portal Pet","robots":{"index":"index","follow":"follow","max-snippet":"max-snippet:-1","max-image-preview":"max-image-preview:large","max-video-preview":"max-video-preview:-1"},"canonical":"https:\/\/www.pmpf.rs.gov.br\/portal-pet\/rede-de-protecao\/","og_locale":"pt_BR","og_type":"article","og_title":"Rede de Prote\u00e7\u00e3o - Portal Pet","og_description":"Informa\u00e7\u00f5es da rede de prote\u00e7\u00e3o de animais de Passo Fundo A CBEA compreende como Rede de Prote\u00e7\u00e3o de Animais, pessoas f\u00edsicas comprometidas com a causa animal que atuam em defesa dos animais [&hellip;]","og_url":"https:\/\/www.pmpf.rs.gov.br\/portal-pet\/rede-de-protecao\/","og_site_name":"Portal Pet","article_modified_time":"2025-09-11T18:43:13+00:00","og_image":[{"width":300,"height":258,"url":"https:\/\/www.pmpf.rs.gov.br\/portal-pet\/wp-content\/uploads\/sites\/64\/2022\/01\/foto_protetora_lisiane_tavares.png","type":"image\/png"}],"twitter_card":"summary_large_image","twitter_misc":{"Est. tempo de leitura":"5 minutos"},"schema":{"@context":"https:\/\/schema.org","@graph":[{"@type":"WebPage","@id":"https:\/\/www.pmpf.rs.gov.br\/portal-pet\/rede-de-protecao\/","url":"https:\/\/www.pmpf.rs.gov.br\/portal-pet\/rede-de-protecao\/","name":"Rede de Prote\u00e7\u00e3o - Portal Pet","isPartOf":{"@id":"https:\/\/www.pmpf.rs.gov.br\/portal-pet\/#website"},"primaryImageOfPage":{"@id":"https:\/\/www.pmpf.rs.gov.br\/portal-pet\/rede-de-protecao\/#primaryimage"},"image":{"@id":"https:\/\/www.pmpf.rs.gov.br\/portal-pet\/rede-de-protecao\/#primaryimage"},"thumbnailUrl":"https:\/\/www.pmpf.rs.gov.br\/portal-pet\/wp-content\/uploads\/sites\/64\/2022\/01\/foto_protetora_lisiane_tavares.png","datePublished":"2022-01-07T13:38:48+00:00","dateModified":"2025-09-11T18:43:13+00:00","breadcrumb":{"@id":"https:\/\/www.pmpf.rs.gov.br\/portal-pet\/rede-de-protecao\/#breadcrumb"},"inLanguage":"pt-BR","potentialAction":[{"@type":"ReadAction","target":["https:\/\/www.pmpf.rs.gov.br\/portal-pet\/rede-de-protecao\/"]}]},{"@type":"ImageObject","inLanguage":"pt-BR","@id":"https:\/\/www.pmpf.rs.gov.br\/portal-pet\/rede-de-protecao\/#primaryimage","url":"https:\/\/www.pmpf.rs.gov.br\/portal-pet\/wp-content\/uploads\/sites\/64\/2022\/01\/foto_protetora_lisiane_tavares.png","contentUrl":"https:\/\/www.pmpf.rs.gov.br\/portal-pet\/wp-content\/uploads\/sites\/64\/2022\/01\/foto_protetora_lisiane_tavares.png","width":300,"height":258},{"@type":"BreadcrumbList","@id":"https:\/\/www.pmpf.rs.gov.br\/portal-pet\/rede-de-protecao\/#breadcrumb","itemListElement":[{"@type":"ListItem","position":1,"name":"In\u00edcio","item":"https:\/\/www.pmpf.rs.gov.br\/portal-pet\/"},{"@type":"ListItem","position":2,"name":"Rede de Prote\u00e7\u00e3o"}]},{"@type":"WebSite","@id":"https:\/\/www.pmpf.rs.gov.br\/portal-pet\/#website","url":"https:\/\/www.pmpf.rs.gov.br\/portal-pet\/","name":"Portal Pet","description":"S\u00f3 mais um site Prefeitura de Passo Fundo","potentialAction":[{"@type":"SearchAction","target":{"@type":"EntryPoint","urlTemplate":"https:\/\/www.pmpf.rs.gov.br\/portal-pet\/?s={search_term_string}"},"query-input":{"@type":"PropertyValueSpecification","valueRequired":true,"valueName":"search_term_string"}}],"inLanguage":"pt-BR"}]}},"_links":{"self":[{"href":"https:\/\/www.pmpf.rs.gov.br\/portal-pet\/wp-json\/wp\/v2\/pages\/89"}],"collection":[{"href":"https:\/\/www.pmpf.rs.gov.br\/portal-pet\/wp-json\/wp\/v2\/pages"}],"about":[{"href":"https:\/\/www.pmpf.rs.gov.br\/portal-pet\/wp-json\/wp\/v2\/types\/page"}],"author":[{"embeddable":true,"href":"https:\/\/www.pmpf.rs.gov.br\/portal-pet\/wp-json\/wp\/v2\/users\/4"}],"replies":[{"embeddable":true,"href":"https:\/\/www.pmpf.rs.gov.br\/portal-pet\/wp-json\/wp\/v2\/comments?post=89"}],"version-history":[{"count":12,"href":"https:\/\/www.pmpf.rs.gov.br\/portal-pet\/wp-json\/wp\/v2\/pages\/89\/revisions"}],"predecessor-version":[{"id":218,"href":"https:\/\/www.pmpf.rs.gov.br\/portal-pet\/wp-json\/wp\/v2\/pages\/89\/revisions\/218"}],"wp:attachment":[{"href":"https:\/\/www.pmpf.rs.gov.br\/portal-pet\/wp-json\/wp\/v2\/media?parent=89"}],"curies":[{"name":"wp","href":"https:\/\/api.w.org\/{rel}","templated":true}]}}