{"id":85,"date":"2022-01-07T10:34:50","date_gmt":"2022-01-07T13:34:50","guid":{"rendered":"https:\/\/www.pmpf.rs.gov.br\/portal-pet\/?page_id=85"},"modified":"2025-09-11T15:40:15","modified_gmt":"2025-09-11T18:40:15","slug":"denuncia-de-maus-tratos","status":"publish","type":"page","link":"https:\/\/www.pmpf.rs.gov.br\/portal-pet\/denuncia-de-maus-tratos\/","title":{"rendered":"Den\u00fancia de Maus Tratos"},"content":{"rendered":"\n<h2 class=\"wp-block-heading\">Orienta\u00e7\u00f5es e contatos<\/h2>\n\n\n\n<p>As den\u00fancias de maus tratos em c\u00e3es, gatos e cavalos podem ser realizadas pelos telefones ou e-mail da Secretaria do Meio Ambiente.<\/p>\n\n\n\n<p><strong>Telefones: <\/strong>(54) 3311-5494, (54) 3313-3542<\/p>\n\n\n\n<p><strong>E-mail:<\/strong> <strong>bea@pmpf.rs.gov.br<\/strong><\/p>\n\n\n\n<p>A SMAM <strong>N\u00c3O<\/strong> recebe den\u00fancias atrav\u00e9s de redes sociais.<\/p>\n\n\n\n<p>A CBEA possui veterin\u00e1rios, fiscais e motoristas que realizam os atendimentos \u00e0s den\u00fancias de maus tratos aos animais. Salientamos que todas as den\u00fancias realizadas s\u00e3o an\u00f4nimas, mas sempre indicamos que seja informado nome e telefone para, caso necess\u00e1rio, buscar mais informa\u00e7\u00f5es do local para vistoria.<\/p>\n\n\n\n<p>Ao abrir a den\u00fancia \u00e9 solicitado o endere\u00e7o COMPLETO do local que o animal se encontra, enviar fotos e pontos de refer\u00eancia atrav\u00e9s do e-mail <strong>(smam@pmpf.rs.gov.br)<\/strong>.<\/p>\n\n\n\n<p>As den\u00fancias tamb\u00e9m podem ser feitas para:<\/p>\n\n\n\n<p>3\u00ba Batalh\u00e3o da Brigada Militar (PATRAM) pelo <strong>Fone<\/strong>: (54)3335-8350<\/p>\n\n\n\n<p>Minist\u00e9rio P\u00fablico Estadual Passo Fundo RS. <strong>Fone<\/strong>: (54)3313-5330 <strong>E-mail<\/strong>: mppassofundo@mprs.mp.br Ouvidoria Munic\u00edpio de Passo Fundo <strong>Fone<\/strong>: 0800 5417 100 <strong>E-mail<\/strong>: ouvidoria@pmpf.rs.gov.br<\/p>\n\n\n\n<p>Secretaria Estadual do Meio Ambiente (SEMA), para animais silvestres, pelo <strong>Fone<\/strong>: (54)3312-4202.<\/p>\n\n\n\n<h3 class=\"wp-block-heading\">Exemplo de maus tratos<\/h3>\n\n\n\n<p>S\u00e3o exemplos de maus tratos contra animais:<\/p>\n\n\n\n<ol class=\"wp-block-list\">\n<li>Abandonar, espancar, golpear, mutilar e envenenar.<\/li>\n\n\n\n<li>Manter preso permanentemente em correntes curtas que impe\u00e7am a locomo\u00e7\u00e3o do animal.<\/li>\n\n\n\n<li>Manter em local anti-higi\u00eanico.<\/li>\n\n\n\n<li>N\u00e3o abrigar do Sol, da chuva e do frio.<\/li>\n\n\n\n<li>Deixar sem ventila\u00e7\u00e3o e luz solar.<\/li>\n\n\n\n<li>N\u00e3o dar \u00e1gua e comida diariamente.<\/li>\n\n\n\n<li>Negar assist\u00eancia veterin\u00e1ria ao animal doente ou ferido.<\/li>\n\n\n\n<li>Obrigar a trabalho excessivo ou superior a sua for\u00e7a.<\/li>\n\n\n\n<li>Utilizar animais para procria\u00e7\u00e3o de forma constante.<\/li>\n<\/ol>\n\n\n\n<hr class=\"wp-block-separator has-alpha-channel-opacity\"\/>\n","protected":false},"excerpt":{"rendered":"<p>Orienta\u00e7\u00f5es e contatos As den\u00fancias de maus tratos em c\u00e3es, gatos e cavalos podem ser realizadas pelos telefones ou e-mail da Secretaria do Meio Ambiente. Telefones: (54) 3311-5494, (54) 3313-3542 E-mail: bea@pmpf.rs.gov.br [&hellip;]<\/p>\n","protected":false},"author":4,"featured_media":0,"parent":0,"menu_order":0,"comment_status":"closed","ping_status":"closed","template":"","meta":{"footnotes":""},"class_list":["post-85","page","type-page","status-publish","hentry"],"yoast_head":"<!-- This site is optimized with the Yoast SEO plugin v23.8 - https:\/\/yoast.com\/wordpress\/plugins\/seo\/ -->\n<title>Den\u00fancia de Maus Tratos - Portal Pet<\/title>\n<meta name=\"robots\" content=\"index, follow, max-snippet:-1, max-image-preview:large, max-video-preview:-1\" \/>\n<link rel=\"canonical\" href=\"https:\/\/www.pmpf.rs.gov.br\/portal-pet\/denuncia-de-maus-tratos\/\" \/>\n<meta property=\"og:locale\" content=\"pt_BR\" \/>\n<meta property=\"og:type\" content=\"article\" \/>\n<meta property=\"og:title\" content=\"Den\u00fancia de Maus Tratos - Portal Pet\" \/>\n<meta property=\"og:description\" content=\"Orienta\u00e7\u00f5es e contatos As den\u00fancias de maus tratos em c\u00e3es, gatos e cavalos podem ser realizadas pelos telefones ou e-mail da Secretaria do Meio Ambiente. Telefones: (54) 3311-5494, (54) 3313-3542 E-mail: bea@pmpf.rs.gov.br [&hellip;]\" \/>\n<meta property=\"og:url\" content=\"https:\/\/www.pmpf.rs.gov.br\/portal-pet\/denuncia-de-maus-tratos\/\" \/>\n<meta property=\"og:site_name\" content=\"Portal Pet\" \/>\n<meta property=\"article:modified_time\" content=\"2025-09-11T18:40:15+00:00\" \/>\n<meta name=\"twitter:card\" content=\"summary_large_image\" \/>\n<meta name=\"twitter:label1\" content=\"Est. tempo de leitura\" \/>\n\t<meta name=\"twitter:data1\" content=\"2 minutos\" \/>\n<script type=\"application\/ld+json\" class=\"yoast-schema-graph\">{\"@context\":\"https:\/\/schema.org\",\"@graph\":[{\"@type\":\"WebPage\",\"@id\":\"https:\/\/www.pmpf.rs.gov.br\/portal-pet\/denuncia-de-maus-tratos\/\",\"url\":\"https:\/\/www.pmpf.rs.gov.br\/portal-pet\/denuncia-de-maus-tratos\/\",\"name\":\"Den\u00fancia de Maus Tratos - Portal Pet\",\"isPartOf\":{\"@id\":\"https:\/\/www.pmpf.rs.gov.br\/portal-pet\/#website\"},\"datePublished\":\"2022-01-07T13:34:50+00:00\",\"dateModified\":\"2025-09-11T18:40:15+00:00\",\"breadcrumb\":{\"@id\":\"https:\/\/www.pmpf.rs.gov.br\/portal-pet\/denuncia-de-maus-tratos\/#breadcrumb\"},\"inLanguage\":\"pt-BR\",\"potentialAction\":[{\"@type\":\"ReadAction\",\"target\":[\"https:\/\/www.pmpf.rs.gov.br\/portal-pet\/denuncia-de-maus-tratos\/\"]}]},{\"@type\":\"BreadcrumbList\",\"@id\":\"https:\/\/www.pmpf.rs.gov.br\/portal-pet\/denuncia-de-maus-tratos\/#breadcrumb\",\"itemListElement\":[{\"@type\":\"ListItem\",\"position\":1,\"name\":\"In\u00edcio\",\"item\":\"https:\/\/www.pmpf.rs.gov.br\/portal-pet\/\"},{\"@type\":\"ListItem\",\"position\":2,\"name\":\"Den\u00fancia de Maus Tratos\"}]},{\"@type\":\"WebSite\",\"@id\":\"https:\/\/www.pmpf.rs.gov.br\/portal-pet\/#website\",\"url\":\"https:\/\/www.pmpf.rs.gov.br\/portal-pet\/\",\"name\":\"Portal Pet\",\"description\":\"S\u00f3 mais um site Prefeitura de Passo Fundo\",\"potentialAction\":[{\"@type\":\"SearchAction\",\"target\":{\"@type\":\"EntryPoint\",\"urlTemplate\":\"https:\/\/www.pmpf.rs.gov.br\/portal-pet\/?s={search_term_string}\"},\"query-input\":{\"@type\":\"PropertyValueSpecification\",\"valueRequired\":true,\"valueName\":\"search_term_string\"}}],\"inLanguage\":\"pt-BR\"}]}<\/script>\n<!-- \/ Yoast SEO plugin. -->","yoast_head_json":{"title":"Den\u00fancia de Maus Tratos - Portal Pet","robots":{"index":"index","follow":"follow","max-snippet":"max-snippet:-1","max-image-preview":"max-image-preview:large","max-video-preview":"max-video-preview:-1"},"canonical":"https:\/\/www.pmpf.rs.gov.br\/portal-pet\/denuncia-de-maus-tratos\/","og_locale":"pt_BR","og_type":"article","og_title":"Den\u00fancia de Maus Tratos - Portal Pet","og_description":"Orienta\u00e7\u00f5es e contatos As den\u00fancias de maus tratos em c\u00e3es, gatos e cavalos podem ser realizadas pelos telefones ou e-mail da Secretaria do Meio Ambiente. Telefones: (54) 3311-5494, (54) 3313-3542 E-mail: bea@pmpf.rs.gov.br [&hellip;]","og_url":"https:\/\/www.pmpf.rs.gov.br\/portal-pet\/denuncia-de-maus-tratos\/","og_site_name":"Portal Pet","article_modified_time":"2025-09-11T18:40:15+00:00","twitter_card":"summary_large_image","twitter_misc":{"Est. tempo de leitura":"2 minutos"},"schema":{"@context":"https:\/\/schema.org","@graph":[{"@type":"WebPage","@id":"https:\/\/www.pmpf.rs.gov.br\/portal-pet\/denuncia-de-maus-tratos\/","url":"https:\/\/www.pmpf.rs.gov.br\/portal-pet\/denuncia-de-maus-tratos\/","name":"Den\u00fancia de Maus Tratos - Portal Pet","isPartOf":{"@id":"https:\/\/www.pmpf.rs.gov.br\/portal-pet\/#website"},"datePublished":"2022-01-07T13:34:50+00:00","dateModified":"2025-09-11T18:40:15+00:00","breadcrumb":{"@id":"https:\/\/www.pmpf.rs.gov.br\/portal-pet\/denuncia-de-maus-tratos\/#breadcrumb"},"inLanguage":"pt-BR","potentialAction":[{"@type":"ReadAction","target":["https:\/\/www.pmpf.rs.gov.br\/portal-pet\/denuncia-de-maus-tratos\/"]}]},{"@type":"BreadcrumbList","@id":"https:\/\/www.pmpf.rs.gov.br\/portal-pet\/denuncia-de-maus-tratos\/#breadcrumb","itemListElement":[{"@type":"ListItem","position":1,"name":"In\u00edcio","item":"https:\/\/www.pmpf.rs.gov.br\/portal-pet\/"},{"@type":"ListItem","position":2,"name":"Den\u00fancia de Maus Tratos"}]},{"@type":"WebSite","@id":"https:\/\/www.pmpf.rs.gov.br\/portal-pet\/#website","url":"https:\/\/www.pmpf.rs.gov.br\/portal-pet\/","name":"Portal Pet","description":"S\u00f3 mais um site Prefeitura de Passo Fundo","potentialAction":[{"@type":"SearchAction","target":{"@type":"EntryPoint","urlTemplate":"https:\/\/www.pmpf.rs.gov.br\/portal-pet\/?s={search_term_string}"},"query-input":{"@type":"PropertyValueSpecification","valueRequired":true,"valueName":"search_term_string"}}],"inLanguage":"pt-BR"}]}},"_links":{"self":[{"href":"https:\/\/www.pmpf.rs.gov.br\/portal-pet\/wp-json\/wp\/v2\/pages\/85"}],"collection":[{"href":"https:\/\/www.pmpf.rs.gov.br\/portal-pet\/wp-json\/wp\/v2\/pages"}],"about":[{"href":"https:\/\/www.pmpf.rs.gov.br\/portal-pet\/wp-json\/wp\/v2\/types\/page"}],"author":[{"embeddable":true,"href":"https:\/\/www.pmpf.rs.gov.br\/portal-pet\/wp-json\/wp\/v2\/users\/4"}],"replies":[{"embeddable":true,"href":"https:\/\/www.pmpf.rs.gov.br\/portal-pet\/wp-json\/wp\/v2\/comments?post=85"}],"version-history":[{"count":2,"href":"https:\/\/www.pmpf.rs.gov.br\/portal-pet\/wp-json\/wp\/v2\/pages\/85\/revisions"}],"predecessor-version":[{"id":217,"href":"https:\/\/www.pmpf.rs.gov.br\/portal-pet\/wp-json\/wp\/v2\/pages\/85\/revisions\/217"}],"wp:attachment":[{"href":"https:\/\/www.pmpf.rs.gov.br\/portal-pet\/wp-json\/wp\/v2\/media?parent=85"}],"curies":[{"name":"wp","href":"https:\/\/api.w.org\/{rel}","templated":true}]}}