{"id":78,"date":"2022-01-06T16:41:18","date_gmt":"2022-01-06T19:41:18","guid":{"rendered":"https:\/\/www.pmpf.rs.gov.br\/portal-pet\/?page_id=78"},"modified":"2022-01-07T10:01:49","modified_gmt":"2022-01-07T13:01:49","slug":"legislacao-protecao-animal","status":"publish","type":"page","link":"https:\/\/www.pmpf.rs.gov.br\/portal-pet\/legislacao-protecao-animal\/","title":{"rendered":"Legisla\u00e7\u00e3o &#8211; Prote\u00e7\u00e3o Animal"},"content":{"rendered":"\n<h2 class=\"wp-block-heading\">Leis e normativas<\/h2>\n\n\n\n<h3 class=\"wp-block-heading\">Federal<\/h3>\n\n\n\n<p><a href=\"http:\/\/www.planalto.gov.br\/ccivil_03\/leis\/l9605.htm\" target=\"_blank\" rel=\"noreferrer noopener\">Lei n\u00b0 9.605\/1998<\/a> \u2013 Crimes Ambientais<\/p>\n\n\n\n<p><a href=\"http:\/\/www.planalto.gov.br\/ccivil_03\/_ato2015-2018\/2017\/lei\/L13426.htm\" target=\"_blank\" rel=\"noreferrer noopener\">Lei Federal n\u00ba 13.426\/2017<\/a> \u2013 Cabe aos munic\u00edpios a implanta\u00e7\u00e3o de pol\u00edticas de controle populacional.<\/p>\n\n\n\n<p><a href=\"http:\/\/www.planalto.gov.br\/ccivil_03\/_ato2019-2022\/2020\/lei\/L14064.htm\" target=\"_blank\" rel=\"noreferrer noopener\">Lei n\u00b0 14.064\/2020<\/a> &#8211; Lei Sans\u00e3o. Aumenta a pena de dois a cinco anos para quem maltratar c\u00e3o ou gato.<\/p>\n\n\n\n<p><a href=\"http:\/\/www3.cfmv.gov.br\/portal\/public\/lei\/download-arquivo\/id\/1142\" target=\"_blank\" rel=\"noreferrer noopener\">Resolu\u00e7\u00e3o n\u00b0 1.236\/2018<\/a> do Conselho Federal de Medicina Veterin\u00e1ria (CFMV)<\/p>\n\n\n\n<h3 class=\"wp-block-heading\">Estadual<\/h3>\n\n\n\n<p><a href=\"http:\/\/www.al.rs.gov.br\/FileRepository\/repLegisComp\/Lei%20n%C2%BA%2011.915.pdf\" target=\"_blank\" rel=\"noreferrer noopener\">Lei Estadual n\u00ba 11.915\/2003<\/a> &#8211; Institui o C\u00f3digo Estadual de Prote\u00e7\u00e3o aos Animais.<\/p>\n\n\n\n<p><a href=\"https:\/\/leisestaduais.com.br\/rs\/lei-ordinaria-n-15254-2019-rio-grande-do-sul-dispoe-sobre-animais-comunitarios-no-estado-do-rio-grande-do-sul-estabelece-normas-para-seu-atendimento-e-da-outras-providencias\" target=\"_blank\" rel=\"noreferrer noopener\">Lei Estadual n\u00ba 15.254\/2019<\/a> \u2013 Legisla\u00e7\u00e3o que protege os animais comunit\u00e1rios no Rio Grande do Sul.<\/p>\n\n\n\n<p><a href=\"https:\/\/leisestaduais.com.br\/rs\/lei-ordinaria-n-15363-2019-rio-grande-do-sul-consolida-a-legislacao-relativa-a-protecao-aos-animais-no-estado-do-rio-grande-do-sul\" target=\"_blank\" rel=\"noreferrer noopener\">Lei Estadual n\u00b0 15.363\/2019<\/a> &#8211; Consolida a legisla\u00e7\u00e3o relativa \u00e0 Prote\u00e7\u00e3o aos Animais.<\/p>\n\n\n\n<p><a href=\"https:\/\/www.legisweb.com.br\/legislacao\/?id=388665\" target=\"_blank\" rel=\"noreferrer noopener\">Lei Estadual n\u00b0 15.434\/2020<\/a>, Cap\u00edtulo XVII &#8211; Institui o C\u00f3digo Estadual do Meio Ambiente do Estado do Rio Grande do Sul.<\/p>\n\n\n\n<p><a href=\"http:\/\/www.al.rs.gov.br\/filerepository\/repLegis\/arquivos\/DEC%2055.757.pdf\" target=\"_blank\" rel=\"noreferrer noopener\">Decreto 55.757\/2021<\/a> \u2013 Pro\u00edbe corridas de c\u00e3es em todo o territ\u00f3rio estadual.<\/p>\n\n\n\n<h3 class=\"wp-block-heading\">Municipal<\/h3>\n\n\n\n<p><a href=\"https:\/\/cm-passo-fundo.jusbrasil.com.br\/legislacao\/460390\/lei-3521-99\" target=\"_blank\" rel=\"noreferrer noopener\">Lei Municipal n\u00b0 3521\/1999<\/a> &#8211; Disp\u00f5e sobre o controle de popula\u00e7\u00f5es animais, preven\u00e7\u00e3o de zoonoses e controle de natalidade dos animais.<\/p>\n\n\n\n<p><a href=\"https:\/\/www.pmpf.rs.gov.br\/files\/lei_complementar_408_2017.pdf\" target=\"_blank\" rel=\"noreferrer noopener\">Lei Complementar n\u00b0 408\/2017<\/a> \u2013 Cria\u00e7\u00e3o da Coordenadoria do Bem-estar Animal (CBEA)<\/p>\n\n\n\n<p><a href=\"https:\/\/leismunicipais.com.br\/a1\/rs\/p\/passo-fundo\/lei-ordinaria\/2018\/535\/5349\/lei-ordinaria-n-5349-2018-cria-o-fundo-municipal-de-protecao-e-bem-estar-animal-e-da-outras-providencias?q=5.349\" target=\"_blank\" rel=\"noreferrer noopener\">Lei Municipal n\u00ba 5.349\/2018<\/a> &#8211; Cria o Fundo Municipal de Prote\u00e7\u00e3o e Bem-estar Animal e d\u00e1 outras provid\u00eancias.<\/p>\n\n\n\n<p><a href=\"https:\/\/leismunicipais.com.br\/a\/rs\/p\/passo-fundo\/lei-ordinaria\/2019\/541\/5401\/lei-ordinaria-n-5401-2019-dispoe-sobre-a-criacao-e-a-venda-no-varejo-de-caes-e-gatos-por-estabelecimentos-comerciais-no-municipio-de-passo-fundo-bem-como-as-doacoes-em-eventos-de-adocao-desses-animais-e-da-outras-providencias\" target=\"_blank\" rel=\"noreferrer noopener\">Lei Municipal n\u00b0 5.401\/2019<\/a> &#8211; Disp\u00f5e sobre a cria\u00e7\u00e3o e a venda no varejo de c\u00e3es e gatos por estabelecimentos comerciais no munic\u00edpio de Passo Fundo.<\/p>\n\n\n\n<p><a href=\"https:\/\/leismunicipais.com.br\/a1\/rs\/p\/passo-fundo\/lei-ordinaria\/2019\/543\/5422\/lei-ordinaria-n-5422-2019-fica-instituido-no-municipio-de-passo-fundo-de-carater-voluntario-a-arrecadacao-para-o-fundo-municipal-de-protecao-e-bem-estar-animal-fubem-e-da-outras-providencias\" target=\"_blank\" rel=\"noreferrer noopener\">Lei Municipal n\u00b0 5.422\/2019<\/a> &#8211; Fica institu\u00eddo no munic\u00edpio de Passo Fundo, de car\u00e1ter volunt\u00e1rio, a arrecada\u00e7\u00e3o para o Fundo Municipal de Prote\u00e7\u00e3o e Bem-Estar Animal (FUBEM).<\/p>\n","protected":false},"excerpt":{"rendered":"<p>Leis e normativas Federal Lei n\u00b0 9.605\/1998 \u2013 Crimes Ambientais Lei Federal n\u00ba 13.426\/2017 \u2013 Cabe aos munic\u00edpios a implanta\u00e7\u00e3o de pol\u00edticas de controle populacional. Lei n\u00b0 14.064\/2020 &#8211; Lei Sans\u00e3o. Aumenta [&hellip;]<\/p>\n","protected":false},"author":4,"featured_media":0,"parent":0,"menu_order":0,"comment_status":"closed","ping_status":"closed","template":"","meta":{"footnotes":""},"class_list":["post-78","page","type-page","status-publish","hentry"],"yoast_head":"<!-- This site is optimized with the Yoast SEO plugin v23.8 - https:\/\/yoast.com\/wordpress\/plugins\/seo\/ -->\n<title>Legisla\u00e7\u00e3o - Prote\u00e7\u00e3o Animal - Portal Pet<\/title>\n<meta name=\"robots\" content=\"index, follow, max-snippet:-1, max-image-preview:large, max-video-preview:-1\" \/>\n<link rel=\"canonical\" href=\"https:\/\/www.pmpf.rs.gov.br\/portal-pet\/legislacao-protecao-animal\/\" \/>\n<meta property=\"og:locale\" content=\"pt_BR\" \/>\n<meta property=\"og:type\" content=\"article\" \/>\n<meta property=\"og:title\" content=\"Legisla\u00e7\u00e3o - Prote\u00e7\u00e3o Animal - Portal Pet\" \/>\n<meta property=\"og:description\" content=\"Leis e normativas Federal Lei n\u00b0 9.605\/1998 \u2013 Crimes Ambientais Lei Federal n\u00ba 13.426\/2017 \u2013 Cabe aos munic\u00edpios a implanta\u00e7\u00e3o de pol\u00edticas de controle populacional. Lei n\u00b0 14.064\/2020 &#8211; Lei Sans\u00e3o. Aumenta [&hellip;]\" \/>\n<meta property=\"og:url\" content=\"https:\/\/www.pmpf.rs.gov.br\/portal-pet\/legislacao-protecao-animal\/\" \/>\n<meta property=\"og:site_name\" content=\"Portal Pet\" \/>\n<meta property=\"article:modified_time\" content=\"2022-01-07T13:01:49+00:00\" \/>\n<meta name=\"twitter:card\" content=\"summary_large_image\" \/>\n<meta name=\"twitter:label1\" content=\"Est. tempo de leitura\" \/>\n\t<meta name=\"twitter:data1\" content=\"2 minutos\" \/>\n<script type=\"application\/ld+json\" class=\"yoast-schema-graph\">{\"@context\":\"https:\/\/schema.org\",\"@graph\":[{\"@type\":\"WebPage\",\"@id\":\"https:\/\/www.pmpf.rs.gov.br\/portal-pet\/legislacao-protecao-animal\/\",\"url\":\"https:\/\/www.pmpf.rs.gov.br\/portal-pet\/legislacao-protecao-animal\/\",\"name\":\"Legisla\u00e7\u00e3o - Prote\u00e7\u00e3o Animal - Portal Pet\",\"isPartOf\":{\"@id\":\"https:\/\/www.pmpf.rs.gov.br\/portal-pet\/#website\"},\"datePublished\":\"2022-01-06T19:41:18+00:00\",\"dateModified\":\"2022-01-07T13:01:49+00:00\",\"breadcrumb\":{\"@id\":\"https:\/\/www.pmpf.rs.gov.br\/portal-pet\/legislacao-protecao-animal\/#breadcrumb\"},\"inLanguage\":\"pt-BR\",\"potentialAction\":[{\"@type\":\"ReadAction\",\"target\":[\"https:\/\/www.pmpf.rs.gov.br\/portal-pet\/legislacao-protecao-animal\/\"]}]},{\"@type\":\"BreadcrumbList\",\"@id\":\"https:\/\/www.pmpf.rs.gov.br\/portal-pet\/legislacao-protecao-animal\/#breadcrumb\",\"itemListElement\":[{\"@type\":\"ListItem\",\"position\":1,\"name\":\"In\u00edcio\",\"item\":\"https:\/\/www.pmpf.rs.gov.br\/portal-pet\/\"},{\"@type\":\"ListItem\",\"position\":2,\"name\":\"Legisla\u00e7\u00e3o &#8211; Prote\u00e7\u00e3o Animal\"}]},{\"@type\":\"WebSite\",\"@id\":\"https:\/\/www.pmpf.rs.gov.br\/portal-pet\/#website\",\"url\":\"https:\/\/www.pmpf.rs.gov.br\/portal-pet\/\",\"name\":\"Portal Pet\",\"description\":\"S\u00f3 mais um site Prefeitura de Passo Fundo\",\"potentialAction\":[{\"@type\":\"SearchAction\",\"target\":{\"@type\":\"EntryPoint\",\"urlTemplate\":\"https:\/\/www.pmpf.rs.gov.br\/portal-pet\/?s={search_term_string}\"},\"query-input\":{\"@type\":\"PropertyValueSpecification\",\"valueRequired\":true,\"valueName\":\"search_term_string\"}}],\"inLanguage\":\"pt-BR\"}]}<\/script>\n<!-- \/ Yoast SEO plugin. -->","yoast_head_json":{"title":"Legisla\u00e7\u00e3o - Prote\u00e7\u00e3o Animal - Portal Pet","robots":{"index":"index","follow":"follow","max-snippet":"max-snippet:-1","max-image-preview":"max-image-preview:large","max-video-preview":"max-video-preview:-1"},"canonical":"https:\/\/www.pmpf.rs.gov.br\/portal-pet\/legislacao-protecao-animal\/","og_locale":"pt_BR","og_type":"article","og_title":"Legisla\u00e7\u00e3o - Prote\u00e7\u00e3o Animal - Portal Pet","og_description":"Leis e normativas Federal Lei n\u00b0 9.605\/1998 \u2013 Crimes Ambientais Lei Federal n\u00ba 13.426\/2017 \u2013 Cabe aos munic\u00edpios a implanta\u00e7\u00e3o de pol\u00edticas de controle populacional. Lei n\u00b0 14.064\/2020 &#8211; Lei Sans\u00e3o. Aumenta [&hellip;]","og_url":"https:\/\/www.pmpf.rs.gov.br\/portal-pet\/legislacao-protecao-animal\/","og_site_name":"Portal Pet","article_modified_time":"2022-01-07T13:01:49+00:00","twitter_card":"summary_large_image","twitter_misc":{"Est. tempo de leitura":"2 minutos"},"schema":{"@context":"https:\/\/schema.org","@graph":[{"@type":"WebPage","@id":"https:\/\/www.pmpf.rs.gov.br\/portal-pet\/legislacao-protecao-animal\/","url":"https:\/\/www.pmpf.rs.gov.br\/portal-pet\/legislacao-protecao-animal\/","name":"Legisla\u00e7\u00e3o - Prote\u00e7\u00e3o Animal - Portal Pet","isPartOf":{"@id":"https:\/\/www.pmpf.rs.gov.br\/portal-pet\/#website"},"datePublished":"2022-01-06T19:41:18+00:00","dateModified":"2022-01-07T13:01:49+00:00","breadcrumb":{"@id":"https:\/\/www.pmpf.rs.gov.br\/portal-pet\/legislacao-protecao-animal\/#breadcrumb"},"inLanguage":"pt-BR","potentialAction":[{"@type":"ReadAction","target":["https:\/\/www.pmpf.rs.gov.br\/portal-pet\/legislacao-protecao-animal\/"]}]},{"@type":"BreadcrumbList","@id":"https:\/\/www.pmpf.rs.gov.br\/portal-pet\/legislacao-protecao-animal\/#breadcrumb","itemListElement":[{"@type":"ListItem","position":1,"name":"In\u00edcio","item":"https:\/\/www.pmpf.rs.gov.br\/portal-pet\/"},{"@type":"ListItem","position":2,"name":"Legisla\u00e7\u00e3o &#8211; Prote\u00e7\u00e3o Animal"}]},{"@type":"WebSite","@id":"https:\/\/www.pmpf.rs.gov.br\/portal-pet\/#website","url":"https:\/\/www.pmpf.rs.gov.br\/portal-pet\/","name":"Portal Pet","description":"S\u00f3 mais um site Prefeitura de Passo Fundo","potentialAction":[{"@type":"SearchAction","target":{"@type":"EntryPoint","urlTemplate":"https:\/\/www.pmpf.rs.gov.br\/portal-pet\/?s={search_term_string}"},"query-input":{"@type":"PropertyValueSpecification","valueRequired":true,"valueName":"search_term_string"}}],"inLanguage":"pt-BR"}]}},"_links":{"self":[{"href":"https:\/\/www.pmpf.rs.gov.br\/portal-pet\/wp-json\/wp\/v2\/pages\/78"}],"collection":[{"href":"https:\/\/www.pmpf.rs.gov.br\/portal-pet\/wp-json\/wp\/v2\/pages"}],"about":[{"href":"https:\/\/www.pmpf.rs.gov.br\/portal-pet\/wp-json\/wp\/v2\/types\/page"}],"author":[{"embeddable":true,"href":"https:\/\/www.pmpf.rs.gov.br\/portal-pet\/wp-json\/wp\/v2\/users\/4"}],"replies":[{"embeddable":true,"href":"https:\/\/www.pmpf.rs.gov.br\/portal-pet\/wp-json\/wp\/v2\/comments?post=78"}],"version-history":[{"count":2,"href":"https:\/\/www.pmpf.rs.gov.br\/portal-pet\/wp-json\/wp\/v2\/pages\/78\/revisions"}],"predecessor-version":[{"id":81,"href":"https:\/\/www.pmpf.rs.gov.br\/portal-pet\/wp-json\/wp\/v2\/pages\/78\/revisions\/81"}],"wp:attachment":[{"href":"https:\/\/www.pmpf.rs.gov.br\/portal-pet\/wp-json\/wp\/v2\/media?parent=78"}],"curies":[{"name":"wp","href":"https:\/\/api.w.org\/{rel}","templated":true}]}}