{"id":72,"date":"2022-01-06T16:23:54","date_gmt":"2022-01-06T19:23:54","guid":{"rendered":"https:\/\/www.pmpf.rs.gov.br\/portal-pet\/?page_id=72"},"modified":"2022-01-06T16:29:05","modified_gmt":"2022-01-06T19:29:05","slug":"cuidados-aos-animais","status":"publish","type":"page","link":"https:\/\/www.pmpf.rs.gov.br\/portal-pet\/cuidados-aos-animais\/","title":{"rendered":"Cuidados aos Animais"},"content":{"rendered":"\n<h2 class=\"wp-block-heading\">Cuidados com os Pets<\/h2>\n\n\n\n<h3 class=\"wp-block-heading\">Vacina\u00e7\u00e3o<\/h3>\n\n\n\n<p>A vacina\u00e7\u00e3o previne doen\u00e7as infectocontagiosas. C\u00e3es e gatos possuem um esquema vacinal de acordo com sua esp\u00e9cie e caracter\u00edsticas individuais. Geralmente, a vacina\u00e7\u00e3o \u00e9 anual e s\u00f3 pode ser realizada por um m\u00e9dico veterin\u00e1rio. As vacinas previnem doen\u00e7as graves que podem levar o animal \u00e0 morte, bem como doen\u00e7as que podem ser transmitidas para os humanos (zoonoses).<\/p>\n\n\n\n<h3 class=\"wp-block-heading\">Castra\u00e7\u00e3o<\/h3>\n\n\n\n<p>A castra\u00e7\u00e3o \u00e9 um m\u00e9todo eficiente no controle populacional de animais dom\u00e9sticos. Al\u00e9m de reduzir as taxas de natalidade, reduz o n\u00famero de abandonos e diminui os \u00edndices de dissemina\u00e7\u00e3o de zoonoses. Sendo que o controle da popula\u00e7\u00e3o de animais \u00e9 uma quest\u00e3o de sa\u00fade p\u00fablica, pois as zoonoses s\u00e3o doen\u00e7as comuns a humanos e animais. Com a castra\u00e7\u00e3o, evitamos superpopula\u00e7\u00e3o, abandonos, doen\u00e7as uterinas, neoplasias (c\u00e2ncer), doen\u00e7as prost\u00e1ticas, agressividade e marca\u00e7\u00e3o de territ\u00f3rio.<\/p>\n\n\n\n<h3 class=\"wp-block-heading\">Cuidados na alimenta\u00e7\u00e3o<\/h3>\n\n\n\n<p>A alimenta\u00e7\u00e3o deve ser equilibrada e que satisfa\u00e7a as necessidades nutricionais de cada esp\u00e9cie. Um cuidado que deve ser observado \u00e9 que durante a alimenta\u00e7\u00e3o o animal n\u00e3o deve ser provocado. Os c\u00e3es naturalmente protegem seus alimentos e podem se tornar agressivos quando interrompidos. Sempre disponibilizar \u00e1gua limpa e fresca.<\/p>\n\n\n\n<h3 class=\"wp-block-heading\">Visitas aos veterin\u00e1rios<\/h3>\n\n\n\n<p>\u00c9 de grande import\u00e2ncia realizar, pelo menos, uma vez ao ano uma consulta com o veterin\u00e1rio. Muitas doen\u00e7as podem ser evitadas com a preven\u00e7\u00e3o. Esteja sempre atento a qualquer mudan\u00e7a de comportamento ou h\u00e1bito do seu animal, pois isso pode sinalizar doen\u00e7as.<\/p>\n\n\n\n<h3 class=\"wp-block-heading\">Prote\u00e7\u00e3o<\/h3>\n\n\n\n<p>\u00c9 dever do propriet\u00e1rio proteger seu animal do sol e da chuva, al\u00e9m de impedir que os mesmos fujam ou saiam sozinhos na rua. Assim, evita-se brigas, atropelamentos, envenenamentos e crias indesej\u00e1veis.<\/p>\n\n\n\n<h3 class=\"wp-block-heading\">Controle de parasitas<\/h3>\n\n\n\n<p>Os donos ainda devem ficar atentos com infesta\u00e7\u00f5es de pulgas e carrapatos, que podem transmitir doen\u00e7as graves para os animais e humanos.<\/p>\n\n\n\n<h3 class=\"wp-block-heading\">Verm\u00edfugos<\/h3>\n\n\n\n<p>Assim como as vacinas, os verm\u00edfugos s\u00e3o muito importantes, pois os parasitas intestinais (vermes) podem comprometer a sa\u00fade dos animais, levando ao emagrecimento, \u00e0 queda de pelos, anemias e zoonoses.<\/p>\n\n\n\n<h3 class=\"wp-block-heading\">Higiene bucal<\/h3>\n\n\n\n<p>C\u00e3es e gatos tamb\u00e9m precisam escovar os dentes, mas com produtos veterin\u00e1rios espec\u00edficos. Doen\u00e7as periodontais, al\u00e9m de causar o desagrad\u00e1vel mau h\u00e1lito, prejudicam a alimenta\u00e7\u00e3o, causam dor e as bact\u00e9rias da boca podem se desprender e causar les\u00f5es em outros \u00f3rg\u00e3os.<\/p>\n\n\n\n<h3 class=\"wp-block-heading\">Banhos e escova\u00e7\u00e3o<\/h3>\n\n\n\n<p>Nos c\u00e3es, o ideal \u00e9 dar banho a cada 15 dias. J\u00e1 nos gatos o veterin\u00e1rio dever\u00e1 ser consultado sobre essa pr\u00e1tica. Os banhos devem ser com produtos veterin\u00e1rios e com m\u00ednimo de estresse poss\u00edvel.<\/p>\n","protected":false},"excerpt":{"rendered":"<p>Cuidados com os Pets Vacina\u00e7\u00e3o A vacina\u00e7\u00e3o previne doen\u00e7as infectocontagiosas. C\u00e3es e gatos possuem um esquema vacinal de acordo com sua esp\u00e9cie e caracter\u00edsticas individuais. Geralmente, a vacina\u00e7\u00e3o \u00e9 anual e s\u00f3 [&hellip;]<\/p>\n","protected":false},"author":4,"featured_media":0,"parent":0,"menu_order":0,"comment_status":"closed","ping_status":"closed","template":"","meta":{"footnotes":""},"class_list":["post-72","page","type-page","status-publish","hentry"],"yoast_head":"<!-- This site is optimized with the Yoast SEO plugin v23.8 - https:\/\/yoast.com\/wordpress\/plugins\/seo\/ -->\n<title>Cuidados aos Animais - Portal Pet<\/title>\n<meta name=\"robots\" content=\"index, follow, max-snippet:-1, max-image-preview:large, max-video-preview:-1\" \/>\n<link rel=\"canonical\" href=\"https:\/\/www.pmpf.rs.gov.br\/portal-pet\/cuidados-aos-animais\/\" \/>\n<meta property=\"og:locale\" content=\"pt_BR\" \/>\n<meta property=\"og:type\" content=\"article\" \/>\n<meta property=\"og:title\" content=\"Cuidados aos Animais - Portal Pet\" \/>\n<meta property=\"og:description\" content=\"Cuidados com os Pets Vacina\u00e7\u00e3o A vacina\u00e7\u00e3o previne doen\u00e7as infectocontagiosas. C\u00e3es e gatos possuem um esquema vacinal de acordo com sua esp\u00e9cie e caracter\u00edsticas individuais. Geralmente, a vacina\u00e7\u00e3o \u00e9 anual e s\u00f3 [&hellip;]\" \/>\n<meta property=\"og:url\" content=\"https:\/\/www.pmpf.rs.gov.br\/portal-pet\/cuidados-aos-animais\/\" \/>\n<meta property=\"og:site_name\" content=\"Portal Pet\" \/>\n<meta property=\"article:modified_time\" content=\"2022-01-06T19:29:05+00:00\" \/>\n<meta name=\"twitter:card\" content=\"summary_large_image\" \/>\n<meta name=\"twitter:label1\" content=\"Est. tempo de leitura\" \/>\n\t<meta name=\"twitter:data1\" content=\"3 minutos\" \/>\n<script type=\"application\/ld+json\" class=\"yoast-schema-graph\">{\"@context\":\"https:\/\/schema.org\",\"@graph\":[{\"@type\":\"WebPage\",\"@id\":\"https:\/\/www.pmpf.rs.gov.br\/portal-pet\/cuidados-aos-animais\/\",\"url\":\"https:\/\/www.pmpf.rs.gov.br\/portal-pet\/cuidados-aos-animais\/\",\"name\":\"Cuidados aos Animais - Portal Pet\",\"isPartOf\":{\"@id\":\"https:\/\/www.pmpf.rs.gov.br\/portal-pet\/#website\"},\"datePublished\":\"2022-01-06T19:23:54+00:00\",\"dateModified\":\"2022-01-06T19:29:05+00:00\",\"breadcrumb\":{\"@id\":\"https:\/\/www.pmpf.rs.gov.br\/portal-pet\/cuidados-aos-animais\/#breadcrumb\"},\"inLanguage\":\"pt-BR\",\"potentialAction\":[{\"@type\":\"ReadAction\",\"target\":[\"https:\/\/www.pmpf.rs.gov.br\/portal-pet\/cuidados-aos-animais\/\"]}]},{\"@type\":\"BreadcrumbList\",\"@id\":\"https:\/\/www.pmpf.rs.gov.br\/portal-pet\/cuidados-aos-animais\/#breadcrumb\",\"itemListElement\":[{\"@type\":\"ListItem\",\"position\":1,\"name\":\"In\u00edcio\",\"item\":\"https:\/\/www.pmpf.rs.gov.br\/portal-pet\/\"},{\"@type\":\"ListItem\",\"position\":2,\"name\":\"Cuidados aos Animais\"}]},{\"@type\":\"WebSite\",\"@id\":\"https:\/\/www.pmpf.rs.gov.br\/portal-pet\/#website\",\"url\":\"https:\/\/www.pmpf.rs.gov.br\/portal-pet\/\",\"name\":\"Portal Pet\",\"description\":\"S\u00f3 mais um site Prefeitura de Passo Fundo\",\"potentialAction\":[{\"@type\":\"SearchAction\",\"target\":{\"@type\":\"EntryPoint\",\"urlTemplate\":\"https:\/\/www.pmpf.rs.gov.br\/portal-pet\/?s={search_term_string}\"},\"query-input\":{\"@type\":\"PropertyValueSpecification\",\"valueRequired\":true,\"valueName\":\"search_term_string\"}}],\"inLanguage\":\"pt-BR\"}]}<\/script>\n<!-- \/ Yoast SEO plugin. -->","yoast_head_json":{"title":"Cuidados aos Animais - Portal Pet","robots":{"index":"index","follow":"follow","max-snippet":"max-snippet:-1","max-image-preview":"max-image-preview:large","max-video-preview":"max-video-preview:-1"},"canonical":"https:\/\/www.pmpf.rs.gov.br\/portal-pet\/cuidados-aos-animais\/","og_locale":"pt_BR","og_type":"article","og_title":"Cuidados aos Animais - Portal Pet","og_description":"Cuidados com os Pets Vacina\u00e7\u00e3o A vacina\u00e7\u00e3o previne doen\u00e7as infectocontagiosas. C\u00e3es e gatos possuem um esquema vacinal de acordo com sua esp\u00e9cie e caracter\u00edsticas individuais. Geralmente, a vacina\u00e7\u00e3o \u00e9 anual e s\u00f3 [&hellip;]","og_url":"https:\/\/www.pmpf.rs.gov.br\/portal-pet\/cuidados-aos-animais\/","og_site_name":"Portal Pet","article_modified_time":"2022-01-06T19:29:05+00:00","twitter_card":"summary_large_image","twitter_misc":{"Est. tempo de leitura":"3 minutos"},"schema":{"@context":"https:\/\/schema.org","@graph":[{"@type":"WebPage","@id":"https:\/\/www.pmpf.rs.gov.br\/portal-pet\/cuidados-aos-animais\/","url":"https:\/\/www.pmpf.rs.gov.br\/portal-pet\/cuidados-aos-animais\/","name":"Cuidados aos Animais - Portal Pet","isPartOf":{"@id":"https:\/\/www.pmpf.rs.gov.br\/portal-pet\/#website"},"datePublished":"2022-01-06T19:23:54+00:00","dateModified":"2022-01-06T19:29:05+00:00","breadcrumb":{"@id":"https:\/\/www.pmpf.rs.gov.br\/portal-pet\/cuidados-aos-animais\/#breadcrumb"},"inLanguage":"pt-BR","potentialAction":[{"@type":"ReadAction","target":["https:\/\/www.pmpf.rs.gov.br\/portal-pet\/cuidados-aos-animais\/"]}]},{"@type":"BreadcrumbList","@id":"https:\/\/www.pmpf.rs.gov.br\/portal-pet\/cuidados-aos-animais\/#breadcrumb","itemListElement":[{"@type":"ListItem","position":1,"name":"In\u00edcio","item":"https:\/\/www.pmpf.rs.gov.br\/portal-pet\/"},{"@type":"ListItem","position":2,"name":"Cuidados aos Animais"}]},{"@type":"WebSite","@id":"https:\/\/www.pmpf.rs.gov.br\/portal-pet\/#website","url":"https:\/\/www.pmpf.rs.gov.br\/portal-pet\/","name":"Portal Pet","description":"S\u00f3 mais um site Prefeitura de Passo Fundo","potentialAction":[{"@type":"SearchAction","target":{"@type":"EntryPoint","urlTemplate":"https:\/\/www.pmpf.rs.gov.br\/portal-pet\/?s={search_term_string}"},"query-input":{"@type":"PropertyValueSpecification","valueRequired":true,"valueName":"search_term_string"}}],"inLanguage":"pt-BR"}]}},"_links":{"self":[{"href":"https:\/\/www.pmpf.rs.gov.br\/portal-pet\/wp-json\/wp\/v2\/pages\/72"}],"collection":[{"href":"https:\/\/www.pmpf.rs.gov.br\/portal-pet\/wp-json\/wp\/v2\/pages"}],"about":[{"href":"https:\/\/www.pmpf.rs.gov.br\/portal-pet\/wp-json\/wp\/v2\/types\/page"}],"author":[{"embeddable":true,"href":"https:\/\/www.pmpf.rs.gov.br\/portal-pet\/wp-json\/wp\/v2\/users\/4"}],"replies":[{"embeddable":true,"href":"https:\/\/www.pmpf.rs.gov.br\/portal-pet\/wp-json\/wp\/v2\/comments?post=72"}],"version-history":[{"count":3,"href":"https:\/\/www.pmpf.rs.gov.br\/portal-pet\/wp-json\/wp\/v2\/pages\/72\/revisions"}],"predecessor-version":[{"id":77,"href":"https:\/\/www.pmpf.rs.gov.br\/portal-pet\/wp-json\/wp\/v2\/pages\/72\/revisions\/77"}],"wp:attachment":[{"href":"https:\/\/www.pmpf.rs.gov.br\/portal-pet\/wp-json\/wp\/v2\/media?parent=72"}],"curies":[{"name":"wp","href":"https:\/\/api.w.org\/{rel}","templated":true}]}}