{"id":31,"date":"2022-01-05T16:17:33","date_gmt":"2022-01-05T19:17:33","guid":{"rendered":"https:\/\/www.pmpf.rs.gov.br\/portal-pet\/?page_id=31"},"modified":"2025-09-11T15:38:27","modified_gmt":"2025-09-11T18:38:27","slug":"ambulatorio-veterinario-municipal","status":"publish","type":"page","link":"https:\/\/www.pmpf.rs.gov.br\/portal-pet\/ambulatorio-veterinario-municipal\/","title":{"rendered":"Ambulat\u00f3rio Veterin\u00e1rio Municipal"},"content":{"rendered":"\n<h2 class=\"wp-block-heading\">Atendimento b\u00e1sico ambulatorial<\/h2>\n\n\n\n<p>O Ambulat\u00f3rio Veterin\u00e1rio Municipal \u00e9 uma depend\u00eancia onde s\u00e3o realizados atendimentos cl\u00ednicos. Os procedimentos realizados no local s\u00e3o classificados como de baixa complexidade, sendo vedada a realiza\u00e7\u00e3o de anestesia geral e\/ou de procedimentos cir\u00fargicos e interna\u00e7\u00e3o.<\/p>\n\n\n\n<p>O Ambulat\u00f3rio Veterin\u00e1rio Municipal conta com um m\u00e9dico veterin\u00e1rio e um estagi\u00e1rio de medicina veterin\u00e1ria.<\/p>\n\n\n\n<p>Em per\u00edodos letivos, duas vezes por semana os m\u00e9dicos veterin\u00e1rios residentes do curso de Medicina Veterin\u00e1ria da Universidade de Passo Fundo realizam atendimentos previamente agendados.<\/p>\n\n\n\n<p>Os procedimentos realizados no local s\u00e3o classificados como de baixa complexidade. Segundo dados da CBEA, o Ambulat\u00f3rio atende uma m\u00e9dia de 55 animais por semana.<\/p>\n\n\n\n<p><strong>Endere\u00e7o:<\/strong> &nbsp;Avenida Brasil Oeste, 2001 \u2013 CEP 99025-083<br><strong>Telefone para Agendamento:<\/strong> (54) 3311-5494,  (54) 3313-3542<br><strong>Hor\u00e1rio de Funcionamento:<\/strong> das 8h at\u00e9 11h30min e das 13h30min at\u00e9 17h de segunda a sexta<\/p>\n\n\n\n<div style=\"height:15px\" aria-hidden=\"true\" class=\"wp-block-spacer\"><\/div>\n\n\n\n<iframe src=\"https:\/\/www.google.com\/maps\/embed?pb=!1m18!1m12!1m3!1d3514.008271511029!2d-52.42272748512195!3d-28.26776601854027!2m3!1f0!2f0!3f0!3m2!1i1024!2i768!4f13.1!3m3!1m2!1s0x94e2bf60f8d6d9b3%3A0xd45ac2d9d29be45d!2sAv.%20Brasil%20Oeste%2C%202001%20-%20Centro%2C%20Passo%20Fundo%20-%20RS%2C%2099025-083!5e0!3m2!1spt-BR!2sbr!4v1757615708839!5m2!1spt-BR!2sbr\" width=\"400px\" height=\"300px\" style=\"border:0;\" allowfullscreen=\"\" loading=\"lazy\" referrerpolicy=\"no-referrer-when-downgrade\"><\/iframe>\n\n\n\n<hr class=\"wp-block-separator has-alpha-channel-opacity\"\/>\n","protected":false},"excerpt":{"rendered":"<p>Atendimento b\u00e1sico ambulatorial O Ambulat\u00f3rio Veterin\u00e1rio Municipal \u00e9 uma depend\u00eancia onde s\u00e3o realizados atendimentos cl\u00ednicos. Os procedimentos realizados no local s\u00e3o classificados como de baixa complexidade, sendo vedada a realiza\u00e7\u00e3o de anestesia [&hellip;]<\/p>\n","protected":false},"author":4,"featured_media":0,"parent":0,"menu_order":0,"comment_status":"closed","ping_status":"closed","template":"","meta":{"footnotes":""},"class_list":["post-31","page","type-page","status-publish","hentry"],"yoast_head":"<!-- This site is optimized with the Yoast SEO plugin v23.8 - https:\/\/yoast.com\/wordpress\/plugins\/seo\/ -->\n<title>Ambulat\u00f3rio Veterin\u00e1rio Municipal - Portal Pet<\/title>\n<meta name=\"robots\" content=\"index, follow, max-snippet:-1, max-image-preview:large, max-video-preview:-1\" \/>\n<link rel=\"canonical\" href=\"https:\/\/www.pmpf.rs.gov.br\/portal-pet\/ambulatorio-veterinario-municipal\/\" \/>\n<meta property=\"og:locale\" content=\"pt_BR\" \/>\n<meta property=\"og:type\" content=\"article\" \/>\n<meta property=\"og:title\" content=\"Ambulat\u00f3rio Veterin\u00e1rio Municipal - Portal Pet\" \/>\n<meta property=\"og:description\" content=\"Atendimento b\u00e1sico ambulatorial O Ambulat\u00f3rio Veterin\u00e1rio Municipal \u00e9 uma depend\u00eancia onde s\u00e3o realizados atendimentos cl\u00ednicos. Os procedimentos realizados no local s\u00e3o classificados como de baixa complexidade, sendo vedada a realiza\u00e7\u00e3o de anestesia [&hellip;]\" \/>\n<meta property=\"og:url\" content=\"https:\/\/www.pmpf.rs.gov.br\/portal-pet\/ambulatorio-veterinario-municipal\/\" \/>\n<meta property=\"og:site_name\" content=\"Portal Pet\" \/>\n<meta property=\"article:modified_time\" content=\"2025-09-11T18:38:27+00:00\" \/>\n<meta name=\"twitter:card\" content=\"summary_large_image\" \/>\n<meta name=\"twitter:label1\" content=\"Est. tempo de leitura\" \/>\n\t<meta name=\"twitter:data1\" content=\"1 minuto\" \/>\n<script type=\"application\/ld+json\" class=\"yoast-schema-graph\">{\"@context\":\"https:\/\/schema.org\",\"@graph\":[{\"@type\":\"WebPage\",\"@id\":\"https:\/\/www.pmpf.rs.gov.br\/portal-pet\/ambulatorio-veterinario-municipal\/\",\"url\":\"https:\/\/www.pmpf.rs.gov.br\/portal-pet\/ambulatorio-veterinario-municipal\/\",\"name\":\"Ambulat\u00f3rio Veterin\u00e1rio Municipal - Portal Pet\",\"isPartOf\":{\"@id\":\"https:\/\/www.pmpf.rs.gov.br\/portal-pet\/#website\"},\"datePublished\":\"2022-01-05T19:17:33+00:00\",\"dateModified\":\"2025-09-11T18:38:27+00:00\",\"breadcrumb\":{\"@id\":\"https:\/\/www.pmpf.rs.gov.br\/portal-pet\/ambulatorio-veterinario-municipal\/#breadcrumb\"},\"inLanguage\":\"pt-BR\",\"potentialAction\":[{\"@type\":\"ReadAction\",\"target\":[\"https:\/\/www.pmpf.rs.gov.br\/portal-pet\/ambulatorio-veterinario-municipal\/\"]}]},{\"@type\":\"BreadcrumbList\",\"@id\":\"https:\/\/www.pmpf.rs.gov.br\/portal-pet\/ambulatorio-veterinario-municipal\/#breadcrumb\",\"itemListElement\":[{\"@type\":\"ListItem\",\"position\":1,\"name\":\"In\u00edcio\",\"item\":\"https:\/\/www.pmpf.rs.gov.br\/portal-pet\/\"},{\"@type\":\"ListItem\",\"position\":2,\"name\":\"Ambulat\u00f3rio Veterin\u00e1rio Municipal\"}]},{\"@type\":\"WebSite\",\"@id\":\"https:\/\/www.pmpf.rs.gov.br\/portal-pet\/#website\",\"url\":\"https:\/\/www.pmpf.rs.gov.br\/portal-pet\/\",\"name\":\"Portal Pet\",\"description\":\"S\u00f3 mais um site Prefeitura de Passo Fundo\",\"potentialAction\":[{\"@type\":\"SearchAction\",\"target\":{\"@type\":\"EntryPoint\",\"urlTemplate\":\"https:\/\/www.pmpf.rs.gov.br\/portal-pet\/?s={search_term_string}\"},\"query-input\":{\"@type\":\"PropertyValueSpecification\",\"valueRequired\":true,\"valueName\":\"search_term_string\"}}],\"inLanguage\":\"pt-BR\"}]}<\/script>\n<!-- \/ Yoast SEO plugin. -->","yoast_head_json":{"title":"Ambulat\u00f3rio Veterin\u00e1rio Municipal - Portal Pet","robots":{"index":"index","follow":"follow","max-snippet":"max-snippet:-1","max-image-preview":"max-image-preview:large","max-video-preview":"max-video-preview:-1"},"canonical":"https:\/\/www.pmpf.rs.gov.br\/portal-pet\/ambulatorio-veterinario-municipal\/","og_locale":"pt_BR","og_type":"article","og_title":"Ambulat\u00f3rio Veterin\u00e1rio Municipal - Portal Pet","og_description":"Atendimento b\u00e1sico ambulatorial O Ambulat\u00f3rio Veterin\u00e1rio Municipal \u00e9 uma depend\u00eancia onde s\u00e3o realizados atendimentos cl\u00ednicos. Os procedimentos realizados no local s\u00e3o classificados como de baixa complexidade, sendo vedada a realiza\u00e7\u00e3o de anestesia [&hellip;]","og_url":"https:\/\/www.pmpf.rs.gov.br\/portal-pet\/ambulatorio-veterinario-municipal\/","og_site_name":"Portal Pet","article_modified_time":"2025-09-11T18:38:27+00:00","twitter_card":"summary_large_image","twitter_misc":{"Est. tempo de leitura":"1 minuto"},"schema":{"@context":"https:\/\/schema.org","@graph":[{"@type":"WebPage","@id":"https:\/\/www.pmpf.rs.gov.br\/portal-pet\/ambulatorio-veterinario-municipal\/","url":"https:\/\/www.pmpf.rs.gov.br\/portal-pet\/ambulatorio-veterinario-municipal\/","name":"Ambulat\u00f3rio Veterin\u00e1rio Municipal - Portal Pet","isPartOf":{"@id":"https:\/\/www.pmpf.rs.gov.br\/portal-pet\/#website"},"datePublished":"2022-01-05T19:17:33+00:00","dateModified":"2025-09-11T18:38:27+00:00","breadcrumb":{"@id":"https:\/\/www.pmpf.rs.gov.br\/portal-pet\/ambulatorio-veterinario-municipal\/#breadcrumb"},"inLanguage":"pt-BR","potentialAction":[{"@type":"ReadAction","target":["https:\/\/www.pmpf.rs.gov.br\/portal-pet\/ambulatorio-veterinario-municipal\/"]}]},{"@type":"BreadcrumbList","@id":"https:\/\/www.pmpf.rs.gov.br\/portal-pet\/ambulatorio-veterinario-municipal\/#breadcrumb","itemListElement":[{"@type":"ListItem","position":1,"name":"In\u00edcio","item":"https:\/\/www.pmpf.rs.gov.br\/portal-pet\/"},{"@type":"ListItem","position":2,"name":"Ambulat\u00f3rio Veterin\u00e1rio Municipal"}]},{"@type":"WebSite","@id":"https:\/\/www.pmpf.rs.gov.br\/portal-pet\/#website","url":"https:\/\/www.pmpf.rs.gov.br\/portal-pet\/","name":"Portal Pet","description":"S\u00f3 mais um site Prefeitura de Passo Fundo","potentialAction":[{"@type":"SearchAction","target":{"@type":"EntryPoint","urlTemplate":"https:\/\/www.pmpf.rs.gov.br\/portal-pet\/?s={search_term_string}"},"query-input":{"@type":"PropertyValueSpecification","valueRequired":true,"valueName":"search_term_string"}}],"inLanguage":"pt-BR"}]}},"_links":{"self":[{"href":"https:\/\/www.pmpf.rs.gov.br\/portal-pet\/wp-json\/wp\/v2\/pages\/31"}],"collection":[{"href":"https:\/\/www.pmpf.rs.gov.br\/portal-pet\/wp-json\/wp\/v2\/pages"}],"about":[{"href":"https:\/\/www.pmpf.rs.gov.br\/portal-pet\/wp-json\/wp\/v2\/types\/page"}],"author":[{"embeddable":true,"href":"https:\/\/www.pmpf.rs.gov.br\/portal-pet\/wp-json\/wp\/v2\/users\/4"}],"replies":[{"embeddable":true,"href":"https:\/\/www.pmpf.rs.gov.br\/portal-pet\/wp-json\/wp\/v2\/comments?post=31"}],"version-history":[{"count":15,"href":"https:\/\/www.pmpf.rs.gov.br\/portal-pet\/wp-json\/wp\/v2\/pages\/31\/revisions"}],"predecessor-version":[{"id":216,"href":"https:\/\/www.pmpf.rs.gov.br\/portal-pet\/wp-json\/wp\/v2\/pages\/31\/revisions\/216"}],"wp:attachment":[{"href":"https:\/\/www.pmpf.rs.gov.br\/portal-pet\/wp-json\/wp\/v2\/media?parent=31"}],"curies":[{"name":"wp","href":"https:\/\/api.w.org\/{rel}","templated":true}]}}