{"id":157,"date":"2022-02-14T10:59:59","date_gmt":"2022-02-14T13:59:59","guid":{"rendered":"https:\/\/www.pmpf.rs.gov.br\/portal-pet\/?page_id=157"},"modified":"2025-09-11T15:50:40","modified_gmt":"2025-09-11T18:50:40","slug":"fubem","status":"publish","type":"page","link":"https:\/\/www.pmpf.rs.gov.br\/portal-pet\/fubem\/","title":{"rendered":"FUBEM"},"content":{"rendered":"\n<h2 class=\"wp-block-heading\" id=\"fundo-municipal-de-protecao-e-bem-estar-animal\">Fundo Municipal de Prote\u00e7\u00e3o e Bem Estar Animal<\/h2>\n\n\n\n<p>Fundo Municipal de Prote\u00e7\u00e3o e Bem Estar Animal foi criado pela Lei n 5.439\/2018 com o objetivo de captar recursos para serem destinados a a\u00e7\u00f5es, programas e projetos que contemplem a causa animal em Passo Fundo.<\/p>\n\n\n\n<p>Desde sua cria\u00e7\u00e3o foi eleito um Conselho composto por sete Conselheiros das Entidades de Prote\u00e7\u00e3o Animal e Entidades do Poder P\u00fablico que se re\u00fanem uma vez por m\u00eas para tra\u00e7ar metas para angariar verbas para abastecer o Fundo.<\/p>\n\n\n\n<p>Atrav\u00e9s de parceria com a rede Supermercado Zafari, foi formado parceria pelo per\u00edodo de 6 meses atrav\u00e9s do troco solid\u00e1rio o qual permitiu arrecada\u00e7\u00e3o para abastecer o Fundo. Tamb\u00e9m atrav\u00e9s da contribui\u00e7\u00e3o espont\u00e2nea do carn\u00ea do IPTU, o fundo tem recebido doa\u00e7\u00f5es.<\/p>\n\n\n\n<p>As doa\u00e7\u00f5es para o Fundo Municipal do Bem-Estar Animal podem ser realizadas atrav\u00e9s da Conta:<\/p>\n\n\n\n<p><strong>BANCO BANRISUL<\/strong><\/p>\n\n\n\n<p><strong>AG\u00caNCIA 0310<\/strong><\/p>\n\n\n\n<p><strong>CONTA 04.158.820.0-0<\/strong><\/p>\n\n\n\n<p><strong>NOME &#8211; FM PROT E BEM ESTAR ANIMAL &#8211; FUBEM<\/strong><\/p>\n\n\n\n<hr class=\"wp-block-separator has-alpha-channel-opacity\"\/>\n","protected":false},"excerpt":{"rendered":"<p>Fundo Municipal de Prote\u00e7\u00e3o e Bem Estar Animal Fundo Municipal de Prote\u00e7\u00e3o e Bem Estar Animal foi criado pela Lei n 5.439\/2018 com o objetivo de captar recursos para serem destinados a [&hellip;]<\/p>\n","protected":false},"author":4,"featured_media":0,"parent":0,"menu_order":0,"comment_status":"closed","ping_status":"closed","template":"","meta":{"footnotes":""},"class_list":["post-157","page","type-page","status-publish","hentry"],"yoast_head":"<!-- This site is optimized with the Yoast SEO plugin v23.8 - https:\/\/yoast.com\/wordpress\/plugins\/seo\/ -->\n<title>FUBEM - Portal Pet<\/title>\n<meta name=\"robots\" content=\"index, follow, max-snippet:-1, max-image-preview:large, max-video-preview:-1\" \/>\n<link rel=\"canonical\" href=\"https:\/\/www.pmpf.rs.gov.br\/portal-pet\/fubem\/\" \/>\n<meta property=\"og:locale\" content=\"pt_BR\" \/>\n<meta property=\"og:type\" content=\"article\" \/>\n<meta property=\"og:title\" content=\"FUBEM - Portal Pet\" \/>\n<meta property=\"og:description\" content=\"Fundo Municipal de Prote\u00e7\u00e3o e Bem Estar Animal Fundo Municipal de Prote\u00e7\u00e3o e Bem Estar Animal foi criado pela Lei n 5.439\/2018 com o objetivo de captar recursos para serem destinados a [&hellip;]\" \/>\n<meta property=\"og:url\" content=\"https:\/\/www.pmpf.rs.gov.br\/portal-pet\/fubem\/\" \/>\n<meta property=\"og:site_name\" content=\"Portal Pet\" \/>\n<meta property=\"article:modified_time\" content=\"2025-09-11T18:50:40+00:00\" \/>\n<meta name=\"twitter:card\" content=\"summary_large_image\" \/>\n<meta name=\"twitter:label1\" content=\"Est. tempo de leitura\" \/>\n\t<meta name=\"twitter:data1\" content=\"1 minuto\" \/>\n<script type=\"application\/ld+json\" class=\"yoast-schema-graph\">{\"@context\":\"https:\/\/schema.org\",\"@graph\":[{\"@type\":\"WebPage\",\"@id\":\"https:\/\/www.pmpf.rs.gov.br\/portal-pet\/fubem\/\",\"url\":\"https:\/\/www.pmpf.rs.gov.br\/portal-pet\/fubem\/\",\"name\":\"FUBEM - Portal Pet\",\"isPartOf\":{\"@id\":\"https:\/\/www.pmpf.rs.gov.br\/portal-pet\/#website\"},\"datePublished\":\"2022-02-14T13:59:59+00:00\",\"dateModified\":\"2025-09-11T18:50:40+00:00\",\"breadcrumb\":{\"@id\":\"https:\/\/www.pmpf.rs.gov.br\/portal-pet\/fubem\/#breadcrumb\"},\"inLanguage\":\"pt-BR\",\"potentialAction\":[{\"@type\":\"ReadAction\",\"target\":[\"https:\/\/www.pmpf.rs.gov.br\/portal-pet\/fubem\/\"]}]},{\"@type\":\"BreadcrumbList\",\"@id\":\"https:\/\/www.pmpf.rs.gov.br\/portal-pet\/fubem\/#breadcrumb\",\"itemListElement\":[{\"@type\":\"ListItem\",\"position\":1,\"name\":\"In\u00edcio\",\"item\":\"https:\/\/www.pmpf.rs.gov.br\/portal-pet\/\"},{\"@type\":\"ListItem\",\"position\":2,\"name\":\"FUBEM\"}]},{\"@type\":\"WebSite\",\"@id\":\"https:\/\/www.pmpf.rs.gov.br\/portal-pet\/#website\",\"url\":\"https:\/\/www.pmpf.rs.gov.br\/portal-pet\/\",\"name\":\"Portal Pet\",\"description\":\"S\u00f3 mais um site Prefeitura de Passo Fundo\",\"potentialAction\":[{\"@type\":\"SearchAction\",\"target\":{\"@type\":\"EntryPoint\",\"urlTemplate\":\"https:\/\/www.pmpf.rs.gov.br\/portal-pet\/?s={search_term_string}\"},\"query-input\":{\"@type\":\"PropertyValueSpecification\",\"valueRequired\":true,\"valueName\":\"search_term_string\"}}],\"inLanguage\":\"pt-BR\"}]}<\/script>\n<!-- \/ Yoast SEO plugin. -->","yoast_head_json":{"title":"FUBEM - Portal Pet","robots":{"index":"index","follow":"follow","max-snippet":"max-snippet:-1","max-image-preview":"max-image-preview:large","max-video-preview":"max-video-preview:-1"},"canonical":"https:\/\/www.pmpf.rs.gov.br\/portal-pet\/fubem\/","og_locale":"pt_BR","og_type":"article","og_title":"FUBEM - Portal Pet","og_description":"Fundo Municipal de Prote\u00e7\u00e3o e Bem Estar Animal Fundo Municipal de Prote\u00e7\u00e3o e Bem Estar Animal foi criado pela Lei n 5.439\/2018 com o objetivo de captar recursos para serem destinados a [&hellip;]","og_url":"https:\/\/www.pmpf.rs.gov.br\/portal-pet\/fubem\/","og_site_name":"Portal Pet","article_modified_time":"2025-09-11T18:50:40+00:00","twitter_card":"summary_large_image","twitter_misc":{"Est. tempo de leitura":"1 minuto"},"schema":{"@context":"https:\/\/schema.org","@graph":[{"@type":"WebPage","@id":"https:\/\/www.pmpf.rs.gov.br\/portal-pet\/fubem\/","url":"https:\/\/www.pmpf.rs.gov.br\/portal-pet\/fubem\/","name":"FUBEM - Portal Pet","isPartOf":{"@id":"https:\/\/www.pmpf.rs.gov.br\/portal-pet\/#website"},"datePublished":"2022-02-14T13:59:59+00:00","dateModified":"2025-09-11T18:50:40+00:00","breadcrumb":{"@id":"https:\/\/www.pmpf.rs.gov.br\/portal-pet\/fubem\/#breadcrumb"},"inLanguage":"pt-BR","potentialAction":[{"@type":"ReadAction","target":["https:\/\/www.pmpf.rs.gov.br\/portal-pet\/fubem\/"]}]},{"@type":"BreadcrumbList","@id":"https:\/\/www.pmpf.rs.gov.br\/portal-pet\/fubem\/#breadcrumb","itemListElement":[{"@type":"ListItem","position":1,"name":"In\u00edcio","item":"https:\/\/www.pmpf.rs.gov.br\/portal-pet\/"},{"@type":"ListItem","position":2,"name":"FUBEM"}]},{"@type":"WebSite","@id":"https:\/\/www.pmpf.rs.gov.br\/portal-pet\/#website","url":"https:\/\/www.pmpf.rs.gov.br\/portal-pet\/","name":"Portal Pet","description":"S\u00f3 mais um site Prefeitura de Passo Fundo","potentialAction":[{"@type":"SearchAction","target":{"@type":"EntryPoint","urlTemplate":"https:\/\/www.pmpf.rs.gov.br\/portal-pet\/?s={search_term_string}"},"query-input":{"@type":"PropertyValueSpecification","valueRequired":true,"valueName":"search_term_string"}}],"inLanguage":"pt-BR"}]}},"_links":{"self":[{"href":"https:\/\/www.pmpf.rs.gov.br\/portal-pet\/wp-json\/wp\/v2\/pages\/157"}],"collection":[{"href":"https:\/\/www.pmpf.rs.gov.br\/portal-pet\/wp-json\/wp\/v2\/pages"}],"about":[{"href":"https:\/\/www.pmpf.rs.gov.br\/portal-pet\/wp-json\/wp\/v2\/types\/page"}],"author":[{"embeddable":true,"href":"https:\/\/www.pmpf.rs.gov.br\/portal-pet\/wp-json\/wp\/v2\/users\/4"}],"replies":[{"embeddable":true,"href":"https:\/\/www.pmpf.rs.gov.br\/portal-pet\/wp-json\/wp\/v2\/comments?post=157"}],"version-history":[{"count":4,"href":"https:\/\/www.pmpf.rs.gov.br\/portal-pet\/wp-json\/wp\/v2\/pages\/157\/revisions"}],"predecessor-version":[{"id":222,"href":"https:\/\/www.pmpf.rs.gov.br\/portal-pet\/wp-json\/wp\/v2\/pages\/157\/revisions\/222"}],"wp:attachment":[{"href":"https:\/\/www.pmpf.rs.gov.br\/portal-pet\/wp-json\/wp\/v2\/media?parent=157"}],"curies":[{"name":"wp","href":"https:\/\/api.w.org\/{rel}","templated":true}]}}