{"id":131,"date":"2022-02-14T09:44:25","date_gmt":"2022-02-14T12:44:25","guid":{"rendered":"https:\/\/www.pmpf.rs.gov.br\/portal-pet\/?page_id=131"},"modified":"2024-08-27T09:56:51","modified_gmt":"2024-08-27T12:56:51","slug":"programa-espaco-pet","status":"publish","type":"page","link":"https:\/\/www.pmpf.rs.gov.br\/portal-pet\/programa-espaco-pet\/","title":{"rendered":"Espa\u00e7o PET"},"content":{"rendered":"\n<h2 class=\"wp-block-heading\" id=\"praca-capitao-jovino\">Pra\u00e7a Capit\u00e3o Jovino<\/h2>\n\n\n\n<p>O Espa\u00e7o PET contempla a comunidade com local adequado para que seus pets possam desfrutar de forma segura e divertida o ambiente. O primeiro Espa\u00e7o foi inaugurado na Pra\u00e7a Capit\u00e3o Jovino (Santa Terezinha). O local recebeu equipamentos especiais para uso de c\u00e3es, que estimulam a socializa\u00e7\u00e3o e os passeios de forma criativa e educativa junto aos tutores.<\/p>\n\n\n\n<div class=\"wp-block-columns is-layout-flex wp-container-core-columns-is-layout-2 wp-block-columns-is-layout-flex\">\n<div class=\"wp-block-column is-layout-flow wp-block-column-is-layout-flow\" style=\"flex-basis:50%\">\n<div class=\"wp-block-columns is-layout-flex wp-container-core-columns-is-layout-1 wp-block-columns-is-layout-flex\">\n<div class=\"wp-block-column is-layout-flow wp-block-column-is-layout-flow\" style=\"flex-basis:100%\">\n<iframe loading=\"lazy\" src=\"https:\/\/www.google.com\/maps\/embed?pb=!1m14!1m8!1m3!1d14056.48038905485!2d-52.3977722!3d-28.264375!3m2!1i1024!2i768!4f13.1!3m3!1m2!1s0x0%3A0x8440780c556f6636!2sPra%C3%A7a%20Cap.%20Jovino%20-%20Vila%20Rodrigues%2C%20Passo%20Fundo%20-%20RS!5e0!3m2!1spt-BR!2sbr!4v1636379118076!5m2!1spt-BR!2sbr\" style=\"border:0;\" allowfullscreen=\"loading=lazy\" width=\"480\" height=\"320\">\n<\/iframe>\n<\/div>\n<\/div>\n<\/div>\n\n\n\n<div class=\"wp-block-column is-layout-flow wp-block-column-is-layout-flow\" style=\"flex-basis:50%\"><\/div>\n<\/div>\n\n\n\n<hr class=\"wp-block-separator has-alpha-channel-opacity\"\/>\n","protected":false},"excerpt":{"rendered":"<p>Pra\u00e7a Capit\u00e3o Jovino O Espa\u00e7o PET contempla a comunidade com local adequado para que seus pets possam desfrutar de forma segura e divertida o ambiente. O primeiro Espa\u00e7o foi inaugurado na Pra\u00e7a [&hellip;]<\/p>\n","protected":false},"author":4,"featured_media":0,"parent":0,"menu_order":0,"comment_status":"closed","ping_status":"closed","template":"","meta":{"footnotes":""},"class_list":["post-131","page","type-page","status-publish","hentry"],"yoast_head":"<!-- This site is optimized with the Yoast SEO plugin v23.8 - https:\/\/yoast.com\/wordpress\/plugins\/seo\/ -->\n<title>Espa\u00e7o PET - Portal Pet<\/title>\n<meta name=\"robots\" content=\"index, follow, max-snippet:-1, max-image-preview:large, max-video-preview:-1\" \/>\n<link rel=\"canonical\" href=\"https:\/\/www.pmpf.rs.gov.br\/portal-pet\/programa-espaco-pet\/\" \/>\n<meta property=\"og:locale\" content=\"pt_BR\" \/>\n<meta property=\"og:type\" content=\"article\" \/>\n<meta property=\"og:title\" content=\"Espa\u00e7o PET - Portal Pet\" \/>\n<meta property=\"og:description\" content=\"Pra\u00e7a Capit\u00e3o Jovino O Espa\u00e7o PET contempla a comunidade com local adequado para que seus pets possam desfrutar de forma segura e divertida o ambiente. O primeiro Espa\u00e7o foi inaugurado na Pra\u00e7a [&hellip;]\" \/>\n<meta property=\"og:url\" content=\"https:\/\/www.pmpf.rs.gov.br\/portal-pet\/programa-espaco-pet\/\" \/>\n<meta property=\"og:site_name\" content=\"Portal Pet\" \/>\n<meta property=\"article:modified_time\" content=\"2024-08-27T12:56:51+00:00\" \/>\n<meta name=\"twitter:card\" content=\"summary_large_image\" \/>\n<script type=\"application\/ld+json\" class=\"yoast-schema-graph\">{\"@context\":\"https:\/\/schema.org\",\"@graph\":[{\"@type\":\"WebPage\",\"@id\":\"https:\/\/www.pmpf.rs.gov.br\/portal-pet\/programa-espaco-pet\/\",\"url\":\"https:\/\/www.pmpf.rs.gov.br\/portal-pet\/programa-espaco-pet\/\",\"name\":\"Espa\u00e7o PET - Portal Pet\",\"isPartOf\":{\"@id\":\"https:\/\/www.pmpf.rs.gov.br\/portal-pet\/#website\"},\"datePublished\":\"2022-02-14T12:44:25+00:00\",\"dateModified\":\"2024-08-27T12:56:51+00:00\",\"breadcrumb\":{\"@id\":\"https:\/\/www.pmpf.rs.gov.br\/portal-pet\/programa-espaco-pet\/#breadcrumb\"},\"inLanguage\":\"pt-BR\",\"potentialAction\":[{\"@type\":\"ReadAction\",\"target\":[\"https:\/\/www.pmpf.rs.gov.br\/portal-pet\/programa-espaco-pet\/\"]}]},{\"@type\":\"BreadcrumbList\",\"@id\":\"https:\/\/www.pmpf.rs.gov.br\/portal-pet\/programa-espaco-pet\/#breadcrumb\",\"itemListElement\":[{\"@type\":\"ListItem\",\"position\":1,\"name\":\"In\u00edcio\",\"item\":\"https:\/\/www.pmpf.rs.gov.br\/portal-pet\/\"},{\"@type\":\"ListItem\",\"position\":2,\"name\":\"Espa\u00e7o PET\"}]},{\"@type\":\"WebSite\",\"@id\":\"https:\/\/www.pmpf.rs.gov.br\/portal-pet\/#website\",\"url\":\"https:\/\/www.pmpf.rs.gov.br\/portal-pet\/\",\"name\":\"Portal Pet\",\"description\":\"S\u00f3 mais um site Prefeitura de Passo Fundo\",\"potentialAction\":[{\"@type\":\"SearchAction\",\"target\":{\"@type\":\"EntryPoint\",\"urlTemplate\":\"https:\/\/www.pmpf.rs.gov.br\/portal-pet\/?s={search_term_string}\"},\"query-input\":{\"@type\":\"PropertyValueSpecification\",\"valueRequired\":true,\"valueName\":\"search_term_string\"}}],\"inLanguage\":\"pt-BR\"}]}<\/script>\n<!-- \/ Yoast SEO plugin. -->","yoast_head_json":{"title":"Espa\u00e7o PET - Portal Pet","robots":{"index":"index","follow":"follow","max-snippet":"max-snippet:-1","max-image-preview":"max-image-preview:large","max-video-preview":"max-video-preview:-1"},"canonical":"https:\/\/www.pmpf.rs.gov.br\/portal-pet\/programa-espaco-pet\/","og_locale":"pt_BR","og_type":"article","og_title":"Espa\u00e7o PET - Portal Pet","og_description":"Pra\u00e7a Capit\u00e3o Jovino O Espa\u00e7o PET contempla a comunidade com local adequado para que seus pets possam desfrutar de forma segura e divertida o ambiente. O primeiro Espa\u00e7o foi inaugurado na Pra\u00e7a [&hellip;]","og_url":"https:\/\/www.pmpf.rs.gov.br\/portal-pet\/programa-espaco-pet\/","og_site_name":"Portal Pet","article_modified_time":"2024-08-27T12:56:51+00:00","twitter_card":"summary_large_image","schema":{"@context":"https:\/\/schema.org","@graph":[{"@type":"WebPage","@id":"https:\/\/www.pmpf.rs.gov.br\/portal-pet\/programa-espaco-pet\/","url":"https:\/\/www.pmpf.rs.gov.br\/portal-pet\/programa-espaco-pet\/","name":"Espa\u00e7o PET - Portal Pet","isPartOf":{"@id":"https:\/\/www.pmpf.rs.gov.br\/portal-pet\/#website"},"datePublished":"2022-02-14T12:44:25+00:00","dateModified":"2024-08-27T12:56:51+00:00","breadcrumb":{"@id":"https:\/\/www.pmpf.rs.gov.br\/portal-pet\/programa-espaco-pet\/#breadcrumb"},"inLanguage":"pt-BR","potentialAction":[{"@type":"ReadAction","target":["https:\/\/www.pmpf.rs.gov.br\/portal-pet\/programa-espaco-pet\/"]}]},{"@type":"BreadcrumbList","@id":"https:\/\/www.pmpf.rs.gov.br\/portal-pet\/programa-espaco-pet\/#breadcrumb","itemListElement":[{"@type":"ListItem","position":1,"name":"In\u00edcio","item":"https:\/\/www.pmpf.rs.gov.br\/portal-pet\/"},{"@type":"ListItem","position":2,"name":"Espa\u00e7o PET"}]},{"@type":"WebSite","@id":"https:\/\/www.pmpf.rs.gov.br\/portal-pet\/#website","url":"https:\/\/www.pmpf.rs.gov.br\/portal-pet\/","name":"Portal Pet","description":"S\u00f3 mais um site Prefeitura de Passo Fundo","potentialAction":[{"@type":"SearchAction","target":{"@type":"EntryPoint","urlTemplate":"https:\/\/www.pmpf.rs.gov.br\/portal-pet\/?s={search_term_string}"},"query-input":{"@type":"PropertyValueSpecification","valueRequired":true,"valueName":"search_term_string"}}],"inLanguage":"pt-BR"}]}},"_links":{"self":[{"href":"https:\/\/www.pmpf.rs.gov.br\/portal-pet\/wp-json\/wp\/v2\/pages\/131"}],"collection":[{"href":"https:\/\/www.pmpf.rs.gov.br\/portal-pet\/wp-json\/wp\/v2\/pages"}],"about":[{"href":"https:\/\/www.pmpf.rs.gov.br\/portal-pet\/wp-json\/wp\/v2\/types\/page"}],"author":[{"embeddable":true,"href":"https:\/\/www.pmpf.rs.gov.br\/portal-pet\/wp-json\/wp\/v2\/users\/4"}],"replies":[{"embeddable":true,"href":"https:\/\/www.pmpf.rs.gov.br\/portal-pet\/wp-json\/wp\/v2\/comments?post=131"}],"version-history":[{"count":9,"href":"https:\/\/www.pmpf.rs.gov.br\/portal-pet\/wp-json\/wp\/v2\/pages\/131\/revisions"}],"predecessor-version":[{"id":189,"href":"https:\/\/www.pmpf.rs.gov.br\/portal-pet\/wp-json\/wp\/v2\/pages\/131\/revisions\/189"}],"wp:attachment":[{"href":"https:\/\/www.pmpf.rs.gov.br\/portal-pet\/wp-json\/wp\/v2\/media?parent=131"}],"curies":[{"name":"wp","href":"https:\/\/api.w.org\/{rel}","templated":true}]}}