{"id":890,"date":"2023-09-06T09:03:14","date_gmt":"2023-09-06T12:03:14","guid":{"rendered":"https:\/\/www.pmpf.rs.gov.br\/portal-do-servidor-publico\/?page_id=890"},"modified":"2025-12-23T17:32:49","modified_gmt":"2025-12-23T20:32:49","slug":"informativo-pit","status":"publish","type":"page","link":"https:\/\/www.pmpf.rs.gov.br\/portal-do-servidor-publico\/informativo-pit\/","title":{"rendered":"Programa de Integra\u00e7\u00e3o Tribut\u00e1ria"},"content":{"rendered":"\n<div class=\"wp-block-columns is-layout-flex wp-container-core-columns-is-layout-1 wp-block-columns-is-layout-flex\">\n<div class=\"wp-block-column is-layout-flow wp-block-column-is-layout-flow\" style=\"flex-basis:30%\"><div class=\"wp-block-image is-style-default\">\n<figure class=\"alignleft size-full\"><img loading=\"lazy\" decoding=\"async\" width=\"365\" height=\"365\" src=\"https:\/\/www.pmpf.rs.gov.br\/portal-do-servidor-publico\/wp-content\/uploads\/sites\/41\/2023\/09\/pit.png\" alt=\"\" class=\"wp-image-891\" style=\"object-fit:cover\" srcset=\"https:\/\/www.pmpf.rs.gov.br\/portal-do-servidor-publico\/wp-content\/uploads\/sites\/41\/2023\/09\/pit.png 365w, https:\/\/www.pmpf.rs.gov.br\/portal-do-servidor-publico\/wp-content\/uploads\/sites\/41\/2023\/09\/pit-300x300.png 300w, https:\/\/www.pmpf.rs.gov.br\/portal-do-servidor-publico\/wp-content\/uploads\/sites\/41\/2023\/09\/pit-150x150.png 150w\" sizes=\"(max-width: 365px) 100vw, 365px\" \/><\/figure><\/div><\/div>\n\n\n\n<div class=\"wp-block-column is-layout-flow wp-block-column-is-layout-flow\" style=\"flex-basis:60%\">\n<p><\/p>\n\n\n\n<h3 class=\"wp-block-heading\">Boletins Informativos:<\/h3>\n\n\n\n<ul class=\"wp-block-list\">\n<li><a href=\"https:\/\/www.pmpf.rs.gov.br\/portal-do-servidor-publico\/wp-content\/uploads\/sites\/41\/2022\/02\/pit-informativo32-dezembro2025.pdf\" target=\"_blank\" rel=\"noreferrer noopener\">Dezembro\/2025<\/a><\/li>\n\n\n\n<li><a href=\"https:\/\/www.pmpf.rs.gov.br\/portal-do-servidor-publico\/wp-content\/uploads\/sites\/41\/2022\/02\/pit-informativo31-outubro2025.pdf\" target=\"_blank\" rel=\"noreferrer noopener\">Outubro\/2025<\/a><\/li>\n\n\n\n<li><a href=\"https:\/\/www.pmpf.rs.gov.br\/portal-do-servidor-publico\/wp-content\/uploads\/sites\/41\/2022\/02\/pit-informativo30-agosto2025.pdf\" target=\"_blank\" rel=\"noreferrer noopener\">Agosto\/2025<\/a><\/li>\n\n\n\n<li><a href=\"https:\/\/www.pmpf.rs.gov.br\/portal-do-servidor-publico\/wp-content\/uploads\/sites\/41\/2022\/02\/pit-informativo29-junho2025.pdf\" target=\"_blank\" rel=\"noreferrer noopener\">Junho\/2025<\/a><\/li>\n\n\n\n<li><a href=\"https:\/\/www.pmpf.rs.gov.br\/portal-do-servidor-publico\/wp-content\/uploads\/sites\/41\/2022\/02\/pit-informtaivo28-abril-2025.pdf\" target=\"_blank\" rel=\"noreferrer noopener\">Abril\/2025<\/a><\/li>\n\n\n\n<li><a href=\"https:\/\/www.pmpf.rs.gov.br\/portal-do-servidor-publico\/wp-content\/uploads\/sites\/41\/2022\/02\/pit-Informativo27-fevereiro-2025.pdf\" target=\"_blank\" rel=\"noreferrer noopener\">Fevereiro\/2025<\/a><\/li>\n\n\n\n<li><a href=\"https:\/\/www.pmpf.rs.gov.br\/portal-do-servidor-publico\/wp-content\/uploads\/sites\/41\/2022\/02\/pit-informativo24-dezembro-2024.pdf\" target=\"_blank\" rel=\"noreferrer noopener\">Dezembro\/2024<\/a><\/li>\n\n\n\n<li><a href=\"https:\/\/www.pmpf.rs.gov.br\/portal-do-servidor-publico\/wp-content\/uploads\/sites\/41\/2022\/02\/pit-informativo24-outubro-2024.pdf\" target=\"_blank\" rel=\"noreferrer noopener\">Outubro\/2024<\/a><\/li>\n\n\n\n<li><a href=\"https:\/\/www.pmpf.rs.gov.br\/portal-do-servidor-publico\/wp-content\/uploads\/sites\/41\/2022\/02\/pit-informativo-18-agosto-2023-1.pdf\" target=\"_blank\" rel=\"noreferrer noopener\">Agosto<\/a><a href=\"https:\/\/www.pmpf.rs.gov.br\/portal-do-servidor-publico\/wp-content\/uploads\/sites\/41\/2022\/02\/pit-informativo24-agosto-2024.pdf\" target=\"_blank\" rel=\"noreferrer noopener\">\/2024<\/a><\/li>\n\n\n\n<li><a href=\"https:\/\/www.pmpf.rs.gov.br\/portal-do-servidor-publico\/wp-content\/uploads\/sites\/41\/2022\/02\/pit-informativo23-junho2024.pdf\" target=\"_blank\" rel=\"noreferrer noopener\">Junho\/2024<\/a><\/li>\n\n\n\n<li><a href=\"https:\/\/www.pmpf.rs.gov.br\/portal-do-servidor-publico\/wp-content\/uploads\/sites\/41\/2022\/02\/pit-informativo22-abril2024.pdf\" target=\"_blank\" rel=\"noreferrer noopener\">Abril\/2024<\/a><\/li>\n\n\n\n<li><a href=\"https:\/\/www.pmpf.rs.gov.br\/portal-do-servidor-publico\/wp-content\/uploads\/sites\/41\/2022\/02\/pit-informativo-fevereiro-2024.pdf\">Fevereiro\/2024<\/a><\/li>\n\n\n\n<li><a href=\"https:\/\/www.pmpf.rs.gov.br\/portal-do-servidor-publico\/wp-content\/uploads\/sites\/41\/2022\/02\/pit-informativo-dezembro-2023.pdf\" target=\"_blank\" rel=\"noreferrer noopener\">Dezembro\/2023<\/a><\/li>\n\n\n\n<li><a href=\"https:\/\/www.pmpf.rs.gov.br\/portal-do-servidor-publico\/wp-content\/uploads\/sites\/41\/2022\/02\/pit-informativo-outubro-2023.pdf\" target=\"_blank\" rel=\"noreferrer noopener\">Outubro\/2023<\/a><\/li>\n\n\n\n<li><a href=\"https:\/\/www.pmpf.rs.gov.br\/portal-do-servidor-publico\/wp-content\/uploads\/sites\/41\/2022\/02\/pit-informativo-18-agosto-2023.pdf\" target=\"_blank\" rel=\"noreferrer noopener\">Agosto\/2023<\/a><\/li>\n<\/ul>\n<\/div>\n<\/div>\n\n\n\n<ul class=\"wp-block-list\">\n<li><a href=\"https:\/\/receita.fazenda.rs.gov.br\/conteudo\/19461\/informativo-pit-n%c2%ba-21---fevereiro-2024\" target=\"_blank\" rel=\"noreferrer noopener\">PIT na Receita Estadual<\/a><\/li>\n\n\n\n<li><a href=\"http:\/\/www.educacaofiscal.rs.gov.br\/noticias\/2024\/02\/informativo-pit-n%C2%BA-21-fevereiro-2024\/\" target=\"_blank\" rel=\"noreferrer noopener\">Programa de Educa\u00e7\u00e3o Fiscal -RS<\/a><\/li>\n<\/ul>\n\n\n\n<hr class=\"wp-block-separator has-alpha-channel-opacity\"\/>\n","protected":false},"excerpt":{"rendered":"<p>Boletins Informativos:<\/p>\n","protected":false},"author":4,"featured_media":0,"parent":0,"menu_order":0,"comment_status":"closed","ping_status":"closed","template":"","meta":{"footnotes":""},"class_list":["post-890","page","type-page","status-publish","hentry"],"yoast_head":"<!-- This site is optimized with the Yoast SEO plugin v23.8 - https:\/\/yoast.com\/wordpress\/plugins\/seo\/ -->\n<title>Programa de Integra\u00e7\u00e3o Tribut\u00e1ria - Portal do Servidor P\u00fablico<\/title>\n<meta name=\"robots\" content=\"index, follow, max-snippet:-1, max-image-preview:large, max-video-preview:-1\" \/>\n<link rel=\"canonical\" href=\"https:\/\/www.pmpf.rs.gov.br\/portal-do-servidor-publico\/informativo-pit\/\" \/>\n<meta property=\"og:locale\" content=\"pt_BR\" \/>\n<meta property=\"og:type\" content=\"article\" \/>\n<meta property=\"og:title\" content=\"Programa de Integra\u00e7\u00e3o Tribut\u00e1ria - Portal do Servidor P\u00fablico\" \/>\n<meta property=\"og:description\" content=\"Boletins Informativos:\" \/>\n<meta property=\"og:url\" content=\"https:\/\/www.pmpf.rs.gov.br\/portal-do-servidor-publico\/informativo-pit\/\" \/>\n<meta property=\"og:site_name\" content=\"Portal do Servidor P\u00fablico\" \/>\n<meta property=\"article:modified_time\" content=\"2025-12-23T20:32:49+00:00\" \/>\n<meta property=\"og:image\" content=\"https:\/\/www.pmpf.rs.gov.br\/portal-do-servidor-publico\/wp-content\/uploads\/sites\/41\/2023\/09\/pit.png\" \/>\n\t<meta property=\"og:image:width\" content=\"365\" \/>\n\t<meta property=\"og:image:height\" content=\"365\" \/>\n\t<meta property=\"og:image:type\" content=\"image\/png\" \/>\n<meta name=\"twitter:card\" content=\"summary_large_image\" \/>\n<script type=\"application\/ld+json\" class=\"yoast-schema-graph\">{\"@context\":\"https:\/\/schema.org\",\"@graph\":[{\"@type\":\"WebPage\",\"@id\":\"https:\/\/www.pmpf.rs.gov.br\/portal-do-servidor-publico\/informativo-pit\/\",\"url\":\"https:\/\/www.pmpf.rs.gov.br\/portal-do-servidor-publico\/informativo-pit\/\",\"name\":\"Programa de Integra\u00e7\u00e3o Tribut\u00e1ria - Portal do Servidor P\u00fablico\",\"isPartOf\":{\"@id\":\"https:\/\/www.pmpf.rs.gov.br\/portal-do-servidor-publico\/#website\"},\"primaryImageOfPage\":{\"@id\":\"https:\/\/www.pmpf.rs.gov.br\/portal-do-servidor-publico\/informativo-pit\/#primaryimage\"},\"image\":{\"@id\":\"https:\/\/www.pmpf.rs.gov.br\/portal-do-servidor-publico\/informativo-pit\/#primaryimage\"},\"thumbnailUrl\":\"https:\/\/www.pmpf.rs.gov.br\/portal-do-servidor-publico\/wp-content\/uploads\/sites\/41\/2023\/09\/pit.png\",\"datePublished\":\"2023-09-06T12:03:14+00:00\",\"dateModified\":\"2025-12-23T20:32:49+00:00\",\"inLanguage\":\"pt-BR\",\"potentialAction\":[{\"@type\":\"ReadAction\",\"target\":[\"https:\/\/www.pmpf.rs.gov.br\/portal-do-servidor-publico\/informativo-pit\/\"]}]},{\"@type\":\"ImageObject\",\"inLanguage\":\"pt-BR\",\"@id\":\"https:\/\/www.pmpf.rs.gov.br\/portal-do-servidor-publico\/informativo-pit\/#primaryimage\",\"url\":\"https:\/\/www.pmpf.rs.gov.br\/portal-do-servidor-publico\/wp-content\/uploads\/sites\/41\/2023\/09\/pit.png\",\"contentUrl\":\"https:\/\/www.pmpf.rs.gov.br\/portal-do-servidor-publico\/wp-content\/uploads\/sites\/41\/2023\/09\/pit.png\",\"width\":365,\"height\":365},{\"@type\":\"WebSite\",\"@id\":\"https:\/\/www.pmpf.rs.gov.br\/portal-do-servidor-publico\/#website\",\"url\":\"https:\/\/www.pmpf.rs.gov.br\/portal-do-servidor-publico\/\",\"name\":\"Portal do Servidor P\u00fablico\",\"description\":\"S\u00f3 mais um site Prefeitura de Passo Fundo\",\"potentialAction\":[{\"@type\":\"SearchAction\",\"target\":{\"@type\":\"EntryPoint\",\"urlTemplate\":\"https:\/\/www.pmpf.rs.gov.br\/portal-do-servidor-publico\/?s={search_term_string}\"},\"query-input\":{\"@type\":\"PropertyValueSpecification\",\"valueRequired\":true,\"valueName\":\"search_term_string\"}}],\"inLanguage\":\"pt-BR\"}]}<\/script>\n<!-- \/ Yoast SEO plugin. -->","yoast_head_json":{"title":"Programa de Integra\u00e7\u00e3o Tribut\u00e1ria - Portal do Servidor P\u00fablico","robots":{"index":"index","follow":"follow","max-snippet":"max-snippet:-1","max-image-preview":"max-image-preview:large","max-video-preview":"max-video-preview:-1"},"canonical":"https:\/\/www.pmpf.rs.gov.br\/portal-do-servidor-publico\/informativo-pit\/","og_locale":"pt_BR","og_type":"article","og_title":"Programa de Integra\u00e7\u00e3o Tribut\u00e1ria - Portal do Servidor P\u00fablico","og_description":"Boletins Informativos:","og_url":"https:\/\/www.pmpf.rs.gov.br\/portal-do-servidor-publico\/informativo-pit\/","og_site_name":"Portal do Servidor P\u00fablico","article_modified_time":"2025-12-23T20:32:49+00:00","og_image":[{"width":365,"height":365,"url":"https:\/\/www.pmpf.rs.gov.br\/portal-do-servidor-publico\/wp-content\/uploads\/sites\/41\/2023\/09\/pit.png","type":"image\/png"}],"twitter_card":"summary_large_image","schema":{"@context":"https:\/\/schema.org","@graph":[{"@type":"WebPage","@id":"https:\/\/www.pmpf.rs.gov.br\/portal-do-servidor-publico\/informativo-pit\/","url":"https:\/\/www.pmpf.rs.gov.br\/portal-do-servidor-publico\/informativo-pit\/","name":"Programa de Integra\u00e7\u00e3o Tribut\u00e1ria - Portal do Servidor P\u00fablico","isPartOf":{"@id":"https:\/\/www.pmpf.rs.gov.br\/portal-do-servidor-publico\/#website"},"primaryImageOfPage":{"@id":"https:\/\/www.pmpf.rs.gov.br\/portal-do-servidor-publico\/informativo-pit\/#primaryimage"},"image":{"@id":"https:\/\/www.pmpf.rs.gov.br\/portal-do-servidor-publico\/informativo-pit\/#primaryimage"},"thumbnailUrl":"https:\/\/www.pmpf.rs.gov.br\/portal-do-servidor-publico\/wp-content\/uploads\/sites\/41\/2023\/09\/pit.png","datePublished":"2023-09-06T12:03:14+00:00","dateModified":"2025-12-23T20:32:49+00:00","inLanguage":"pt-BR","potentialAction":[{"@type":"ReadAction","target":["https:\/\/www.pmpf.rs.gov.br\/portal-do-servidor-publico\/informativo-pit\/"]}]},{"@type":"ImageObject","inLanguage":"pt-BR","@id":"https:\/\/www.pmpf.rs.gov.br\/portal-do-servidor-publico\/informativo-pit\/#primaryimage","url":"https:\/\/www.pmpf.rs.gov.br\/portal-do-servidor-publico\/wp-content\/uploads\/sites\/41\/2023\/09\/pit.png","contentUrl":"https:\/\/www.pmpf.rs.gov.br\/portal-do-servidor-publico\/wp-content\/uploads\/sites\/41\/2023\/09\/pit.png","width":365,"height":365},{"@type":"WebSite","@id":"https:\/\/www.pmpf.rs.gov.br\/portal-do-servidor-publico\/#website","url":"https:\/\/www.pmpf.rs.gov.br\/portal-do-servidor-publico\/","name":"Portal do Servidor P\u00fablico","description":"S\u00f3 mais um site Prefeitura de Passo Fundo","potentialAction":[{"@type":"SearchAction","target":{"@type":"EntryPoint","urlTemplate":"https:\/\/www.pmpf.rs.gov.br\/portal-do-servidor-publico\/?s={search_term_string}"},"query-input":{"@type":"PropertyValueSpecification","valueRequired":true,"valueName":"search_term_string"}}],"inLanguage":"pt-BR"}]}},"_links":{"self":[{"href":"https:\/\/www.pmpf.rs.gov.br\/portal-do-servidor-publico\/wp-json\/wp\/v2\/pages\/890"}],"collection":[{"href":"https:\/\/www.pmpf.rs.gov.br\/portal-do-servidor-publico\/wp-json\/wp\/v2\/pages"}],"about":[{"href":"https:\/\/www.pmpf.rs.gov.br\/portal-do-servidor-publico\/wp-json\/wp\/v2\/types\/page"}],"author":[{"embeddable":true,"href":"https:\/\/www.pmpf.rs.gov.br\/portal-do-servidor-publico\/wp-json\/wp\/v2\/users\/4"}],"replies":[{"embeddable":true,"href":"https:\/\/www.pmpf.rs.gov.br\/portal-do-servidor-publico\/wp-json\/wp\/v2\/comments?post=890"}],"version-history":[{"count":26,"href":"https:\/\/www.pmpf.rs.gov.br\/portal-do-servidor-publico\/wp-json\/wp\/v2\/pages\/890\/revisions"}],"predecessor-version":[{"id":1610,"href":"https:\/\/www.pmpf.rs.gov.br\/portal-do-servidor-publico\/wp-json\/wp\/v2\/pages\/890\/revisions\/1610"}],"wp:attachment":[{"href":"https:\/\/www.pmpf.rs.gov.br\/portal-do-servidor-publico\/wp-json\/wp\/v2\/media?parent=890"}],"curies":[{"name":"wp","href":"https:\/\/api.w.org\/{rel}","templated":true}]}}