{"id":5,"date":"2021-12-20T20:36:07","date_gmt":"2021-12-20T23:36:07","guid":{"rendered":"https:\/\/www.pmpf.rs.gov.br\/portal-do-servidor-publico\/?page_id=5"},"modified":"2026-04-01T16:59:14","modified_gmt":"2026-04-01T19:59:14","slug":"pagina-inicial","status":"publish","type":"page","link":"https:\/\/www.pmpf.rs.gov.br\/portal-do-servidor-publico\/","title":{"rendered":"P\u00e1gina inicial"},"content":{"rendered":"\n<h2 class=\"wp-block-heading has-black-color has-text-color has-link-color wp-elements-1683d00ec28d0a1531af0341069b64ba\">Sobre o RH<\/h2>\n\n\n\n<p>A Prefeitura de Passo Fundo conta no seu quadro de trabalho com mais de 3 mil servidores efetivos, que atuam nas diversas esferas da administra\u00e7\u00e3o.<\/p>\n\n\n\n<p>A pe\u00e7a principal de uma institui\u00e7\u00e3o \u00e9 o seu funcion\u00e1rio. Na Prefeitura de Passo Fundo, a produ\u00e7\u00e3o dos servi\u00e7os, a quantidade, a qualidade e a efici\u00eancia dos atendimentos prestados \u00e0 popula\u00e7\u00e3o passam diretamente pelo trabalho dos servidores.<\/p>\n\n\n\n<h4 class=\"wp-block-heading\">O RH est\u00e1 atendendo em novo endere\u00e7o:  Rua Coronel Chicuta, 141 &#8211; Centro<\/h4>\n\n\n\n<p><a href=\"https:\/\/www.pmpf.rs.gov.br\/portal-do-servidor-publico\/wp-content\/uploads\/sites\/41\/2022\/02\/rh-contatos-emails.pdf\" target=\"_blank\" rel=\"noreferrer noopener\">Lista de Telefones e E-mails do RH<\/a><\/p>\n\n\n\n<hr class=\"wp-block-separator has-alpha-channel-opacity\"\/>\n\n\n\n<div class=\"wp-block-columns is-layout-flex wp-container-core-columns-is-layout-1 wp-block-columns-is-layout-flex\">\n<div class=\"wp-block-column is-layout-flow wp-block-column-is-layout-flow\">\n<figure class=\"wp-block-image size-large is-resized\"><img loading=\"lazy\" decoding=\"async\" width=\"724\" height=\"1024\" src=\"https:\/\/www.pmpf.rs.gov.br\/portal-do-servidor-publico\/wp-content\/uploads\/sites\/41\/2026\/03\/cronograma-treinamento-marco-2026-724x1024.png\" alt=\"\" class=\"wp-image-1641\" style=\"width:438px;height:auto\" srcset=\"https:\/\/www.pmpf.rs.gov.br\/portal-do-servidor-publico\/wp-content\/uploads\/sites\/41\/2026\/03\/cronograma-treinamento-marco-2026-724x1024.png 724w, https:\/\/www.pmpf.rs.gov.br\/portal-do-servidor-publico\/wp-content\/uploads\/sites\/41\/2026\/03\/cronograma-treinamento-marco-2026-212x300.png 212w, https:\/\/www.pmpf.rs.gov.br\/portal-do-servidor-publico\/wp-content\/uploads\/sites\/41\/2026\/03\/cronograma-treinamento-marco-2026-768x1086.png 768w, https:\/\/www.pmpf.rs.gov.br\/portal-do-servidor-publico\/wp-content\/uploads\/sites\/41\/2026\/03\/cronograma-treinamento-marco-2026-1086x1536.png 1086w, https:\/\/www.pmpf.rs.gov.br\/portal-do-servidor-publico\/wp-content\/uploads\/sites\/41\/2026\/03\/cronograma-treinamento-marco-2026-1448x2048.png 1448w, https:\/\/www.pmpf.rs.gov.br\/portal-do-servidor-publico\/wp-content\/uploads\/sites\/41\/2026\/03\/cronograma-treinamento-marco-2026.png 1587w\" sizes=\"(max-width: 724px) 100vw, 724px\" \/><\/figure>\n<\/div>\n\n\n\n<div class=\"wp-block-column is-layout-flow wp-block-column-is-layout-flow\">\n<figure class=\"wp-block-image size-large is-resized\"><img loading=\"lazy\" decoding=\"async\" width=\"724\" height=\"1024\" src=\"https:\/\/www.pmpf.rs.gov.br\/portal-do-servidor-publico\/wp-content\/uploads\/sites\/41\/2026\/03\/biometria-cursos-abril2026-724x1024.jpg\" alt=\"\" class=\"wp-image-1665\" style=\"width:439px;height:auto\" srcset=\"https:\/\/www.pmpf.rs.gov.br\/portal-do-servidor-publico\/wp-content\/uploads\/sites\/41\/2026\/03\/biometria-cursos-abril2026-724x1024.jpg 724w, https:\/\/www.pmpf.rs.gov.br\/portal-do-servidor-publico\/wp-content\/uploads\/sites\/41\/2026\/03\/biometria-cursos-abril2026-212x300.jpg 212w, https:\/\/www.pmpf.rs.gov.br\/portal-do-servidor-publico\/wp-content\/uploads\/sites\/41\/2026\/03\/biometria-cursos-abril2026-768x1086.jpg 768w, https:\/\/www.pmpf.rs.gov.br\/portal-do-servidor-publico\/wp-content\/uploads\/sites\/41\/2026\/03\/biometria-cursos-abril2026-1086x1536.jpg 1086w, https:\/\/www.pmpf.rs.gov.br\/portal-do-servidor-publico\/wp-content\/uploads\/sites\/41\/2026\/03\/biometria-cursos-abril2026-1448x2048.jpg 1448w, https:\/\/www.pmpf.rs.gov.br\/portal-do-servidor-publico\/wp-content\/uploads\/sites\/41\/2026\/03\/biometria-cursos-abril2026-scaled.jpg 1810w\" sizes=\"(max-width: 724px) 100vw, 724px\" \/><\/figure>\n<\/div>\n<\/div>\n\n\n<div class=\"wp-block-image\">\n<figure class=\"aligncenter size-large is-resized\"><a href=\"https:\/\/www.pmpf.rs.gov.br\/portal-do-servidor-publico\/proqualis\/\" target=\"_blank\" rel=\"noreferrer noopener\"><img loading=\"lazy\" decoding=\"async\" width=\"1024\" height=\"248\" src=\"https:\/\/www.pmpf.rs.gov.br\/portal-do-servidor-publico\/wp-content\/uploads\/sites\/41\/2025\/10\/banner-proqualis-1024x248.jpg\" alt=\"\" class=\"wp-image-1487\" style=\"width:475px;height:auto\" srcset=\"https:\/\/www.pmpf.rs.gov.br\/portal-do-servidor-publico\/wp-content\/uploads\/sites\/41\/2025\/10\/banner-proqualis-1024x248.jpg 1024w, https:\/\/www.pmpf.rs.gov.br\/portal-do-servidor-publico\/wp-content\/uploads\/sites\/41\/2025\/10\/banner-proqualis-300x73.jpg 300w, https:\/\/www.pmpf.rs.gov.br\/portal-do-servidor-publico\/wp-content\/uploads\/sites\/41\/2025\/10\/banner-proqualis-768x186.jpg 768w, https:\/\/www.pmpf.rs.gov.br\/portal-do-servidor-publico\/wp-content\/uploads\/sites\/41\/2025\/10\/banner-proqualis.jpg 1278w\" sizes=\"(max-width: 1024px) 100vw, 1024px\" \/><\/a><\/figure><\/div>\n\n\n<hr class=\"wp-block-separator has-alpha-channel-opacity\"\/>\n\n\n\n<iframe loading=\"lazy\" src=\"https:\/\/www.pmpf.rs.gov.br\/portal-do-servidor-publico\/wp-content\/uploads\/sites\/41\/2022\/02\/previnir-marco.pdf\" width=\"100%\" height=\"800px\"><\/iframe>\n\n\n\n<hr class=\"wp-block-separator has-alpha-channel-opacity\"\/>\n\n\n<div class=\"wp-block-image\">\n<figure class=\"alignleft size-large is-resized\"><img loading=\"lazy\" decoding=\"async\" width=\"1024\" height=\"1024\" src=\"https:\/\/www.pmpf.rs.gov.br\/portal-do-servidor-publico\/wp-content\/uploads\/sites\/41\/2026\/04\/biometria-card-abril2026-1024x1024.png\" alt=\"\" class=\"wp-image-1671\" style=\"width:321px;height:auto\" srcset=\"https:\/\/www.pmpf.rs.gov.br\/portal-do-servidor-publico\/wp-content\/uploads\/sites\/41\/2026\/04\/biometria-card-abril2026-1024x1024.png 1024w, https:\/\/www.pmpf.rs.gov.br\/portal-do-servidor-publico\/wp-content\/uploads\/sites\/41\/2026\/04\/biometria-card-abril2026-300x300.png 300w, https:\/\/www.pmpf.rs.gov.br\/portal-do-servidor-publico\/wp-content\/uploads\/sites\/41\/2026\/04\/biometria-card-abril2026-150x150.png 150w, https:\/\/www.pmpf.rs.gov.br\/portal-do-servidor-publico\/wp-content\/uploads\/sites\/41\/2026\/04\/biometria-card-abril2026-768x768.png 768w, https:\/\/www.pmpf.rs.gov.br\/portal-do-servidor-publico\/wp-content\/uploads\/sites\/41\/2026\/04\/biometria-card-abril2026.png 1080w\" sizes=\"(max-width: 1024px) 100vw, 1024px\" \/><\/figure><\/div>\n\n\n<p><br><strong>06 de Abril: Dia Mundial da Atividade F\u00edsica!<\/strong><\/p>\n\n\n\n<p>Esta \u00e9 uma data criada para conscientizar a popula\u00e7\u00e3o sobre a import\u00e2ncia de manter o corpo em movimento e adotar h\u00e1bitos saud\u00e1veis. A pr\u00e1tica regular de atividades f\u00edsicas contribui para a melhoria da sa\u00fade f\u00edsica e mental, ajudando na preven\u00e7\u00e3o de diversas doen\u00e7as, como <strong>Hipertens\u00e3o<\/strong>, <strong>Diabetes<\/strong> e <strong>Obesidade<\/strong>, al\u00e9m de promover bem-estar, disposi\u00e7\u00e3o e qualidade de vida.<\/p>\n\n\n\n<p>Movimentar-se n\u00e3o significa necessariamente praticar esportes de alto rendimento. Atividades simples, como caminhar, pedalar, dan\u00e7ar ou praticar exerc\u00edcios regularmente, j\u00e1 trazem benef\u00edcios significativos para o organismo. Essas pr\u00e1ticas fortalecem m\u00fasculos e ossos, melhoram o funcionamento do cora\u00e7\u00e3o e ajudam a reduzir o estresse e a ansiedade.<\/p>\n\n\n\n<p>Pequenas mudan\u00e7as na rotina, como usar escadas em vez do elevador, caminhar pequenas dist\u00e2ncias, j\u00e1 podem fazer grande diferen\u00e7a para a sa\u00fade.<\/p>\n\n\n\n<p>Essa data \u00e9 um convite para refletirmos sobre nossos h\u00e1bitos e lembrarmos que cuidar do corpo \u00e9 essencial para viver com mais sa\u00fade, energia e equil\u00edbrio. Afinal, manter-se ativo \u00e9 um dos caminhos mais simples e eficazes para uma vida longa e saud\u00e1vel.<\/p>\n\n\n\n<hr class=\"wp-block-separator has-alpha-channel-opacity\"\/>\n\n\n<div class=\"wp-block-image\">\n<figure class=\"aligncenter size-full is-resized\"><a href=\"https:\/\/www.pmpf.rs.gov.br\/portal-do-servidor-publico\/consignet\/\" target=\"_blank\" rel=\"noreferrer noopener\"><img loading=\"lazy\" decoding=\"async\" width=\"795\" height=\"210\" src=\"https:\/\/www.pmpf.rs.gov.br\/portal-do-servidor-publico\/wp-content\/uploads\/sites\/41\/2025\/10\/banner-consignet-795x210-1.png\" alt=\"\" class=\"wp-image-1557\" style=\"width:545px;height:auto\" srcset=\"https:\/\/www.pmpf.rs.gov.br\/portal-do-servidor-publico\/wp-content\/uploads\/sites\/41\/2025\/10\/banner-consignet-795x210-1.png 795w, https:\/\/www.pmpf.rs.gov.br\/portal-do-servidor-publico\/wp-content\/uploads\/sites\/41\/2025\/10\/banner-consignet-795x210-1-300x79.png 300w, https:\/\/www.pmpf.rs.gov.br\/portal-do-servidor-publico\/wp-content\/uploads\/sites\/41\/2025\/10\/banner-consignet-795x210-1-768x203.png 768w\" sizes=\"(max-width: 795px) 100vw, 795px\" \/><\/a><\/figure><\/div>\n\n\n<hr class=\"wp-block-separator has-alpha-channel-opacity\"\/>\n\n\n\n<p><\/p>\n","protected":false},"excerpt":{"rendered":"<p>Sobre o RH A Prefeitura de Passo Fundo conta no seu quadro de trabalho com mais de 3 mil servidores efetivos, que atuam nas diversas esferas da administra\u00e7\u00e3o. A pe\u00e7a principal de [&hellip;]<\/p>\n","protected":false},"author":1,"featured_media":0,"parent":0,"menu_order":0,"comment_status":"closed","ping_status":"closed","template":"page_secretaria_com_sidebar.php","meta":{"footnotes":""},"class_list":["post-5","page","type-page","status-publish","hentry"],"yoast_head":"<!-- This site is optimized with the Yoast SEO plugin v23.8 - https:\/\/yoast.com\/wordpress\/plugins\/seo\/ -->\n<title>P\u00e1gina inicial - Portal do Servidor P\u00fablico<\/title>\n<meta name=\"robots\" content=\"index, follow, max-snippet:-1, max-image-preview:large, max-video-preview:-1\" \/>\n<link rel=\"canonical\" href=\"https:\/\/www.pmpf.rs.gov.br\/portal-do-servidor-publico\/\" \/>\n<meta property=\"og:locale\" content=\"pt_BR\" \/>\n<meta property=\"og:type\" content=\"article\" \/>\n<meta property=\"og:title\" content=\"P\u00e1gina inicial - Portal do Servidor P\u00fablico\" \/>\n<meta property=\"og:description\" content=\"Sobre o RH A Prefeitura de Passo Fundo conta no seu quadro de trabalho com mais de 3 mil servidores efetivos, que atuam nas diversas esferas da administra\u00e7\u00e3o. A pe\u00e7a principal de [&hellip;]\" \/>\n<meta property=\"og:url\" content=\"https:\/\/www.pmpf.rs.gov.br\/portal-do-servidor-publico\/\" \/>\n<meta property=\"og:site_name\" content=\"Portal do Servidor P\u00fablico\" \/>\n<meta property=\"article:modified_time\" content=\"2026-04-01T19:59:14+00:00\" \/>\n<meta property=\"og:image\" content=\"https:\/\/www.pmpf.rs.gov.br\/portal-do-servidor-publico\/wp-content\/uploads\/sites\/41\/2026\/03\/cronograma-treinamento-marco-2026.png\" \/>\n\t<meta property=\"og:image:width\" content=\"1587\" \/>\n\t<meta property=\"og:image:height\" content=\"2245\" \/>\n\t<meta property=\"og:image:type\" content=\"image\/png\" \/>\n<meta name=\"twitter:card\" content=\"summary_large_image\" \/>\n<meta name=\"twitter:label1\" content=\"Est. tempo de leitura\" \/>\n\t<meta name=\"twitter:data1\" content=\"1 minuto\" \/>\n<script type=\"application\/ld+json\" class=\"yoast-schema-graph\">{\"@context\":\"https:\/\/schema.org\",\"@graph\":[{\"@type\":\"WebPage\",\"@id\":\"https:\/\/www.pmpf.rs.gov.br\/portal-do-servidor-publico\/\",\"url\":\"https:\/\/www.pmpf.rs.gov.br\/portal-do-servidor-publico\/\",\"name\":\"P\u00e1gina inicial - Portal do Servidor P\u00fablico\",\"isPartOf\":{\"@id\":\"https:\/\/www.pmpf.rs.gov.br\/portal-do-servidor-publico\/#website\"},\"primaryImageOfPage\":{\"@id\":\"https:\/\/www.pmpf.rs.gov.br\/portal-do-servidor-publico\/#primaryimage\"},\"image\":{\"@id\":\"https:\/\/www.pmpf.rs.gov.br\/portal-do-servidor-publico\/#primaryimage\"},\"thumbnailUrl\":\"https:\/\/www.pmpf.rs.gov.br\/portal-do-servidor-publico\/wp-content\/uploads\/sites\/41\/2026\/03\/cronograma-treinamento-marco-2026-724x1024.png\",\"datePublished\":\"2021-12-20T23:36:07+00:00\",\"dateModified\":\"2026-04-01T19:59:14+00:00\",\"inLanguage\":\"pt-BR\",\"potentialAction\":[{\"@type\":\"ReadAction\",\"target\":[\"https:\/\/www.pmpf.rs.gov.br\/portal-do-servidor-publico\/\"]}]},{\"@type\":\"ImageObject\",\"inLanguage\":\"pt-BR\",\"@id\":\"https:\/\/www.pmpf.rs.gov.br\/portal-do-servidor-publico\/#primaryimage\",\"url\":\"https:\/\/www.pmpf.rs.gov.br\/portal-do-servidor-publico\/wp-content\/uploads\/sites\/41\/2026\/03\/cronograma-treinamento-marco-2026.png\",\"contentUrl\":\"https:\/\/www.pmpf.rs.gov.br\/portal-do-servidor-publico\/wp-content\/uploads\/sites\/41\/2026\/03\/cronograma-treinamento-marco-2026.png\",\"width\":1587,\"height\":2245},{\"@type\":\"WebSite\",\"@id\":\"https:\/\/www.pmpf.rs.gov.br\/portal-do-servidor-publico\/#website\",\"url\":\"https:\/\/www.pmpf.rs.gov.br\/portal-do-servidor-publico\/\",\"name\":\"Portal do Servidor P\u00fablico\",\"description\":\"S\u00f3 mais um site Prefeitura de Passo Fundo\",\"potentialAction\":[{\"@type\":\"SearchAction\",\"target\":{\"@type\":\"EntryPoint\",\"urlTemplate\":\"https:\/\/www.pmpf.rs.gov.br\/portal-do-servidor-publico\/?s={search_term_string}\"},\"query-input\":{\"@type\":\"PropertyValueSpecification\",\"valueRequired\":true,\"valueName\":\"search_term_string\"}}],\"inLanguage\":\"pt-BR\"}]}<\/script>\n<!-- \/ Yoast SEO plugin. -->","yoast_head_json":{"title":"P\u00e1gina inicial - Portal do Servidor P\u00fablico","robots":{"index":"index","follow":"follow","max-snippet":"max-snippet:-1","max-image-preview":"max-image-preview:large","max-video-preview":"max-video-preview:-1"},"canonical":"https:\/\/www.pmpf.rs.gov.br\/portal-do-servidor-publico\/","og_locale":"pt_BR","og_type":"article","og_title":"P\u00e1gina inicial - Portal do Servidor P\u00fablico","og_description":"Sobre o RH A Prefeitura de Passo Fundo conta no seu quadro de trabalho com mais de 3 mil servidores efetivos, que atuam nas diversas esferas da administra\u00e7\u00e3o. A pe\u00e7a principal de [&hellip;]","og_url":"https:\/\/www.pmpf.rs.gov.br\/portal-do-servidor-publico\/","og_site_name":"Portal do Servidor P\u00fablico","article_modified_time":"2026-04-01T19:59:14+00:00","og_image":[{"width":1587,"height":2245,"url":"https:\/\/www.pmpf.rs.gov.br\/portal-do-servidor-publico\/wp-content\/uploads\/sites\/41\/2026\/03\/cronograma-treinamento-marco-2026.png","type":"image\/png"}],"twitter_card":"summary_large_image","twitter_misc":{"Est. tempo de leitura":"1 minuto"},"schema":{"@context":"https:\/\/schema.org","@graph":[{"@type":"WebPage","@id":"https:\/\/www.pmpf.rs.gov.br\/portal-do-servidor-publico\/","url":"https:\/\/www.pmpf.rs.gov.br\/portal-do-servidor-publico\/","name":"P\u00e1gina inicial - Portal do Servidor P\u00fablico","isPartOf":{"@id":"https:\/\/www.pmpf.rs.gov.br\/portal-do-servidor-publico\/#website"},"primaryImageOfPage":{"@id":"https:\/\/www.pmpf.rs.gov.br\/portal-do-servidor-publico\/#primaryimage"},"image":{"@id":"https:\/\/www.pmpf.rs.gov.br\/portal-do-servidor-publico\/#primaryimage"},"thumbnailUrl":"https:\/\/www.pmpf.rs.gov.br\/portal-do-servidor-publico\/wp-content\/uploads\/sites\/41\/2026\/03\/cronograma-treinamento-marco-2026-724x1024.png","datePublished":"2021-12-20T23:36:07+00:00","dateModified":"2026-04-01T19:59:14+00:00","inLanguage":"pt-BR","potentialAction":[{"@type":"ReadAction","target":["https:\/\/www.pmpf.rs.gov.br\/portal-do-servidor-publico\/"]}]},{"@type":"ImageObject","inLanguage":"pt-BR","@id":"https:\/\/www.pmpf.rs.gov.br\/portal-do-servidor-publico\/#primaryimage","url":"https:\/\/www.pmpf.rs.gov.br\/portal-do-servidor-publico\/wp-content\/uploads\/sites\/41\/2026\/03\/cronograma-treinamento-marco-2026.png","contentUrl":"https:\/\/www.pmpf.rs.gov.br\/portal-do-servidor-publico\/wp-content\/uploads\/sites\/41\/2026\/03\/cronograma-treinamento-marco-2026.png","width":1587,"height":2245},{"@type":"WebSite","@id":"https:\/\/www.pmpf.rs.gov.br\/portal-do-servidor-publico\/#website","url":"https:\/\/www.pmpf.rs.gov.br\/portal-do-servidor-publico\/","name":"Portal do Servidor P\u00fablico","description":"S\u00f3 mais um site Prefeitura de Passo Fundo","potentialAction":[{"@type":"SearchAction","target":{"@type":"EntryPoint","urlTemplate":"https:\/\/www.pmpf.rs.gov.br\/portal-do-servidor-publico\/?s={search_term_string}"},"query-input":{"@type":"PropertyValueSpecification","valueRequired":true,"valueName":"search_term_string"}}],"inLanguage":"pt-BR"}]}},"_links":{"self":[{"href":"https:\/\/www.pmpf.rs.gov.br\/portal-do-servidor-publico\/wp-json\/wp\/v2\/pages\/5"}],"collection":[{"href":"https:\/\/www.pmpf.rs.gov.br\/portal-do-servidor-publico\/wp-json\/wp\/v2\/pages"}],"about":[{"href":"https:\/\/www.pmpf.rs.gov.br\/portal-do-servidor-publico\/wp-json\/wp\/v2\/types\/page"}],"author":[{"embeddable":true,"href":"https:\/\/www.pmpf.rs.gov.br\/portal-do-servidor-publico\/wp-json\/wp\/v2\/users\/1"}],"replies":[{"embeddable":true,"href":"https:\/\/www.pmpf.rs.gov.br\/portal-do-servidor-publico\/wp-json\/wp\/v2\/comments?post=5"}],"version-history":[{"count":362,"href":"https:\/\/www.pmpf.rs.gov.br\/portal-do-servidor-publico\/wp-json\/wp\/v2\/pages\/5\/revisions"}],"predecessor-version":[{"id":1673,"href":"https:\/\/www.pmpf.rs.gov.br\/portal-do-servidor-publico\/wp-json\/wp\/v2\/pages\/5\/revisions\/1673"}],"wp:attachment":[{"href":"https:\/\/www.pmpf.rs.gov.br\/portal-do-servidor-publico\/wp-json\/wp\/v2\/media?parent=5"}],"curies":[{"name":"wp","href":"https:\/\/api.w.org\/{rel}","templated":true}]}}