{"id":317,"date":"2022-01-14T12:29:19","date_gmt":"2022-01-14T15:29:19","guid":{"rendered":"https:\/\/www.pmpf.rs.gov.br\/portal-do-servidor-publico\/?page_id=317"},"modified":"2022-05-10T10:02:18","modified_gmt":"2022-05-10T13:02:18","slug":"ano-2021","status":"publish","type":"page","link":"https:\/\/www.pmpf.rs.gov.br\/portal-do-servidor-publico\/ordens-de-servico\/ano-2021\/","title":{"rendered":"Ano 2021"},"content":{"rendered":"\n<figure class=\"wp-block-table\"><table><tbody><tr><td>Data<\/td><td>Ordem<\/td><\/tr><tr><td>25\/02\/2021<\/td><td><a href=\"https:\/\/www.pmpf.rs.gov.br\/portal-do-servidor-publico\/wp-content\/uploads\/sites\/41\/2022\/02\/os_01_2021.pdf\">Ordem Servi\u00e7o n\u00ba 01\/2021 &#8211; Institui a devolu\u00e7\u00e3o dos equipamentos de prote\u00e7\u00e3o individual quando da troca, exonera\u00e7\u00e3o e aposentadoria no \u00e2mbito da administra\u00e7\u00e3o direta no Munic\u00edpio de Passo Fundo e d\u00e1 outras provid\u00eancias.<\/a><\/td><\/tr><tr><td>29\/04\/2021<\/td><td><a href=\"https:\/\/www.pmpf.rs.gov.br\/portal-do-servidor-publico\/wp-content\/uploads\/sites\/41\/2021\/12\/os_02_2021.pdf\">Ordem Servi\u00e7o n\u00ba 02\/2021 \u2013 Institui o sistema de avalia\u00e7\u00e3o de desempenho individual dos servidores p\u00fablicos ocupantes de cargos de provimento em comiss\u00e3o da administra\u00e7\u00e3o direta do munic\u00edpio de Passo Fundo.<\/a><\/td><\/tr><tr><td>07\/06\/2021<\/td><td><a href=\"https:\/\/www.pmpf.rs.gov.br\/portal-do-servidor-publico\/wp-content\/uploads\/sites\/41\/2021\/12\/os_04_2021.pdf\">Ordem Servi\u00e7o n\u00ba 04\/2021 \u2013 Disp\u00f5e sobre o fluxograma para dispensa de licita\u00e7\u00e3o na aquisi\u00e7\u00e3o de pe\u00e7as e na contrata\u00e7\u00e3o de servi\u00e7os para conserva\u00e7\u00e3o da frota de ve\u00edculos, m\u00e1quinas e demais equipamentos do munic\u00edpio.<\/a><\/td><\/tr><tr><td>10\/06\/2021<\/td><td><a href=\"https:\/\/www.pmpf.rs.gov.br\/portal-do-servidor-publico\/downloads\/ordem-de-servico-horas-extras\/?pid=5\" target=\"_blank\" rel=\"noreferrer noopener\">Ordem Servi\u00e7o n\u00ba 05\/2021 \u2013 Veda a realiza\u00e7\u00e3o de horas extras sem pr\u00e9via autoriza\u00e7\u00e3o e estabelece regramento para solicita\u00e7\u00e3o e pagamento de hor\u00e1rio extraordin\u00e1rio.<\/a><\/td><\/tr><tr><td>25\/06\/2021<\/td><td><a href=\"https:\/\/www.pmpf.rs.gov.br\/portal-do-servidor-publico\/wp-content\/uploads\/sites\/41\/2021\/12\/os_06_2021.pdf\">Ordem Servi\u00e7o n\u00ba 06\/2021 \u2013 Estabelece que as notas de empenho ser\u00e3o enviadas exclusivamente por e-mail a partir de 1\u00ba de julho de 2021.<\/a><\/td><\/tr><tr><td>05\/08\/2021<\/td><td><a href=\"https:\/\/www.pmpf.rs.gov.br\/portal-do-servidor-publico\/wp-content\/uploads\/sites\/41\/2021\/12\/os_07_2021.pdf\">Ordem Servi\u00e7o n\u00ba 07\/2021 \u2013 Estabelece os procedimentos para a realiza\u00e7\u00e3o do censo previdenci\u00e1rio cadastral dos servidores p\u00fablicos municipais titulares de cargo de provimento efetivo ativos e de seus dependentes segurados do Regime Pr\u00f3prio de Previd\u00eancia Social \u2013 RPPS de Passo Fundo.<\/a><\/td><\/tr><tr><td>30\/09\/2021<\/td><td><a href=\"https:\/\/www.pmpf.rs.gov.br\/portal-do-servidor-publico\/wp-content\/uploads\/sites\/41\/2021\/12\/os_09_2021_sms.pdf\">Ordem Servi\u00e7o n\u00ba 09\/2021 \u2013 Procedimentos para todos os servidores da Secretaria Municipal da Sa\u00fade sobre a realiza\u00e7\u00e3o de horas extras, registros pontos, solicita\u00e7\u00e3o de f\u00e9rias e licen\u00e7a pr\u00eamio.<\/a><\/td><\/tr><tr><td>05\/11\/2021<\/td><td><a href=\"https:\/\/www.pmpf.rs.gov.br\/portal-do-servidor-publico\/wp-content\/uploads\/sites\/41\/2021\/12\/os_010_2021.pdf\">Ordem Servi\u00e7o n\u00ba 010\/2021 \u2013 Cumprimento do prazo designado no despacho de remessa da Procuradoria Geral do Munic\u00edpio.<\/a><\/td><\/tr><tr><td>25\/11\/2021<\/td><td><a href=\"https:\/\/www.pmpf.rs.gov.br\/portal-do-servidor-publico\/wp-content\/uploads\/sites\/41\/2021\/12\/os_11_2021.pdf\">Ordem Servi\u00e7o n\u00ba 11\/2021 \u2013 Regulamenta o fluxo e veda pr\u00e1tica diversa da estabelecida para agendamento de procedimentos e atendimentos no \u00e2mbito da rede p\u00fablica municipal de sa\u00fade.<\/a><\/td><\/tr><tr><td>29\/12\/2021<\/td><td><a href=\"https:\/\/www.pmpf.rs.gov.br\/portal-do-servidor-publico\/wp-content\/uploads\/sites\/41\/2021\/12\/os_01_2022.pdf\">Ordem Servi\u00e7o n\u00ba 12\/2021 \u2013 Regulamenta o fluxo de procedimentos com rela\u00e7\u00e3o \u00e0s multas de tr\u00e2nsito dos ve\u00edculos da frota municipal.<\/a><\/td><\/tr><\/tbody><\/table><\/figure>\n","protected":false},"excerpt":{"rendered":"<p>Data Ordem 25\/02\/2021 Ordem Servi\u00e7o n\u00ba 01\/2021 &#8211; Institui a devolu\u00e7\u00e3o dos equipamentos de prote\u00e7\u00e3o individual quando da troca, exonera\u00e7\u00e3o e aposentadoria no \u00e2mbito da administra\u00e7\u00e3o direta no Munic\u00edpio de Passo Fundo [&hellip;]<\/p>\n","protected":false},"author":1,"featured_media":0,"parent":136,"menu_order":0,"comment_status":"closed","ping_status":"closed","template":"","meta":{"footnotes":""},"class_list":["post-317","page","type-page","status-publish","hentry"],"yoast_head":"<!-- This site is optimized with the Yoast SEO plugin v23.8 - https:\/\/yoast.com\/wordpress\/plugins\/seo\/ -->\n<title>Ano 2021 - Portal do Servidor P\u00fablico<\/title>\n<meta name=\"robots\" content=\"index, follow, max-snippet:-1, max-image-preview:large, max-video-preview:-1\" \/>\n<link rel=\"canonical\" href=\"https:\/\/www.pmpf.rs.gov.br\/portal-do-servidor-publico\/ordens-de-servico\/ano-2021\/\" \/>\n<meta property=\"og:locale\" content=\"pt_BR\" \/>\n<meta property=\"og:type\" content=\"article\" \/>\n<meta property=\"og:title\" content=\"Ano 2021 - Portal do Servidor P\u00fablico\" \/>\n<meta property=\"og:description\" content=\"Data Ordem 25\/02\/2021 Ordem Servi\u00e7o n\u00ba 01\/2021 &#8211; Institui a devolu\u00e7\u00e3o dos equipamentos de prote\u00e7\u00e3o individual quando da troca, exonera\u00e7\u00e3o e aposentadoria no \u00e2mbito da administra\u00e7\u00e3o direta no Munic\u00edpio de Passo Fundo [&hellip;]\" \/>\n<meta property=\"og:url\" content=\"https:\/\/www.pmpf.rs.gov.br\/portal-do-servidor-publico\/ordens-de-servico\/ano-2021\/\" \/>\n<meta property=\"og:site_name\" content=\"Portal do Servidor P\u00fablico\" \/>\n<meta property=\"article:modified_time\" content=\"2022-05-10T13:02:18+00:00\" \/>\n<meta name=\"twitter:card\" content=\"summary_large_image\" \/>\n<meta name=\"twitter:label1\" content=\"Est. tempo de leitura\" \/>\n\t<meta name=\"twitter:data1\" content=\"2 minutos\" \/>\n<script type=\"application\/ld+json\" class=\"yoast-schema-graph\">{\"@context\":\"https:\/\/schema.org\",\"@graph\":[{\"@type\":\"WebPage\",\"@id\":\"https:\/\/www.pmpf.rs.gov.br\/portal-do-servidor-publico\/ordens-de-servico\/ano-2021\/\",\"url\":\"https:\/\/www.pmpf.rs.gov.br\/portal-do-servidor-publico\/ordens-de-servico\/ano-2021\/\",\"name\":\"Ano 2021 - Portal do Servidor P\u00fablico\",\"isPartOf\":{\"@id\":\"https:\/\/www.pmpf.rs.gov.br\/portal-do-servidor-publico\/#website\"},\"datePublished\":\"2022-01-14T15:29:19+00:00\",\"dateModified\":\"2022-05-10T13:02:18+00:00\",\"breadcrumb\":{\"@id\":\"https:\/\/www.pmpf.rs.gov.br\/portal-do-servidor-publico\/ordens-de-servico\/ano-2021\/#breadcrumb\"},\"inLanguage\":\"pt-BR\",\"potentialAction\":[{\"@type\":\"ReadAction\",\"target\":[\"https:\/\/www.pmpf.rs.gov.br\/portal-do-servidor-publico\/ordens-de-servico\/ano-2021\/\"]}]},{\"@type\":\"BreadcrumbList\",\"@id\":\"https:\/\/www.pmpf.rs.gov.br\/portal-do-servidor-publico\/ordens-de-servico\/ano-2021\/#breadcrumb\",\"itemListElement\":[{\"@type\":\"ListItem\",\"position\":1,\"name\":\"Ordens de Servi\u00e7o\",\"item\":\"https:\/\/www.pmpf.rs.gov.br\/portal-do-servidor-publico\/ordens-de-servico\/\"},{\"@type\":\"ListItem\",\"position\":2,\"name\":\"Ano 2021\"}]},{\"@type\":\"WebSite\",\"@id\":\"https:\/\/www.pmpf.rs.gov.br\/portal-do-servidor-publico\/#website\",\"url\":\"https:\/\/www.pmpf.rs.gov.br\/portal-do-servidor-publico\/\",\"name\":\"Portal do Servidor P\u00fablico\",\"description\":\"S\u00f3 mais um site Prefeitura de Passo Fundo\",\"potentialAction\":[{\"@type\":\"SearchAction\",\"target\":{\"@type\":\"EntryPoint\",\"urlTemplate\":\"https:\/\/www.pmpf.rs.gov.br\/portal-do-servidor-publico\/?s={search_term_string}\"},\"query-input\":{\"@type\":\"PropertyValueSpecification\",\"valueRequired\":true,\"valueName\":\"search_term_string\"}}],\"inLanguage\":\"pt-BR\"}]}<\/script>\n<!-- \/ Yoast SEO plugin. -->","yoast_head_json":{"title":"Ano 2021 - Portal do Servidor P\u00fablico","robots":{"index":"index","follow":"follow","max-snippet":"max-snippet:-1","max-image-preview":"max-image-preview:large","max-video-preview":"max-video-preview:-1"},"canonical":"https:\/\/www.pmpf.rs.gov.br\/portal-do-servidor-publico\/ordens-de-servico\/ano-2021\/","og_locale":"pt_BR","og_type":"article","og_title":"Ano 2021 - Portal do Servidor P\u00fablico","og_description":"Data Ordem 25\/02\/2021 Ordem Servi\u00e7o n\u00ba 01\/2021 &#8211; Institui a devolu\u00e7\u00e3o dos equipamentos de prote\u00e7\u00e3o individual quando da troca, exonera\u00e7\u00e3o e aposentadoria no \u00e2mbito da administra\u00e7\u00e3o direta no Munic\u00edpio de Passo Fundo [&hellip;]","og_url":"https:\/\/www.pmpf.rs.gov.br\/portal-do-servidor-publico\/ordens-de-servico\/ano-2021\/","og_site_name":"Portal do Servidor P\u00fablico","article_modified_time":"2022-05-10T13:02:18+00:00","twitter_card":"summary_large_image","twitter_misc":{"Est. tempo de leitura":"2 minutos"},"schema":{"@context":"https:\/\/schema.org","@graph":[{"@type":"WebPage","@id":"https:\/\/www.pmpf.rs.gov.br\/portal-do-servidor-publico\/ordens-de-servico\/ano-2021\/","url":"https:\/\/www.pmpf.rs.gov.br\/portal-do-servidor-publico\/ordens-de-servico\/ano-2021\/","name":"Ano 2021 - Portal do Servidor P\u00fablico","isPartOf":{"@id":"https:\/\/www.pmpf.rs.gov.br\/portal-do-servidor-publico\/#website"},"datePublished":"2022-01-14T15:29:19+00:00","dateModified":"2022-05-10T13:02:18+00:00","breadcrumb":{"@id":"https:\/\/www.pmpf.rs.gov.br\/portal-do-servidor-publico\/ordens-de-servico\/ano-2021\/#breadcrumb"},"inLanguage":"pt-BR","potentialAction":[{"@type":"ReadAction","target":["https:\/\/www.pmpf.rs.gov.br\/portal-do-servidor-publico\/ordens-de-servico\/ano-2021\/"]}]},{"@type":"BreadcrumbList","@id":"https:\/\/www.pmpf.rs.gov.br\/portal-do-servidor-publico\/ordens-de-servico\/ano-2021\/#breadcrumb","itemListElement":[{"@type":"ListItem","position":1,"name":"Ordens de Servi\u00e7o","item":"https:\/\/www.pmpf.rs.gov.br\/portal-do-servidor-publico\/ordens-de-servico\/"},{"@type":"ListItem","position":2,"name":"Ano 2021"}]},{"@type":"WebSite","@id":"https:\/\/www.pmpf.rs.gov.br\/portal-do-servidor-publico\/#website","url":"https:\/\/www.pmpf.rs.gov.br\/portal-do-servidor-publico\/","name":"Portal do Servidor P\u00fablico","description":"S\u00f3 mais um site Prefeitura de Passo Fundo","potentialAction":[{"@type":"SearchAction","target":{"@type":"EntryPoint","urlTemplate":"https:\/\/www.pmpf.rs.gov.br\/portal-do-servidor-publico\/?s={search_term_string}"},"query-input":{"@type":"PropertyValueSpecification","valueRequired":true,"valueName":"search_term_string"}}],"inLanguage":"pt-BR"}]}},"_links":{"self":[{"href":"https:\/\/www.pmpf.rs.gov.br\/portal-do-servidor-publico\/wp-json\/wp\/v2\/pages\/317"}],"collection":[{"href":"https:\/\/www.pmpf.rs.gov.br\/portal-do-servidor-publico\/wp-json\/wp\/v2\/pages"}],"about":[{"href":"https:\/\/www.pmpf.rs.gov.br\/portal-do-servidor-publico\/wp-json\/wp\/v2\/types\/page"}],"author":[{"embeddable":true,"href":"https:\/\/www.pmpf.rs.gov.br\/portal-do-servidor-publico\/wp-json\/wp\/v2\/users\/1"}],"replies":[{"embeddable":true,"href":"https:\/\/www.pmpf.rs.gov.br\/portal-do-servidor-publico\/wp-json\/wp\/v2\/comments?post=317"}],"version-history":[{"count":10,"href":"https:\/\/www.pmpf.rs.gov.br\/portal-do-servidor-publico\/wp-json\/wp\/v2\/pages\/317\/revisions"}],"predecessor-version":[{"id":475,"href":"https:\/\/www.pmpf.rs.gov.br\/portal-do-servidor-publico\/wp-json\/wp\/v2\/pages\/317\/revisions\/475"}],"up":[{"embeddable":true,"href":"https:\/\/www.pmpf.rs.gov.br\/portal-do-servidor-publico\/wp-json\/wp\/v2\/pages\/136"}],"wp:attachment":[{"href":"https:\/\/www.pmpf.rs.gov.br\/portal-do-servidor-publico\/wp-json\/wp\/v2\/media?parent=317"}],"curies":[{"name":"wp","href":"https:\/\/api.w.org\/{rel}","templated":true}]}}