{"id":311,"date":"2022-01-14T12:27:12","date_gmt":"2022-01-14T15:27:12","guid":{"rendered":"https:\/\/www.pmpf.rs.gov.br\/portal-do-servidor-publico\/?page_id=311"},"modified":"2022-01-14T12:27:13","modified_gmt":"2022-01-14T15:27:13","slug":"ano-2017","status":"publish","type":"page","link":"https:\/\/www.pmpf.rs.gov.br\/portal-do-servidor-publico\/ordens-de-servico\/ano-2017\/","title":{"rendered":"Ano 2017"},"content":{"rendered":"\n<figure class=\"wp-block-table\"><table><tbody><tr><td>Data<\/td><td>Ordem<\/td><\/tr><tr><td>30-01-2017<\/td><td><a href=\"https:\/\/www.pmpf.rs.gov.br\/portal-do-servidor-publico\/wp-content\/uploads\/sites\/41\/2021\/12\/os_01_2017.pdf\">Ordem Servi\u00e7o n\u00ba 01\/2017 &#8211; Estabelece procedimentos quanto \u00e0 resposta de of\u00edcios quando respondidos pela PGM.<\/a><\/td><\/tr><tr><td>10-02-2017<\/td><td><a href=\"https:\/\/www.pmpf.rs.gov.br\/portal-do-servidor-publico\/wp-content\/uploads\/sites\/41\/2021\/12\/os_02_2017.pdf\">Ordem Servi\u00e7o n\u00ba 02\/2017 &#8211; Determina procedimentos a serem adotados pelas Secretarias Municipais para a relota\u00e7\u00e3o de Servidores P\u00fablicos.<\/a><\/td><\/tr><tr><td>23-02-2017<\/td><td><a href=\"https:\/\/www.pmpf.rs.gov.br\/portal-do-servidor-publico\/wp-content\/uploads\/sites\/41\/2021\/12\/os_04_2017.pdf\">Ordem Servi\u00e7o n\u00ba 04\/2017 &#8211; Regulamenta a suspens\u00e3o do pagamento da Gratifica\u00e7\u00e3o de Regime Especial na Licen\u00e7a-Pr\u00eamio convertida em dinheiro e tamb\u00e9m no gozo de Licen\u00e7a-Pr\u00eamio.<\/a><\/td><\/tr><tr><td>23-05-2017<\/td><td><a href=\"https:\/\/www.pmpf.rs.gov.br\/portal-do-servidor-publico\/wp-content\/uploads\/sites\/41\/2021\/12\/os_05_17.pdf\">Ordem Servi\u00e7o n\u00ba 05\/2017 &#8211; Determina procedimentos a serem adotados pelas Secretarias Municipais quanto ao benef\u00edcio do vale transporte.<\/a><\/td><\/tr><\/tbody><\/table><\/figure>\n","protected":false},"excerpt":{"rendered":"<p>Data Ordem 30-01-2017 Ordem Servi\u00e7o n\u00ba 01\/2017 &#8211; Estabelece procedimentos quanto \u00e0 resposta de of\u00edcios quando respondidos pela PGM. 10-02-2017 Ordem Servi\u00e7o n\u00ba 02\/2017 &#8211; Determina procedimentos a serem adotados pelas Secretarias [&hellip;]<\/p>\n","protected":false},"author":1,"featured_media":0,"parent":136,"menu_order":0,"comment_status":"closed","ping_status":"closed","template":"","meta":{"footnotes":""},"class_list":["post-311","page","type-page","status-publish","hentry"],"yoast_head":"<!-- This site is optimized with the Yoast SEO plugin v23.8 - https:\/\/yoast.com\/wordpress\/plugins\/seo\/ -->\n<title>Ano 2017 - Portal do Servidor P\u00fablico<\/title>\n<meta name=\"robots\" content=\"index, follow, max-snippet:-1, max-image-preview:large, max-video-preview:-1\" \/>\n<link rel=\"canonical\" href=\"https:\/\/www.pmpf.rs.gov.br\/portal-do-servidor-publico\/ordens-de-servico\/ano-2017\/\" \/>\n<meta property=\"og:locale\" content=\"pt_BR\" \/>\n<meta property=\"og:type\" content=\"article\" \/>\n<meta property=\"og:title\" content=\"Ano 2017 - Portal do Servidor P\u00fablico\" \/>\n<meta property=\"og:description\" content=\"Data Ordem 30-01-2017 Ordem Servi\u00e7o n\u00ba 01\/2017 &#8211; Estabelece procedimentos quanto \u00e0 resposta de of\u00edcios quando respondidos pela PGM. 10-02-2017 Ordem Servi\u00e7o n\u00ba 02\/2017 &#8211; Determina procedimentos a serem adotados pelas Secretarias [&hellip;]\" \/>\n<meta property=\"og:url\" content=\"https:\/\/www.pmpf.rs.gov.br\/portal-do-servidor-publico\/ordens-de-servico\/ano-2017\/\" \/>\n<meta property=\"og:site_name\" content=\"Portal do Servidor P\u00fablico\" \/>\n<meta property=\"article:modified_time\" content=\"2022-01-14T15:27:13+00:00\" \/>\n<meta name=\"twitter:card\" content=\"summary_large_image\" \/>\n<meta name=\"twitter:label1\" content=\"Est. tempo de leitura\" \/>\n\t<meta name=\"twitter:data1\" content=\"1 minuto\" \/>\n<script type=\"application\/ld+json\" class=\"yoast-schema-graph\">{\"@context\":\"https:\/\/schema.org\",\"@graph\":[{\"@type\":\"WebPage\",\"@id\":\"https:\/\/www.pmpf.rs.gov.br\/portal-do-servidor-publico\/ordens-de-servico\/ano-2017\/\",\"url\":\"https:\/\/www.pmpf.rs.gov.br\/portal-do-servidor-publico\/ordens-de-servico\/ano-2017\/\",\"name\":\"Ano 2017 - Portal do Servidor P\u00fablico\",\"isPartOf\":{\"@id\":\"https:\/\/www.pmpf.rs.gov.br\/portal-do-servidor-publico\/#website\"},\"datePublished\":\"2022-01-14T15:27:12+00:00\",\"dateModified\":\"2022-01-14T15:27:13+00:00\",\"breadcrumb\":{\"@id\":\"https:\/\/www.pmpf.rs.gov.br\/portal-do-servidor-publico\/ordens-de-servico\/ano-2017\/#breadcrumb\"},\"inLanguage\":\"pt-BR\",\"potentialAction\":[{\"@type\":\"ReadAction\",\"target\":[\"https:\/\/www.pmpf.rs.gov.br\/portal-do-servidor-publico\/ordens-de-servico\/ano-2017\/\"]}]},{\"@type\":\"BreadcrumbList\",\"@id\":\"https:\/\/www.pmpf.rs.gov.br\/portal-do-servidor-publico\/ordens-de-servico\/ano-2017\/#breadcrumb\",\"itemListElement\":[{\"@type\":\"ListItem\",\"position\":1,\"name\":\"Ordens de Servi\u00e7o\",\"item\":\"https:\/\/www.pmpf.rs.gov.br\/portal-do-servidor-publico\/ordens-de-servico\/\"},{\"@type\":\"ListItem\",\"position\":2,\"name\":\"Ano 2017\"}]},{\"@type\":\"WebSite\",\"@id\":\"https:\/\/www.pmpf.rs.gov.br\/portal-do-servidor-publico\/#website\",\"url\":\"https:\/\/www.pmpf.rs.gov.br\/portal-do-servidor-publico\/\",\"name\":\"Portal do Servidor P\u00fablico\",\"description\":\"S\u00f3 mais um site Prefeitura de Passo Fundo\",\"potentialAction\":[{\"@type\":\"SearchAction\",\"target\":{\"@type\":\"EntryPoint\",\"urlTemplate\":\"https:\/\/www.pmpf.rs.gov.br\/portal-do-servidor-publico\/?s={search_term_string}\"},\"query-input\":{\"@type\":\"PropertyValueSpecification\",\"valueRequired\":true,\"valueName\":\"search_term_string\"}}],\"inLanguage\":\"pt-BR\"}]}<\/script>\n<!-- \/ Yoast SEO plugin. -->","yoast_head_json":{"title":"Ano 2017 - Portal do Servidor P\u00fablico","robots":{"index":"index","follow":"follow","max-snippet":"max-snippet:-1","max-image-preview":"max-image-preview:large","max-video-preview":"max-video-preview:-1"},"canonical":"https:\/\/www.pmpf.rs.gov.br\/portal-do-servidor-publico\/ordens-de-servico\/ano-2017\/","og_locale":"pt_BR","og_type":"article","og_title":"Ano 2017 - Portal do Servidor P\u00fablico","og_description":"Data Ordem 30-01-2017 Ordem Servi\u00e7o n\u00ba 01\/2017 &#8211; Estabelece procedimentos quanto \u00e0 resposta de of\u00edcios quando respondidos pela PGM. 10-02-2017 Ordem Servi\u00e7o n\u00ba 02\/2017 &#8211; Determina procedimentos a serem adotados pelas Secretarias [&hellip;]","og_url":"https:\/\/www.pmpf.rs.gov.br\/portal-do-servidor-publico\/ordens-de-servico\/ano-2017\/","og_site_name":"Portal do Servidor P\u00fablico","article_modified_time":"2022-01-14T15:27:13+00:00","twitter_card":"summary_large_image","twitter_misc":{"Est. tempo de leitura":"1 minuto"},"schema":{"@context":"https:\/\/schema.org","@graph":[{"@type":"WebPage","@id":"https:\/\/www.pmpf.rs.gov.br\/portal-do-servidor-publico\/ordens-de-servico\/ano-2017\/","url":"https:\/\/www.pmpf.rs.gov.br\/portal-do-servidor-publico\/ordens-de-servico\/ano-2017\/","name":"Ano 2017 - Portal do Servidor P\u00fablico","isPartOf":{"@id":"https:\/\/www.pmpf.rs.gov.br\/portal-do-servidor-publico\/#website"},"datePublished":"2022-01-14T15:27:12+00:00","dateModified":"2022-01-14T15:27:13+00:00","breadcrumb":{"@id":"https:\/\/www.pmpf.rs.gov.br\/portal-do-servidor-publico\/ordens-de-servico\/ano-2017\/#breadcrumb"},"inLanguage":"pt-BR","potentialAction":[{"@type":"ReadAction","target":["https:\/\/www.pmpf.rs.gov.br\/portal-do-servidor-publico\/ordens-de-servico\/ano-2017\/"]}]},{"@type":"BreadcrumbList","@id":"https:\/\/www.pmpf.rs.gov.br\/portal-do-servidor-publico\/ordens-de-servico\/ano-2017\/#breadcrumb","itemListElement":[{"@type":"ListItem","position":1,"name":"Ordens de Servi\u00e7o","item":"https:\/\/www.pmpf.rs.gov.br\/portal-do-servidor-publico\/ordens-de-servico\/"},{"@type":"ListItem","position":2,"name":"Ano 2017"}]},{"@type":"WebSite","@id":"https:\/\/www.pmpf.rs.gov.br\/portal-do-servidor-publico\/#website","url":"https:\/\/www.pmpf.rs.gov.br\/portal-do-servidor-publico\/","name":"Portal do Servidor P\u00fablico","description":"S\u00f3 mais um site Prefeitura de Passo Fundo","potentialAction":[{"@type":"SearchAction","target":{"@type":"EntryPoint","urlTemplate":"https:\/\/www.pmpf.rs.gov.br\/portal-do-servidor-publico\/?s={search_term_string}"},"query-input":{"@type":"PropertyValueSpecification","valueRequired":true,"valueName":"search_term_string"}}],"inLanguage":"pt-BR"}]}},"_links":{"self":[{"href":"https:\/\/www.pmpf.rs.gov.br\/portal-do-servidor-publico\/wp-json\/wp\/v2\/pages\/311"}],"collection":[{"href":"https:\/\/www.pmpf.rs.gov.br\/portal-do-servidor-publico\/wp-json\/wp\/v2\/pages"}],"about":[{"href":"https:\/\/www.pmpf.rs.gov.br\/portal-do-servidor-publico\/wp-json\/wp\/v2\/types\/page"}],"author":[{"embeddable":true,"href":"https:\/\/www.pmpf.rs.gov.br\/portal-do-servidor-publico\/wp-json\/wp\/v2\/users\/1"}],"replies":[{"embeddable":true,"href":"https:\/\/www.pmpf.rs.gov.br\/portal-do-servidor-publico\/wp-json\/wp\/v2\/comments?post=311"}],"version-history":[{"count":1,"href":"https:\/\/www.pmpf.rs.gov.br\/portal-do-servidor-publico\/wp-json\/wp\/v2\/pages\/311\/revisions"}],"predecessor-version":[{"id":312,"href":"https:\/\/www.pmpf.rs.gov.br\/portal-do-servidor-publico\/wp-json\/wp\/v2\/pages\/311\/revisions\/312"}],"up":[{"embeddable":true,"href":"https:\/\/www.pmpf.rs.gov.br\/portal-do-servidor-publico\/wp-json\/wp\/v2\/pages\/136"}],"wp:attachment":[{"href":"https:\/\/www.pmpf.rs.gov.br\/portal-do-servidor-publico\/wp-json\/wp\/v2\/media?parent=311"}],"curies":[{"name":"wp","href":"https:\/\/api.w.org\/{rel}","templated":true}]}}