{"id":301,"date":"2022-01-14T12:22:12","date_gmt":"2022-01-14T15:22:12","guid":{"rendered":"https:\/\/www.pmpf.rs.gov.br\/portal-do-servidor-publico\/?page_id=301"},"modified":"2022-01-14T12:22:12","modified_gmt":"2022-01-14T15:22:12","slug":"ano-2014","status":"publish","type":"page","link":"https:\/\/www.pmpf.rs.gov.br\/portal-do-servidor-publico\/ordens-de-servico\/ano-2014\/","title":{"rendered":"Ano 2014"},"content":{"rendered":"\n<figure class=\"wp-block-table\"><table><tbody><tr><td>Data<\/td><td>Ordem<\/td><\/tr><tr><td>13 Janeiro<\/td><td><a href=\"https:\/\/www.pmpf.rs.gov.br\/portal-do-servidor-publico\/wp-content\/uploads\/sites\/41\/2021\/12\/OS_01-2014.pdf\">Ordem Servi\u00e7o n\u00ba 01\/2014 &#8211; Regulamenta o registro de jornada de trabalho dos servidores municipais regidos pela CLT.<\/a><\/td><\/tr><tr><td>24 Janeiro<\/td><td><a href=\"https:\/\/www.pmpf.rs.gov.br\/portal-do-servidor-publico\/wp-content\/uploads\/sites\/41\/2021\/12\/OS_02-2014.pdf\">Ordem Servi\u00e7o n\u00ba 02\/2014 &#8211; Determina obriga\u00e7\u00f5es com rela\u00e7\u00e3o ao gozo de f\u00e9rias<\/a><\/td><\/tr><tr><td>4 Abril<\/td><td><a href=\"https:\/\/www.pmpf.rs.gov.br\/portal-do-servidor-publico\/wp-content\/uploads\/sites\/41\/2021\/12\/OS_03-2014.pdf\">Ordem Servi\u00e7o n\u00ba 03\/2014 &#8211; Procedimentos a serem cumpridos pelas secretarias quanto ao abastecimento de ve\u00edculos em viagens ou em postos de combust\u00edveis particulares.<\/a><\/td><\/tr><tr><td>13 Maio<\/td><td><a href=\"https:\/\/www.pmpf.rs.gov.br\/portal-do-servidor-publico\/wp-content\/uploads\/sites\/41\/2021\/12\/OS_04-2014.pdf\">Ordem Servi\u00e7o n\u00ba 04\/2014 -Determina procedimentos a serem cumpridos pela secretaria quanto ao correto andamento dos conv\u00eanios realizados com as entidades<\/a><\/td><\/tr><tr><td>18 Junho<\/td><td><a href=\"https:\/\/www.pmpf.rs.gov.br\/portal-do-servidor-publico\/wp-content\/uploads\/sites\/41\/2021\/12\/OS_06-2014.pdf\">Ordem Servi\u00e7o n\u00ba 06\/2014 -Determina a utiliza\u00e7\u00e3o da logomarca da administra\u00e7\u00e3o municipal 2013\/2016 nos documentos oficiais<\/a><\/td><\/tr><tr><td>11 Agosto<\/td><td><a href=\"https:\/\/www.pmpf.rs.gov.br\/portal-do-servidor-publico\/wp-content\/uploads\/sites\/41\/2021\/12\/OS_07-2014.pdf\">Ordem Servi\u00e7o n\u00ba 07\/2014 -Estabelece compet\u00eancia administrativa da Comiss\u00e3o Permanente de Licita\u00e7\u00e3o para a realiza\u00e7\u00e3o de procedimento de credenciamento por Chamada P\u00fablica no \u00e2mbito do Poder Executivo Municipal<\/a><\/td><\/tr><tr><td>25 Agosto<\/td><td><a href=\"https:\/\/www.pmpf.rs.gov.br\/portal-do-servidor-publico\/wp-content\/uploads\/sites\/41\/2021\/12\/OS_08-2014.pdf\">Ordem Servi\u00e7o n\u00ba 08\/2014 &#8211; Designa autoridades competentes para emiss\u00e3o de autoriza\u00e7\u00e3o para procedimentos veterin\u00e1rios, conforme Chamada P\u00fablica n\u00ba03\/2014<\/a><\/td><\/tr><tr><td>25 Novembro<\/td><td><a href=\"https:\/\/www.pmpf.rs.gov.br\/portal-do-servidor-publico\/wp-content\/uploads\/sites\/41\/2021\/12\/OS_09-2014.pdf\">Ordem Servi\u00e7o n\u00ba 09\/2014 &#8211; Estabelece os procedimentos de controle interno da alimenta\u00e7\u00e3o distribu\u00edda nas casas de acolhimento e alta complexidade<\/a><\/td><\/tr><tr><td>25 Novembro<\/td><td><a href=\"https:\/\/www.pmpf.rs.gov.br\/portal-do-servidor-publico\/wp-content\/uploads\/sites\/41\/2021\/12\/OS_10-2014.pdf\">Ordem Servi\u00e7o n\u00ba 10\/2014 &#8211; Estabelece os procedimentos de controle interno da distribui\u00e7\u00e3o da merenda escolar para as Escolas da Rede Municipal de Ensino<\/a><\/td><\/tr><tr><td>03 Dezembro<\/td><td><a href=\"https:\/\/www.pmpf.rs.gov.br\/portal-do-servidor-publico\/wp-content\/uploads\/sites\/41\/2021\/12\/OS_11-2014.pdf\">Ordem Servi\u00e7o n\u00ba 11\/2014 &#8211; Estabelece o procedimento para controle de efetividade nas reparti\u00e7\u00f5es p\u00fablicas municipais conforme especifica<\/a><\/td><\/tr><\/tbody><\/table><\/figure>\n","protected":false},"excerpt":{"rendered":"<p>Data Ordem 13 Janeiro Ordem Servi\u00e7o n\u00ba 01\/2014 &#8211; Regulamenta o registro de jornada de trabalho dos servidores municipais regidos pela CLT. 24 Janeiro Ordem Servi\u00e7o n\u00ba 02\/2014 &#8211; Determina obriga\u00e7\u00f5es com [&hellip;]<\/p>\n","protected":false},"author":1,"featured_media":0,"parent":136,"menu_order":0,"comment_status":"closed","ping_status":"closed","template":"","meta":{"footnotes":""},"class_list":["post-301","page","type-page","status-publish","hentry"],"yoast_head":"<!-- This site is optimized with the Yoast SEO plugin v23.8 - https:\/\/yoast.com\/wordpress\/plugins\/seo\/ -->\n<title>Ano 2014 - Portal do Servidor P\u00fablico<\/title>\n<meta name=\"robots\" content=\"index, follow, max-snippet:-1, max-image-preview:large, max-video-preview:-1\" \/>\n<link rel=\"canonical\" href=\"https:\/\/www.pmpf.rs.gov.br\/portal-do-servidor-publico\/ordens-de-servico\/ano-2014\/\" \/>\n<meta property=\"og:locale\" content=\"pt_BR\" \/>\n<meta property=\"og:type\" content=\"article\" \/>\n<meta property=\"og:title\" content=\"Ano 2014 - Portal do Servidor P\u00fablico\" \/>\n<meta property=\"og:description\" content=\"Data Ordem 13 Janeiro Ordem Servi\u00e7o n\u00ba 01\/2014 &#8211; Regulamenta o registro de jornada de trabalho dos servidores municipais regidos pela CLT. 24 Janeiro Ordem Servi\u00e7o n\u00ba 02\/2014 &#8211; Determina obriga\u00e7\u00f5es com [&hellip;]\" \/>\n<meta property=\"og:url\" content=\"https:\/\/www.pmpf.rs.gov.br\/portal-do-servidor-publico\/ordens-de-servico\/ano-2014\/\" \/>\n<meta property=\"og:site_name\" content=\"Portal do Servidor P\u00fablico\" \/>\n<meta name=\"twitter:card\" content=\"summary_large_image\" \/>\n<meta name=\"twitter:label1\" content=\"Est. tempo de leitura\" \/>\n\t<meta name=\"twitter:data1\" content=\"2 minutos\" \/>\n<script type=\"application\/ld+json\" class=\"yoast-schema-graph\">{\"@context\":\"https:\/\/schema.org\",\"@graph\":[{\"@type\":\"WebPage\",\"@id\":\"https:\/\/www.pmpf.rs.gov.br\/portal-do-servidor-publico\/ordens-de-servico\/ano-2014\/\",\"url\":\"https:\/\/www.pmpf.rs.gov.br\/portal-do-servidor-publico\/ordens-de-servico\/ano-2014\/\",\"name\":\"Ano 2014 - Portal do Servidor P\u00fablico\",\"isPartOf\":{\"@id\":\"https:\/\/www.pmpf.rs.gov.br\/portal-do-servidor-publico\/#website\"},\"datePublished\":\"2022-01-14T15:22:12+00:00\",\"dateModified\":\"2022-01-14T15:22:12+00:00\",\"breadcrumb\":{\"@id\":\"https:\/\/www.pmpf.rs.gov.br\/portal-do-servidor-publico\/ordens-de-servico\/ano-2014\/#breadcrumb\"},\"inLanguage\":\"pt-BR\",\"potentialAction\":[{\"@type\":\"ReadAction\",\"target\":[\"https:\/\/www.pmpf.rs.gov.br\/portal-do-servidor-publico\/ordens-de-servico\/ano-2014\/\"]}]},{\"@type\":\"BreadcrumbList\",\"@id\":\"https:\/\/www.pmpf.rs.gov.br\/portal-do-servidor-publico\/ordens-de-servico\/ano-2014\/#breadcrumb\",\"itemListElement\":[{\"@type\":\"ListItem\",\"position\":1,\"name\":\"Ordens de Servi\u00e7o\",\"item\":\"https:\/\/www.pmpf.rs.gov.br\/portal-do-servidor-publico\/ordens-de-servico\/\"},{\"@type\":\"ListItem\",\"position\":2,\"name\":\"Ano 2014\"}]},{\"@type\":\"WebSite\",\"@id\":\"https:\/\/www.pmpf.rs.gov.br\/portal-do-servidor-publico\/#website\",\"url\":\"https:\/\/www.pmpf.rs.gov.br\/portal-do-servidor-publico\/\",\"name\":\"Portal do Servidor P\u00fablico\",\"description\":\"S\u00f3 mais um site Prefeitura de Passo Fundo\",\"potentialAction\":[{\"@type\":\"SearchAction\",\"target\":{\"@type\":\"EntryPoint\",\"urlTemplate\":\"https:\/\/www.pmpf.rs.gov.br\/portal-do-servidor-publico\/?s={search_term_string}\"},\"query-input\":{\"@type\":\"PropertyValueSpecification\",\"valueRequired\":true,\"valueName\":\"search_term_string\"}}],\"inLanguage\":\"pt-BR\"}]}<\/script>\n<!-- \/ Yoast SEO plugin. -->","yoast_head_json":{"title":"Ano 2014 - Portal do Servidor P\u00fablico","robots":{"index":"index","follow":"follow","max-snippet":"max-snippet:-1","max-image-preview":"max-image-preview:large","max-video-preview":"max-video-preview:-1"},"canonical":"https:\/\/www.pmpf.rs.gov.br\/portal-do-servidor-publico\/ordens-de-servico\/ano-2014\/","og_locale":"pt_BR","og_type":"article","og_title":"Ano 2014 - Portal do Servidor P\u00fablico","og_description":"Data Ordem 13 Janeiro Ordem Servi\u00e7o n\u00ba 01\/2014 &#8211; Regulamenta o registro de jornada de trabalho dos servidores municipais regidos pela CLT. 24 Janeiro Ordem Servi\u00e7o n\u00ba 02\/2014 &#8211; Determina obriga\u00e7\u00f5es com [&hellip;]","og_url":"https:\/\/www.pmpf.rs.gov.br\/portal-do-servidor-publico\/ordens-de-servico\/ano-2014\/","og_site_name":"Portal do Servidor P\u00fablico","twitter_card":"summary_large_image","twitter_misc":{"Est. tempo de leitura":"2 minutos"},"schema":{"@context":"https:\/\/schema.org","@graph":[{"@type":"WebPage","@id":"https:\/\/www.pmpf.rs.gov.br\/portal-do-servidor-publico\/ordens-de-servico\/ano-2014\/","url":"https:\/\/www.pmpf.rs.gov.br\/portal-do-servidor-publico\/ordens-de-servico\/ano-2014\/","name":"Ano 2014 - Portal do Servidor P\u00fablico","isPartOf":{"@id":"https:\/\/www.pmpf.rs.gov.br\/portal-do-servidor-publico\/#website"},"datePublished":"2022-01-14T15:22:12+00:00","dateModified":"2022-01-14T15:22:12+00:00","breadcrumb":{"@id":"https:\/\/www.pmpf.rs.gov.br\/portal-do-servidor-publico\/ordens-de-servico\/ano-2014\/#breadcrumb"},"inLanguage":"pt-BR","potentialAction":[{"@type":"ReadAction","target":["https:\/\/www.pmpf.rs.gov.br\/portal-do-servidor-publico\/ordens-de-servico\/ano-2014\/"]}]},{"@type":"BreadcrumbList","@id":"https:\/\/www.pmpf.rs.gov.br\/portal-do-servidor-publico\/ordens-de-servico\/ano-2014\/#breadcrumb","itemListElement":[{"@type":"ListItem","position":1,"name":"Ordens de Servi\u00e7o","item":"https:\/\/www.pmpf.rs.gov.br\/portal-do-servidor-publico\/ordens-de-servico\/"},{"@type":"ListItem","position":2,"name":"Ano 2014"}]},{"@type":"WebSite","@id":"https:\/\/www.pmpf.rs.gov.br\/portal-do-servidor-publico\/#website","url":"https:\/\/www.pmpf.rs.gov.br\/portal-do-servidor-publico\/","name":"Portal do Servidor P\u00fablico","description":"S\u00f3 mais um site Prefeitura de Passo Fundo","potentialAction":[{"@type":"SearchAction","target":{"@type":"EntryPoint","urlTemplate":"https:\/\/www.pmpf.rs.gov.br\/portal-do-servidor-publico\/?s={search_term_string}"},"query-input":{"@type":"PropertyValueSpecification","valueRequired":true,"valueName":"search_term_string"}}],"inLanguage":"pt-BR"}]}},"_links":{"self":[{"href":"https:\/\/www.pmpf.rs.gov.br\/portal-do-servidor-publico\/wp-json\/wp\/v2\/pages\/301"}],"collection":[{"href":"https:\/\/www.pmpf.rs.gov.br\/portal-do-servidor-publico\/wp-json\/wp\/v2\/pages"}],"about":[{"href":"https:\/\/www.pmpf.rs.gov.br\/portal-do-servidor-publico\/wp-json\/wp\/v2\/types\/page"}],"author":[{"embeddable":true,"href":"https:\/\/www.pmpf.rs.gov.br\/portal-do-servidor-publico\/wp-json\/wp\/v2\/users\/1"}],"replies":[{"embeddable":true,"href":"https:\/\/www.pmpf.rs.gov.br\/portal-do-servidor-publico\/wp-json\/wp\/v2\/comments?post=301"}],"version-history":[{"count":1,"href":"https:\/\/www.pmpf.rs.gov.br\/portal-do-servidor-publico\/wp-json\/wp\/v2\/pages\/301\/revisions"}],"predecessor-version":[{"id":302,"href":"https:\/\/www.pmpf.rs.gov.br\/portal-do-servidor-publico\/wp-json\/wp\/v2\/pages\/301\/revisions\/302"}],"up":[{"embeddable":true,"href":"https:\/\/www.pmpf.rs.gov.br\/portal-do-servidor-publico\/wp-json\/wp\/v2\/pages\/136"}],"wp:attachment":[{"href":"https:\/\/www.pmpf.rs.gov.br\/portal-do-servidor-publico\/wp-json\/wp\/v2\/media?parent=301"}],"curies":[{"name":"wp","href":"https:\/\/api.w.org\/{rel}","templated":true}]}}