{"id":284,"date":"2022-01-14T11:54:36","date_gmt":"2022-01-14T14:54:36","guid":{"rendered":"https:\/\/www.pmpf.rs.gov.br\/portal-do-servidor-publico\/?page_id=284"},"modified":"2022-01-14T11:55:13","modified_gmt":"2022-01-14T14:55:13","slug":"ano-2009","status":"publish","type":"page","link":"https:\/\/www.pmpf.rs.gov.br\/portal-do-servidor-publico\/ordens-de-servico\/ano-2009\/","title":{"rendered":"Ano 2009"},"content":{"rendered":"\n<figure class=\"wp-block-table\"><table><tbody><tr><td>Data<\/td><td>Ordem<\/td><\/tr><tr><td>05 Mar\u00e7o<\/td><td><a href=\"https:\/\/www.pmpf.rs.gov.br\/portal-do-servidor-publico\/wp-content\/uploads\/sites\/41\/2021\/12\/OS_01-2009.pdf\">Ordem Servi\u00e7o n\u00ba 01\/2009 &#8211; Determina procedimentos para os participantes no curso de t\u00e9cnicas de pesquisa de valores mobili\u00e1rios<\/a><\/td><\/tr><tr><td>05 Mar\u00e7o<\/td><td><a href=\"https:\/\/www.pmpf.rs.gov.br\/portal-do-servidor-publico\/wp-content\/uploads\/sites\/41\/2021\/12\/OS_02-2009.pdf\">Ordem Servi\u00e7o n\u00ba 02\/2009 &#8211; Determina que a partir do m\u00eas de mar\u00e7o de 2009 fica liberada a realiza\u00e7\u00e3o de at\u00e9 50 (cinquenta) horas extras mensais para os servidores das Secretarias de Habita\u00e7\u00e3o e Obras<\/a><\/td><\/tr><tr><td>02 Abril<\/td><td><a href=\"https:\/\/www.pmpf.rs.gov.br\/portal-do-servidor-publico\/wp-content\/uploads\/sites\/41\/2021\/12\/OS_03-2009.pdf\">Ordem Servi\u00e7o n\u00ba 03\/2009 &#8211; Determina que nos meses de mar\u00e7o,abril e maio de 2009 fica liberada a realiza\u00e7\u00e3o de at\u00e9 40 (quarenta) horas extras mensais para os servidores da Secretaria de Transportes, Mobilidade Urbana e Seguran\u00e7a, exclusivamente para o servidores efetivos pelo N\u00facleo de Ilumina\u00e7\u00e3o P\u00fablica<\/a><\/td><\/tr><tr><td>12 Maio<\/td><td><a href=\"https:\/\/www.pmpf.rs.gov.br\/portal-do-servidor-publico\/wp-content\/uploads\/sites\/41\/2021\/12\/OS_04-2009.pdf\">Ordem Servi\u00e7o n\u00ba 04\/2009 &#8211; Determina aos secret\u00e1rios, em conjunto com as Coordenadorias de Administra\u00e7\u00e3o e Planejamento &#8211; CAP, o estabelecimento de prioridades nos gastos de suas respectivas secretarias<\/a><\/td><\/tr><tr><td>12 Maio<\/td><td><a href=\"https:\/\/www.pmpf.rs.gov.br\/portal-do-servidor-publico\/wp-content\/uploads\/sites\/41\/2021\/12\/OS_05-2009.pdf\">Ordem Servi\u00e7o n\u00ba 05\/2009 &#8211; Estabelece procedimentos para o correto andamento dos conv\u00eanios realizados com as entidades<\/a><\/td><\/tr><tr><td>06 Outubro<\/td><td><a href=\"https:\/\/www.pmpf.rs.gov.br\/portal-do-servidor-publico\/wp-content\/uploads\/sites\/41\/2021\/12\/OS_06-2009.pdf\">Ordem Servi\u00e7o n\u00ba 06\/2009 &#8211; Estabelece procedimentos quanto a curso de capacita\u00e7\u00e3o<\/a><\/td><\/tr><tr><td>02 Dezembro<\/td><td><a href=\"https:\/\/www.pmpf.rs.gov.br\/portal-do-servidor-publico\/wp-content\/uploads\/sites\/41\/2021\/12\/OS_07-2009.pdf\">Ordem Servi\u00e7o n\u00ba 07\/2009 &#8211; Referente a expediente dos dias 24 e 31 de dezembro de 2009<\/a><\/td><\/tr><\/tbody><\/table><\/figure>\n","protected":false},"excerpt":{"rendered":"<p>Data Ordem 05 Mar\u00e7o Ordem Servi\u00e7o n\u00ba 01\/2009 &#8211; Determina procedimentos para os participantes no curso de t\u00e9cnicas de pesquisa de valores mobili\u00e1rios 05 Mar\u00e7o Ordem Servi\u00e7o n\u00ba 02\/2009 &#8211; Determina que [&hellip;]<\/p>\n","protected":false},"author":1,"featured_media":0,"parent":136,"menu_order":0,"comment_status":"closed","ping_status":"closed","template":"","meta":{"footnotes":""},"class_list":["post-284","page","type-page","status-publish","hentry"],"yoast_head":"<!-- This site is optimized with the Yoast SEO plugin v23.8 - https:\/\/yoast.com\/wordpress\/plugins\/seo\/ -->\n<title>Ano 2009 - Portal do Servidor P\u00fablico<\/title>\n<meta name=\"robots\" content=\"index, follow, max-snippet:-1, max-image-preview:large, max-video-preview:-1\" \/>\n<link rel=\"canonical\" href=\"https:\/\/www.pmpf.rs.gov.br\/portal-do-servidor-publico\/ordens-de-servico\/ano-2009\/\" \/>\n<meta property=\"og:locale\" content=\"pt_BR\" \/>\n<meta property=\"og:type\" content=\"article\" \/>\n<meta property=\"og:title\" content=\"Ano 2009 - Portal do Servidor P\u00fablico\" \/>\n<meta property=\"og:description\" content=\"Data Ordem 05 Mar\u00e7o Ordem Servi\u00e7o n\u00ba 01\/2009 &#8211; Determina procedimentos para os participantes no curso de t\u00e9cnicas de pesquisa de valores mobili\u00e1rios 05 Mar\u00e7o Ordem Servi\u00e7o n\u00ba 02\/2009 &#8211; Determina que [&hellip;]\" \/>\n<meta property=\"og:url\" content=\"https:\/\/www.pmpf.rs.gov.br\/portal-do-servidor-publico\/ordens-de-servico\/ano-2009\/\" \/>\n<meta property=\"og:site_name\" content=\"Portal do Servidor P\u00fablico\" \/>\n<meta property=\"article:modified_time\" content=\"2022-01-14T14:55:13+00:00\" \/>\n<meta name=\"twitter:card\" content=\"summary_large_image\" \/>\n<meta name=\"twitter:label1\" content=\"Est. tempo de leitura\" \/>\n\t<meta name=\"twitter:data1\" content=\"2 minutos\" \/>\n<script type=\"application\/ld+json\" class=\"yoast-schema-graph\">{\"@context\":\"https:\/\/schema.org\",\"@graph\":[{\"@type\":\"WebPage\",\"@id\":\"https:\/\/www.pmpf.rs.gov.br\/portal-do-servidor-publico\/ordens-de-servico\/ano-2009\/\",\"url\":\"https:\/\/www.pmpf.rs.gov.br\/portal-do-servidor-publico\/ordens-de-servico\/ano-2009\/\",\"name\":\"Ano 2009 - Portal do Servidor P\u00fablico\",\"isPartOf\":{\"@id\":\"https:\/\/www.pmpf.rs.gov.br\/portal-do-servidor-publico\/#website\"},\"datePublished\":\"2022-01-14T14:54:36+00:00\",\"dateModified\":\"2022-01-14T14:55:13+00:00\",\"breadcrumb\":{\"@id\":\"https:\/\/www.pmpf.rs.gov.br\/portal-do-servidor-publico\/ordens-de-servico\/ano-2009\/#breadcrumb\"},\"inLanguage\":\"pt-BR\",\"potentialAction\":[{\"@type\":\"ReadAction\",\"target\":[\"https:\/\/www.pmpf.rs.gov.br\/portal-do-servidor-publico\/ordens-de-servico\/ano-2009\/\"]}]},{\"@type\":\"BreadcrumbList\",\"@id\":\"https:\/\/www.pmpf.rs.gov.br\/portal-do-servidor-publico\/ordens-de-servico\/ano-2009\/#breadcrumb\",\"itemListElement\":[{\"@type\":\"ListItem\",\"position\":1,\"name\":\"Ordens de Servi\u00e7o\",\"item\":\"https:\/\/www.pmpf.rs.gov.br\/portal-do-servidor-publico\/ordens-de-servico\/\"},{\"@type\":\"ListItem\",\"position\":2,\"name\":\"Ano 2009\"}]},{\"@type\":\"WebSite\",\"@id\":\"https:\/\/www.pmpf.rs.gov.br\/portal-do-servidor-publico\/#website\",\"url\":\"https:\/\/www.pmpf.rs.gov.br\/portal-do-servidor-publico\/\",\"name\":\"Portal do Servidor P\u00fablico\",\"description\":\"S\u00f3 mais um site Prefeitura de Passo Fundo\",\"potentialAction\":[{\"@type\":\"SearchAction\",\"target\":{\"@type\":\"EntryPoint\",\"urlTemplate\":\"https:\/\/www.pmpf.rs.gov.br\/portal-do-servidor-publico\/?s={search_term_string}\"},\"query-input\":{\"@type\":\"PropertyValueSpecification\",\"valueRequired\":true,\"valueName\":\"search_term_string\"}}],\"inLanguage\":\"pt-BR\"}]}<\/script>\n<!-- \/ Yoast SEO plugin. -->","yoast_head_json":{"title":"Ano 2009 - Portal do Servidor P\u00fablico","robots":{"index":"index","follow":"follow","max-snippet":"max-snippet:-1","max-image-preview":"max-image-preview:large","max-video-preview":"max-video-preview:-1"},"canonical":"https:\/\/www.pmpf.rs.gov.br\/portal-do-servidor-publico\/ordens-de-servico\/ano-2009\/","og_locale":"pt_BR","og_type":"article","og_title":"Ano 2009 - Portal do Servidor P\u00fablico","og_description":"Data Ordem 05 Mar\u00e7o Ordem Servi\u00e7o n\u00ba 01\/2009 &#8211; Determina procedimentos para os participantes no curso de t\u00e9cnicas de pesquisa de valores mobili\u00e1rios 05 Mar\u00e7o Ordem Servi\u00e7o n\u00ba 02\/2009 &#8211; Determina que [&hellip;]","og_url":"https:\/\/www.pmpf.rs.gov.br\/portal-do-servidor-publico\/ordens-de-servico\/ano-2009\/","og_site_name":"Portal do Servidor P\u00fablico","article_modified_time":"2022-01-14T14:55:13+00:00","twitter_card":"summary_large_image","twitter_misc":{"Est. tempo de leitura":"2 minutos"},"schema":{"@context":"https:\/\/schema.org","@graph":[{"@type":"WebPage","@id":"https:\/\/www.pmpf.rs.gov.br\/portal-do-servidor-publico\/ordens-de-servico\/ano-2009\/","url":"https:\/\/www.pmpf.rs.gov.br\/portal-do-servidor-publico\/ordens-de-servico\/ano-2009\/","name":"Ano 2009 - Portal do Servidor P\u00fablico","isPartOf":{"@id":"https:\/\/www.pmpf.rs.gov.br\/portal-do-servidor-publico\/#website"},"datePublished":"2022-01-14T14:54:36+00:00","dateModified":"2022-01-14T14:55:13+00:00","breadcrumb":{"@id":"https:\/\/www.pmpf.rs.gov.br\/portal-do-servidor-publico\/ordens-de-servico\/ano-2009\/#breadcrumb"},"inLanguage":"pt-BR","potentialAction":[{"@type":"ReadAction","target":["https:\/\/www.pmpf.rs.gov.br\/portal-do-servidor-publico\/ordens-de-servico\/ano-2009\/"]}]},{"@type":"BreadcrumbList","@id":"https:\/\/www.pmpf.rs.gov.br\/portal-do-servidor-publico\/ordens-de-servico\/ano-2009\/#breadcrumb","itemListElement":[{"@type":"ListItem","position":1,"name":"Ordens de Servi\u00e7o","item":"https:\/\/www.pmpf.rs.gov.br\/portal-do-servidor-publico\/ordens-de-servico\/"},{"@type":"ListItem","position":2,"name":"Ano 2009"}]},{"@type":"WebSite","@id":"https:\/\/www.pmpf.rs.gov.br\/portal-do-servidor-publico\/#website","url":"https:\/\/www.pmpf.rs.gov.br\/portal-do-servidor-publico\/","name":"Portal do Servidor P\u00fablico","description":"S\u00f3 mais um site Prefeitura de Passo Fundo","potentialAction":[{"@type":"SearchAction","target":{"@type":"EntryPoint","urlTemplate":"https:\/\/www.pmpf.rs.gov.br\/portal-do-servidor-publico\/?s={search_term_string}"},"query-input":{"@type":"PropertyValueSpecification","valueRequired":true,"valueName":"search_term_string"}}],"inLanguage":"pt-BR"}]}},"_links":{"self":[{"href":"https:\/\/www.pmpf.rs.gov.br\/portal-do-servidor-publico\/wp-json\/wp\/v2\/pages\/284"}],"collection":[{"href":"https:\/\/www.pmpf.rs.gov.br\/portal-do-servidor-publico\/wp-json\/wp\/v2\/pages"}],"about":[{"href":"https:\/\/www.pmpf.rs.gov.br\/portal-do-servidor-publico\/wp-json\/wp\/v2\/types\/page"}],"author":[{"embeddable":true,"href":"https:\/\/www.pmpf.rs.gov.br\/portal-do-servidor-publico\/wp-json\/wp\/v2\/users\/1"}],"replies":[{"embeddable":true,"href":"https:\/\/www.pmpf.rs.gov.br\/portal-do-servidor-publico\/wp-json\/wp\/v2\/comments?post=284"}],"version-history":[{"count":2,"href":"https:\/\/www.pmpf.rs.gov.br\/portal-do-servidor-publico\/wp-json\/wp\/v2\/pages\/284\/revisions"}],"predecessor-version":[{"id":286,"href":"https:\/\/www.pmpf.rs.gov.br\/portal-do-servidor-publico\/wp-json\/wp\/v2\/pages\/284\/revisions\/286"}],"up":[{"embeddable":true,"href":"https:\/\/www.pmpf.rs.gov.br\/portal-do-servidor-publico\/wp-json\/wp\/v2\/pages\/136"}],"wp:attachment":[{"href":"https:\/\/www.pmpf.rs.gov.br\/portal-do-servidor-publico\/wp-json\/wp\/v2\/media?parent=284"}],"curies":[{"name":"wp","href":"https:\/\/api.w.org\/{rel}","templated":true}]}}