{"id":276,"date":"2022-01-14T11:51:35","date_gmt":"2022-01-14T14:51:35","guid":{"rendered":"https:\/\/www.pmpf.rs.gov.br\/portal-do-servidor-publico\/?page_id=276"},"modified":"2022-01-14T11:51:36","modified_gmt":"2022-01-14T14:51:36","slug":"ano-2005","status":"publish","type":"page","link":"https:\/\/www.pmpf.rs.gov.br\/portal-do-servidor-publico\/ordens-de-servico\/ano-2005\/","title":{"rendered":"Ano 2005"},"content":{"rendered":"\n<figure class=\"wp-block-table\"><table><tbody><tr><td>Data<\/td><td>Ordem<\/td><\/tr><tr><td>11 Janeiro<\/td><td><a href=\"https:\/\/www.pmpf.rs.gov.br\/portal-do-servidor-publico\/wp-content\/uploads\/sites\/41\/2021\/12\/OS_01-2005.pdf\">Ordem Servi\u00e7o n\u00ba 01\/2005 &#8211; Determina procedimentos administrativos para todas as secretarias municipais<\/a><\/td><\/tr><tr><td>19 Janeiro<\/td><td><a href=\"https:\/\/www.pmpf.rs.gov.br\/portal-do-servidor-publico\/wp-content\/uploads\/sites\/41\/2021\/12\/OS_02-2005.pdf\">Ordem Servi\u00e7o n\u00ba 02\/2005 &#8211; Disp\u00f5e sobre procedimentos em processos em tramita\u00e7\u00e3o<\/a><\/td><\/tr><tr><td>21 Janeiro<\/td><td><a href=\"https:\/\/www.pmpf.rs.gov.br\/portal-do-servidor-publico\/wp-content\/uploads\/sites\/41\/2021\/12\/OS_03-2005.pdf\">Ordem Servi\u00e7o n\u00ba 03\/2005 &#8211; Disp\u00f5e sobre procedimentos quanto a c\u00f3pias na gr\u00e1fica e postagem de correspond\u00eancias<\/a><\/td><\/tr><tr><td>01 Fevereiro<\/td><td><a href=\"https:\/\/www.pmpf.rs.gov.br\/portal-do-servidor-publico\/wp-content\/uploads\/sites\/41\/2021\/12\/OS_04-2005.pdf\">Ordem Servi\u00e7o n\u00ba 04\/2005 &#8211; Regulamenta a entrega dos equipamentos de inform\u00e1tica na prefeitura municipal<\/a><\/td><\/tr><tr><td>01 Fevereiro<\/td><td><a href=\"https:\/\/www.pmpf.rs.gov.br\/portal-do-servidor-publico\/wp-content\/uploads\/sites\/41\/2021\/12\/OS_05-2005.pdf\">Ordem Servi\u00e7o n\u00ba 05\/2005 &#8211; Determina procedimentos quanto ao arquivamento de Processos Administrativos e Internos<\/a><\/td><\/tr><tr><td>21 Fevereiro<\/td><td><a href=\"https:\/\/www.pmpf.rs.gov.br\/portal-do-servidor-publico\/wp-content\/uploads\/sites\/41\/2021\/12\/OS_06-2005.pdf\">Ordem Servi\u00e7o n\u00ba 06\/2005 &#8211; Suspende a concess\u00e3o de Licen\u00e7a Pr\u00eamio em dinheiro<\/a><\/td><\/tr><tr><td>22 Fevereiro<\/td><td><a href=\"https:\/\/www.pmpf.rs.gov.br\/portal-do-servidor-publico\/wp-content\/uploads\/sites\/41\/2021\/12\/OS_07-2005.pdf\">Ordem Servi\u00e7o n\u00ba 07\/2005 &#8211; Determina procedimentos quanto a equipamentos e materiais permanentes<\/a><\/td><\/tr><tr><td>02 Maio<\/td><td><a href=\"https:\/\/www.pmpf.rs.gov.br\/portal-do-servidor-publico\/wp-content\/uploads\/sites\/41\/2021\/12\/OS_08-2005.pdf\">Ordem Servi\u00e7o n\u00ba 08\/2005 &#8211; Regulamenta procedimentos quanto a abertura de cr\u00e9dito adicional suplementar<\/a><\/td><\/tr><tr><td>03 Maio<\/td><td><a href=\"https:\/\/www.pmpf.rs.gov.br\/portal-do-servidor-publico\/wp-content\/uploads\/sites\/41\/2021\/12\/OS_09-2005.pdf\">Ordem Servi\u00e7o n\u00ba 09\/2005 &#8211; Regula a compra de m\u00f3veis para escrit\u00f3rio<\/a><\/td><\/tr><tr><td>01 Julho<\/td><td><a href=\"https:\/\/www.pmpf.rs.gov.br\/portal-do-servidor-publico\/wp-content\/uploads\/sites\/41\/2021\/12\/OS_10-2005.pdf\">Ordem Servi\u00e7o n\u00ba 10\/2005 &#8211; Disp\u00f5e sobre abastecimento de ve\u00edculos movidos a \u00f3leo diesel<\/a><\/td><\/tr><tr><td>05 Agosto<\/td><td><a href=\"https:\/\/www.pmpf.rs.gov.br\/portal-do-servidor-publico\/wp-content\/uploads\/sites\/41\/2021\/12\/OS_11-2005.pdf\">Ordem Servi\u00e7o n\u00ba 11\/2005 &#8211; Disp\u00f5e sobre levantamento de bens patrimoniais das secretarias municipais<\/a><\/td><\/tr><tr><td>19 Agosto<\/td><td><a href=\"https:\/\/www.pmpf.rs.gov.br\/portal-do-servidor-publico\/wp-content\/uploads\/sites\/41\/2021\/12\/OS_12-2005.pdf\">Ordem Servi\u00e7o n\u00ba 12\/2005 &#8211; Disp\u00f5e sobre a perman\u00eancia de servidores junto a bomba de abastecimento de combust\u00edveis<\/a><\/td><\/tr><tr><td>13 Setembro<\/td><td><a href=\"https:\/\/www.pmpf.rs.gov.br\/portal-do-servidor-publico\/wp-content\/uploads\/sites\/41\/2021\/12\/OS_13-2005.pdf\">Ordem Servi\u00e7o n\u00ba 13\/2005 &#8211; Pro\u00edbe instala\u00e7\u00e3o de programas de computadores<\/a><\/td><\/tr><tr><td>13 Setembro<\/td><td><a href=\"https:\/\/www.pmpf.rs.gov.br\/portal-do-servidor-publico\/wp-content\/uploads\/sites\/41\/2021\/12\/OS_14-2005.pdf\">Ordem Servi\u00e7o n\u00ba 14\/2005 &#8211; Disp\u00f5e sobre procedimentos quanto as c\u00f3pias de seguran\u00e7a nos computadores<\/a><\/td><\/tr><tr><td>21 Setembro<\/td><td><a href=\"https:\/\/www.pmpf.rs.gov.br\/portal-do-servidor-publico\/wp-content\/uploads\/sites\/41\/2021\/12\/OS_15-2005.pdf\">Ordem Servi\u00e7o n\u00ba 15\/2005 &#8211; Disp\u00f5e sobre acesso as depend\u00eancias dos pr\u00e9dios da Prefeitura Municipal<\/a><\/td><\/tr><tr><td>21 Novembro<\/td><td><a href=\"https:\/\/www.pmpf.rs.gov.br\/portal-do-servidor-publico\/wp-content\/uploads\/sites\/41\/2021\/12\/OS_16-2005.pdf\">Ordem Servi\u00e7o n\u00ba 16\/2005 &#8211; Disp\u00f5e sobre conv\u00eanio celebrado entre o munic\u00edpio e entidades<\/a><\/td><\/tr><tr><td>28 Dezembro<\/td><td><a href=\"https:\/\/www.pmpf.rs.gov.br\/portal-do-servidor-publico\/wp-content\/uploads\/sites\/41\/2021\/12\/OS_17-2005.pdf\">Ordem Servi\u00e7o n\u00ba 17\/2005 &#8211; Disp\u00f5e sobre realiza\u00e7\u00e3o de horas extras<\/a><\/td><\/tr><\/tbody><\/table><\/figure>\n","protected":false},"excerpt":{"rendered":"<p>Data Ordem 11 Janeiro Ordem Servi\u00e7o n\u00ba 01\/2005 &#8211; Determina procedimentos administrativos para todas as secretarias municipais 19 Janeiro Ordem Servi\u00e7o n\u00ba 02\/2005 &#8211; Disp\u00f5e sobre procedimentos em processos em tramita\u00e7\u00e3o 21 [&hellip;]<\/p>\n","protected":false},"author":1,"featured_media":0,"parent":136,"menu_order":0,"comment_status":"closed","ping_status":"closed","template":"","meta":{"footnotes":""},"class_list":["post-276","page","type-page","status-publish","hentry"],"yoast_head":"<!-- This site is optimized with the Yoast SEO plugin v23.8 - https:\/\/yoast.com\/wordpress\/plugins\/seo\/ -->\n<title>Ano 2005 - Portal do Servidor P\u00fablico<\/title>\n<meta name=\"robots\" content=\"index, follow, max-snippet:-1, max-image-preview:large, max-video-preview:-1\" \/>\n<link rel=\"canonical\" href=\"https:\/\/www.pmpf.rs.gov.br\/portal-do-servidor-publico\/ordens-de-servico\/ano-2005\/\" \/>\n<meta property=\"og:locale\" content=\"pt_BR\" \/>\n<meta property=\"og:type\" content=\"article\" \/>\n<meta property=\"og:title\" content=\"Ano 2005 - Portal do Servidor P\u00fablico\" \/>\n<meta property=\"og:description\" content=\"Data Ordem 11 Janeiro Ordem Servi\u00e7o n\u00ba 01\/2005 &#8211; Determina procedimentos administrativos para todas as secretarias municipais 19 Janeiro Ordem Servi\u00e7o n\u00ba 02\/2005 &#8211; Disp\u00f5e sobre procedimentos em processos em tramita\u00e7\u00e3o 21 [&hellip;]\" \/>\n<meta property=\"og:url\" content=\"https:\/\/www.pmpf.rs.gov.br\/portal-do-servidor-publico\/ordens-de-servico\/ano-2005\/\" \/>\n<meta property=\"og:site_name\" content=\"Portal do Servidor P\u00fablico\" \/>\n<meta property=\"article:modified_time\" content=\"2022-01-14T14:51:36+00:00\" \/>\n<meta name=\"twitter:card\" content=\"summary_large_image\" \/>\n<meta name=\"twitter:label1\" content=\"Est. tempo de leitura\" \/>\n\t<meta name=\"twitter:data1\" content=\"2 minutos\" \/>\n<script type=\"application\/ld+json\" class=\"yoast-schema-graph\">{\"@context\":\"https:\/\/schema.org\",\"@graph\":[{\"@type\":\"WebPage\",\"@id\":\"https:\/\/www.pmpf.rs.gov.br\/portal-do-servidor-publico\/ordens-de-servico\/ano-2005\/\",\"url\":\"https:\/\/www.pmpf.rs.gov.br\/portal-do-servidor-publico\/ordens-de-servico\/ano-2005\/\",\"name\":\"Ano 2005 - Portal do Servidor P\u00fablico\",\"isPartOf\":{\"@id\":\"https:\/\/www.pmpf.rs.gov.br\/portal-do-servidor-publico\/#website\"},\"datePublished\":\"2022-01-14T14:51:35+00:00\",\"dateModified\":\"2022-01-14T14:51:36+00:00\",\"breadcrumb\":{\"@id\":\"https:\/\/www.pmpf.rs.gov.br\/portal-do-servidor-publico\/ordens-de-servico\/ano-2005\/#breadcrumb\"},\"inLanguage\":\"pt-BR\",\"potentialAction\":[{\"@type\":\"ReadAction\",\"target\":[\"https:\/\/www.pmpf.rs.gov.br\/portal-do-servidor-publico\/ordens-de-servico\/ano-2005\/\"]}]},{\"@type\":\"BreadcrumbList\",\"@id\":\"https:\/\/www.pmpf.rs.gov.br\/portal-do-servidor-publico\/ordens-de-servico\/ano-2005\/#breadcrumb\",\"itemListElement\":[{\"@type\":\"ListItem\",\"position\":1,\"name\":\"Ordens de Servi\u00e7o\",\"item\":\"https:\/\/www.pmpf.rs.gov.br\/portal-do-servidor-publico\/ordens-de-servico\/\"},{\"@type\":\"ListItem\",\"position\":2,\"name\":\"Ano 2005\"}]},{\"@type\":\"WebSite\",\"@id\":\"https:\/\/www.pmpf.rs.gov.br\/portal-do-servidor-publico\/#website\",\"url\":\"https:\/\/www.pmpf.rs.gov.br\/portal-do-servidor-publico\/\",\"name\":\"Portal do Servidor P\u00fablico\",\"description\":\"S\u00f3 mais um site Prefeitura de Passo Fundo\",\"potentialAction\":[{\"@type\":\"SearchAction\",\"target\":{\"@type\":\"EntryPoint\",\"urlTemplate\":\"https:\/\/www.pmpf.rs.gov.br\/portal-do-servidor-publico\/?s={search_term_string}\"},\"query-input\":{\"@type\":\"PropertyValueSpecification\",\"valueRequired\":true,\"valueName\":\"search_term_string\"}}],\"inLanguage\":\"pt-BR\"}]}<\/script>\n<!-- \/ Yoast SEO plugin. -->","yoast_head_json":{"title":"Ano 2005 - Portal do Servidor P\u00fablico","robots":{"index":"index","follow":"follow","max-snippet":"max-snippet:-1","max-image-preview":"max-image-preview:large","max-video-preview":"max-video-preview:-1"},"canonical":"https:\/\/www.pmpf.rs.gov.br\/portal-do-servidor-publico\/ordens-de-servico\/ano-2005\/","og_locale":"pt_BR","og_type":"article","og_title":"Ano 2005 - Portal do Servidor P\u00fablico","og_description":"Data Ordem 11 Janeiro Ordem Servi\u00e7o n\u00ba 01\/2005 &#8211; Determina procedimentos administrativos para todas as secretarias municipais 19 Janeiro Ordem Servi\u00e7o n\u00ba 02\/2005 &#8211; Disp\u00f5e sobre procedimentos em processos em tramita\u00e7\u00e3o 21 [&hellip;]","og_url":"https:\/\/www.pmpf.rs.gov.br\/portal-do-servidor-publico\/ordens-de-servico\/ano-2005\/","og_site_name":"Portal do Servidor P\u00fablico","article_modified_time":"2022-01-14T14:51:36+00:00","twitter_card":"summary_large_image","twitter_misc":{"Est. tempo de leitura":"2 minutos"},"schema":{"@context":"https:\/\/schema.org","@graph":[{"@type":"WebPage","@id":"https:\/\/www.pmpf.rs.gov.br\/portal-do-servidor-publico\/ordens-de-servico\/ano-2005\/","url":"https:\/\/www.pmpf.rs.gov.br\/portal-do-servidor-publico\/ordens-de-servico\/ano-2005\/","name":"Ano 2005 - Portal do Servidor P\u00fablico","isPartOf":{"@id":"https:\/\/www.pmpf.rs.gov.br\/portal-do-servidor-publico\/#website"},"datePublished":"2022-01-14T14:51:35+00:00","dateModified":"2022-01-14T14:51:36+00:00","breadcrumb":{"@id":"https:\/\/www.pmpf.rs.gov.br\/portal-do-servidor-publico\/ordens-de-servico\/ano-2005\/#breadcrumb"},"inLanguage":"pt-BR","potentialAction":[{"@type":"ReadAction","target":["https:\/\/www.pmpf.rs.gov.br\/portal-do-servidor-publico\/ordens-de-servico\/ano-2005\/"]}]},{"@type":"BreadcrumbList","@id":"https:\/\/www.pmpf.rs.gov.br\/portal-do-servidor-publico\/ordens-de-servico\/ano-2005\/#breadcrumb","itemListElement":[{"@type":"ListItem","position":1,"name":"Ordens de Servi\u00e7o","item":"https:\/\/www.pmpf.rs.gov.br\/portal-do-servidor-publico\/ordens-de-servico\/"},{"@type":"ListItem","position":2,"name":"Ano 2005"}]},{"@type":"WebSite","@id":"https:\/\/www.pmpf.rs.gov.br\/portal-do-servidor-publico\/#website","url":"https:\/\/www.pmpf.rs.gov.br\/portal-do-servidor-publico\/","name":"Portal do Servidor P\u00fablico","description":"S\u00f3 mais um site Prefeitura de Passo Fundo","potentialAction":[{"@type":"SearchAction","target":{"@type":"EntryPoint","urlTemplate":"https:\/\/www.pmpf.rs.gov.br\/portal-do-servidor-publico\/?s={search_term_string}"},"query-input":{"@type":"PropertyValueSpecification","valueRequired":true,"valueName":"search_term_string"}}],"inLanguage":"pt-BR"}]}},"_links":{"self":[{"href":"https:\/\/www.pmpf.rs.gov.br\/portal-do-servidor-publico\/wp-json\/wp\/v2\/pages\/276"}],"collection":[{"href":"https:\/\/www.pmpf.rs.gov.br\/portal-do-servidor-publico\/wp-json\/wp\/v2\/pages"}],"about":[{"href":"https:\/\/www.pmpf.rs.gov.br\/portal-do-servidor-publico\/wp-json\/wp\/v2\/types\/page"}],"author":[{"embeddable":true,"href":"https:\/\/www.pmpf.rs.gov.br\/portal-do-servidor-publico\/wp-json\/wp\/v2\/users\/1"}],"replies":[{"embeddable":true,"href":"https:\/\/www.pmpf.rs.gov.br\/portal-do-servidor-publico\/wp-json\/wp\/v2\/comments?post=276"}],"version-history":[{"count":1,"href":"https:\/\/www.pmpf.rs.gov.br\/portal-do-servidor-publico\/wp-json\/wp\/v2\/pages\/276\/revisions"}],"predecessor-version":[{"id":277,"href":"https:\/\/www.pmpf.rs.gov.br\/portal-do-servidor-publico\/wp-json\/wp\/v2\/pages\/276\/revisions\/277"}],"up":[{"embeddable":true,"href":"https:\/\/www.pmpf.rs.gov.br\/portal-do-servidor-publico\/wp-json\/wp\/v2\/pages\/136"}],"wp:attachment":[{"href":"https:\/\/www.pmpf.rs.gov.br\/portal-do-servidor-publico\/wp-json\/wp\/v2\/media?parent=276"}],"curies":[{"name":"wp","href":"https:\/\/api.w.org\/{rel}","templated":true}]}}