{"id":268,"date":"2022-01-14T11:48:36","date_gmt":"2022-01-14T14:48:36","guid":{"rendered":"https:\/\/www.pmpf.rs.gov.br\/portal-do-servidor-publico\/?page_id=268"},"modified":"2022-01-14T11:49:25","modified_gmt":"2022-01-14T14:49:25","slug":"ano-2001","status":"publish","type":"page","link":"https:\/\/www.pmpf.rs.gov.br\/portal-do-servidor-publico\/ordens-de-servico\/ano-2001\/","title":{"rendered":"Ano 2001"},"content":{"rendered":"\n<figure class=\"wp-block-table\"><table><tbody><tr><td>Data<\/td><td>Ordem<\/td><\/tr><tr><td>03 Janeiro<\/td><td><a href=\"https:\/\/www.pmpf.rs.gov.br\/portal-do-servidor-publico\/wp-content\/uploads\/sites\/41\/2021\/12\/OS_01-2001.pdf\">Ordem Servi\u00e7o n\u00ba 01\/2001 &#8211; Determina procedimentos quanto a equipamentos e materiais.<\/a><\/td><\/tr><tr><td>08 Janeiro<\/td><td><a href=\"https:\/\/www.pmpf.rs.gov.br\/portal-do-servidor-publico\/wp-content\/uploads\/sites\/41\/2021\/12\/OS_02-2001.pdf\">Ordem Servi\u00e7o n\u00ba 02\/2001 &#8211; Faz determina\u00e7\u00e3o referente ao benef\u00edcio do vale-transporte (lei n\u00ba 2.647\/91)<\/a><\/td><\/tr><tr><td>17 Janeiro<\/td><td><a href=\"https:\/\/www.pmpf.rs.gov.br\/portal-do-servidor-publico\/wp-content\/uploads\/sites\/41\/2021\/12\/OS_03-2001.pdf\">Ordem Servi\u00e7o n\u00ba 03\/2001 &#8211; Faz determina\u00e7\u00f5es quanto ao transporte de passageiros e viaturas<\/a><\/td><\/tr><tr><td>23 Janeiro<\/td><td><a href=\"https:\/\/www.pmpf.rs.gov.br\/portal-do-servidor-publico\/wp-content\/uploads\/sites\/41\/2021\/12\/OS_04-2001.pdf\">Ordem Servi\u00e7o n\u00ba 04\/2001 -Fica expressamente proibida a retirada de bens materiais de propriedade do munic\u00edpio<\/a><\/td><\/tr><tr><td>02 Fevereiro<\/td><td><a href=\"https:\/\/www.pmpf.rs.gov.br\/portal-do-servidor-publico\/wp-content\/uploads\/sites\/41\/2021\/12\/OS_05-2001.pdf\">Ordem Servi\u00e7o n\u00ba 05\/2001 &#8211; Faz determina\u00e7\u00f5es quanto a perman\u00eancia de servidores nas depend\u00eancias da prefeitura<\/a><\/td><\/tr><tr><td>02 Fevereiro<\/td><td><a href=\"https:\/\/www.pmpf.rs.gov.br\/portal-do-servidor-publico\/wp-content\/uploads\/sites\/41\/2021\/12\/OS_06-2001.pdf\">Ordem Servi\u00e7o n\u00ba 06\/2001 &#8211; Determina a todas as secretarias, apresenta\u00e7\u00e3o de relat\u00f3rio de assiduidade<\/a><\/td><\/tr><tr><td>07 Fevereiro<\/td><td><a href=\"https:\/\/www.pmpf.rs.gov.br\/portal-do-servidor-publico\/wp-content\/uploads\/sites\/41\/2021\/12\/OS_07-2001.pdf\">Ordem Servi\u00e7o n\u00ba 07\/2001 &#8211; Faz determina\u00e7\u00f5es quanto a verifica\u00e7\u00e3o de equipamentos no encerramento do expediente<\/a><\/td><\/tr><tr><td>02 Fevereiro<\/td><td><a href=\"https:\/\/www.pmpf.rs.gov.br\/portal-do-servidor-publico\/wp-content\/uploads\/sites\/41\/2021\/12\/OS_08-2001.pdf\">Ordem Servi\u00e7o n\u00ba 08\/2001 &#8211; Faz determina\u00e7\u00f5es e pro\u00edbe a c\u00f3pia de livros, na se\u00e7\u00e3o de impress\u00e3o da Secretaria Municipal de Administra\u00e7\u00e3o &#8211; Gr\u00e1fica<\/a><\/td><\/tr><tr><td>19 Fevereiro<\/td><td><a href=\"https:\/\/www.pmpf.rs.gov.br\/portal-do-servidor-publico\/wp-content\/uploads\/sites\/41\/2021\/12\/OS_09-2001.pdf\">Ordem Servi\u00e7o n\u00ba 09\/2001 &#8211; Determina a todos os servidores o registro do cart\u00e3o ponto<\/a><\/td><\/tr><tr><td>20 Mar\u00e7o<\/td><td><a href=\"https:\/\/www.pmpf.rs.gov.br\/portal-do-servidor-publico\/wp-content\/uploads\/sites\/41\/2021\/12\/OS_10-2001.pdf\">Ordem Servi\u00e7o n\u00ba 10\/2001 &#8211; Determina procedimentos quanto a despacho em processos<\/a><\/td><\/tr><tr><td>20 Mar\u00e7o<\/td><td><a href=\"https:\/\/www.pmpf.rs.gov.br\/portal-do-servidor-publico\/wp-content\/uploads\/sites\/41\/2021\/12\/OS_11-2001.pdf\">Ordem Servi\u00e7o n\u00ba 11\/2001 &#8211; Determina a obrigatoriedade do uso do crach\u00e1 de identifica\u00e7\u00e3o funcional \u00e0 todos os servidores municipais, durante o expediente<\/a><\/td><\/tr><tr><td>21 Mar\u00e7o<\/td><td><a href=\"https:\/\/www.pmpf.rs.gov.br\/portal-do-servidor-publico\/wp-content\/uploads\/sites\/41\/2021\/12\/OS_12-2001.pdf\">Ordem Servi\u00e7o n\u00ba 12\/2001 &#8211; Determina a todos os servidores o registro do cart\u00e3o ponto<\/a><\/td><\/tr><tr><td>02 Abril<\/td><td><a href=\"https:\/\/www.pmpf.rs.gov.br\/portal-do-servidor-publico\/wp-content\/uploads\/sites\/41\/2021\/12\/OS_13-2001.pdf\">Ordem Servi\u00e7o n\u00ba 13\/2001 &#8211; Determina a todas as reparti\u00e7\u00f5es municipais, procedimentos quanto a aquisi\u00e7\u00e3o de materiais para impressoras<\/a><\/td><\/tr><tr><td>17 Abril<\/td><td><a href=\"https:\/\/www.pmpf.rs.gov.br\/portal-do-servidor-publico\/wp-content\/uploads\/sites\/41\/2021\/12\/OS_14-2001.pdf\">Ordem Servi\u00e7o n\u00ba 14\/2001 &#8211; Determina procedimentos quanto a D\u00edvida Ativa<\/a><\/td><\/tr><tr><td>20 Abril<\/td><td><a href=\"https:\/\/www.pmpf.rs.gov.br\/portal-do-servidor-publico\/wp-content\/uploads\/sites\/41\/2021\/12\/OS_15-2001.pdf\">Ordem Servi\u00e7o n\u00ba 15\/2001 &#8211; Determina a todos os setores economia de energia el\u00e9trica<\/a><\/td><\/tr><tr><td>08 Maio<\/td><td><a href=\"https:\/\/www.pmpf.rs.gov.br\/portal-do-servidor-publico\/wp-content\/uploads\/sites\/41\/2021\/12\/OS_16-2001.pdf\">Ordem Servi\u00e7o n\u00ba 16\/2001 &#8211; Determina procedimentos com rela\u00e7\u00e3o a processos arquivados junto a se\u00e7\u00e3o de Coordena\u00e7\u00e3o da Documenta\u00e7\u00e3o<\/a><\/td><\/tr><tr><td>08 Junho<\/td><td><a href=\"https:\/\/www.pmpf.rs.gov.br\/portal-do-servidor-publico\/wp-content\/uploads\/sites\/41\/2021\/12\/OS_17-2001.pdf\">Ordem Servi\u00e7o n\u00ba 17\/2001 &#8211; Faz determina\u00e7\u00e3o quanto a portarias de viagens<\/a><\/td><\/tr><tr><td>04 Outubro<\/td><td><a href=\"https:\/\/www.pmpf.rs.gov.br\/portal-do-servidor-publico\/wp-content\/uploads\/sites\/41\/2021\/12\/OS_18-2001.pdf\">Ordem Servi\u00e7o n\u00ba 18\/2001 &#8211; Sobre o uso das linhas telef\u00f4nicas<\/a><\/td><\/tr><tr><td>25 Outubro<\/td><td><a href=\"https:\/\/www.pmpf.rs.gov.br\/portal-do-servidor-publico\/wp-content\/uploads\/sites\/41\/2021\/12\/OS_19-2001.pdf\">Ordem Servi\u00e7o n\u00ba 19\/2001 &#8211; Faz determina\u00e7\u00f5es quanto a utiliza\u00e7\u00e3o da internet<\/a><\/td><\/tr><tr><td>16 Novembro<\/td><td><a href=\"https:\/\/www.pmpf.rs.gov.br\/portal-do-servidor-publico\/wp-content\/uploads\/sites\/41\/2021\/12\/OS_20-2001.pdf\">Ordem Servi\u00e7o n\u00ba 20\/2001 &#8211; Solicita cumprimento da ordem de servi\u00e7o n\u00ba 10\/01<\/a><\/td><\/tr><tr><td>18 Dezembro<\/td><td><a href=\"https:\/\/www.pmpf.rs.gov.br\/portal-do-servidor-publico\/wp-content\/uploads\/sites\/41\/2021\/12\/OS_21-2001.pdf\">Ordem Servi\u00e7o n\u00ba 21\/2001 &#8211; Referente a dispensa pagamento da taxa de protocolo<\/a><\/td><\/tr><tr><td>28 Dezembro<\/td><td><a href=\"https:\/\/www.pmpf.rs.gov.br\/portal-do-servidor-publico\/wp-content\/uploads\/sites\/41\/2021\/12\/OS_22-2001.pdf\">Ordem Servi\u00e7o n\u00ba 22\/2001 &#8211; Regulamenta as compras, contrata\u00e7\u00e3o de servi\u00e7os e obras pelas secretarias<\/a><\/td><\/tr><\/tbody><\/table><\/figure>\n","protected":false},"excerpt":{"rendered":"<p>Data Ordem 03 Janeiro Ordem Servi\u00e7o n\u00ba 01\/2001 &#8211; Determina procedimentos quanto a equipamentos e materiais. 08 Janeiro Ordem Servi\u00e7o n\u00ba 02\/2001 &#8211; Faz determina\u00e7\u00e3o referente ao benef\u00edcio do vale-transporte (lei n\u00ba [&hellip;]<\/p>\n","protected":false},"author":1,"featured_media":0,"parent":136,"menu_order":0,"comment_status":"closed","ping_status":"closed","template":"","meta":{"footnotes":""},"class_list":["post-268","page","type-page","status-publish","hentry"],"yoast_head":"<!-- This site is optimized with the Yoast SEO plugin v23.8 - https:\/\/yoast.com\/wordpress\/plugins\/seo\/ -->\n<title>Ano 2001 - Portal do Servidor P\u00fablico<\/title>\n<meta name=\"robots\" content=\"index, follow, max-snippet:-1, max-image-preview:large, max-video-preview:-1\" \/>\n<link rel=\"canonical\" href=\"https:\/\/www.pmpf.rs.gov.br\/portal-do-servidor-publico\/ordens-de-servico\/ano-2001\/\" \/>\n<meta property=\"og:locale\" content=\"pt_BR\" \/>\n<meta property=\"og:type\" content=\"article\" \/>\n<meta property=\"og:title\" content=\"Ano 2001 - Portal do Servidor P\u00fablico\" \/>\n<meta property=\"og:description\" content=\"Data Ordem 03 Janeiro Ordem Servi\u00e7o n\u00ba 01\/2001 &#8211; Determina procedimentos quanto a equipamentos e materiais. 08 Janeiro Ordem Servi\u00e7o n\u00ba 02\/2001 &#8211; Faz determina\u00e7\u00e3o referente ao benef\u00edcio do vale-transporte (lei n\u00ba [&hellip;]\" \/>\n<meta property=\"og:url\" content=\"https:\/\/www.pmpf.rs.gov.br\/portal-do-servidor-publico\/ordens-de-servico\/ano-2001\/\" \/>\n<meta property=\"og:site_name\" content=\"Portal do Servidor P\u00fablico\" \/>\n<meta property=\"article:modified_time\" content=\"2022-01-14T14:49:25+00:00\" \/>\n<meta name=\"twitter:card\" content=\"summary_large_image\" \/>\n<meta name=\"twitter:label1\" content=\"Est. tempo de leitura\" \/>\n\t<meta name=\"twitter:data1\" content=\"2 minutos\" \/>\n<script type=\"application\/ld+json\" class=\"yoast-schema-graph\">{\"@context\":\"https:\/\/schema.org\",\"@graph\":[{\"@type\":\"WebPage\",\"@id\":\"https:\/\/www.pmpf.rs.gov.br\/portal-do-servidor-publico\/ordens-de-servico\/ano-2001\/\",\"url\":\"https:\/\/www.pmpf.rs.gov.br\/portal-do-servidor-publico\/ordens-de-servico\/ano-2001\/\",\"name\":\"Ano 2001 - Portal do Servidor P\u00fablico\",\"isPartOf\":{\"@id\":\"https:\/\/www.pmpf.rs.gov.br\/portal-do-servidor-publico\/#website\"},\"datePublished\":\"2022-01-14T14:48:36+00:00\",\"dateModified\":\"2022-01-14T14:49:25+00:00\",\"breadcrumb\":{\"@id\":\"https:\/\/www.pmpf.rs.gov.br\/portal-do-servidor-publico\/ordens-de-servico\/ano-2001\/#breadcrumb\"},\"inLanguage\":\"pt-BR\",\"potentialAction\":[{\"@type\":\"ReadAction\",\"target\":[\"https:\/\/www.pmpf.rs.gov.br\/portal-do-servidor-publico\/ordens-de-servico\/ano-2001\/\"]}]},{\"@type\":\"BreadcrumbList\",\"@id\":\"https:\/\/www.pmpf.rs.gov.br\/portal-do-servidor-publico\/ordens-de-servico\/ano-2001\/#breadcrumb\",\"itemListElement\":[{\"@type\":\"ListItem\",\"position\":1,\"name\":\"Ordens de Servi\u00e7o\",\"item\":\"https:\/\/www.pmpf.rs.gov.br\/portal-do-servidor-publico\/ordens-de-servico\/\"},{\"@type\":\"ListItem\",\"position\":2,\"name\":\"Ano 2001\"}]},{\"@type\":\"WebSite\",\"@id\":\"https:\/\/www.pmpf.rs.gov.br\/portal-do-servidor-publico\/#website\",\"url\":\"https:\/\/www.pmpf.rs.gov.br\/portal-do-servidor-publico\/\",\"name\":\"Portal do Servidor P\u00fablico\",\"description\":\"S\u00f3 mais um site Prefeitura de Passo Fundo\",\"potentialAction\":[{\"@type\":\"SearchAction\",\"target\":{\"@type\":\"EntryPoint\",\"urlTemplate\":\"https:\/\/www.pmpf.rs.gov.br\/portal-do-servidor-publico\/?s={search_term_string}\"},\"query-input\":{\"@type\":\"PropertyValueSpecification\",\"valueRequired\":true,\"valueName\":\"search_term_string\"}}],\"inLanguage\":\"pt-BR\"}]}<\/script>\n<!-- \/ Yoast SEO plugin. -->","yoast_head_json":{"title":"Ano 2001 - Portal do Servidor P\u00fablico","robots":{"index":"index","follow":"follow","max-snippet":"max-snippet:-1","max-image-preview":"max-image-preview:large","max-video-preview":"max-video-preview:-1"},"canonical":"https:\/\/www.pmpf.rs.gov.br\/portal-do-servidor-publico\/ordens-de-servico\/ano-2001\/","og_locale":"pt_BR","og_type":"article","og_title":"Ano 2001 - Portal do Servidor P\u00fablico","og_description":"Data Ordem 03 Janeiro Ordem Servi\u00e7o n\u00ba 01\/2001 &#8211; Determina procedimentos quanto a equipamentos e materiais. 08 Janeiro Ordem Servi\u00e7o n\u00ba 02\/2001 &#8211; Faz determina\u00e7\u00e3o referente ao benef\u00edcio do vale-transporte (lei n\u00ba [&hellip;]","og_url":"https:\/\/www.pmpf.rs.gov.br\/portal-do-servidor-publico\/ordens-de-servico\/ano-2001\/","og_site_name":"Portal do Servidor P\u00fablico","article_modified_time":"2022-01-14T14:49:25+00:00","twitter_card":"summary_large_image","twitter_misc":{"Est. tempo de leitura":"2 minutos"},"schema":{"@context":"https:\/\/schema.org","@graph":[{"@type":"WebPage","@id":"https:\/\/www.pmpf.rs.gov.br\/portal-do-servidor-publico\/ordens-de-servico\/ano-2001\/","url":"https:\/\/www.pmpf.rs.gov.br\/portal-do-servidor-publico\/ordens-de-servico\/ano-2001\/","name":"Ano 2001 - Portal do Servidor P\u00fablico","isPartOf":{"@id":"https:\/\/www.pmpf.rs.gov.br\/portal-do-servidor-publico\/#website"},"datePublished":"2022-01-14T14:48:36+00:00","dateModified":"2022-01-14T14:49:25+00:00","breadcrumb":{"@id":"https:\/\/www.pmpf.rs.gov.br\/portal-do-servidor-publico\/ordens-de-servico\/ano-2001\/#breadcrumb"},"inLanguage":"pt-BR","potentialAction":[{"@type":"ReadAction","target":["https:\/\/www.pmpf.rs.gov.br\/portal-do-servidor-publico\/ordens-de-servico\/ano-2001\/"]}]},{"@type":"BreadcrumbList","@id":"https:\/\/www.pmpf.rs.gov.br\/portal-do-servidor-publico\/ordens-de-servico\/ano-2001\/#breadcrumb","itemListElement":[{"@type":"ListItem","position":1,"name":"Ordens de Servi\u00e7o","item":"https:\/\/www.pmpf.rs.gov.br\/portal-do-servidor-publico\/ordens-de-servico\/"},{"@type":"ListItem","position":2,"name":"Ano 2001"}]},{"@type":"WebSite","@id":"https:\/\/www.pmpf.rs.gov.br\/portal-do-servidor-publico\/#website","url":"https:\/\/www.pmpf.rs.gov.br\/portal-do-servidor-publico\/","name":"Portal do Servidor P\u00fablico","description":"S\u00f3 mais um site Prefeitura de Passo Fundo","potentialAction":[{"@type":"SearchAction","target":{"@type":"EntryPoint","urlTemplate":"https:\/\/www.pmpf.rs.gov.br\/portal-do-servidor-publico\/?s={search_term_string}"},"query-input":{"@type":"PropertyValueSpecification","valueRequired":true,"valueName":"search_term_string"}}],"inLanguage":"pt-BR"}]}},"_links":{"self":[{"href":"https:\/\/www.pmpf.rs.gov.br\/portal-do-servidor-publico\/wp-json\/wp\/v2\/pages\/268"}],"collection":[{"href":"https:\/\/www.pmpf.rs.gov.br\/portal-do-servidor-publico\/wp-json\/wp\/v2\/pages"}],"about":[{"href":"https:\/\/www.pmpf.rs.gov.br\/portal-do-servidor-publico\/wp-json\/wp\/v2\/types\/page"}],"author":[{"embeddable":true,"href":"https:\/\/www.pmpf.rs.gov.br\/portal-do-servidor-publico\/wp-json\/wp\/v2\/users\/1"}],"replies":[{"embeddable":true,"href":"https:\/\/www.pmpf.rs.gov.br\/portal-do-servidor-publico\/wp-json\/wp\/v2\/comments?post=268"}],"version-history":[{"count":1,"href":"https:\/\/www.pmpf.rs.gov.br\/portal-do-servidor-publico\/wp-json\/wp\/v2\/pages\/268\/revisions"}],"predecessor-version":[{"id":269,"href":"https:\/\/www.pmpf.rs.gov.br\/portal-do-servidor-publico\/wp-json\/wp\/v2\/pages\/268\/revisions\/269"}],"up":[{"embeddable":true,"href":"https:\/\/www.pmpf.rs.gov.br\/portal-do-servidor-publico\/wp-json\/wp\/v2\/pages\/136"}],"wp:attachment":[{"href":"https:\/\/www.pmpf.rs.gov.br\/portal-do-servidor-publico\/wp-json\/wp\/v2\/media?parent=268"}],"curies":[{"name":"wp","href":"https:\/\/api.w.org\/{rel}","templated":true}]}}