{"id":1527,"date":"2025-10-30T15:54:36","date_gmt":"2025-10-30T18:54:36","guid":{"rendered":"https:\/\/www.pmpf.rs.gov.br\/portal-do-servidor-publico\/?page_id=1527"},"modified":"2025-10-31T08:51:54","modified_gmt":"2025-10-31T11:51:54","slug":"consignet","status":"publish","type":"page","link":"https:\/\/www.pmpf.rs.gov.br\/portal-do-servidor-publico\/consignet\/","title":{"rendered":"Consignet"},"content":{"rendered":"\n<p>Informamos que, a partir de agora, <strong>os empr\u00e9stimos consignados passam a ser gerenciados pelo Consignet<\/strong>, de forma mais <strong>pr\u00e1tica<\/strong> e <strong>segura<\/strong>. <\/p>\n\n\n\n<p>O Consignet pode ser acessado pelo link <a href=\"https:\/\/csg-portal-colaborador.app-csg.com.br\/\" target=\"_blank\" rel=\"noreferrer noopener\">https:\/\/csg-portal-colaborador.app-csg.com.br\/<\/a>&nbsp; ou atrav\u00e9s do App Consignet. <\/p>\n\n\n\n<div style=\"height:20px\" aria-hidden=\"true\" class=\"wp-block-spacer\"><\/div>\n\n\n\n<div class=\"wp-block-buttons is-layout-flex wp-block-buttons-is-layout-flex\">\n<div class=\"wp-block-button has-custom-font-size has-medium-font-size\"><a class=\"wp-block-button__link has-white-color has-text-color has-background has-link-color wp-element-button\" href=\"https:\/\/csg-portal-colaborador.app-csg.com.br\/\" style=\"border-radius:12px;background-color:#004f25\" target=\"_blank\" rel=\"noreferrer noopener\">CONSIGNET<\/a><\/div>\n<\/div>\n\n\n\n<div style=\"height:20px\" aria-hidden=\"true\" class=\"wp-block-spacer\"><\/div>\n\n\n\n<p>Segue orienta\u00e7\u00f5es de como baixar e usar o App:<\/p>\n\n\n<div class=\"wp-block-image\">\n<figure class=\"alignleft size-large\"><img loading=\"lazy\" decoding=\"async\" width=\"555\" height=\"1024\" src=\"https:\/\/www.pmpf.rs.gov.br\/portal-do-servidor-publico\/wp-content\/uploads\/sites\/41\/2025\/10\/flyer-consignet-_page-0001-555x1024.jpg\" alt=\"\" class=\"wp-image-1528\" style=\"object-fit:cover\" srcset=\"https:\/\/www.pmpf.rs.gov.br\/portal-do-servidor-publico\/wp-content\/uploads\/sites\/41\/2025\/10\/flyer-consignet-_page-0001-555x1024.jpg 555w, https:\/\/www.pmpf.rs.gov.br\/portal-do-servidor-publico\/wp-content\/uploads\/sites\/41\/2025\/10\/flyer-consignet-_page-0001-162x300.jpg 162w, https:\/\/www.pmpf.rs.gov.br\/portal-do-servidor-publico\/wp-content\/uploads\/sites\/41\/2025\/10\/flyer-consignet-_page-0001.jpg 768w\" sizes=\"(max-width: 555px) 100vw, 555px\" \/><\/figure><\/div>\n\n<div class=\"wp-block-image\">\n<figure class=\"alignleft size-large\"><img loading=\"lazy\" decoding=\"async\" width=\"555\" height=\"1024\" src=\"https:\/\/www.pmpf.rs.gov.br\/portal-do-servidor-publico\/wp-content\/uploads\/sites\/41\/2025\/10\/flyer-consignet-_page-0002-555x1024.jpg\" alt=\"\" class=\"wp-image-1529\" style=\"object-fit:cover\" srcset=\"https:\/\/www.pmpf.rs.gov.br\/portal-do-servidor-publico\/wp-content\/uploads\/sites\/41\/2025\/10\/flyer-consignet-_page-0002-555x1024.jpg 555w, https:\/\/www.pmpf.rs.gov.br\/portal-do-servidor-publico\/wp-content\/uploads\/sites\/41\/2025\/10\/flyer-consignet-_page-0002-162x300.jpg 162w, https:\/\/www.pmpf.rs.gov.br\/portal-do-servidor-publico\/wp-content\/uploads\/sites\/41\/2025\/10\/flyer-consignet-_page-0002.jpg 768w\" sizes=\"(max-width: 555px) 100vw, 555px\" \/><\/figure><\/div>\n\n\n<div style=\"height:10px\" aria-hidden=\"true\" class=\"wp-block-spacer\"><\/div>\n\n\n\n<p>Em caso de d\u00favidas ou necessidade de orienta\u00e7\u00e3o, os servidores podem entrar em contato com o setor de Recursos Humanos, atrav\u00e9s do email <a href=\"mailto:consignadospmpf@pmpf.rs.gov.br\" target=\"_blank\" rel=\"noreferrer noopener\">consignadospmpf@pmpf.rs.gov.br<\/a> ou telefones 3316 7231 e 3316 7149.<\/p>\n\n\n\n<hr class=\"wp-block-separator has-alpha-channel-opacity\"\/>\n","protected":false},"excerpt":{"rendered":"<p>Informamos que, a partir de agora, os empr\u00e9stimos consignados passam a ser gerenciados pelo Consignet, de forma mais pr\u00e1tica e segura. O Consignet pode ser acessado pelo link https:\/\/csg-portal-colaborador.app-csg.com.br\/&nbsp; ou atrav\u00e9s do [&hellip;]<\/p>\n","protected":false},"author":4,"featured_media":0,"parent":0,"menu_order":0,"comment_status":"closed","ping_status":"closed","template":"","meta":{"footnotes":""},"class_list":["post-1527","page","type-page","status-publish","hentry"],"yoast_head":"<!-- This site is optimized with the Yoast SEO plugin v23.8 - https:\/\/yoast.com\/wordpress\/plugins\/seo\/ -->\n<title>Consignet - Portal do Servidor P\u00fablico<\/title>\n<meta name=\"robots\" content=\"index, follow, max-snippet:-1, max-image-preview:large, max-video-preview:-1\" \/>\n<link rel=\"canonical\" href=\"https:\/\/www.pmpf.rs.gov.br\/portal-do-servidor-publico\/consignet\/\" \/>\n<meta property=\"og:locale\" content=\"pt_BR\" \/>\n<meta property=\"og:type\" content=\"article\" \/>\n<meta property=\"og:title\" content=\"Consignet - Portal do Servidor P\u00fablico\" \/>\n<meta property=\"og:description\" content=\"Informamos que, a partir de agora, os empr\u00e9stimos consignados passam a ser gerenciados pelo Consignet, de forma mais pr\u00e1tica e segura. O Consignet pode ser acessado pelo link https:\/\/csg-portal-colaborador.app-csg.com.br\/&nbsp; ou atrav\u00e9s do [&hellip;]\" \/>\n<meta property=\"og:url\" content=\"https:\/\/www.pmpf.rs.gov.br\/portal-do-servidor-publico\/consignet\/\" \/>\n<meta property=\"og:site_name\" content=\"Portal do Servidor P\u00fablico\" \/>\n<meta property=\"article:modified_time\" content=\"2025-10-31T11:51:54+00:00\" \/>\n<meta property=\"og:image\" content=\"https:\/\/www.pmpf.rs.gov.br\/portal-do-servidor-publico\/wp-content\/uploads\/sites\/41\/2025\/10\/flyer-consignet-_page-0001.jpg\" \/>\n\t<meta property=\"og:image:width\" content=\"768\" \/>\n\t<meta property=\"og:image:height\" content=\"1418\" \/>\n\t<meta property=\"og:image:type\" content=\"image\/jpeg\" \/>\n<meta name=\"twitter:card\" content=\"summary_large_image\" \/>\n<script type=\"application\/ld+json\" class=\"yoast-schema-graph\">{\"@context\":\"https:\/\/schema.org\",\"@graph\":[{\"@type\":\"WebPage\",\"@id\":\"https:\/\/www.pmpf.rs.gov.br\/portal-do-servidor-publico\/consignet\/\",\"url\":\"https:\/\/www.pmpf.rs.gov.br\/portal-do-servidor-publico\/consignet\/\",\"name\":\"Consignet - Portal do Servidor P\u00fablico\",\"isPartOf\":{\"@id\":\"https:\/\/www.pmpf.rs.gov.br\/portal-do-servidor-publico\/#website\"},\"primaryImageOfPage\":{\"@id\":\"https:\/\/www.pmpf.rs.gov.br\/portal-do-servidor-publico\/consignet\/#primaryimage\"},\"image\":{\"@id\":\"https:\/\/www.pmpf.rs.gov.br\/portal-do-servidor-publico\/consignet\/#primaryimage\"},\"thumbnailUrl\":\"https:\/\/www.pmpf.rs.gov.br\/portal-do-servidor-publico\/wp-content\/uploads\/sites\/41\/2025\/10\/flyer-consignet-_page-0001-555x1024.jpg\",\"datePublished\":\"2025-10-30T18:54:36+00:00\",\"dateModified\":\"2025-10-31T11:51:54+00:00\",\"inLanguage\":\"pt-BR\",\"potentialAction\":[{\"@type\":\"ReadAction\",\"target\":[\"https:\/\/www.pmpf.rs.gov.br\/portal-do-servidor-publico\/consignet\/\"]}]},{\"@type\":\"ImageObject\",\"inLanguage\":\"pt-BR\",\"@id\":\"https:\/\/www.pmpf.rs.gov.br\/portal-do-servidor-publico\/consignet\/#primaryimage\",\"url\":\"https:\/\/www.pmpf.rs.gov.br\/portal-do-servidor-publico\/wp-content\/uploads\/sites\/41\/2025\/10\/flyer-consignet-_page-0001.jpg\",\"contentUrl\":\"https:\/\/www.pmpf.rs.gov.br\/portal-do-servidor-publico\/wp-content\/uploads\/sites\/41\/2025\/10\/flyer-consignet-_page-0001.jpg\",\"width\":768,\"height\":1418},{\"@type\":\"WebSite\",\"@id\":\"https:\/\/www.pmpf.rs.gov.br\/portal-do-servidor-publico\/#website\",\"url\":\"https:\/\/www.pmpf.rs.gov.br\/portal-do-servidor-publico\/\",\"name\":\"Portal do Servidor P\u00fablico\",\"description\":\"S\u00f3 mais um site Prefeitura de Passo Fundo\",\"potentialAction\":[{\"@type\":\"SearchAction\",\"target\":{\"@type\":\"EntryPoint\",\"urlTemplate\":\"https:\/\/www.pmpf.rs.gov.br\/portal-do-servidor-publico\/?s={search_term_string}\"},\"query-input\":{\"@type\":\"PropertyValueSpecification\",\"valueRequired\":true,\"valueName\":\"search_term_string\"}}],\"inLanguage\":\"pt-BR\"}]}<\/script>\n<!-- \/ Yoast SEO plugin. -->","yoast_head_json":{"title":"Consignet - Portal do Servidor P\u00fablico","robots":{"index":"index","follow":"follow","max-snippet":"max-snippet:-1","max-image-preview":"max-image-preview:large","max-video-preview":"max-video-preview:-1"},"canonical":"https:\/\/www.pmpf.rs.gov.br\/portal-do-servidor-publico\/consignet\/","og_locale":"pt_BR","og_type":"article","og_title":"Consignet - Portal do Servidor P\u00fablico","og_description":"Informamos que, a partir de agora, os empr\u00e9stimos consignados passam a ser gerenciados pelo Consignet, de forma mais pr\u00e1tica e segura. O Consignet pode ser acessado pelo link https:\/\/csg-portal-colaborador.app-csg.com.br\/&nbsp; ou atrav\u00e9s do [&hellip;]","og_url":"https:\/\/www.pmpf.rs.gov.br\/portal-do-servidor-publico\/consignet\/","og_site_name":"Portal do Servidor P\u00fablico","article_modified_time":"2025-10-31T11:51:54+00:00","og_image":[{"width":768,"height":1418,"url":"https:\/\/www.pmpf.rs.gov.br\/portal-do-servidor-publico\/wp-content\/uploads\/sites\/41\/2025\/10\/flyer-consignet-_page-0001.jpg","type":"image\/jpeg"}],"twitter_card":"summary_large_image","schema":{"@context":"https:\/\/schema.org","@graph":[{"@type":"WebPage","@id":"https:\/\/www.pmpf.rs.gov.br\/portal-do-servidor-publico\/consignet\/","url":"https:\/\/www.pmpf.rs.gov.br\/portal-do-servidor-publico\/consignet\/","name":"Consignet - Portal do Servidor P\u00fablico","isPartOf":{"@id":"https:\/\/www.pmpf.rs.gov.br\/portal-do-servidor-publico\/#website"},"primaryImageOfPage":{"@id":"https:\/\/www.pmpf.rs.gov.br\/portal-do-servidor-publico\/consignet\/#primaryimage"},"image":{"@id":"https:\/\/www.pmpf.rs.gov.br\/portal-do-servidor-publico\/consignet\/#primaryimage"},"thumbnailUrl":"https:\/\/www.pmpf.rs.gov.br\/portal-do-servidor-publico\/wp-content\/uploads\/sites\/41\/2025\/10\/flyer-consignet-_page-0001-555x1024.jpg","datePublished":"2025-10-30T18:54:36+00:00","dateModified":"2025-10-31T11:51:54+00:00","inLanguage":"pt-BR","potentialAction":[{"@type":"ReadAction","target":["https:\/\/www.pmpf.rs.gov.br\/portal-do-servidor-publico\/consignet\/"]}]},{"@type":"ImageObject","inLanguage":"pt-BR","@id":"https:\/\/www.pmpf.rs.gov.br\/portal-do-servidor-publico\/consignet\/#primaryimage","url":"https:\/\/www.pmpf.rs.gov.br\/portal-do-servidor-publico\/wp-content\/uploads\/sites\/41\/2025\/10\/flyer-consignet-_page-0001.jpg","contentUrl":"https:\/\/www.pmpf.rs.gov.br\/portal-do-servidor-publico\/wp-content\/uploads\/sites\/41\/2025\/10\/flyer-consignet-_page-0001.jpg","width":768,"height":1418},{"@type":"WebSite","@id":"https:\/\/www.pmpf.rs.gov.br\/portal-do-servidor-publico\/#website","url":"https:\/\/www.pmpf.rs.gov.br\/portal-do-servidor-publico\/","name":"Portal do Servidor P\u00fablico","description":"S\u00f3 mais um site Prefeitura de Passo Fundo","potentialAction":[{"@type":"SearchAction","target":{"@type":"EntryPoint","urlTemplate":"https:\/\/www.pmpf.rs.gov.br\/portal-do-servidor-publico\/?s={search_term_string}"},"query-input":{"@type":"PropertyValueSpecification","valueRequired":true,"valueName":"search_term_string"}}],"inLanguage":"pt-BR"}]}},"_links":{"self":[{"href":"https:\/\/www.pmpf.rs.gov.br\/portal-do-servidor-publico\/wp-json\/wp\/v2\/pages\/1527"}],"collection":[{"href":"https:\/\/www.pmpf.rs.gov.br\/portal-do-servidor-publico\/wp-json\/wp\/v2\/pages"}],"about":[{"href":"https:\/\/www.pmpf.rs.gov.br\/portal-do-servidor-publico\/wp-json\/wp\/v2\/types\/page"}],"author":[{"embeddable":true,"href":"https:\/\/www.pmpf.rs.gov.br\/portal-do-servidor-publico\/wp-json\/wp\/v2\/users\/4"}],"replies":[{"embeddable":true,"href":"https:\/\/www.pmpf.rs.gov.br\/portal-do-servidor-publico\/wp-json\/wp\/v2\/comments?post=1527"}],"version-history":[{"count":9,"href":"https:\/\/www.pmpf.rs.gov.br\/portal-do-servidor-publico\/wp-json\/wp\/v2\/pages\/1527\/revisions"}],"predecessor-version":[{"id":1560,"href":"https:\/\/www.pmpf.rs.gov.br\/portal-do-servidor-publico\/wp-json\/wp\/v2\/pages\/1527\/revisions\/1560"}],"wp:attachment":[{"href":"https:\/\/www.pmpf.rs.gov.br\/portal-do-servidor-publico\/wp-json\/wp\/v2\/media?parent=1527"}],"curies":[{"name":"wp","href":"https:\/\/api.w.org\/{rel}","templated":true}]}}