{"id":1492,"date":"2025-10-23T13:52:00","date_gmt":"2025-10-23T16:52:00","guid":{"rendered":"https:\/\/www.pmpf.rs.gov.br\/portal-do-servidor-publico\/?page_id=1492"},"modified":"2025-10-23T13:59:40","modified_gmt":"2025-10-23T16:59:40","slug":"proqualis","status":"publish","type":"page","link":"https:\/\/www.pmpf.rs.gov.br\/portal-do-servidor-publico\/proqualis\/","title":{"rendered":"PROQUALIS"},"content":{"rendered":"\n<h3 class=\"wp-block-heading\">Escola de Gest\u00e3o P\u00fablica &#8211; Curso Para os Servidores<\/h3>\n\n\n\n<p>O ProQualis \u00e9 uma plataforma de ensino que est\u00e1 dispon\u00edvel para o acesso dos servidores municipais. Para realizar o primeiro login dever\u00e1 ser usado o e-mail do servidor e a senha \u00e9 os 6 primeiros d\u00edgitos do CPF . A senha pode ser trocada.<\/p>\n\n\n\n<p>N\u00e3o ter\u00e3o acesso terceirizados e estagi\u00e1rios. Caso algum servidor&nbsp;de quadro n\u00e3o consiga acessar dever\u00e1 entrar em contato pelo e-mail <a href=\"mailto:proqualis@pmpf.rs.gov.br\" target=\"_blank\" rel=\"noreferrer noopener\">proqualis@pmpf.rs.gov.br<\/a>.<\/p>\n\n\n\n<p>Qualquer d\u00favida ou sugest\u00e3o de curso dever\u00e1 enviar e-mail para <a href=\"mailto:proqualis@pmpf.rs.gov.br\" target=\"_blank\" rel=\"noreferrer noopener\">proqualis@pmpf.rs.gov.br<\/a>.<\/p>\n\n\n\n<div style=\"height:10px\" aria-hidden=\"true\" class=\"wp-block-spacer\"><\/div>\n\n\n\n<div class=\"wp-block-buttons is-content-justification-center is-layout-flex wp-container-core-buttons-is-layout-1 wp-block-buttons-is-layout-flex\">\n<div class=\"wp-block-button has-custom-font-size has-small-font-size\"><a class=\"wp-block-button__link has-white-color has-blue-background-color has-text-color has-background has-link-color wp-element-button\" href=\"https:\/\/proqualis.pmpf.rs.gov.br\/home\" style=\"border-radius:12px\" target=\"_blank\" rel=\"noreferrer noopener\">Cursos PROQUALIS<\/a><\/div>\n<\/div>\n\n\n\n<hr class=\"wp-block-separator has-alpha-channel-opacity\"\/>\n","protected":false},"excerpt":{"rendered":"<p>Escola de Gest\u00e3o P\u00fablica &#8211; Curso Para os Servidores O ProQualis \u00e9 uma plataforma de ensino que est\u00e1 dispon\u00edvel para o acesso dos servidores municipais. Para realizar o primeiro login dever\u00e1 ser [&hellip;]<\/p>\n","protected":false},"author":4,"featured_media":0,"parent":0,"menu_order":0,"comment_status":"closed","ping_status":"closed","template":"","meta":{"footnotes":""},"class_list":["post-1492","page","type-page","status-publish","hentry"],"yoast_head":"<!-- This site is optimized with the Yoast SEO plugin v23.8 - https:\/\/yoast.com\/wordpress\/plugins\/seo\/ -->\n<title>PROQUALIS - Portal do Servidor P\u00fablico<\/title>\n<meta name=\"robots\" content=\"index, follow, max-snippet:-1, max-image-preview:large, max-video-preview:-1\" \/>\n<link rel=\"canonical\" href=\"https:\/\/www.pmpf.rs.gov.br\/portal-do-servidor-publico\/proqualis\/\" \/>\n<meta property=\"og:locale\" content=\"pt_BR\" \/>\n<meta property=\"og:type\" content=\"article\" \/>\n<meta property=\"og:title\" content=\"PROQUALIS - Portal do Servidor P\u00fablico\" \/>\n<meta property=\"og:description\" content=\"Escola de Gest\u00e3o P\u00fablica &#8211; Curso Para os Servidores O ProQualis \u00e9 uma plataforma de ensino que est\u00e1 dispon\u00edvel para o acesso dos servidores municipais. Para realizar o primeiro login dever\u00e1 ser [&hellip;]\" \/>\n<meta property=\"og:url\" content=\"https:\/\/www.pmpf.rs.gov.br\/portal-do-servidor-publico\/proqualis\/\" \/>\n<meta property=\"og:site_name\" content=\"Portal do Servidor P\u00fablico\" \/>\n<meta property=\"article:modified_time\" content=\"2025-10-23T16:59:40+00:00\" \/>\n<meta name=\"twitter:card\" content=\"summary_large_image\" \/>\n<meta name=\"twitter:label1\" content=\"Est. tempo de leitura\" \/>\n\t<meta name=\"twitter:data1\" content=\"1 minuto\" \/>\n<script type=\"application\/ld+json\" class=\"yoast-schema-graph\">{\"@context\":\"https:\/\/schema.org\",\"@graph\":[{\"@type\":\"WebPage\",\"@id\":\"https:\/\/www.pmpf.rs.gov.br\/portal-do-servidor-publico\/proqualis\/\",\"url\":\"https:\/\/www.pmpf.rs.gov.br\/portal-do-servidor-publico\/proqualis\/\",\"name\":\"PROQUALIS - Portal do Servidor P\u00fablico\",\"isPartOf\":{\"@id\":\"https:\/\/www.pmpf.rs.gov.br\/portal-do-servidor-publico\/#website\"},\"datePublished\":\"2025-10-23T16:52:00+00:00\",\"dateModified\":\"2025-10-23T16:59:40+00:00\",\"inLanguage\":\"pt-BR\",\"potentialAction\":[{\"@type\":\"ReadAction\",\"target\":[\"https:\/\/www.pmpf.rs.gov.br\/portal-do-servidor-publico\/proqualis\/\"]}]},{\"@type\":\"WebSite\",\"@id\":\"https:\/\/www.pmpf.rs.gov.br\/portal-do-servidor-publico\/#website\",\"url\":\"https:\/\/www.pmpf.rs.gov.br\/portal-do-servidor-publico\/\",\"name\":\"Portal do Servidor P\u00fablico\",\"description\":\"S\u00f3 mais um site Prefeitura de Passo Fundo\",\"potentialAction\":[{\"@type\":\"SearchAction\",\"target\":{\"@type\":\"EntryPoint\",\"urlTemplate\":\"https:\/\/www.pmpf.rs.gov.br\/portal-do-servidor-publico\/?s={search_term_string}\"},\"query-input\":{\"@type\":\"PropertyValueSpecification\",\"valueRequired\":true,\"valueName\":\"search_term_string\"}}],\"inLanguage\":\"pt-BR\"}]}<\/script>\n<!-- \/ Yoast SEO plugin. -->","yoast_head_json":{"title":"PROQUALIS - Portal do Servidor P\u00fablico","robots":{"index":"index","follow":"follow","max-snippet":"max-snippet:-1","max-image-preview":"max-image-preview:large","max-video-preview":"max-video-preview:-1"},"canonical":"https:\/\/www.pmpf.rs.gov.br\/portal-do-servidor-publico\/proqualis\/","og_locale":"pt_BR","og_type":"article","og_title":"PROQUALIS - Portal do Servidor P\u00fablico","og_description":"Escola de Gest\u00e3o P\u00fablica &#8211; Curso Para os Servidores O ProQualis \u00e9 uma plataforma de ensino que est\u00e1 dispon\u00edvel para o acesso dos servidores municipais. Para realizar o primeiro login dever\u00e1 ser [&hellip;]","og_url":"https:\/\/www.pmpf.rs.gov.br\/portal-do-servidor-publico\/proqualis\/","og_site_name":"Portal do Servidor P\u00fablico","article_modified_time":"2025-10-23T16:59:40+00:00","twitter_card":"summary_large_image","twitter_misc":{"Est. tempo de leitura":"1 minuto"},"schema":{"@context":"https:\/\/schema.org","@graph":[{"@type":"WebPage","@id":"https:\/\/www.pmpf.rs.gov.br\/portal-do-servidor-publico\/proqualis\/","url":"https:\/\/www.pmpf.rs.gov.br\/portal-do-servidor-publico\/proqualis\/","name":"PROQUALIS - Portal do Servidor P\u00fablico","isPartOf":{"@id":"https:\/\/www.pmpf.rs.gov.br\/portal-do-servidor-publico\/#website"},"datePublished":"2025-10-23T16:52:00+00:00","dateModified":"2025-10-23T16:59:40+00:00","inLanguage":"pt-BR","potentialAction":[{"@type":"ReadAction","target":["https:\/\/www.pmpf.rs.gov.br\/portal-do-servidor-publico\/proqualis\/"]}]},{"@type":"WebSite","@id":"https:\/\/www.pmpf.rs.gov.br\/portal-do-servidor-publico\/#website","url":"https:\/\/www.pmpf.rs.gov.br\/portal-do-servidor-publico\/","name":"Portal do Servidor P\u00fablico","description":"S\u00f3 mais um site Prefeitura de Passo Fundo","potentialAction":[{"@type":"SearchAction","target":{"@type":"EntryPoint","urlTemplate":"https:\/\/www.pmpf.rs.gov.br\/portal-do-servidor-publico\/?s={search_term_string}"},"query-input":{"@type":"PropertyValueSpecification","valueRequired":true,"valueName":"search_term_string"}}],"inLanguage":"pt-BR"}]}},"_links":{"self":[{"href":"https:\/\/www.pmpf.rs.gov.br\/portal-do-servidor-publico\/wp-json\/wp\/v2\/pages\/1492"}],"collection":[{"href":"https:\/\/www.pmpf.rs.gov.br\/portal-do-servidor-publico\/wp-json\/wp\/v2\/pages"}],"about":[{"href":"https:\/\/www.pmpf.rs.gov.br\/portal-do-servidor-publico\/wp-json\/wp\/v2\/types\/page"}],"author":[{"embeddable":true,"href":"https:\/\/www.pmpf.rs.gov.br\/portal-do-servidor-publico\/wp-json\/wp\/v2\/users\/4"}],"replies":[{"embeddable":true,"href":"https:\/\/www.pmpf.rs.gov.br\/portal-do-servidor-publico\/wp-json\/wp\/v2\/comments?post=1492"}],"version-history":[{"count":5,"href":"https:\/\/www.pmpf.rs.gov.br\/portal-do-servidor-publico\/wp-json\/wp\/v2\/pages\/1492\/revisions"}],"predecessor-version":[{"id":1500,"href":"https:\/\/www.pmpf.rs.gov.br\/portal-do-servidor-publico\/wp-json\/wp\/v2\/pages\/1492\/revisions\/1500"}],"wp:attachment":[{"href":"https:\/\/www.pmpf.rs.gov.br\/portal-do-servidor-publico\/wp-json\/wp\/v2\/media?parent=1492"}],"curies":[{"name":"wp","href":"https:\/\/api.w.org\/{rel}","templated":true}]}}