{"id":127,"date":"2022-01-14T11:12:47","date_gmt":"2022-01-14T14:12:47","guid":{"rendered":"https:\/\/www.pmpf.rs.gov.br\/portal-do-servidor-publico\/?page_id=127"},"modified":"2022-02-04T11:23:17","modified_gmt":"2022-02-04T14:23:17","slug":"licenca-premio","status":"publish","type":"page","link":"https:\/\/www.pmpf.rs.gov.br\/portal-do-servidor-publico\/licenca-premio\/","title":{"rendered":"Licen\u00e7a Pr\u00eamio"},"content":{"rendered":"\n<h2 class=\"wp-block-heading\">Qual o procedimento para requerer licen\u00e7a pr\u00eamio<\/h2>\n\n\n\n<p><a href=\"https:\/\/leismunicipais.com.br\/a1\/rs\/p\/passo-fundo\/lei-complementar\/2008\/21\/203\/lei-complementar-n-203-2008-dispoe-sobre-o-estatuto-dos-servidores-publicos-do-municipio-de-passo-fundo?q=203%2F2008\">Lei Complementar N\u00ba 203 de 04 de julho de 2008<\/a><\/p>\n\n\n\n<p><a href=\"https:\/\/www.pmpf.rs.gov.br\/portal-do-servidor-publico\/wp-content\/uploads\/sites\/41\/2021\/12\/requerimento_lp_deferido.pdf\" target=\"_blank\" rel=\"noreferrer noopener\">Requerimento de Licen\u00e7a Pr\u00eamio<\/a><\/p>\n\n\n\n<p><strong>1) Solicita\u00e7\u00e3o Avalia\u00e7\u00e3o Licen\u00e7a Pr\u00eamio:<\/strong><\/p>\n\n\n\n<p>Encaminhar nome completo e matr\u00edcula do funcion\u00e1rio para o e-mail: crh_lp_ferias@pmpf.rs.gov.br e a resposta deste ser\u00e1 em at\u00e9 10 dias \u00fateis a contar da data do recebimento do e-mail pela Coordenadoria de Recursos Humanos.<\/p>\n\n\n\n<p>Obs.: Informamos que n\u00e3o estaremos atendendo solicita\u00e7\u00e3o de Avalia\u00e7\u00e3o de Licen\u00e7a Pr\u00eamio feitas atrav\u00e9s de e-mail particulares, somente os pertencentes as CAPs ser\u00e3o respondidas.<\/p>\n\n\n\n<p><strong>2) Licen\u00e7a Pr\u00eamio em Gozo:<\/strong><\/p>\n\n\n\n<p>Ap\u00f3s an\u00e1lise do item 1, a CAP encaminhar\u00e1 o&nbsp;<a href=\"https:\/\/www.pmpf.rs.gov.br\/portal-do-servidor-publico\/wp-content\/uploads\/sites\/41\/2021\/12\/requerimento_lp_deferido.pdf\" target=\"_blank\" rel=\"noreferrer noopener\">Requerimento de Licen\u00e7a Pr\u00eamio em Gozo<\/a>, o qual o servidor preencher\u00e1 a primeira parte e o restante ser\u00e1 preenchido pela CAP, ap\u00f3s encaminhar a Coordenadoria Recursos Humanos para demais provid\u00eancias.<\/p>\n","protected":false},"excerpt":{"rendered":"<p>Qual o procedimento para requerer licen\u00e7a pr\u00eamio Lei Complementar N\u00ba 203 de 04 de julho de 2008 Requerimento de Licen\u00e7a Pr\u00eamio 1) Solicita\u00e7\u00e3o Avalia\u00e7\u00e3o Licen\u00e7a Pr\u00eamio: Encaminhar nome completo e matr\u00edcula do [&hellip;]<\/p>\n","protected":false},"author":1,"featured_media":0,"parent":0,"menu_order":0,"comment_status":"closed","ping_status":"closed","template":"","meta":{"footnotes":""},"class_list":["post-127","page","type-page","status-publish","hentry"],"yoast_head":"<!-- This site is optimized with the Yoast SEO plugin v23.8 - https:\/\/yoast.com\/wordpress\/plugins\/seo\/ -->\n<title>Licen\u00e7a Pr\u00eamio - Portal do Servidor P\u00fablico<\/title>\n<meta name=\"robots\" content=\"index, follow, max-snippet:-1, max-image-preview:large, max-video-preview:-1\" \/>\n<link rel=\"canonical\" href=\"https:\/\/www.pmpf.rs.gov.br\/portal-do-servidor-publico\/licenca-premio\/\" \/>\n<meta property=\"og:locale\" content=\"pt_BR\" \/>\n<meta property=\"og:type\" content=\"article\" \/>\n<meta property=\"og:title\" content=\"Licen\u00e7a Pr\u00eamio - Portal do Servidor P\u00fablico\" \/>\n<meta property=\"og:description\" content=\"Qual o procedimento para requerer licen\u00e7a pr\u00eamio Lei Complementar N\u00ba 203 de 04 de julho de 2008 Requerimento de Licen\u00e7a Pr\u00eamio 1) Solicita\u00e7\u00e3o Avalia\u00e7\u00e3o Licen\u00e7a Pr\u00eamio: Encaminhar nome completo e matr\u00edcula do [&hellip;]\" \/>\n<meta property=\"og:url\" content=\"https:\/\/www.pmpf.rs.gov.br\/portal-do-servidor-publico\/licenca-premio\/\" \/>\n<meta property=\"og:site_name\" content=\"Portal do Servidor P\u00fablico\" \/>\n<meta property=\"article:modified_time\" content=\"2022-02-04T14:23:17+00:00\" \/>\n<meta name=\"twitter:card\" content=\"summary_large_image\" \/>\n<meta name=\"twitter:label1\" content=\"Est. tempo de leitura\" \/>\n\t<meta name=\"twitter:data1\" content=\"1 minuto\" \/>\n<script type=\"application\/ld+json\" class=\"yoast-schema-graph\">{\"@context\":\"https:\/\/schema.org\",\"@graph\":[{\"@type\":\"WebPage\",\"@id\":\"https:\/\/www.pmpf.rs.gov.br\/portal-do-servidor-publico\/licenca-premio\/\",\"url\":\"https:\/\/www.pmpf.rs.gov.br\/portal-do-servidor-publico\/licenca-premio\/\",\"name\":\"Licen\u00e7a Pr\u00eamio - Portal do Servidor P\u00fablico\",\"isPartOf\":{\"@id\":\"https:\/\/www.pmpf.rs.gov.br\/portal-do-servidor-publico\/#website\"},\"datePublished\":\"2022-01-14T14:12:47+00:00\",\"dateModified\":\"2022-02-04T14:23:17+00:00\",\"inLanguage\":\"pt-BR\",\"potentialAction\":[{\"@type\":\"ReadAction\",\"target\":[\"https:\/\/www.pmpf.rs.gov.br\/portal-do-servidor-publico\/licenca-premio\/\"]}]},{\"@type\":\"WebSite\",\"@id\":\"https:\/\/www.pmpf.rs.gov.br\/portal-do-servidor-publico\/#website\",\"url\":\"https:\/\/www.pmpf.rs.gov.br\/portal-do-servidor-publico\/\",\"name\":\"Portal do Servidor P\u00fablico\",\"description\":\"S\u00f3 mais um site Prefeitura de Passo Fundo\",\"potentialAction\":[{\"@type\":\"SearchAction\",\"target\":{\"@type\":\"EntryPoint\",\"urlTemplate\":\"https:\/\/www.pmpf.rs.gov.br\/portal-do-servidor-publico\/?s={search_term_string}\"},\"query-input\":{\"@type\":\"PropertyValueSpecification\",\"valueRequired\":true,\"valueName\":\"search_term_string\"}}],\"inLanguage\":\"pt-BR\"}]}<\/script>\n<!-- \/ Yoast SEO plugin. -->","yoast_head_json":{"title":"Licen\u00e7a Pr\u00eamio - Portal do Servidor P\u00fablico","robots":{"index":"index","follow":"follow","max-snippet":"max-snippet:-1","max-image-preview":"max-image-preview:large","max-video-preview":"max-video-preview:-1"},"canonical":"https:\/\/www.pmpf.rs.gov.br\/portal-do-servidor-publico\/licenca-premio\/","og_locale":"pt_BR","og_type":"article","og_title":"Licen\u00e7a Pr\u00eamio - Portal do Servidor P\u00fablico","og_description":"Qual o procedimento para requerer licen\u00e7a pr\u00eamio Lei Complementar N\u00ba 203 de 04 de julho de 2008 Requerimento de Licen\u00e7a Pr\u00eamio 1) Solicita\u00e7\u00e3o Avalia\u00e7\u00e3o Licen\u00e7a Pr\u00eamio: Encaminhar nome completo e matr\u00edcula do [&hellip;]","og_url":"https:\/\/www.pmpf.rs.gov.br\/portal-do-servidor-publico\/licenca-premio\/","og_site_name":"Portal do Servidor P\u00fablico","article_modified_time":"2022-02-04T14:23:17+00:00","twitter_card":"summary_large_image","twitter_misc":{"Est. tempo de leitura":"1 minuto"},"schema":{"@context":"https:\/\/schema.org","@graph":[{"@type":"WebPage","@id":"https:\/\/www.pmpf.rs.gov.br\/portal-do-servidor-publico\/licenca-premio\/","url":"https:\/\/www.pmpf.rs.gov.br\/portal-do-servidor-publico\/licenca-premio\/","name":"Licen\u00e7a Pr\u00eamio - Portal do Servidor P\u00fablico","isPartOf":{"@id":"https:\/\/www.pmpf.rs.gov.br\/portal-do-servidor-publico\/#website"},"datePublished":"2022-01-14T14:12:47+00:00","dateModified":"2022-02-04T14:23:17+00:00","inLanguage":"pt-BR","potentialAction":[{"@type":"ReadAction","target":["https:\/\/www.pmpf.rs.gov.br\/portal-do-servidor-publico\/licenca-premio\/"]}]},{"@type":"WebSite","@id":"https:\/\/www.pmpf.rs.gov.br\/portal-do-servidor-publico\/#website","url":"https:\/\/www.pmpf.rs.gov.br\/portal-do-servidor-publico\/","name":"Portal do Servidor P\u00fablico","description":"S\u00f3 mais um site Prefeitura de Passo Fundo","potentialAction":[{"@type":"SearchAction","target":{"@type":"EntryPoint","urlTemplate":"https:\/\/www.pmpf.rs.gov.br\/portal-do-servidor-publico\/?s={search_term_string}"},"query-input":{"@type":"PropertyValueSpecification","valueRequired":true,"valueName":"search_term_string"}}],"inLanguage":"pt-BR"}]}},"_links":{"self":[{"href":"https:\/\/www.pmpf.rs.gov.br\/portal-do-servidor-publico\/wp-json\/wp\/v2\/pages\/127"}],"collection":[{"href":"https:\/\/www.pmpf.rs.gov.br\/portal-do-servidor-publico\/wp-json\/wp\/v2\/pages"}],"about":[{"href":"https:\/\/www.pmpf.rs.gov.br\/portal-do-servidor-publico\/wp-json\/wp\/v2\/types\/page"}],"author":[{"embeddable":true,"href":"https:\/\/www.pmpf.rs.gov.br\/portal-do-servidor-publico\/wp-json\/wp\/v2\/users\/1"}],"replies":[{"embeddable":true,"href":"https:\/\/www.pmpf.rs.gov.br\/portal-do-servidor-publico\/wp-json\/wp\/v2\/comments?post=127"}],"version-history":[{"count":3,"href":"https:\/\/www.pmpf.rs.gov.br\/portal-do-servidor-publico\/wp-json\/wp\/v2\/pages\/127\/revisions"}],"predecessor-version":[{"id":383,"href":"https:\/\/www.pmpf.rs.gov.br\/portal-do-servidor-publico\/wp-json\/wp\/v2\/pages\/127\/revisions\/383"}],"wp:attachment":[{"href":"https:\/\/www.pmpf.rs.gov.br\/portal-do-servidor-publico\/wp-json\/wp\/v2\/media?parent=127"}],"curies":[{"name":"wp","href":"https:\/\/api.w.org\/{rel}","templated":true}]}}