{"id":70,"date":"2022-01-11T16:23:52","date_gmt":"2022-01-11T19:23:52","guid":{"rendered":"https:\/\/www.pmpf.rs.gov.br\/nfse\/?page_id=70"},"modified":"2025-06-06T10:49:09","modified_gmt":"2025-06-06T13:49:09","slug":"manuais","status":"publish","type":"page","link":"https:\/\/www.pmpf.rs.gov.br\/nfse\/manuais\/","title":{"rendered":"Manuais"},"content":{"rendered":"\n<ul class=\"wp-block-list\">\n<li><a href=\"https:\/\/www.pmpf.rs.gov.br\/nfse\/wp-content\/uploads\/sites\/63\/2022\/01\/Manual-do-Aplicativo-On-Line-1.0.5.pdf\">Manual do Aplicativo OnLine<\/a><\/li>\n\n\n\n<li><a href=\"https:\/\/www.pmpf.rs.gov.br\/nfse\/wp-content\/uploads\/sites\/63\/2022\/01\/Manual_do_Web_Service_2025_01.pdf\" target=\"_blank\" rel=\"noreferrer noopener\">Manual do Web Service<\/a><\/li>\n\n\n\n<li><a href=\"https:\/\/www.pmpf.rs.gov.br\/nfse\/wp-content\/uploads\/sites\/63\/2022\/01\/Plugin-Web-PKI-Instalacao.pdf\" target=\"_blank\" rel=\"noreferrer noopener\">Manual de Instala\u00e7\u00e3o do WEB PKI<\/a><\/li>\n\n\n\n<li><a href=\"https:\/\/www.pmpf.rs.gov.br\/nfse\/wp-content\/uploads\/sites\/63\/2022\/01\/nfseImpressaoDireta.pdf\">Manual para Disponibilizar Nota Fiscal Eletr\u00f4nica em Sistema Pr\u00f3prio<\/a><\/li>\n<\/ul>\n\n\n\n<p><\/p>\n","protected":false},"excerpt":{"rendered":"","protected":false},"author":1,"featured_media":0,"parent":0,"menu_order":0,"comment_status":"closed","ping_status":"closed","template":"","meta":{"footnotes":""},"class_list":["post-70","page","type-page","status-publish","hentry"],"yoast_head":"<!-- This site is optimized with the Yoast SEO plugin v23.8 - https:\/\/yoast.com\/wordpress\/plugins\/seo\/ -->\n<title>Manuais - Nota Fiscal de Servi\u00e7o Eletr\u00f4nica - NFS-e<\/title>\n<meta name=\"robots\" content=\"index, follow, max-snippet:-1, max-image-preview:large, max-video-preview:-1\" \/>\n<link rel=\"canonical\" href=\"https:\/\/www.pmpf.rs.gov.br\/nfse\/manuais\/\" \/>\n<meta property=\"og:locale\" content=\"pt_BR\" \/>\n<meta property=\"og:type\" content=\"article\" \/>\n<meta property=\"og:title\" content=\"Manuais - Nota Fiscal de Servi\u00e7o Eletr\u00f4nica - NFS-e\" \/>\n<meta property=\"og:url\" content=\"https:\/\/www.pmpf.rs.gov.br\/nfse\/manuais\/\" \/>\n<meta property=\"og:site_name\" content=\"Nota Fiscal de Servi\u00e7o Eletr\u00f4nica - NFS-e\" \/>\n<meta property=\"article:modified_time\" content=\"2025-06-06T13:49:09+00:00\" \/>\n<meta name=\"twitter:card\" content=\"summary_large_image\" \/>\n<meta name=\"twitter:label1\" content=\"Est. tempo de leitura\" \/>\n\t<meta name=\"twitter:data1\" content=\"1 minuto\" \/>\n<script type=\"application\/ld+json\" class=\"yoast-schema-graph\">{\"@context\":\"https:\/\/schema.org\",\"@graph\":[{\"@type\":\"WebPage\",\"@id\":\"https:\/\/www.pmpf.rs.gov.br\/nfse\/manuais\/\",\"url\":\"https:\/\/www.pmpf.rs.gov.br\/nfse\/manuais\/\",\"name\":\"Manuais - Nota Fiscal de Servi\u00e7o Eletr\u00f4nica - NFS-e\",\"isPartOf\":{\"@id\":\"https:\/\/www.pmpf.rs.gov.br\/nfse\/#website\"},\"datePublished\":\"2022-01-11T19:23:52+00:00\",\"dateModified\":\"2025-06-06T13:49:09+00:00\",\"inLanguage\":\"pt-BR\",\"potentialAction\":[{\"@type\":\"ReadAction\",\"target\":[\"https:\/\/www.pmpf.rs.gov.br\/nfse\/manuais\/\"]}]},{\"@type\":\"WebSite\",\"@id\":\"https:\/\/www.pmpf.rs.gov.br\/nfse\/#website\",\"url\":\"https:\/\/www.pmpf.rs.gov.br\/nfse\/\",\"name\":\"Nota Fiscal de Servi\u00e7o Eletr\u00f4nica - NFS-e\",\"description\":\"S\u00f3 mais um site Prefeitura de Passo Fundo\",\"potentialAction\":[{\"@type\":\"SearchAction\",\"target\":{\"@type\":\"EntryPoint\",\"urlTemplate\":\"https:\/\/www.pmpf.rs.gov.br\/nfse\/?s={search_term_string}\"},\"query-input\":{\"@type\":\"PropertyValueSpecification\",\"valueRequired\":true,\"valueName\":\"search_term_string\"}}],\"inLanguage\":\"pt-BR\"}]}<\/script>\n<!-- \/ Yoast SEO plugin. -->","yoast_head_json":{"title":"Manuais - Nota Fiscal de Servi\u00e7o Eletr\u00f4nica - NFS-e","robots":{"index":"index","follow":"follow","max-snippet":"max-snippet:-1","max-image-preview":"max-image-preview:large","max-video-preview":"max-video-preview:-1"},"canonical":"https:\/\/www.pmpf.rs.gov.br\/nfse\/manuais\/","og_locale":"pt_BR","og_type":"article","og_title":"Manuais - Nota Fiscal de Servi\u00e7o Eletr\u00f4nica - NFS-e","og_url":"https:\/\/www.pmpf.rs.gov.br\/nfse\/manuais\/","og_site_name":"Nota Fiscal de Servi\u00e7o Eletr\u00f4nica - NFS-e","article_modified_time":"2025-06-06T13:49:09+00:00","twitter_card":"summary_large_image","twitter_misc":{"Est. tempo de leitura":"1 minuto"},"schema":{"@context":"https:\/\/schema.org","@graph":[{"@type":"WebPage","@id":"https:\/\/www.pmpf.rs.gov.br\/nfse\/manuais\/","url":"https:\/\/www.pmpf.rs.gov.br\/nfse\/manuais\/","name":"Manuais - Nota Fiscal de Servi\u00e7o Eletr\u00f4nica - NFS-e","isPartOf":{"@id":"https:\/\/www.pmpf.rs.gov.br\/nfse\/#website"},"datePublished":"2022-01-11T19:23:52+00:00","dateModified":"2025-06-06T13:49:09+00:00","inLanguage":"pt-BR","potentialAction":[{"@type":"ReadAction","target":["https:\/\/www.pmpf.rs.gov.br\/nfse\/manuais\/"]}]},{"@type":"WebSite","@id":"https:\/\/www.pmpf.rs.gov.br\/nfse\/#website","url":"https:\/\/www.pmpf.rs.gov.br\/nfse\/","name":"Nota Fiscal de Servi\u00e7o Eletr\u00f4nica - NFS-e","description":"S\u00f3 mais um site Prefeitura de Passo Fundo","potentialAction":[{"@type":"SearchAction","target":{"@type":"EntryPoint","urlTemplate":"https:\/\/www.pmpf.rs.gov.br\/nfse\/?s={search_term_string}"},"query-input":{"@type":"PropertyValueSpecification","valueRequired":true,"valueName":"search_term_string"}}],"inLanguage":"pt-BR"}]}},"_links":{"self":[{"href":"https:\/\/www.pmpf.rs.gov.br\/nfse\/wp-json\/wp\/v2\/pages\/70"}],"collection":[{"href":"https:\/\/www.pmpf.rs.gov.br\/nfse\/wp-json\/wp\/v2\/pages"}],"about":[{"href":"https:\/\/www.pmpf.rs.gov.br\/nfse\/wp-json\/wp\/v2\/types\/page"}],"author":[{"embeddable":true,"href":"https:\/\/www.pmpf.rs.gov.br\/nfse\/wp-json\/wp\/v2\/users\/1"}],"replies":[{"embeddable":true,"href":"https:\/\/www.pmpf.rs.gov.br\/nfse\/wp-json\/wp\/v2\/comments?post=70"}],"version-history":[{"count":4,"href":"https:\/\/www.pmpf.rs.gov.br\/nfse\/wp-json\/wp\/v2\/pages\/70\/revisions"}],"predecessor-version":[{"id":332,"href":"https:\/\/www.pmpf.rs.gov.br\/nfse\/wp-json\/wp\/v2\/pages\/70\/revisions\/332"}],"wp:attachment":[{"href":"https:\/\/www.pmpf.rs.gov.br\/nfse\/wp-json\/wp\/v2\/media?parent=70"}],"curies":[{"name":"wp","href":"https:\/\/api.w.org\/{rel}","templated":true}]}}