{"id":53,"date":"2022-01-11T16:06:58","date_gmt":"2022-01-11T19:06:58","guid":{"rendered":"https:\/\/www.pmpf.rs.gov.br\/nfse\/?page_id=53"},"modified":"2023-11-13T10:45:50","modified_gmt":"2023-11-13T13:45:50","slug":"desenvolvedores","status":"publish","type":"page","link":"https:\/\/www.pmpf.rs.gov.br\/nfse\/desenvolvedores\/","title":{"rendered":"Desenvolvedores"},"content":{"rendered":"\n<h2 class=\"wp-block-heading\">Web-Services<\/h2>\n\n\n\n<ul class=\"wp-block-list\">\n<li><a href=\"https:\/\/nfse.pmpf.rs.gov.br\/\" target=\"_blank\" rel=\"noreferrer noopener\">Ambiente de Produ\u00e7\u00e3o<\/a><\/li>\n\n\n\n<li><a href=\"https:\/\/hmlnfse.pmpf.rs.gov.br\/thema-nfse\/\" target=\"_blank\" rel=\"noreferrer noopener\">Ambiente de Homologa\u00e7\u00e3o (Testes)<\/a><\/li>\n<\/ul>\n\n\n\n<h2 class=\"wp-block-heading\">Validador de .xml<\/h2>\n\n\n\n<ul class=\"wp-block-list\">\n<li><a href=\"https:\/\/grp.pmpf.rs.gov.br\/grp\/acessoexterno\/programaAcessoExterno.faces?codigo=670195\" target=\"_blank\" rel=\"noreferrer noopener\">Validador<\/a><\/li>\n<\/ul>\n\n\n\n<h2 class=\"wp-block-heading\">Modelos de .xml<\/h2>\n\n\n\n<ul class=\"wp-block-list\">\n<li><a href=\"https:\/\/www.pmpf.rs.gov.br\/nfse\/wp-content\/uploads\/sites\/63\/2022\/01\/xml_remessa.zip\">Arquivo de remessa<\/a><\/li>\n\n\n\n<li><a href=\"https:\/\/www.pmpf.rs.gov.br\/nfse\/wp-content\/uploads\/sites\/63\/2022\/01\/xml_cancelamento.zip\">Arquivo de cancelamento<\/a><\/li>\n\n\n\n<li><a href=\"https:\/\/www.pmpf.rs.gov.br\/nfse\/wp-content\/uploads\/sites\/63\/2022\/01\/xml_retorno.zip\">Arquivo de retorno<\/a><\/li>\n\n\n\n<li><a href=\"https:\/\/www.pmpf.rs.gov.br\/nfse\/wp-content\/uploads\/sites\/63\/2022\/01\/nfse.xsd-passofundo.7z\">Arquivo de valida\u00e7\u00e3o (XSD)<\/a><\/li>\n<\/ul>\n\n\n\n<p><\/p>\n","protected":false},"excerpt":{"rendered":"<p>Web-Services Validador de .xml Modelos de .xml<\/p>\n","protected":false},"author":1,"featured_media":0,"parent":0,"menu_order":0,"comment_status":"closed","ping_status":"closed","template":"","meta":{"footnotes":""},"class_list":["post-53","page","type-page","status-publish","hentry"],"yoast_head":"<!-- This site is optimized with the Yoast SEO plugin v23.8 - https:\/\/yoast.com\/wordpress\/plugins\/seo\/ -->\n<title>Desenvolvedores - Nota Fiscal de Servi\u00e7o Eletr\u00f4nica - NFS-e<\/title>\n<meta name=\"robots\" content=\"index, follow, max-snippet:-1, max-image-preview:large, max-video-preview:-1\" \/>\n<link rel=\"canonical\" href=\"https:\/\/www.pmpf.rs.gov.br\/nfse\/desenvolvedores\/\" \/>\n<meta property=\"og:locale\" content=\"pt_BR\" \/>\n<meta property=\"og:type\" content=\"article\" \/>\n<meta property=\"og:title\" content=\"Desenvolvedores - Nota Fiscal de Servi\u00e7o Eletr\u00f4nica - NFS-e\" \/>\n<meta property=\"og:description\" content=\"Web-Services Validador de .xml Modelos de .xml\" \/>\n<meta property=\"og:url\" content=\"https:\/\/www.pmpf.rs.gov.br\/nfse\/desenvolvedores\/\" \/>\n<meta property=\"og:site_name\" content=\"Nota Fiscal de Servi\u00e7o Eletr\u00f4nica - NFS-e\" \/>\n<meta property=\"article:modified_time\" content=\"2023-11-13T13:45:50+00:00\" \/>\n<meta name=\"twitter:card\" content=\"summary_large_image\" \/>\n<meta name=\"twitter:label1\" content=\"Est. tempo de leitura\" \/>\n\t<meta name=\"twitter:data1\" content=\"1 minuto\" \/>\n<script type=\"application\/ld+json\" class=\"yoast-schema-graph\">{\"@context\":\"https:\/\/schema.org\",\"@graph\":[{\"@type\":\"WebPage\",\"@id\":\"https:\/\/www.pmpf.rs.gov.br\/nfse\/desenvolvedores\/\",\"url\":\"https:\/\/www.pmpf.rs.gov.br\/nfse\/desenvolvedores\/\",\"name\":\"Desenvolvedores - Nota Fiscal de Servi\u00e7o Eletr\u00f4nica - NFS-e\",\"isPartOf\":{\"@id\":\"https:\/\/www.pmpf.rs.gov.br\/nfse\/#website\"},\"datePublished\":\"2022-01-11T19:06:58+00:00\",\"dateModified\":\"2023-11-13T13:45:50+00:00\",\"inLanguage\":\"pt-BR\",\"potentialAction\":[{\"@type\":\"ReadAction\",\"target\":[\"https:\/\/www.pmpf.rs.gov.br\/nfse\/desenvolvedores\/\"]}]},{\"@type\":\"WebSite\",\"@id\":\"https:\/\/www.pmpf.rs.gov.br\/nfse\/#website\",\"url\":\"https:\/\/www.pmpf.rs.gov.br\/nfse\/\",\"name\":\"Nota Fiscal de Servi\u00e7o Eletr\u00f4nica - NFS-e\",\"description\":\"S\u00f3 mais um site Prefeitura de Passo Fundo\",\"potentialAction\":[{\"@type\":\"SearchAction\",\"target\":{\"@type\":\"EntryPoint\",\"urlTemplate\":\"https:\/\/www.pmpf.rs.gov.br\/nfse\/?s={search_term_string}\"},\"query-input\":{\"@type\":\"PropertyValueSpecification\",\"valueRequired\":true,\"valueName\":\"search_term_string\"}}],\"inLanguage\":\"pt-BR\"}]}<\/script>\n<!-- \/ Yoast SEO plugin. -->","yoast_head_json":{"title":"Desenvolvedores - Nota Fiscal de Servi\u00e7o Eletr\u00f4nica - NFS-e","robots":{"index":"index","follow":"follow","max-snippet":"max-snippet:-1","max-image-preview":"max-image-preview:large","max-video-preview":"max-video-preview:-1"},"canonical":"https:\/\/www.pmpf.rs.gov.br\/nfse\/desenvolvedores\/","og_locale":"pt_BR","og_type":"article","og_title":"Desenvolvedores - Nota Fiscal de Servi\u00e7o Eletr\u00f4nica - NFS-e","og_description":"Web-Services Validador de .xml Modelos de .xml","og_url":"https:\/\/www.pmpf.rs.gov.br\/nfse\/desenvolvedores\/","og_site_name":"Nota Fiscal de Servi\u00e7o Eletr\u00f4nica - NFS-e","article_modified_time":"2023-11-13T13:45:50+00:00","twitter_card":"summary_large_image","twitter_misc":{"Est. tempo de leitura":"1 minuto"},"schema":{"@context":"https:\/\/schema.org","@graph":[{"@type":"WebPage","@id":"https:\/\/www.pmpf.rs.gov.br\/nfse\/desenvolvedores\/","url":"https:\/\/www.pmpf.rs.gov.br\/nfse\/desenvolvedores\/","name":"Desenvolvedores - Nota Fiscal de Servi\u00e7o Eletr\u00f4nica - NFS-e","isPartOf":{"@id":"https:\/\/www.pmpf.rs.gov.br\/nfse\/#website"},"datePublished":"2022-01-11T19:06:58+00:00","dateModified":"2023-11-13T13:45:50+00:00","inLanguage":"pt-BR","potentialAction":[{"@type":"ReadAction","target":["https:\/\/www.pmpf.rs.gov.br\/nfse\/desenvolvedores\/"]}]},{"@type":"WebSite","@id":"https:\/\/www.pmpf.rs.gov.br\/nfse\/#website","url":"https:\/\/www.pmpf.rs.gov.br\/nfse\/","name":"Nota Fiscal de Servi\u00e7o Eletr\u00f4nica - NFS-e","description":"S\u00f3 mais um site Prefeitura de Passo Fundo","potentialAction":[{"@type":"SearchAction","target":{"@type":"EntryPoint","urlTemplate":"https:\/\/www.pmpf.rs.gov.br\/nfse\/?s={search_term_string}"},"query-input":{"@type":"PropertyValueSpecification","valueRequired":true,"valueName":"search_term_string"}}],"inLanguage":"pt-BR"}]}},"_links":{"self":[{"href":"https:\/\/www.pmpf.rs.gov.br\/nfse\/wp-json\/wp\/v2\/pages\/53"}],"collection":[{"href":"https:\/\/www.pmpf.rs.gov.br\/nfse\/wp-json\/wp\/v2\/pages"}],"about":[{"href":"https:\/\/www.pmpf.rs.gov.br\/nfse\/wp-json\/wp\/v2\/types\/page"}],"author":[{"embeddable":true,"href":"https:\/\/www.pmpf.rs.gov.br\/nfse\/wp-json\/wp\/v2\/users\/1"}],"replies":[{"embeddable":true,"href":"https:\/\/www.pmpf.rs.gov.br\/nfse\/wp-json\/wp\/v2\/comments?post=53"}],"version-history":[{"count":16,"href":"https:\/\/www.pmpf.rs.gov.br\/nfse\/wp-json\/wp\/v2\/pages\/53\/revisions"}],"predecessor-version":[{"id":268,"href":"https:\/\/www.pmpf.rs.gov.br\/nfse\/wp-json\/wp\/v2\/pages\/53\/revisions\/268"}],"wp:attachment":[{"href":"https:\/\/www.pmpf.rs.gov.br\/nfse\/wp-json\/wp\/v2\/media?parent=53"}],"curies":[{"name":"wp","href":"https:\/\/api.w.org\/{rel}","templated":true}]}}