{"id":33,"date":"2022-01-11T15:41:14","date_gmt":"2022-01-11T18:41:14","guid":{"rendered":"https:\/\/www.pmpf.rs.gov.br\/nota-fiscal-de-servico-eletronica\/?page_id=33"},"modified":"2026-01-02T09:04:49","modified_gmt":"2026-01-02T12:04:49","slug":"recibo-provisorio-de-servicos-rps","status":"publish","type":"page","link":"https:\/\/www.pmpf.rs.gov.br\/nfse\/perguntas-e-respostas\/recibo-provisorio-de-servicos-rps\/","title":{"rendered":"Recibo Provis\u00f3rio de Servi\u00e7os &#8211; RPS"},"content":{"rendered":"\n<p>Considerando a previs\u00e3o regulamentadora da Reforma Tribut\u00e1ria disposta na LC 214\/2025, bem como, a revis\u00e3o disposta no Decreto Municipal\u00a0<a href=\"https:\/\/leismunicipais.com.br\/a1\/rs\/p\/passo-fundo\/decreto\/2025\/14\/134\/decreto-n-134-2025-dispoe-sobre-a-adesao-do-municipio-de-passo-fundo-ao-ambiente-nacional-da-nota-fiscal-de-servico-eletronica-nfs-e-nacional-e-da-outras-providencias?q=decreto+134%2F2025\" target=\"_blank\" rel=\"noreferrer noopener\">134\/2025\u00a0<\/a>a Coordenadoria de Receitas e Servi\u00e7os e Outras vem informar que: A partir de 01 de janeiro de 2026, o Munic\u00edpio passar\u00e1 a utilizar o Emissor Nacional de Nota Fiscal de Servi\u00e7o de Padr\u00e3o Nacional (NFS-e Nacional).<\/p>\n\n\n\n<p><a href=\"https:\/\/www.gov.br\/nfse\/pt-br\" target=\"_blank\" rel=\"noreferrer noopener\">P\u00e1gina Inicial \u2014 Portal da Nota Fiscal de Servi\u00e7o eletr\u00f4nica<\/a><\/p>\n\n\n\n<hr class=\"wp-block-separator has-alpha-channel-opacity\"\/>\n","protected":false},"excerpt":{"rendered":"<p>Considerando a previs\u00e3o regulamentadora da Reforma Tribut\u00e1ria disposta na LC 214\/2025, bem como, a revis\u00e3o disposta no Decreto Municipal\u00a0134\/2025\u00a0a Coordenadoria de Receitas e Servi\u00e7os e Outras vem informar que: A partir de [&hellip;]<\/p>\n","protected":false},"author":1,"featured_media":0,"parent":42,"menu_order":0,"comment_status":"closed","ping_status":"closed","template":"","meta":{"footnotes":""},"class_list":["post-33","page","type-page","status-publish","hentry"],"yoast_head":"<!-- This site is optimized with the Yoast SEO plugin v23.8 - https:\/\/yoast.com\/wordpress\/plugins\/seo\/ -->\n<title>Recibo Provis\u00f3rio de Servi\u00e7os - RPS - Nota Fiscal de Servi\u00e7o Eletr\u00f4nica - NFS-e<\/title>\n<meta name=\"robots\" content=\"index, follow, max-snippet:-1, max-image-preview:large, max-video-preview:-1\" \/>\n<link rel=\"canonical\" href=\"https:\/\/www.pmpf.rs.gov.br\/nfse\/perguntas-e-respostas\/recibo-provisorio-de-servicos-rps\/\" \/>\n<meta property=\"og:locale\" content=\"pt_BR\" \/>\n<meta property=\"og:type\" content=\"article\" \/>\n<meta property=\"og:title\" content=\"Recibo Provis\u00f3rio de Servi\u00e7os - RPS - Nota Fiscal de Servi\u00e7o Eletr\u00f4nica - NFS-e\" \/>\n<meta property=\"og:description\" content=\"Considerando a previs\u00e3o regulamentadora da Reforma Tribut\u00e1ria disposta na LC 214\/2025, bem como, a revis\u00e3o disposta no Decreto Municipal\u00a0134\/2025\u00a0a Coordenadoria de Receitas e Servi\u00e7os e Outras vem informar que: A partir de [&hellip;]\" \/>\n<meta property=\"og:url\" content=\"https:\/\/www.pmpf.rs.gov.br\/nfse\/perguntas-e-respostas\/recibo-provisorio-de-servicos-rps\/\" \/>\n<meta property=\"og:site_name\" content=\"Nota Fiscal de Servi\u00e7o Eletr\u00f4nica - NFS-e\" \/>\n<meta property=\"article:modified_time\" content=\"2026-01-02T12:04:49+00:00\" \/>\n<meta name=\"twitter:card\" content=\"summary_large_image\" \/>\n<meta name=\"twitter:label1\" content=\"Est. tempo de leitura\" \/>\n\t<meta name=\"twitter:data1\" content=\"2 minutos\" \/>\n<script type=\"application\/ld+json\" class=\"yoast-schema-graph\">{\"@context\":\"https:\/\/schema.org\",\"@graph\":[{\"@type\":\"WebPage\",\"@id\":\"https:\/\/www.pmpf.rs.gov.br\/nfse\/perguntas-e-respostas\/recibo-provisorio-de-servicos-rps\/\",\"url\":\"https:\/\/www.pmpf.rs.gov.br\/nfse\/perguntas-e-respostas\/recibo-provisorio-de-servicos-rps\/\",\"name\":\"Recibo Provis\u00f3rio de Servi\u00e7os - RPS - Nota Fiscal de Servi\u00e7o Eletr\u00f4nica - NFS-e\",\"isPartOf\":{\"@id\":\"https:\/\/www.pmpf.rs.gov.br\/nfse\/#website\"},\"datePublished\":\"2022-01-11T18:41:14+00:00\",\"dateModified\":\"2026-01-02T12:04:49+00:00\",\"breadcrumb\":{\"@id\":\"https:\/\/www.pmpf.rs.gov.br\/nfse\/perguntas-e-respostas\/recibo-provisorio-de-servicos-rps\/#breadcrumb\"},\"inLanguage\":\"pt-BR\",\"potentialAction\":[{\"@type\":\"ReadAction\",\"target\":[\"https:\/\/www.pmpf.rs.gov.br\/nfse\/perguntas-e-respostas\/recibo-provisorio-de-servicos-rps\/\"]}]},{\"@type\":\"BreadcrumbList\",\"@id\":\"https:\/\/www.pmpf.rs.gov.br\/nfse\/perguntas-e-respostas\/recibo-provisorio-de-servicos-rps\/#breadcrumb\",\"itemListElement\":[{\"@type\":\"ListItem\",\"position\":1,\"name\":\"Perguntas e Respostas\",\"item\":\"https:\/\/www.pmpf.rs.gov.br\/nfse\/perguntas-e-respostas\/\"},{\"@type\":\"ListItem\",\"position\":2,\"name\":\"Recibo Provis\u00f3rio de Servi\u00e7os &#8211; RPS\"}]},{\"@type\":\"WebSite\",\"@id\":\"https:\/\/www.pmpf.rs.gov.br\/nfse\/#website\",\"url\":\"https:\/\/www.pmpf.rs.gov.br\/nfse\/\",\"name\":\"Nota Fiscal de Servi\u00e7o Eletr\u00f4nica - NFS-e\",\"description\":\"S\u00f3 mais um site Prefeitura de Passo Fundo\",\"potentialAction\":[{\"@type\":\"SearchAction\",\"target\":{\"@type\":\"EntryPoint\",\"urlTemplate\":\"https:\/\/www.pmpf.rs.gov.br\/nfse\/?s={search_term_string}\"},\"query-input\":{\"@type\":\"PropertyValueSpecification\",\"valueRequired\":true,\"valueName\":\"search_term_string\"}}],\"inLanguage\":\"pt-BR\"}]}<\/script>\n<!-- \/ Yoast SEO plugin. -->","yoast_head_json":{"title":"Recibo Provis\u00f3rio de Servi\u00e7os - RPS - Nota Fiscal de Servi\u00e7o Eletr\u00f4nica - NFS-e","robots":{"index":"index","follow":"follow","max-snippet":"max-snippet:-1","max-image-preview":"max-image-preview:large","max-video-preview":"max-video-preview:-1"},"canonical":"https:\/\/www.pmpf.rs.gov.br\/nfse\/perguntas-e-respostas\/recibo-provisorio-de-servicos-rps\/","og_locale":"pt_BR","og_type":"article","og_title":"Recibo Provis\u00f3rio de Servi\u00e7os - RPS - Nota Fiscal de Servi\u00e7o Eletr\u00f4nica - NFS-e","og_description":"Considerando a previs\u00e3o regulamentadora da Reforma Tribut\u00e1ria disposta na LC 214\/2025, bem como, a revis\u00e3o disposta no Decreto Municipal\u00a0134\/2025\u00a0a Coordenadoria de Receitas e Servi\u00e7os e Outras vem informar que: A partir de [&hellip;]","og_url":"https:\/\/www.pmpf.rs.gov.br\/nfse\/perguntas-e-respostas\/recibo-provisorio-de-servicos-rps\/","og_site_name":"Nota Fiscal de Servi\u00e7o Eletr\u00f4nica - NFS-e","article_modified_time":"2026-01-02T12:04:49+00:00","twitter_card":"summary_large_image","twitter_misc":{"Est. tempo de leitura":"2 minutos"},"schema":{"@context":"https:\/\/schema.org","@graph":[{"@type":"WebPage","@id":"https:\/\/www.pmpf.rs.gov.br\/nfse\/perguntas-e-respostas\/recibo-provisorio-de-servicos-rps\/","url":"https:\/\/www.pmpf.rs.gov.br\/nfse\/perguntas-e-respostas\/recibo-provisorio-de-servicos-rps\/","name":"Recibo Provis\u00f3rio de Servi\u00e7os - RPS - Nota Fiscal de Servi\u00e7o Eletr\u00f4nica - NFS-e","isPartOf":{"@id":"https:\/\/www.pmpf.rs.gov.br\/nfse\/#website"},"datePublished":"2022-01-11T18:41:14+00:00","dateModified":"2026-01-02T12:04:49+00:00","breadcrumb":{"@id":"https:\/\/www.pmpf.rs.gov.br\/nfse\/perguntas-e-respostas\/recibo-provisorio-de-servicos-rps\/#breadcrumb"},"inLanguage":"pt-BR","potentialAction":[{"@type":"ReadAction","target":["https:\/\/www.pmpf.rs.gov.br\/nfse\/perguntas-e-respostas\/recibo-provisorio-de-servicos-rps\/"]}]},{"@type":"BreadcrumbList","@id":"https:\/\/www.pmpf.rs.gov.br\/nfse\/perguntas-e-respostas\/recibo-provisorio-de-servicos-rps\/#breadcrumb","itemListElement":[{"@type":"ListItem","position":1,"name":"Perguntas e Respostas","item":"https:\/\/www.pmpf.rs.gov.br\/nfse\/perguntas-e-respostas\/"},{"@type":"ListItem","position":2,"name":"Recibo Provis\u00f3rio de Servi\u00e7os &#8211; RPS"}]},{"@type":"WebSite","@id":"https:\/\/www.pmpf.rs.gov.br\/nfse\/#website","url":"https:\/\/www.pmpf.rs.gov.br\/nfse\/","name":"Nota Fiscal de Servi\u00e7o Eletr\u00f4nica - NFS-e","description":"S\u00f3 mais um site Prefeitura de Passo Fundo","potentialAction":[{"@type":"SearchAction","target":{"@type":"EntryPoint","urlTemplate":"https:\/\/www.pmpf.rs.gov.br\/nfse\/?s={search_term_string}"},"query-input":{"@type":"PropertyValueSpecification","valueRequired":true,"valueName":"search_term_string"}}],"inLanguage":"pt-BR"}]}},"_links":{"self":[{"href":"https:\/\/www.pmpf.rs.gov.br\/nfse\/wp-json\/wp\/v2\/pages\/33"}],"collection":[{"href":"https:\/\/www.pmpf.rs.gov.br\/nfse\/wp-json\/wp\/v2\/pages"}],"about":[{"href":"https:\/\/www.pmpf.rs.gov.br\/nfse\/wp-json\/wp\/v2\/types\/page"}],"author":[{"embeddable":true,"href":"https:\/\/www.pmpf.rs.gov.br\/nfse\/wp-json\/wp\/v2\/users\/1"}],"replies":[{"embeddable":true,"href":"https:\/\/www.pmpf.rs.gov.br\/nfse\/wp-json\/wp\/v2\/comments?post=33"}],"version-history":[{"count":2,"href":"https:\/\/www.pmpf.rs.gov.br\/nfse\/wp-json\/wp\/v2\/pages\/33\/revisions"}],"predecessor-version":[{"id":368,"href":"https:\/\/www.pmpf.rs.gov.br\/nfse\/wp-json\/wp\/v2\/pages\/33\/revisions\/368"}],"up":[{"embeddable":true,"href":"https:\/\/www.pmpf.rs.gov.br\/nfse\/wp-json\/wp\/v2\/pages\/42"}],"wp:attachment":[{"href":"https:\/\/www.pmpf.rs.gov.br\/nfse\/wp-json\/wp\/v2\/media?parent=33"}],"curies":[{"name":"wp","href":"https:\/\/api.w.org\/{rel}","templated":true}]}}