{"id":31,"date":"2022-01-11T15:38:44","date_gmt":"2022-01-11T18:38:44","guid":{"rendered":"https:\/\/www.pmpf.rs.gov.br\/nota-fiscal-de-servico-eletronica\/?page_id=31"},"modified":"2022-01-11T15:56:41","modified_gmt":"2022-01-11T18:56:41","slug":"pagamento-do-issqn-imposto-sobre-servicos-qualquer-natureza","status":"publish","type":"page","link":"https:\/\/www.pmpf.rs.gov.br\/nfse\/perguntas-e-respostas\/pagamento-do-issqn-imposto-sobre-servicos-qualquer-natureza\/","title":{"rendered":"Pagamento do ISSQN &#8211; Imposto Sobre Servi\u00e7os Qualquer Natureza"},"content":{"rendered":"\n<div class=\"schema-faq wp-block-yoast-faq-block\"><div class=\"schema-faq-section\" id=\"faq-question-1641926166576\"><strong class=\"schema-faq-question\">1.1- Como fa\u00e7o para efetuar o recolhimento do ISS das NFS-e emitidas?<\/strong> <p class=\"schema-faq-answer\">O recolhimento do ISS das NFS-e deve ser efetuado atrav\u00e9s da guia de recolhimento (DARM) gerada no portal da NFS-e. A guia de recolhimento pode ser gerada a qualquer momento, ap\u00f3s a emiss\u00e3o da NFS-e.<\/p> <\/div> <div class=\"schema-faq-section\" id=\"faq-question-1641926210263\"><strong class=\"schema-faq-question\">1.2- Como recolher o imposto de uma NFS-e em que sou o respons\u00e1vel tribut\u00e1rio?<\/strong> <p class=\"schema-faq-answer\">O recolhimento do ISS para tomadores de servi\u00e7os, sujeitos \u00e0 reten\u00e7\u00e3o do imposto, ocorre atrav\u00e9s da emiss\u00e3o da guia de recolhimento (DARM) no aplicativo &#8216;Guia de Pagamento Tomador&#8217;, dentro do portal da NFS-e.<\/p> <\/div> <div class=\"schema-faq-section\" id=\"faq-question-1641926219684\"><strong class=\"schema-faq-question\">1.3- Como fa\u00e7o para emitir uma guia de recolhimento (DARM)?<\/strong> <p class=\"schema-faq-answer\">A emiss\u00e3o da guia de recolhimento (DARM) deve ocorrer dentro do servi\u00e7o &#8220;;Guia de Pagamento Prestador&#8221;; ou &#8220;;Guia de Pagamento Tomador&#8221;;, dependendo do caso. As orienta\u00e7\u00f5es para utiliza\u00e7\u00e3o do aplicativo podem ser obtidas no manual do Aplicativo On Line, disponibilizado no site da prefeitura.<\/p> <\/div> <div class=\"schema-faq-section\" id=\"faq-question-1641926230566\"><strong class=\"schema-faq-question\">1.4- Preciso emitir uma guia de recolhimento (DARM) para cada NFS-e?<\/strong> <p class=\"schema-faq-answer\">N\u00e3o, a quantidade de NFS-e que pode ser inclu\u00edda em cada DARM \u00e9 ilimitada.<\/p> <\/div> <div class=\"schema-faq-section\" id=\"faq-question-1641926268916\"><strong class=\"schema-faq-question\">1.5- Posso emitir mais que uma guia de recolhimento (DARM) por compet\u00eancia?<\/strong> <p class=\"schema-faq-answer\">Sim, quantidade de DARMs que pode ser emitida \u00e9 ilimitada.<\/p> <\/div> <div class=\"schema-faq-section\" id=\"faq-question-1641926278928\"><strong class=\"schema-faq-question\">1.6- Como cancelo uma guia de recolhimento (DARM) gerada?<\/strong> <p class=\"schema-faq-answer\">O cancelamento de uma guia de recolhimento (DARM) deve ser efetuado no aplicativo ISS Eletr\u00f4nico. S\u00f3 podem ser canceladas as guias de recolhimento (DARMS) n\u00e3o pagas.<\/p> <\/div> <div class=\"schema-faq-section\" id=\"faq-question-1641926292249\"><strong class=\"schema-faq-question\">1.7- O que acontece quando cancelo uma guia de recolhimento (DARM)?<\/strong> <p class=\"schema-faq-answer\">Ao cancelar uma guia de recolhimento (DARM) as NFS-e vinculadas a ela ficam novamente dispon\u00edveis para gera\u00e7\u00e3o de nova guia, dentro do respectivo aplicativo.<\/p> <\/div> <div class=\"schema-faq-section\" id=\"faq-question-1641926306360\"><strong class=\"schema-faq-question\">1.8- N\u00e3o paguei o imposto no vencimento, como proceder para atualizar a guia de recolhimento (DARM)?<\/strong> <p class=\"schema-faq-answer\">A atualiza\u00e7\u00e3o da guia de recolhimento (DARM) pode ser feita com a emiss\u00e3o de uma 2\u00aa via do respectivo documento, dentro do aplicativo Guia de pagamento espec\u00edfico do prestador ou tomador do servi\u00e7o, informando a data desejada para pagamento, nesses casos o sistema atualiza os valores automaticamente de acordo com a legisla\u00e7\u00e3o.<\/p> <\/div> <\/div>\n","protected":false},"excerpt":{"rendered":"","protected":false},"author":1,"featured_media":0,"parent":42,"menu_order":0,"comment_status":"closed","ping_status":"closed","template":"","meta":{"footnotes":""},"class_list":["post-31","page","type-page","status-publish","hentry"],"yoast_head":"<!-- This site is optimized with the Yoast SEO plugin v23.8 - https:\/\/yoast.com\/wordpress\/plugins\/seo\/ -->\n<title>Pagamento do ISSQN - Imposto Sobre Servi\u00e7os Qualquer Natureza - Nota Fiscal de Servi\u00e7o Eletr\u00f4nica - NFS-e<\/title>\n<meta name=\"robots\" content=\"index, follow, max-snippet:-1, max-image-preview:large, max-video-preview:-1\" \/>\n<link rel=\"canonical\" href=\"https:\/\/www.pmpf.rs.gov.br\/nfse\/perguntas-e-respostas\/pagamento-do-issqn-imposto-sobre-servicos-qualquer-natureza\/\" \/>\n<meta property=\"og:locale\" content=\"pt_BR\" \/>\n<meta property=\"og:type\" content=\"article\" \/>\n<meta property=\"og:title\" content=\"Pagamento do ISSQN - Imposto Sobre Servi\u00e7os Qualquer Natureza - Nota Fiscal de Servi\u00e7o Eletr\u00f4nica - NFS-e\" \/>\n<meta property=\"og:url\" content=\"https:\/\/www.pmpf.rs.gov.br\/nfse\/perguntas-e-respostas\/pagamento-do-issqn-imposto-sobre-servicos-qualquer-natureza\/\" \/>\n<meta property=\"og:site_name\" content=\"Nota Fiscal de Servi\u00e7o Eletr\u00f4nica - NFS-e\" \/>\n<meta property=\"article:modified_time\" content=\"2022-01-11T18:56:41+00:00\" \/>\n<meta name=\"twitter:card\" content=\"summary_large_image\" \/>\n<meta name=\"twitter:label1\" content=\"Est. tempo de leitura\" \/>\n\t<meta name=\"twitter:data1\" content=\"2 minutos\" \/>\n<script type=\"application\/ld+json\" class=\"yoast-schema-graph\">{\"@context\":\"https:\/\/schema.org\",\"@graph\":[{\"@type\":[\"WebPage\",\"FAQPage\"],\"@id\":\"https:\/\/www.pmpf.rs.gov.br\/nfse\/perguntas-e-respostas\/pagamento-do-issqn-imposto-sobre-servicos-qualquer-natureza\/\",\"url\":\"https:\/\/www.pmpf.rs.gov.br\/nfse\/perguntas-e-respostas\/pagamento-do-issqn-imposto-sobre-servicos-qualquer-natureza\/\",\"name\":\"Pagamento do ISSQN - Imposto Sobre Servi\u00e7os Qualquer Natureza - Nota Fiscal de Servi\u00e7o Eletr\u00f4nica - NFS-e\",\"isPartOf\":{\"@id\":\"https:\/\/www.pmpf.rs.gov.br\/nfse\/#website\"},\"datePublished\":\"2022-01-11T18:38:44+00:00\",\"dateModified\":\"2022-01-11T18:56:41+00:00\",\"breadcrumb\":{\"@id\":\"https:\/\/www.pmpf.rs.gov.br\/nfse\/perguntas-e-respostas\/pagamento-do-issqn-imposto-sobre-servicos-qualquer-natureza\/#breadcrumb\"},\"mainEntity\":[{\"@id\":\"https:\/\/www.pmpf.rs.gov.br\/nfse\/perguntas-e-respostas\/pagamento-do-issqn-imposto-sobre-servicos-qualquer-natureza\/#faq-question-1641926166576\"},{\"@id\":\"https:\/\/www.pmpf.rs.gov.br\/nfse\/perguntas-e-respostas\/pagamento-do-issqn-imposto-sobre-servicos-qualquer-natureza\/#faq-question-1641926210263\"},{\"@id\":\"https:\/\/www.pmpf.rs.gov.br\/nfse\/perguntas-e-respostas\/pagamento-do-issqn-imposto-sobre-servicos-qualquer-natureza\/#faq-question-1641926219684\"},{\"@id\":\"https:\/\/www.pmpf.rs.gov.br\/nfse\/perguntas-e-respostas\/pagamento-do-issqn-imposto-sobre-servicos-qualquer-natureza\/#faq-question-1641926230566\"},{\"@id\":\"https:\/\/www.pmpf.rs.gov.br\/nfse\/perguntas-e-respostas\/pagamento-do-issqn-imposto-sobre-servicos-qualquer-natureza\/#faq-question-1641926268916\"},{\"@id\":\"https:\/\/www.pmpf.rs.gov.br\/nfse\/perguntas-e-respostas\/pagamento-do-issqn-imposto-sobre-servicos-qualquer-natureza\/#faq-question-1641926278928\"},{\"@id\":\"https:\/\/www.pmpf.rs.gov.br\/nfse\/perguntas-e-respostas\/pagamento-do-issqn-imposto-sobre-servicos-qualquer-natureza\/#faq-question-1641926292249\"},{\"@id\":\"https:\/\/www.pmpf.rs.gov.br\/nfse\/perguntas-e-respostas\/pagamento-do-issqn-imposto-sobre-servicos-qualquer-natureza\/#faq-question-1641926306360\"}],\"inLanguage\":\"pt-BR\",\"potentialAction\":[{\"@type\":\"ReadAction\",\"target\":[\"https:\/\/www.pmpf.rs.gov.br\/nfse\/perguntas-e-respostas\/pagamento-do-issqn-imposto-sobre-servicos-qualquer-natureza\/\"]}]},{\"@type\":\"BreadcrumbList\",\"@id\":\"https:\/\/www.pmpf.rs.gov.br\/nfse\/perguntas-e-respostas\/pagamento-do-issqn-imposto-sobre-servicos-qualquer-natureza\/#breadcrumb\",\"itemListElement\":[{\"@type\":\"ListItem\",\"position\":1,\"name\":\"Perguntas e Respostas\",\"item\":\"https:\/\/www.pmpf.rs.gov.br\/nfse\/perguntas-e-respostas\/\"},{\"@type\":\"ListItem\",\"position\":2,\"name\":\"Pagamento do ISSQN &#8211; Imposto Sobre Servi\u00e7os Qualquer Natureza\"}]},{\"@type\":\"WebSite\",\"@id\":\"https:\/\/www.pmpf.rs.gov.br\/nfse\/#website\",\"url\":\"https:\/\/www.pmpf.rs.gov.br\/nfse\/\",\"name\":\"Nota Fiscal de Servi\u00e7o Eletr\u00f4nica - NFS-e\",\"description\":\"S\u00f3 mais um site Prefeitura de Passo Fundo\",\"potentialAction\":[{\"@type\":\"SearchAction\",\"target\":{\"@type\":\"EntryPoint\",\"urlTemplate\":\"https:\/\/www.pmpf.rs.gov.br\/nfse\/?s={search_term_string}\"},\"query-input\":{\"@type\":\"PropertyValueSpecification\",\"valueRequired\":true,\"valueName\":\"search_term_string\"}}],\"inLanguage\":\"pt-BR\"},{\"@type\":\"Question\",\"@id\":\"https:\/\/www.pmpf.rs.gov.br\/nfse\/perguntas-e-respostas\/pagamento-do-issqn-imposto-sobre-servicos-qualquer-natureza\/#faq-question-1641926166576\",\"position\":1,\"url\":\"https:\/\/www.pmpf.rs.gov.br\/nfse\/perguntas-e-respostas\/pagamento-do-issqn-imposto-sobre-servicos-qualquer-natureza\/#faq-question-1641926166576\",\"name\":\"1.1- Como fa\u00e7o para efetuar o recolhimento do ISS das NFS-e emitidas?\",\"answerCount\":1,\"acceptedAnswer\":{\"@type\":\"Answer\",\"text\":\"O recolhimento do ISS das NFS-e deve ser efetuado atrav\u00e9s da guia de recolhimento (DARM) gerada no portal da NFS-e. A guia de recolhimento pode ser gerada a qualquer momento, ap\u00f3s a emiss\u00e3o da NFS-e.\",\"inLanguage\":\"pt-BR\"},\"inLanguage\":\"pt-BR\"},{\"@type\":\"Question\",\"@id\":\"https:\/\/www.pmpf.rs.gov.br\/nfse\/perguntas-e-respostas\/pagamento-do-issqn-imposto-sobre-servicos-qualquer-natureza\/#faq-question-1641926210263\",\"position\":2,\"url\":\"https:\/\/www.pmpf.rs.gov.br\/nfse\/perguntas-e-respostas\/pagamento-do-issqn-imposto-sobre-servicos-qualquer-natureza\/#faq-question-1641926210263\",\"name\":\"1.2- Como recolher o imposto de uma NFS-e em que sou o respons\u00e1vel tribut\u00e1rio?\",\"answerCount\":1,\"acceptedAnswer\":{\"@type\":\"Answer\",\"text\":\"O recolhimento do ISS para tomadores de servi\u00e7os, sujeitos \u00e0 reten\u00e7\u00e3o do imposto, ocorre atrav\u00e9s da emiss\u00e3o da guia de recolhimento (DARM) no aplicativo 'Guia de Pagamento Tomador', dentro do portal da NFS-e.\",\"inLanguage\":\"pt-BR\"},\"inLanguage\":\"pt-BR\"},{\"@type\":\"Question\",\"@id\":\"https:\/\/www.pmpf.rs.gov.br\/nfse\/perguntas-e-respostas\/pagamento-do-issqn-imposto-sobre-servicos-qualquer-natureza\/#faq-question-1641926219684\",\"position\":3,\"url\":\"https:\/\/www.pmpf.rs.gov.br\/nfse\/perguntas-e-respostas\/pagamento-do-issqn-imposto-sobre-servicos-qualquer-natureza\/#faq-question-1641926219684\",\"name\":\"1.3- Como fa\u00e7o para emitir uma guia de recolhimento (DARM)?\",\"answerCount\":1,\"acceptedAnswer\":{\"@type\":\"Answer\",\"text\":\"A emiss\u00e3o da guia de recolhimento (DARM) deve ocorrer dentro do servi\u00e7o \\\";Guia de Pagamento Prestador\\\"; ou \\\";Guia de Pagamento Tomador\\\";, dependendo do caso. As orienta\u00e7\u00f5es para utiliza\u00e7\u00e3o do aplicativo podem ser obtidas no manual do Aplicativo On Line, disponibilizado no site da prefeitura.\",\"inLanguage\":\"pt-BR\"},\"inLanguage\":\"pt-BR\"},{\"@type\":\"Question\",\"@id\":\"https:\/\/www.pmpf.rs.gov.br\/nfse\/perguntas-e-respostas\/pagamento-do-issqn-imposto-sobre-servicos-qualquer-natureza\/#faq-question-1641926230566\",\"position\":4,\"url\":\"https:\/\/www.pmpf.rs.gov.br\/nfse\/perguntas-e-respostas\/pagamento-do-issqn-imposto-sobre-servicos-qualquer-natureza\/#faq-question-1641926230566\",\"name\":\"1.4- Preciso emitir uma guia de recolhimento (DARM) para cada NFS-e?\",\"answerCount\":1,\"acceptedAnswer\":{\"@type\":\"Answer\",\"text\":\"N\u00e3o, a quantidade de NFS-e que pode ser inclu\u00edda em cada DARM \u00e9 ilimitada.\",\"inLanguage\":\"pt-BR\"},\"inLanguage\":\"pt-BR\"},{\"@type\":\"Question\",\"@id\":\"https:\/\/www.pmpf.rs.gov.br\/nfse\/perguntas-e-respostas\/pagamento-do-issqn-imposto-sobre-servicos-qualquer-natureza\/#faq-question-1641926268916\",\"position\":5,\"url\":\"https:\/\/www.pmpf.rs.gov.br\/nfse\/perguntas-e-respostas\/pagamento-do-issqn-imposto-sobre-servicos-qualquer-natureza\/#faq-question-1641926268916\",\"name\":\"1.5- Posso emitir mais que uma guia de recolhimento (DARM) por compet\u00eancia?\",\"answerCount\":1,\"acceptedAnswer\":{\"@type\":\"Answer\",\"text\":\"Sim, quantidade de DARMs que pode ser emitida \u00e9 ilimitada.\",\"inLanguage\":\"pt-BR\"},\"inLanguage\":\"pt-BR\"},{\"@type\":\"Question\",\"@id\":\"https:\/\/www.pmpf.rs.gov.br\/nfse\/perguntas-e-respostas\/pagamento-do-issqn-imposto-sobre-servicos-qualquer-natureza\/#faq-question-1641926278928\",\"position\":6,\"url\":\"https:\/\/www.pmpf.rs.gov.br\/nfse\/perguntas-e-respostas\/pagamento-do-issqn-imposto-sobre-servicos-qualquer-natureza\/#faq-question-1641926278928\",\"name\":\"1.6- Como cancelo uma guia de recolhimento (DARM) gerada?\",\"answerCount\":1,\"acceptedAnswer\":{\"@type\":\"Answer\",\"text\":\"O cancelamento de uma guia de recolhimento (DARM) deve ser efetuado no aplicativo ISS Eletr\u00f4nico. S\u00f3 podem ser canceladas as guias de recolhimento (DARMS) n\u00e3o pagas.\",\"inLanguage\":\"pt-BR\"},\"inLanguage\":\"pt-BR\"},{\"@type\":\"Question\",\"@id\":\"https:\/\/www.pmpf.rs.gov.br\/nfse\/perguntas-e-respostas\/pagamento-do-issqn-imposto-sobre-servicos-qualquer-natureza\/#faq-question-1641926292249\",\"position\":7,\"url\":\"https:\/\/www.pmpf.rs.gov.br\/nfse\/perguntas-e-respostas\/pagamento-do-issqn-imposto-sobre-servicos-qualquer-natureza\/#faq-question-1641926292249\",\"name\":\"1.7- O que acontece quando cancelo uma guia de recolhimento (DARM)?\",\"answerCount\":1,\"acceptedAnswer\":{\"@type\":\"Answer\",\"text\":\"Ao cancelar uma guia de recolhimento (DARM) as NFS-e vinculadas a ela ficam novamente dispon\u00edveis para gera\u00e7\u00e3o de nova guia, dentro do respectivo aplicativo.\",\"inLanguage\":\"pt-BR\"},\"inLanguage\":\"pt-BR\"},{\"@type\":\"Question\",\"@id\":\"https:\/\/www.pmpf.rs.gov.br\/nfse\/perguntas-e-respostas\/pagamento-do-issqn-imposto-sobre-servicos-qualquer-natureza\/#faq-question-1641926306360\",\"position\":8,\"url\":\"https:\/\/www.pmpf.rs.gov.br\/nfse\/perguntas-e-respostas\/pagamento-do-issqn-imposto-sobre-servicos-qualquer-natureza\/#faq-question-1641926306360\",\"name\":\"1.8- N\u00e3o paguei o imposto no vencimento, como proceder para atualizar a guia de recolhimento (DARM)?\",\"answerCount\":1,\"acceptedAnswer\":{\"@type\":\"Answer\",\"text\":\"A atualiza\u00e7\u00e3o da guia de recolhimento (DARM) pode ser feita com a emiss\u00e3o de uma 2\u00aa via do respectivo documento, dentro do aplicativo Guia de pagamento espec\u00edfico do prestador ou tomador do servi\u00e7o, informando a data desejada para pagamento, nesses casos o sistema atualiza os valores automaticamente de acordo com a legisla\u00e7\u00e3o.\",\"inLanguage\":\"pt-BR\"},\"inLanguage\":\"pt-BR\"}]}<\/script>\n<!-- \/ Yoast SEO plugin. -->","yoast_head_json":{"title":"Pagamento do ISSQN - Imposto Sobre Servi\u00e7os Qualquer Natureza - Nota Fiscal de Servi\u00e7o Eletr\u00f4nica - NFS-e","robots":{"index":"index","follow":"follow","max-snippet":"max-snippet:-1","max-image-preview":"max-image-preview:large","max-video-preview":"max-video-preview:-1"},"canonical":"https:\/\/www.pmpf.rs.gov.br\/nfse\/perguntas-e-respostas\/pagamento-do-issqn-imposto-sobre-servicos-qualquer-natureza\/","og_locale":"pt_BR","og_type":"article","og_title":"Pagamento do ISSQN - Imposto Sobre Servi\u00e7os Qualquer Natureza - Nota Fiscal de Servi\u00e7o Eletr\u00f4nica - NFS-e","og_url":"https:\/\/www.pmpf.rs.gov.br\/nfse\/perguntas-e-respostas\/pagamento-do-issqn-imposto-sobre-servicos-qualquer-natureza\/","og_site_name":"Nota Fiscal de Servi\u00e7o Eletr\u00f4nica - NFS-e","article_modified_time":"2022-01-11T18:56:41+00:00","twitter_card":"summary_large_image","twitter_misc":{"Est. tempo de leitura":"2 minutos"},"schema":{"@context":"https:\/\/schema.org","@graph":[{"@type":["WebPage","FAQPage"],"@id":"https:\/\/www.pmpf.rs.gov.br\/nfse\/perguntas-e-respostas\/pagamento-do-issqn-imposto-sobre-servicos-qualquer-natureza\/","url":"https:\/\/www.pmpf.rs.gov.br\/nfse\/perguntas-e-respostas\/pagamento-do-issqn-imposto-sobre-servicos-qualquer-natureza\/","name":"Pagamento do ISSQN - Imposto Sobre Servi\u00e7os Qualquer Natureza - Nota Fiscal de Servi\u00e7o Eletr\u00f4nica - NFS-e","isPartOf":{"@id":"https:\/\/www.pmpf.rs.gov.br\/nfse\/#website"},"datePublished":"2022-01-11T18:38:44+00:00","dateModified":"2022-01-11T18:56:41+00:00","breadcrumb":{"@id":"https:\/\/www.pmpf.rs.gov.br\/nfse\/perguntas-e-respostas\/pagamento-do-issqn-imposto-sobre-servicos-qualquer-natureza\/#breadcrumb"},"mainEntity":[{"@id":"https:\/\/www.pmpf.rs.gov.br\/nfse\/perguntas-e-respostas\/pagamento-do-issqn-imposto-sobre-servicos-qualquer-natureza\/#faq-question-1641926166576"},{"@id":"https:\/\/www.pmpf.rs.gov.br\/nfse\/perguntas-e-respostas\/pagamento-do-issqn-imposto-sobre-servicos-qualquer-natureza\/#faq-question-1641926210263"},{"@id":"https:\/\/www.pmpf.rs.gov.br\/nfse\/perguntas-e-respostas\/pagamento-do-issqn-imposto-sobre-servicos-qualquer-natureza\/#faq-question-1641926219684"},{"@id":"https:\/\/www.pmpf.rs.gov.br\/nfse\/perguntas-e-respostas\/pagamento-do-issqn-imposto-sobre-servicos-qualquer-natureza\/#faq-question-1641926230566"},{"@id":"https:\/\/www.pmpf.rs.gov.br\/nfse\/perguntas-e-respostas\/pagamento-do-issqn-imposto-sobre-servicos-qualquer-natureza\/#faq-question-1641926268916"},{"@id":"https:\/\/www.pmpf.rs.gov.br\/nfse\/perguntas-e-respostas\/pagamento-do-issqn-imposto-sobre-servicos-qualquer-natureza\/#faq-question-1641926278928"},{"@id":"https:\/\/www.pmpf.rs.gov.br\/nfse\/perguntas-e-respostas\/pagamento-do-issqn-imposto-sobre-servicos-qualquer-natureza\/#faq-question-1641926292249"},{"@id":"https:\/\/www.pmpf.rs.gov.br\/nfse\/perguntas-e-respostas\/pagamento-do-issqn-imposto-sobre-servicos-qualquer-natureza\/#faq-question-1641926306360"}],"inLanguage":"pt-BR","potentialAction":[{"@type":"ReadAction","target":["https:\/\/www.pmpf.rs.gov.br\/nfse\/perguntas-e-respostas\/pagamento-do-issqn-imposto-sobre-servicos-qualquer-natureza\/"]}]},{"@type":"BreadcrumbList","@id":"https:\/\/www.pmpf.rs.gov.br\/nfse\/perguntas-e-respostas\/pagamento-do-issqn-imposto-sobre-servicos-qualquer-natureza\/#breadcrumb","itemListElement":[{"@type":"ListItem","position":1,"name":"Perguntas e Respostas","item":"https:\/\/www.pmpf.rs.gov.br\/nfse\/perguntas-e-respostas\/"},{"@type":"ListItem","position":2,"name":"Pagamento do ISSQN &#8211; Imposto Sobre Servi\u00e7os Qualquer Natureza"}]},{"@type":"WebSite","@id":"https:\/\/www.pmpf.rs.gov.br\/nfse\/#website","url":"https:\/\/www.pmpf.rs.gov.br\/nfse\/","name":"Nota Fiscal de Servi\u00e7o Eletr\u00f4nica - NFS-e","description":"S\u00f3 mais um site Prefeitura de Passo Fundo","potentialAction":[{"@type":"SearchAction","target":{"@type":"EntryPoint","urlTemplate":"https:\/\/www.pmpf.rs.gov.br\/nfse\/?s={search_term_string}"},"query-input":{"@type":"PropertyValueSpecification","valueRequired":true,"valueName":"search_term_string"}}],"inLanguage":"pt-BR"},{"@type":"Question","@id":"https:\/\/www.pmpf.rs.gov.br\/nfse\/perguntas-e-respostas\/pagamento-do-issqn-imposto-sobre-servicos-qualquer-natureza\/#faq-question-1641926166576","position":1,"url":"https:\/\/www.pmpf.rs.gov.br\/nfse\/perguntas-e-respostas\/pagamento-do-issqn-imposto-sobre-servicos-qualquer-natureza\/#faq-question-1641926166576","name":"1.1- Como fa\u00e7o para efetuar o recolhimento do ISS das NFS-e emitidas?","answerCount":1,"acceptedAnswer":{"@type":"Answer","text":"O recolhimento do ISS das NFS-e deve ser efetuado atrav\u00e9s da guia de recolhimento (DARM) gerada no portal da NFS-e. A guia de recolhimento pode ser gerada a qualquer momento, ap\u00f3s a emiss\u00e3o da NFS-e.","inLanguage":"pt-BR"},"inLanguage":"pt-BR"},{"@type":"Question","@id":"https:\/\/www.pmpf.rs.gov.br\/nfse\/perguntas-e-respostas\/pagamento-do-issqn-imposto-sobre-servicos-qualquer-natureza\/#faq-question-1641926210263","position":2,"url":"https:\/\/www.pmpf.rs.gov.br\/nfse\/perguntas-e-respostas\/pagamento-do-issqn-imposto-sobre-servicos-qualquer-natureza\/#faq-question-1641926210263","name":"1.2- Como recolher o imposto de uma NFS-e em que sou o respons\u00e1vel tribut\u00e1rio?","answerCount":1,"acceptedAnswer":{"@type":"Answer","text":"O recolhimento do ISS para tomadores de servi\u00e7os, sujeitos \u00e0 reten\u00e7\u00e3o do imposto, ocorre atrav\u00e9s da emiss\u00e3o da guia de recolhimento (DARM) no aplicativo 'Guia de Pagamento Tomador', dentro do portal da NFS-e.","inLanguage":"pt-BR"},"inLanguage":"pt-BR"},{"@type":"Question","@id":"https:\/\/www.pmpf.rs.gov.br\/nfse\/perguntas-e-respostas\/pagamento-do-issqn-imposto-sobre-servicos-qualquer-natureza\/#faq-question-1641926219684","position":3,"url":"https:\/\/www.pmpf.rs.gov.br\/nfse\/perguntas-e-respostas\/pagamento-do-issqn-imposto-sobre-servicos-qualquer-natureza\/#faq-question-1641926219684","name":"1.3- Como fa\u00e7o para emitir uma guia de recolhimento (DARM)?","answerCount":1,"acceptedAnswer":{"@type":"Answer","text":"A emiss\u00e3o da guia de recolhimento (DARM) deve ocorrer dentro do servi\u00e7o \";Guia de Pagamento Prestador\"; ou \";Guia de Pagamento Tomador\";, dependendo do caso. As orienta\u00e7\u00f5es para utiliza\u00e7\u00e3o do aplicativo podem ser obtidas no manual do Aplicativo On Line, disponibilizado no site da prefeitura.","inLanguage":"pt-BR"},"inLanguage":"pt-BR"},{"@type":"Question","@id":"https:\/\/www.pmpf.rs.gov.br\/nfse\/perguntas-e-respostas\/pagamento-do-issqn-imposto-sobre-servicos-qualquer-natureza\/#faq-question-1641926230566","position":4,"url":"https:\/\/www.pmpf.rs.gov.br\/nfse\/perguntas-e-respostas\/pagamento-do-issqn-imposto-sobre-servicos-qualquer-natureza\/#faq-question-1641926230566","name":"1.4- Preciso emitir uma guia de recolhimento (DARM) para cada NFS-e?","answerCount":1,"acceptedAnswer":{"@type":"Answer","text":"N\u00e3o, a quantidade de NFS-e que pode ser inclu\u00edda em cada DARM \u00e9 ilimitada.","inLanguage":"pt-BR"},"inLanguage":"pt-BR"},{"@type":"Question","@id":"https:\/\/www.pmpf.rs.gov.br\/nfse\/perguntas-e-respostas\/pagamento-do-issqn-imposto-sobre-servicos-qualquer-natureza\/#faq-question-1641926268916","position":5,"url":"https:\/\/www.pmpf.rs.gov.br\/nfse\/perguntas-e-respostas\/pagamento-do-issqn-imposto-sobre-servicos-qualquer-natureza\/#faq-question-1641926268916","name":"1.5- Posso emitir mais que uma guia de recolhimento (DARM) por compet\u00eancia?","answerCount":1,"acceptedAnswer":{"@type":"Answer","text":"Sim, quantidade de DARMs que pode ser emitida \u00e9 ilimitada.","inLanguage":"pt-BR"},"inLanguage":"pt-BR"},{"@type":"Question","@id":"https:\/\/www.pmpf.rs.gov.br\/nfse\/perguntas-e-respostas\/pagamento-do-issqn-imposto-sobre-servicos-qualquer-natureza\/#faq-question-1641926278928","position":6,"url":"https:\/\/www.pmpf.rs.gov.br\/nfse\/perguntas-e-respostas\/pagamento-do-issqn-imposto-sobre-servicos-qualquer-natureza\/#faq-question-1641926278928","name":"1.6- Como cancelo uma guia de recolhimento (DARM) gerada?","answerCount":1,"acceptedAnswer":{"@type":"Answer","text":"O cancelamento de uma guia de recolhimento (DARM) deve ser efetuado no aplicativo ISS Eletr\u00f4nico. S\u00f3 podem ser canceladas as guias de recolhimento (DARMS) n\u00e3o pagas.","inLanguage":"pt-BR"},"inLanguage":"pt-BR"},{"@type":"Question","@id":"https:\/\/www.pmpf.rs.gov.br\/nfse\/perguntas-e-respostas\/pagamento-do-issqn-imposto-sobre-servicos-qualquer-natureza\/#faq-question-1641926292249","position":7,"url":"https:\/\/www.pmpf.rs.gov.br\/nfse\/perguntas-e-respostas\/pagamento-do-issqn-imposto-sobre-servicos-qualquer-natureza\/#faq-question-1641926292249","name":"1.7- O que acontece quando cancelo uma guia de recolhimento (DARM)?","answerCount":1,"acceptedAnswer":{"@type":"Answer","text":"Ao cancelar uma guia de recolhimento (DARM) as NFS-e vinculadas a ela ficam novamente dispon\u00edveis para gera\u00e7\u00e3o de nova guia, dentro do respectivo aplicativo.","inLanguage":"pt-BR"},"inLanguage":"pt-BR"},{"@type":"Question","@id":"https:\/\/www.pmpf.rs.gov.br\/nfse\/perguntas-e-respostas\/pagamento-do-issqn-imposto-sobre-servicos-qualquer-natureza\/#faq-question-1641926306360","position":8,"url":"https:\/\/www.pmpf.rs.gov.br\/nfse\/perguntas-e-respostas\/pagamento-do-issqn-imposto-sobre-servicos-qualquer-natureza\/#faq-question-1641926306360","name":"1.8- N\u00e3o paguei o imposto no vencimento, como proceder para atualizar a guia de recolhimento (DARM)?","answerCount":1,"acceptedAnswer":{"@type":"Answer","text":"A atualiza\u00e7\u00e3o da guia de recolhimento (DARM) pode ser feita com a emiss\u00e3o de uma 2\u00aa via do respectivo documento, dentro do aplicativo Guia de pagamento espec\u00edfico do prestador ou tomador do servi\u00e7o, informando a data desejada para pagamento, nesses casos o sistema atualiza os valores automaticamente de acordo com a legisla\u00e7\u00e3o.","inLanguage":"pt-BR"},"inLanguage":"pt-BR"}]}},"_links":{"self":[{"href":"https:\/\/www.pmpf.rs.gov.br\/nfse\/wp-json\/wp\/v2\/pages\/31"}],"collection":[{"href":"https:\/\/www.pmpf.rs.gov.br\/nfse\/wp-json\/wp\/v2\/pages"}],"about":[{"href":"https:\/\/www.pmpf.rs.gov.br\/nfse\/wp-json\/wp\/v2\/types\/page"}],"author":[{"embeddable":true,"href":"https:\/\/www.pmpf.rs.gov.br\/nfse\/wp-json\/wp\/v2\/users\/1"}],"replies":[{"embeddable":true,"href":"https:\/\/www.pmpf.rs.gov.br\/nfse\/wp-json\/wp\/v2\/comments?post=31"}],"version-history":[{"count":1,"href":"https:\/\/www.pmpf.rs.gov.br\/nfse\/wp-json\/wp\/v2\/pages\/31\/revisions"}],"predecessor-version":[{"id":32,"href":"https:\/\/www.pmpf.rs.gov.br\/nfse\/wp-json\/wp\/v2\/pages\/31\/revisions\/32"}],"up":[{"embeddable":true,"href":"https:\/\/www.pmpf.rs.gov.br\/nfse\/wp-json\/wp\/v2\/pages\/42"}],"wp:attachment":[{"href":"https:\/\/www.pmpf.rs.gov.br\/nfse\/wp-json\/wp\/v2\/media?parent=31"}],"curies":[{"name":"wp","href":"https:\/\/api.w.org\/{rel}","templated":true}]}}