{"id":26,"date":"2022-01-11T14:56:05","date_gmt":"2022-01-11T17:56:05","guid":{"rendered":"https:\/\/www.pmpf.rs.gov.br\/nota-fiscal-de-servico-eletronica\/?page_id=26"},"modified":"2022-01-11T15:56:11","modified_gmt":"2022-01-11T18:56:11","slug":"certificado-digital","status":"publish","type":"page","link":"https:\/\/www.pmpf.rs.gov.br\/nfse\/perguntas-e-respostas\/certificado-digital\/","title":{"rendered":"Certificado Digital"},"content":{"rendered":"\n<div class=\"schema-faq wp-block-yoast-faq-block\"><div class=\"schema-faq-section\" id=\"faq-question-1641923700372\"><strong class=\"schema-faq-question\">1.1- O que \u00e9 um certificado digital?<\/strong> <p class=\"schema-faq-answer\">Trata-se de uma tecnologia que permite manter a integridade dos dados entre transa\u00e7\u00f5es eletr\u00f4nicas. Por meio do certificado digital pode-se ter a certeza de que a comunica\u00e7\u00e3o com outro computador foi efetuada pela pessoa jur\u00eddica ou f\u00edsica especificada no certificado.<\/p> <\/div> <div class=\"schema-faq-section\" id=\"faq-question-1641923738245\"><strong class=\"schema-faq-question\">1.2- A comunica\u00e7\u00e3o com os servidores da prefeitura poder\u00e1 ser efetuada com qualquer tipo de certificado digital?<\/strong> <p class=\"schema-faq-answer\">N\u00e3o, a comunica\u00e7\u00e3o com os servidores da prefeitura s\u00f3 poder\u00e1 ser feita por meio de certificados emitidos no padr\u00e3o ICP-Brasil.<\/p> <\/div> <\/div>\n\n\n\n<p><\/p>\n","protected":false},"excerpt":{"rendered":"","protected":false},"author":1,"featured_media":0,"parent":42,"menu_order":0,"comment_status":"closed","ping_status":"closed","template":"","meta":{"footnotes":""},"class_list":["post-26","page","type-page","status-publish","hentry"],"yoast_head":"<!-- This site is optimized with the Yoast SEO plugin v23.8 - https:\/\/yoast.com\/wordpress\/plugins\/seo\/ -->\n<title>Certificado Digital - Nota Fiscal de Servi\u00e7o Eletr\u00f4nica - NFS-e<\/title>\n<meta name=\"robots\" content=\"index, follow, max-snippet:-1, max-image-preview:large, max-video-preview:-1\" \/>\n<link rel=\"canonical\" href=\"https:\/\/www.pmpf.rs.gov.br\/nfse\/perguntas-e-respostas\/certificado-digital\/\" \/>\n<meta property=\"og:locale\" content=\"pt_BR\" \/>\n<meta property=\"og:type\" content=\"article\" \/>\n<meta property=\"og:title\" content=\"Certificado Digital - Nota Fiscal de Servi\u00e7o Eletr\u00f4nica - NFS-e\" \/>\n<meta property=\"og:url\" content=\"https:\/\/www.pmpf.rs.gov.br\/nfse\/perguntas-e-respostas\/certificado-digital\/\" \/>\n<meta property=\"og:site_name\" content=\"Nota Fiscal de Servi\u00e7o Eletr\u00f4nica - NFS-e\" \/>\n<meta property=\"article:modified_time\" content=\"2022-01-11T18:56:11+00:00\" \/>\n<meta name=\"twitter:card\" content=\"summary_large_image\" \/>\n<meta name=\"twitter:label1\" content=\"Est. tempo de leitura\" \/>\n\t<meta name=\"twitter:data1\" content=\"1 minuto\" \/>\n<script type=\"application\/ld+json\" class=\"yoast-schema-graph\">{\"@context\":\"https:\/\/schema.org\",\"@graph\":[{\"@type\":[\"WebPage\",\"FAQPage\"],\"@id\":\"https:\/\/www.pmpf.rs.gov.br\/nfse\/perguntas-e-respostas\/certificado-digital\/\",\"url\":\"https:\/\/www.pmpf.rs.gov.br\/nfse\/perguntas-e-respostas\/certificado-digital\/\",\"name\":\"Certificado Digital - Nota Fiscal de Servi\u00e7o Eletr\u00f4nica - NFS-e\",\"isPartOf\":{\"@id\":\"https:\/\/www.pmpf.rs.gov.br\/nfse\/#website\"},\"datePublished\":\"2022-01-11T17:56:05+00:00\",\"dateModified\":\"2022-01-11T18:56:11+00:00\",\"breadcrumb\":{\"@id\":\"https:\/\/www.pmpf.rs.gov.br\/nfse\/perguntas-e-respostas\/certificado-digital\/#breadcrumb\"},\"mainEntity\":[{\"@id\":\"https:\/\/www.pmpf.rs.gov.br\/nfse\/perguntas-e-respostas\/certificado-digital\/#faq-question-1641923700372\"},{\"@id\":\"https:\/\/www.pmpf.rs.gov.br\/nfse\/perguntas-e-respostas\/certificado-digital\/#faq-question-1641923738245\"}],\"inLanguage\":\"pt-BR\",\"potentialAction\":[{\"@type\":\"ReadAction\",\"target\":[\"https:\/\/www.pmpf.rs.gov.br\/nfse\/perguntas-e-respostas\/certificado-digital\/\"]}]},{\"@type\":\"BreadcrumbList\",\"@id\":\"https:\/\/www.pmpf.rs.gov.br\/nfse\/perguntas-e-respostas\/certificado-digital\/#breadcrumb\",\"itemListElement\":[{\"@type\":\"ListItem\",\"position\":1,\"name\":\"Perguntas e Respostas\",\"item\":\"https:\/\/www.pmpf.rs.gov.br\/nfse\/perguntas-e-respostas\/\"},{\"@type\":\"ListItem\",\"position\":2,\"name\":\"Certificado Digital\"}]},{\"@type\":\"WebSite\",\"@id\":\"https:\/\/www.pmpf.rs.gov.br\/nfse\/#website\",\"url\":\"https:\/\/www.pmpf.rs.gov.br\/nfse\/\",\"name\":\"Nota Fiscal de Servi\u00e7o Eletr\u00f4nica - NFS-e\",\"description\":\"S\u00f3 mais um site Prefeitura de Passo Fundo\",\"potentialAction\":[{\"@type\":\"SearchAction\",\"target\":{\"@type\":\"EntryPoint\",\"urlTemplate\":\"https:\/\/www.pmpf.rs.gov.br\/nfse\/?s={search_term_string}\"},\"query-input\":{\"@type\":\"PropertyValueSpecification\",\"valueRequired\":true,\"valueName\":\"search_term_string\"}}],\"inLanguage\":\"pt-BR\"},{\"@type\":\"Question\",\"@id\":\"https:\/\/www.pmpf.rs.gov.br\/nfse\/perguntas-e-respostas\/certificado-digital\/#faq-question-1641923700372\",\"position\":1,\"url\":\"https:\/\/www.pmpf.rs.gov.br\/nfse\/perguntas-e-respostas\/certificado-digital\/#faq-question-1641923700372\",\"name\":\"1.1- O que \u00e9 um certificado digital?\",\"answerCount\":1,\"acceptedAnswer\":{\"@type\":\"Answer\",\"text\":\"Trata-se de uma tecnologia que permite manter a integridade dos dados entre transa\u00e7\u00f5es eletr\u00f4nicas. Por meio do certificado digital pode-se ter a certeza de que a comunica\u00e7\u00e3o com outro computador foi efetuada pela pessoa jur\u00eddica ou f\u00edsica especificada no certificado.\",\"inLanguage\":\"pt-BR\"},\"inLanguage\":\"pt-BR\"},{\"@type\":\"Question\",\"@id\":\"https:\/\/www.pmpf.rs.gov.br\/nfse\/perguntas-e-respostas\/certificado-digital\/#faq-question-1641923738245\",\"position\":2,\"url\":\"https:\/\/www.pmpf.rs.gov.br\/nfse\/perguntas-e-respostas\/certificado-digital\/#faq-question-1641923738245\",\"name\":\"1.2- A comunica\u00e7\u00e3o com os servidores da prefeitura poder\u00e1 ser efetuada com qualquer tipo de certificado digital?\",\"answerCount\":1,\"acceptedAnswer\":{\"@type\":\"Answer\",\"text\":\"N\u00e3o, a comunica\u00e7\u00e3o com os servidores da prefeitura s\u00f3 poder\u00e1 ser feita por meio de certificados emitidos no padr\u00e3o ICP-Brasil.\",\"inLanguage\":\"pt-BR\"},\"inLanguage\":\"pt-BR\"}]}<\/script>\n<!-- \/ Yoast SEO plugin. -->","yoast_head_json":{"title":"Certificado Digital - Nota Fiscal de Servi\u00e7o Eletr\u00f4nica - NFS-e","robots":{"index":"index","follow":"follow","max-snippet":"max-snippet:-1","max-image-preview":"max-image-preview:large","max-video-preview":"max-video-preview:-1"},"canonical":"https:\/\/www.pmpf.rs.gov.br\/nfse\/perguntas-e-respostas\/certificado-digital\/","og_locale":"pt_BR","og_type":"article","og_title":"Certificado Digital - Nota Fiscal de Servi\u00e7o Eletr\u00f4nica - NFS-e","og_url":"https:\/\/www.pmpf.rs.gov.br\/nfse\/perguntas-e-respostas\/certificado-digital\/","og_site_name":"Nota Fiscal de Servi\u00e7o Eletr\u00f4nica - NFS-e","article_modified_time":"2022-01-11T18:56:11+00:00","twitter_card":"summary_large_image","twitter_misc":{"Est. tempo de leitura":"1 minuto"},"schema":{"@context":"https:\/\/schema.org","@graph":[{"@type":["WebPage","FAQPage"],"@id":"https:\/\/www.pmpf.rs.gov.br\/nfse\/perguntas-e-respostas\/certificado-digital\/","url":"https:\/\/www.pmpf.rs.gov.br\/nfse\/perguntas-e-respostas\/certificado-digital\/","name":"Certificado Digital - Nota Fiscal de Servi\u00e7o Eletr\u00f4nica - NFS-e","isPartOf":{"@id":"https:\/\/www.pmpf.rs.gov.br\/nfse\/#website"},"datePublished":"2022-01-11T17:56:05+00:00","dateModified":"2022-01-11T18:56:11+00:00","breadcrumb":{"@id":"https:\/\/www.pmpf.rs.gov.br\/nfse\/perguntas-e-respostas\/certificado-digital\/#breadcrumb"},"mainEntity":[{"@id":"https:\/\/www.pmpf.rs.gov.br\/nfse\/perguntas-e-respostas\/certificado-digital\/#faq-question-1641923700372"},{"@id":"https:\/\/www.pmpf.rs.gov.br\/nfse\/perguntas-e-respostas\/certificado-digital\/#faq-question-1641923738245"}],"inLanguage":"pt-BR","potentialAction":[{"@type":"ReadAction","target":["https:\/\/www.pmpf.rs.gov.br\/nfse\/perguntas-e-respostas\/certificado-digital\/"]}]},{"@type":"BreadcrumbList","@id":"https:\/\/www.pmpf.rs.gov.br\/nfse\/perguntas-e-respostas\/certificado-digital\/#breadcrumb","itemListElement":[{"@type":"ListItem","position":1,"name":"Perguntas e Respostas","item":"https:\/\/www.pmpf.rs.gov.br\/nfse\/perguntas-e-respostas\/"},{"@type":"ListItem","position":2,"name":"Certificado Digital"}]},{"@type":"WebSite","@id":"https:\/\/www.pmpf.rs.gov.br\/nfse\/#website","url":"https:\/\/www.pmpf.rs.gov.br\/nfse\/","name":"Nota Fiscal de Servi\u00e7o Eletr\u00f4nica - NFS-e","description":"S\u00f3 mais um site Prefeitura de Passo Fundo","potentialAction":[{"@type":"SearchAction","target":{"@type":"EntryPoint","urlTemplate":"https:\/\/www.pmpf.rs.gov.br\/nfse\/?s={search_term_string}"},"query-input":{"@type":"PropertyValueSpecification","valueRequired":true,"valueName":"search_term_string"}}],"inLanguage":"pt-BR"},{"@type":"Question","@id":"https:\/\/www.pmpf.rs.gov.br\/nfse\/perguntas-e-respostas\/certificado-digital\/#faq-question-1641923700372","position":1,"url":"https:\/\/www.pmpf.rs.gov.br\/nfse\/perguntas-e-respostas\/certificado-digital\/#faq-question-1641923700372","name":"1.1- O que \u00e9 um certificado digital?","answerCount":1,"acceptedAnswer":{"@type":"Answer","text":"Trata-se de uma tecnologia que permite manter a integridade dos dados entre transa\u00e7\u00f5es eletr\u00f4nicas. Por meio do certificado digital pode-se ter a certeza de que a comunica\u00e7\u00e3o com outro computador foi efetuada pela pessoa jur\u00eddica ou f\u00edsica especificada no certificado.","inLanguage":"pt-BR"},"inLanguage":"pt-BR"},{"@type":"Question","@id":"https:\/\/www.pmpf.rs.gov.br\/nfse\/perguntas-e-respostas\/certificado-digital\/#faq-question-1641923738245","position":2,"url":"https:\/\/www.pmpf.rs.gov.br\/nfse\/perguntas-e-respostas\/certificado-digital\/#faq-question-1641923738245","name":"1.2- A comunica\u00e7\u00e3o com os servidores da prefeitura poder\u00e1 ser efetuada com qualquer tipo de certificado digital?","answerCount":1,"acceptedAnswer":{"@type":"Answer","text":"N\u00e3o, a comunica\u00e7\u00e3o com os servidores da prefeitura s\u00f3 poder\u00e1 ser feita por meio de certificados emitidos no padr\u00e3o ICP-Brasil.","inLanguage":"pt-BR"},"inLanguage":"pt-BR"}]}},"_links":{"self":[{"href":"https:\/\/www.pmpf.rs.gov.br\/nfse\/wp-json\/wp\/v2\/pages\/26"}],"collection":[{"href":"https:\/\/www.pmpf.rs.gov.br\/nfse\/wp-json\/wp\/v2\/pages"}],"about":[{"href":"https:\/\/www.pmpf.rs.gov.br\/nfse\/wp-json\/wp\/v2\/types\/page"}],"author":[{"embeddable":true,"href":"https:\/\/www.pmpf.rs.gov.br\/nfse\/wp-json\/wp\/v2\/users\/1"}],"replies":[{"embeddable":true,"href":"https:\/\/www.pmpf.rs.gov.br\/nfse\/wp-json\/wp\/v2\/comments?post=26"}],"version-history":[{"count":1,"href":"https:\/\/www.pmpf.rs.gov.br\/nfse\/wp-json\/wp\/v2\/pages\/26\/revisions"}],"predecessor-version":[{"id":27,"href":"https:\/\/www.pmpf.rs.gov.br\/nfse\/wp-json\/wp\/v2\/pages\/26\/revisions\/27"}],"up":[{"embeddable":true,"href":"https:\/\/www.pmpf.rs.gov.br\/nfse\/wp-json\/wp\/v2\/pages\/42"}],"wp:attachment":[{"href":"https:\/\/www.pmpf.rs.gov.br\/nfse\/wp-json\/wp\/v2\/media?parent=26"}],"curies":[{"name":"wp","href":"https:\/\/api.w.org\/{rel}","templated":true}]}}