{"id":41,"date":"2026-04-07T14:15:49","date_gmt":"2026-04-07T17:15:49","guid":{"rendered":"https:\/\/www.pmpf.rs.gov.br\/municipio\/?page_id=41"},"modified":"2026-04-07T14:34:27","modified_gmt":"2026-04-07T17:34:27","slug":"historico","status":"publish","type":"page","link":"https:\/\/www.pmpf.rs.gov.br\/municipio\/historico\/","title":{"rendered":"\ud83d\udcdc Hist\u00f3rico"},"content":{"rendered":"\n<style>\n.historia-container {\n  max-width: 900px;\n  margin: auto;\n  font-family: Arial, sans-serif;\n  line-height: 1.6;\n}\n\n\n.historia-destaque {\n  background: #f5f5f5;\n  border-left: 5px solid #2c7be5;\n  padding: 15px;\n  margin: 20px 0;\n  font-weight: bold;\n}\n\n.historia-bloco {\n  margin-bottom: 20px;\n}\n\n.historia-subtitulo {\n  font-size: 24px;\n  margin-top: 30px;\n  color: #2c7be5;\n}\n\n.historia-card {\n  background: #ffffff;\n  border-radius: 8px;\n  padding: 20px;\n  margin-top: 20px;\n  box-shadow: 0 2px 8px rgba(0,0,0,0.05);\n}\n\n.historia-linha-tempo {\n  border-left: 3px solid #2c7be5;\n  padding-left: 15px;\n  margin-top: 20px;\n}\n\n.historia-linha-tempo p {\n  margin: 10px 0;\n}\n<\/style>\n\n<div class=\"historia-container\">\n\n  <div class=\"historia-destaque\">\n    \u00cdndios, jesu\u00edtas, bandeirantes, tropeiros&#8230; passo-fundenses&#8230;\n  <\/div>\n\n  <div class=\"historia-card\">\n    <p>\n      Passo Fundo, que na l\u00edngua tupi-guarani significa <em>goyo-em<\/em> \u2014 muita \u00e1gua, rio fundo, foi a designa\u00e7\u00e3o que os \u00edndios caingangues atribu\u00edram ao lugar onde hoje \u00e9 o munic\u00edpio.\n    <\/p>\n    <p>\n      Mais tarde, no s\u00e9culo XVII, as trilhas ind\u00edgenas serviram como passagem para os jesu\u00edtas e os bandeirantes. Nesta regi\u00e3o foi fundada a redu\u00e7\u00e3o Santa Tereza do Iga\u00ed ou Santa Tereza dos Pinhais.\n    <\/p>\n    <p>\n      Nos s\u00e9culos XVIII e XIX, com o com\u00e9rcio de mulas e gado vindos das Miss\u00f5es, Passo Fundo tornou-se rota de passagem do tropeirismo: o povoado come\u00e7ou a se formar.\n    <\/p>\n  <\/div>\n\n  <div class=\"historia-destaque\">\n    Tropeiros, militares, fazendeiros, imigrantes&#8230; brancos e negros&#8230; passo-fundenses&#8230;\n  <\/div>\n\n  <div class=\"historia-card\">\n    <p>\n      Em <strong>1828<\/strong>, Manoel Jos\u00e9 das Neves, o Cabo Neves, fundou a Fazenda Nossa Senhora da Concei\u00e7\u00e3o, na Coxilha Grande \u2014 atual Pra\u00e7a Tamandar\u00e9. Era o in\u00edcio da povoa\u00e7\u00e3o da cidade.\n    <\/p>\n  <\/div>\n\n  <div class=\"historia-destaque\">\n    Farroupilhas, imperiais, maragatos e pica-paus&#8230; passo-fundenses&#8230;\n  <\/div>\n\n  <div class=\"historia-card historia-linha-tempo\">\n    <p><strong>1857<\/strong> \u2014 O povoado foi elevado \u00e0 categoria de vila, conquistando autonomia pol\u00edtico-administrativa em 7 de agosto.<\/p>\n  <\/div>\n\n  <div class=\"historia-card\">\n    <p>\n      Estas terras foram palco de diversas ocupa\u00e7\u00f5es, o que lhes d\u00e1 a caracter\u00edstica de m\u00faltipla presen\u00e7a \u00e9tnica.\n    <\/p>\n    <p>\n      Tamb\u00e9m foi uma regi\u00e3o de passagem, onde cada povo deixou sua contribui\u00e7\u00e3o, enriquecendo ainda mais os que aqui permaneceram.\n    <\/p>\n  <\/div>\n<\/div>\n","protected":false},"excerpt":{"rendered":"<p>\u00cdndios, jesu\u00edtas, bandeirantes, tropeiros&#8230; passo-fundenses&#8230; Passo Fundo, que na l\u00edngua tupi-guarani significa goyo-em \u2014 muita \u00e1gua, rio fundo, foi a designa\u00e7\u00e3o que os \u00edndios caingangues atribu\u00edram ao lugar onde hoje \u00e9 o [&hellip;]<\/p>\n","protected":false},"author":4,"featured_media":0,"parent":0,"menu_order":0,"comment_status":"closed","ping_status":"closed","template":"","meta":{"footnotes":""},"class_list":["post-41","page","type-page","status-publish","hentry"],"yoast_head":"<!-- This site is optimized with the Yoast SEO plugin v23.8 - https:\/\/yoast.com\/wordpress\/plugins\/seo\/ -->\n<title>\ud83d\udcdc Hist\u00f3rico - Munic\u00edpio de Passo Fundo<\/title>\n<meta name=\"robots\" content=\"index, follow, max-snippet:-1, max-image-preview:large, max-video-preview:-1\" \/>\n<link rel=\"canonical\" href=\"https:\/\/www.pmpf.rs.gov.br\/municipio\/historico\/\" \/>\n<meta property=\"og:locale\" content=\"pt_BR\" \/>\n<meta property=\"og:type\" content=\"article\" \/>\n<meta property=\"og:title\" content=\"\ud83d\udcdc Hist\u00f3rico - Munic\u00edpio de Passo Fundo\" \/>\n<meta property=\"og:description\" content=\"\u00cdndios, jesu\u00edtas, bandeirantes, tropeiros&#8230; passo-fundenses&#8230; Passo Fundo, que na l\u00edngua tupi-guarani significa goyo-em \u2014 muita \u00e1gua, rio fundo, foi a designa\u00e7\u00e3o que os \u00edndios caingangues atribu\u00edram ao lugar onde hoje \u00e9 o [&hellip;]\" \/>\n<meta property=\"og:url\" content=\"https:\/\/www.pmpf.rs.gov.br\/municipio\/historico\/\" \/>\n<meta property=\"og:site_name\" content=\"Munic\u00edpio de Passo Fundo\" \/>\n<meta property=\"article:modified_time\" content=\"2026-04-07T17:34:27+00:00\" \/>\n<meta name=\"twitter:card\" content=\"summary_large_image\" \/>\n<meta name=\"twitter:label1\" content=\"Est. tempo de leitura\" \/>\n\t<meta name=\"twitter:data1\" content=\"1 minuto\" \/>\n<script type=\"application\/ld+json\" class=\"yoast-schema-graph\">{\"@context\":\"https:\/\/schema.org\",\"@graph\":[{\"@type\":\"WebPage\",\"@id\":\"https:\/\/www.pmpf.rs.gov.br\/municipio\/historico\/\",\"url\":\"https:\/\/www.pmpf.rs.gov.br\/municipio\/historico\/\",\"name\":\"\ud83d\udcdc Hist\u00f3rico - Munic\u00edpio de Passo Fundo\",\"isPartOf\":{\"@id\":\"https:\/\/www.pmpf.rs.gov.br\/municipio\/#website\"},\"datePublished\":\"2026-04-07T17:15:49+00:00\",\"dateModified\":\"2026-04-07T17:34:27+00:00\",\"breadcrumb\":{\"@id\":\"https:\/\/www.pmpf.rs.gov.br\/municipio\/historico\/#breadcrumb\"},\"inLanguage\":\"pt-BR\",\"potentialAction\":[{\"@type\":\"ReadAction\",\"target\":[\"https:\/\/www.pmpf.rs.gov.br\/municipio\/historico\/\"]}]},{\"@type\":\"BreadcrumbList\",\"@id\":\"https:\/\/www.pmpf.rs.gov.br\/municipio\/historico\/#breadcrumb\",\"itemListElement\":[{\"@type\":\"ListItem\",\"position\":1,\"name\":\"In\u00edcio\",\"item\":\"https:\/\/www.pmpf.rs.gov.br\/municipio\/\"},{\"@type\":\"ListItem\",\"position\":2,\"name\":\"\ud83d\udcdc Hist\u00f3rico\"}]},{\"@type\":\"WebSite\",\"@id\":\"https:\/\/www.pmpf.rs.gov.br\/municipio\/#website\",\"url\":\"https:\/\/www.pmpf.rs.gov.br\/municipio\/\",\"name\":\"Munic\u00edpio de Passo Fundo\",\"description\":\"\",\"potentialAction\":[{\"@type\":\"SearchAction\",\"target\":{\"@type\":\"EntryPoint\",\"urlTemplate\":\"https:\/\/www.pmpf.rs.gov.br\/municipio\/?s={search_term_string}\"},\"query-input\":{\"@type\":\"PropertyValueSpecification\",\"valueRequired\":true,\"valueName\":\"search_term_string\"}}],\"inLanguage\":\"pt-BR\"}]}<\/script>\n<!-- \/ Yoast SEO plugin. -->","yoast_head_json":{"title":"\ud83d\udcdc Hist\u00f3rico - Munic\u00edpio de Passo Fundo","robots":{"index":"index","follow":"follow","max-snippet":"max-snippet:-1","max-image-preview":"max-image-preview:large","max-video-preview":"max-video-preview:-1"},"canonical":"https:\/\/www.pmpf.rs.gov.br\/municipio\/historico\/","og_locale":"pt_BR","og_type":"article","og_title":"\ud83d\udcdc Hist\u00f3rico - Munic\u00edpio de Passo Fundo","og_description":"\u00cdndios, jesu\u00edtas, bandeirantes, tropeiros&#8230; passo-fundenses&#8230; Passo Fundo, que na l\u00edngua tupi-guarani significa goyo-em \u2014 muita \u00e1gua, rio fundo, foi a designa\u00e7\u00e3o que os \u00edndios caingangues atribu\u00edram ao lugar onde hoje \u00e9 o [&hellip;]","og_url":"https:\/\/www.pmpf.rs.gov.br\/municipio\/historico\/","og_site_name":"Munic\u00edpio de Passo Fundo","article_modified_time":"2026-04-07T17:34:27+00:00","twitter_card":"summary_large_image","twitter_misc":{"Est. tempo de leitura":"1 minuto"},"schema":{"@context":"https:\/\/schema.org","@graph":[{"@type":"WebPage","@id":"https:\/\/www.pmpf.rs.gov.br\/municipio\/historico\/","url":"https:\/\/www.pmpf.rs.gov.br\/municipio\/historico\/","name":"\ud83d\udcdc Hist\u00f3rico - Munic\u00edpio de Passo Fundo","isPartOf":{"@id":"https:\/\/www.pmpf.rs.gov.br\/municipio\/#website"},"datePublished":"2026-04-07T17:15:49+00:00","dateModified":"2026-04-07T17:34:27+00:00","breadcrumb":{"@id":"https:\/\/www.pmpf.rs.gov.br\/municipio\/historico\/#breadcrumb"},"inLanguage":"pt-BR","potentialAction":[{"@type":"ReadAction","target":["https:\/\/www.pmpf.rs.gov.br\/municipio\/historico\/"]}]},{"@type":"BreadcrumbList","@id":"https:\/\/www.pmpf.rs.gov.br\/municipio\/historico\/#breadcrumb","itemListElement":[{"@type":"ListItem","position":1,"name":"In\u00edcio","item":"https:\/\/www.pmpf.rs.gov.br\/municipio\/"},{"@type":"ListItem","position":2,"name":"\ud83d\udcdc Hist\u00f3rico"}]},{"@type":"WebSite","@id":"https:\/\/www.pmpf.rs.gov.br\/municipio\/#website","url":"https:\/\/www.pmpf.rs.gov.br\/municipio\/","name":"Munic\u00edpio de Passo Fundo","description":"","potentialAction":[{"@type":"SearchAction","target":{"@type":"EntryPoint","urlTemplate":"https:\/\/www.pmpf.rs.gov.br\/municipio\/?s={search_term_string}"},"query-input":{"@type":"PropertyValueSpecification","valueRequired":true,"valueName":"search_term_string"}}],"inLanguage":"pt-BR"}]}},"_links":{"self":[{"href":"https:\/\/www.pmpf.rs.gov.br\/municipio\/wp-json\/wp\/v2\/pages\/41"}],"collection":[{"href":"https:\/\/www.pmpf.rs.gov.br\/municipio\/wp-json\/wp\/v2\/pages"}],"about":[{"href":"https:\/\/www.pmpf.rs.gov.br\/municipio\/wp-json\/wp\/v2\/types\/page"}],"author":[{"embeddable":true,"href":"https:\/\/www.pmpf.rs.gov.br\/municipio\/wp-json\/wp\/v2\/users\/4"}],"replies":[{"embeddable":true,"href":"https:\/\/www.pmpf.rs.gov.br\/municipio\/wp-json\/wp\/v2\/comments?post=41"}],"version-history":[{"count":9,"href":"https:\/\/www.pmpf.rs.gov.br\/municipio\/wp-json\/wp\/v2\/pages\/41\/revisions"}],"predecessor-version":[{"id":54,"href":"https:\/\/www.pmpf.rs.gov.br\/municipio\/wp-json\/wp\/v2\/pages\/41\/revisions\/54"}],"wp:attachment":[{"href":"https:\/\/www.pmpf.rs.gov.br\/municipio\/wp-json\/wp\/v2\/media?parent=41"}],"curies":[{"name":"wp","href":"https:\/\/api.w.org\/{rel}","templated":true}]}}