{"id":38,"date":"2026-04-02T10:50:44","date_gmt":"2026-04-02T13:50:44","guid":{"rendered":"https:\/\/www.pmpf.rs.gov.br\/municipio\/?page_id=38"},"modified":"2026-04-02T10:50:45","modified_gmt":"2026-04-02T13:50:45","slug":"economia","status":"publish","type":"page","link":"https:\/\/www.pmpf.rs.gov.br\/municipio\/economia\/","title":{"rendered":"Economia"},"content":{"rendered":"\n<p>O munic\u00edpio de Passo Fundo destaca-se como um dos principais polos econ\u00f4micos do Rio Grande do Sul, com PIB estimado em aproximadamente R$ 14 bilh\u00f5es, reflete elevado n\u00edvel de atividade econ\u00f4mica e renda.<\/p>\n\n\n\n<p>No mercado de trabalho, Passo Fundo figura entre os munic\u00edpios com maior gera\u00e7\u00e3o de empregos formais do estado, evidenciando um ambiente econ\u00f4mico din\u00e2mico e com capacidade de absor\u00e7\u00e3o de m\u00e3o de obra qualificada.<\/p>\n\n\n\n<p>A estrutura produtiva \u00e9 diversificada, com forte participa\u00e7\u00e3o do agroneg\u00f3cio \u2014 especialmente na cadeia de gr\u00e3os \u2014, al\u00e9m de um setor industrial consolidado e um com\u00e9rcio e servi\u00e7os robustos. O munic\u00edpio exerce fun\u00e7\u00e3o estrat\u00e9gica como polo regional, com destaque para os segmentos de sa\u00fade e educa\u00e7\u00e3o, atendendo uma ampla popula\u00e7\u00e3o de munic\u00edpios do norte ga\u00facho.<\/p>\n\n\n\n<p>No setor imobili\u00e1rio, Passo Fundo apresenta um dos mercados mais din\u00e2micos do estado, com crescimento consistente em constru\u00e7\u00e3o civil. Esse desempenho \u00e9 impulsionado pelo crescimento populacional, pela verticaliza\u00e7\u00e3o urbana e pela expans\u00e3o de empreendimentos residenciais e comerciais.<\/p>\n\n\n\n<p>A infraestrutura urbana consolidada, refor\u00e7am a atratividade do munic\u00edpio para novos investimentos e sua relev\u00e2ncia no contexto econ\u00f4mico regional.<\/p>\n\n\n\n<hr class=\"wp-block-separator has-alpha-channel-opacity\"\/>\n","protected":false},"excerpt":{"rendered":"<p>O munic\u00edpio de Passo Fundo destaca-se como um dos principais polos econ\u00f4micos do Rio Grande do Sul, com PIB estimado em aproximadamente R$ 14 bilh\u00f5es, reflete elevado n\u00edvel de atividade econ\u00f4mica e [&hellip;]<\/p>\n","protected":false},"author":4,"featured_media":0,"parent":0,"menu_order":0,"comment_status":"closed","ping_status":"closed","template":"","meta":{"footnotes":""},"class_list":["post-38","page","type-page","status-publish","hentry"],"yoast_head":"<!-- This site is optimized with the Yoast SEO plugin v23.8 - https:\/\/yoast.com\/wordpress\/plugins\/seo\/ -->\n<title>Economia - Munic\u00edpio de Passo Fundo<\/title>\n<meta name=\"robots\" content=\"index, follow, max-snippet:-1, max-image-preview:large, max-video-preview:-1\" \/>\n<link rel=\"canonical\" href=\"https:\/\/www.pmpf.rs.gov.br\/municipio\/economia\/\" \/>\n<meta property=\"og:locale\" content=\"pt_BR\" \/>\n<meta property=\"og:type\" content=\"article\" \/>\n<meta property=\"og:title\" content=\"Economia - Munic\u00edpio de Passo Fundo\" \/>\n<meta property=\"og:description\" content=\"O munic\u00edpio de Passo Fundo destaca-se como um dos principais polos econ\u00f4micos do Rio Grande do Sul, com PIB estimado em aproximadamente R$ 14 bilh\u00f5es, reflete elevado n\u00edvel de atividade econ\u00f4mica e [&hellip;]\" \/>\n<meta property=\"og:url\" content=\"https:\/\/www.pmpf.rs.gov.br\/municipio\/economia\/\" \/>\n<meta property=\"og:site_name\" content=\"Munic\u00edpio de Passo Fundo\" \/>\n<meta property=\"article:modified_time\" content=\"2026-04-02T13:50:45+00:00\" \/>\n<meta name=\"twitter:card\" content=\"summary_large_image\" \/>\n<meta name=\"twitter:label1\" content=\"Est. tempo de leitura\" \/>\n\t<meta name=\"twitter:data1\" content=\"1 minuto\" \/>\n<script type=\"application\/ld+json\" class=\"yoast-schema-graph\">{\"@context\":\"https:\/\/schema.org\",\"@graph\":[{\"@type\":\"WebPage\",\"@id\":\"https:\/\/www.pmpf.rs.gov.br\/municipio\/economia\/\",\"url\":\"https:\/\/www.pmpf.rs.gov.br\/municipio\/economia\/\",\"name\":\"Economia - Munic\u00edpio de Passo Fundo\",\"isPartOf\":{\"@id\":\"https:\/\/www.pmpf.rs.gov.br\/municipio\/#website\"},\"datePublished\":\"2026-04-02T13:50:44+00:00\",\"dateModified\":\"2026-04-02T13:50:45+00:00\",\"breadcrumb\":{\"@id\":\"https:\/\/www.pmpf.rs.gov.br\/municipio\/economia\/#breadcrumb\"},\"inLanguage\":\"pt-BR\",\"potentialAction\":[{\"@type\":\"ReadAction\",\"target\":[\"https:\/\/www.pmpf.rs.gov.br\/municipio\/economia\/\"]}]},{\"@type\":\"BreadcrumbList\",\"@id\":\"https:\/\/www.pmpf.rs.gov.br\/municipio\/economia\/#breadcrumb\",\"itemListElement\":[{\"@type\":\"ListItem\",\"position\":1,\"name\":\"In\u00edcio\",\"item\":\"https:\/\/www.pmpf.rs.gov.br\/municipio\/\"},{\"@type\":\"ListItem\",\"position\":2,\"name\":\"Economia\"}]},{\"@type\":\"WebSite\",\"@id\":\"https:\/\/www.pmpf.rs.gov.br\/municipio\/#website\",\"url\":\"https:\/\/www.pmpf.rs.gov.br\/municipio\/\",\"name\":\"Munic\u00edpio de Passo Fundo\",\"description\":\"\",\"potentialAction\":[{\"@type\":\"SearchAction\",\"target\":{\"@type\":\"EntryPoint\",\"urlTemplate\":\"https:\/\/www.pmpf.rs.gov.br\/municipio\/?s={search_term_string}\"},\"query-input\":{\"@type\":\"PropertyValueSpecification\",\"valueRequired\":true,\"valueName\":\"search_term_string\"}}],\"inLanguage\":\"pt-BR\"}]}<\/script>\n<!-- \/ Yoast SEO plugin. -->","yoast_head_json":{"title":"Economia - Munic\u00edpio de Passo Fundo","robots":{"index":"index","follow":"follow","max-snippet":"max-snippet:-1","max-image-preview":"max-image-preview:large","max-video-preview":"max-video-preview:-1"},"canonical":"https:\/\/www.pmpf.rs.gov.br\/municipio\/economia\/","og_locale":"pt_BR","og_type":"article","og_title":"Economia - Munic\u00edpio de Passo Fundo","og_description":"O munic\u00edpio de Passo Fundo destaca-se como um dos principais polos econ\u00f4micos do Rio Grande do Sul, com PIB estimado em aproximadamente R$ 14 bilh\u00f5es, reflete elevado n\u00edvel de atividade econ\u00f4mica e [&hellip;]","og_url":"https:\/\/www.pmpf.rs.gov.br\/municipio\/economia\/","og_site_name":"Munic\u00edpio de Passo Fundo","article_modified_time":"2026-04-02T13:50:45+00:00","twitter_card":"summary_large_image","twitter_misc":{"Est. tempo de leitura":"1 minuto"},"schema":{"@context":"https:\/\/schema.org","@graph":[{"@type":"WebPage","@id":"https:\/\/www.pmpf.rs.gov.br\/municipio\/economia\/","url":"https:\/\/www.pmpf.rs.gov.br\/municipio\/economia\/","name":"Economia - Munic\u00edpio de Passo Fundo","isPartOf":{"@id":"https:\/\/www.pmpf.rs.gov.br\/municipio\/#website"},"datePublished":"2026-04-02T13:50:44+00:00","dateModified":"2026-04-02T13:50:45+00:00","breadcrumb":{"@id":"https:\/\/www.pmpf.rs.gov.br\/municipio\/economia\/#breadcrumb"},"inLanguage":"pt-BR","potentialAction":[{"@type":"ReadAction","target":["https:\/\/www.pmpf.rs.gov.br\/municipio\/economia\/"]}]},{"@type":"BreadcrumbList","@id":"https:\/\/www.pmpf.rs.gov.br\/municipio\/economia\/#breadcrumb","itemListElement":[{"@type":"ListItem","position":1,"name":"In\u00edcio","item":"https:\/\/www.pmpf.rs.gov.br\/municipio\/"},{"@type":"ListItem","position":2,"name":"Economia"}]},{"@type":"WebSite","@id":"https:\/\/www.pmpf.rs.gov.br\/municipio\/#website","url":"https:\/\/www.pmpf.rs.gov.br\/municipio\/","name":"Munic\u00edpio de Passo Fundo","description":"","potentialAction":[{"@type":"SearchAction","target":{"@type":"EntryPoint","urlTemplate":"https:\/\/www.pmpf.rs.gov.br\/municipio\/?s={search_term_string}"},"query-input":{"@type":"PropertyValueSpecification","valueRequired":true,"valueName":"search_term_string"}}],"inLanguage":"pt-BR"}]}},"_links":{"self":[{"href":"https:\/\/www.pmpf.rs.gov.br\/municipio\/wp-json\/wp\/v2\/pages\/38"}],"collection":[{"href":"https:\/\/www.pmpf.rs.gov.br\/municipio\/wp-json\/wp\/v2\/pages"}],"about":[{"href":"https:\/\/www.pmpf.rs.gov.br\/municipio\/wp-json\/wp\/v2\/types\/page"}],"author":[{"embeddable":true,"href":"https:\/\/www.pmpf.rs.gov.br\/municipio\/wp-json\/wp\/v2\/users\/4"}],"replies":[{"embeddable":true,"href":"https:\/\/www.pmpf.rs.gov.br\/municipio\/wp-json\/wp\/v2\/comments?post=38"}],"version-history":[{"count":1,"href":"https:\/\/www.pmpf.rs.gov.br\/municipio\/wp-json\/wp\/v2\/pages\/38\/revisions"}],"predecessor-version":[{"id":39,"href":"https:\/\/www.pmpf.rs.gov.br\/municipio\/wp-json\/wp\/v2\/pages\/38\/revisions\/39"}],"wp:attachment":[{"href":"https:\/\/www.pmpf.rs.gov.br\/municipio\/wp-json\/wp\/v2\/media?parent=38"}],"curies":[{"name":"wp","href":"https:\/\/api.w.org\/{rel}","templated":true}]}}