{"id":39,"date":"2022-01-12T13:27:00","date_gmt":"2022-01-12T16:27:00","guid":{"rendered":"https:\/\/www.pmpf.rs.gov.br\/iptu\/?page_id=39"},"modified":"2025-11-19T15:16:22","modified_gmt":"2025-11-19T18:16:22","slug":"taxa-de-lixo","status":"publish","type":"page","link":"https:\/\/www.pmpf.rs.gov.br\/iptu\/taxa-de-lixo\/","title":{"rendered":"Taxa de Lixo"},"content":{"rendered":"\n<h2 class=\"wp-block-heading has-black-color has-text-color has-link-color wp-elements-e5df5cbc016c98becb3c3dfc36193cd4\">Informa\u00e7\u00f5es e valores<\/h2>\n\n\n\n<p>A taxa de lixo do ano de 2025 ser\u00e1 cobrada na mesma guia do IPTU de 2026. <br>O valor da taxa de lixo est\u00e1 discriminado na guia de pagamento do IPTU.<br>Para o contribuinte que optar em pagar o IPTU 2026 parcelado, o valor da taxa de lixo estar\u00e1 dividido nas parcelas.<br>Os valores referentes a taxa de lixo s\u00e3o cobrados conforme a tabela abaixo:<\/p>\n\n\n\n<figure class=\"wp-block-table\"><table><tbody><tr><td><\/td><td><strong>MENSAL EM UFM<\/strong><\/td><td><strong>ANUAL EM UFM<\/strong><\/td><td><strong>ANUAL EM R$<\/strong><\/td><\/tr><tr><td>TAXA DE LIXO COMERCIAL DI\u00c1RIO<\/td><td>4,30<\/td><td>51,59<\/td><td>264,21<\/td><\/tr><tr><td>TAXA DE LIXO COMERCIAL ALTERNADO<\/td><td>2,15<\/td><td>25,76<\/td><td>131,93<\/td><\/tr><tr><td>TAXA DE LIXO RESIDENCIAL DI\u00c1RIO<\/td><td>2,15<\/td><td>25,76<\/td><td>131,93<\/td><\/tr><tr><td>TAXA DE LIXO RESIDENCIAL ALTERNADO<\/td><td>0,98<\/td><td>11,77<\/td><td>60,28<\/td><\/tr><\/tbody><\/table><\/figure>\n\n\n\n<hr class=\"wp-block-separator has-alpha-channel-opacity\"\/>\n","protected":false},"excerpt":{"rendered":"<p>Informa\u00e7\u00f5es e valores A taxa de lixo do ano de 2025 ser\u00e1 cobrada na mesma guia do IPTU de 2026. O valor da taxa de lixo est\u00e1 discriminado na guia de pagamento [&hellip;]<\/p>\n","protected":false},"author":1,"featured_media":0,"parent":0,"menu_order":0,"comment_status":"closed","ping_status":"closed","template":"","meta":{"footnotes":""},"class_list":["post-39","page","type-page","status-publish","hentry"],"yoast_head":"<!-- This site is optimized with the Yoast SEO plugin v23.8 - https:\/\/yoast.com\/wordpress\/plugins\/seo\/ -->\n<title>Taxa de Lixo - IPTU 2026<\/title>\n<meta name=\"robots\" content=\"index, follow, max-snippet:-1, max-image-preview:large, max-video-preview:-1\" \/>\n<link rel=\"canonical\" href=\"https:\/\/www.pmpf.rs.gov.br\/iptu\/taxa-de-lixo\/\" \/>\n<meta property=\"og:locale\" content=\"pt_BR\" \/>\n<meta property=\"og:type\" content=\"article\" \/>\n<meta property=\"og:title\" content=\"Taxa de Lixo - IPTU 2026\" \/>\n<meta property=\"og:description\" content=\"Informa\u00e7\u00f5es e valores A taxa de lixo do ano de 2025 ser\u00e1 cobrada na mesma guia do IPTU de 2026. O valor da taxa de lixo est\u00e1 discriminado na guia de pagamento [&hellip;]\" \/>\n<meta property=\"og:url\" content=\"https:\/\/www.pmpf.rs.gov.br\/iptu\/taxa-de-lixo\/\" \/>\n<meta property=\"og:site_name\" content=\"IPTU 2026\" \/>\n<meta property=\"article:modified_time\" content=\"2025-11-19T18:16:22+00:00\" \/>\n<meta name=\"twitter:card\" content=\"summary_large_image\" \/>\n<meta name=\"twitter:label1\" content=\"Est. tempo de leitura\" \/>\n\t<meta name=\"twitter:data1\" content=\"1 minuto\" \/>\n<script type=\"application\/ld+json\" class=\"yoast-schema-graph\">{\"@context\":\"https:\/\/schema.org\",\"@graph\":[{\"@type\":\"WebPage\",\"@id\":\"https:\/\/www.pmpf.rs.gov.br\/iptu\/taxa-de-lixo\/\",\"url\":\"https:\/\/www.pmpf.rs.gov.br\/iptu\/taxa-de-lixo\/\",\"name\":\"Taxa de Lixo - IPTU 2026\",\"isPartOf\":{\"@id\":\"https:\/\/www.pmpf.rs.gov.br\/iptu\/#website\"},\"datePublished\":\"2022-01-12T16:27:00+00:00\",\"dateModified\":\"2025-11-19T18:16:22+00:00\",\"breadcrumb\":{\"@id\":\"https:\/\/www.pmpf.rs.gov.br\/iptu\/taxa-de-lixo\/#breadcrumb\"},\"inLanguage\":\"pt-BR\",\"potentialAction\":[{\"@type\":\"ReadAction\",\"target\":[\"https:\/\/www.pmpf.rs.gov.br\/iptu\/taxa-de-lixo\/\"]}]},{\"@type\":\"BreadcrumbList\",\"@id\":\"https:\/\/www.pmpf.rs.gov.br\/iptu\/taxa-de-lixo\/#breadcrumb\",\"itemListElement\":[{\"@type\":\"ListItem\",\"position\":1,\"name\":\"In\u00edcio\",\"item\":\"https:\/\/www.pmpf.rs.gov.br\/iptu\/\"},{\"@type\":\"ListItem\",\"position\":2,\"name\":\"Taxa de Lixo\"}]},{\"@type\":\"WebSite\",\"@id\":\"https:\/\/www.pmpf.rs.gov.br\/iptu\/#website\",\"url\":\"https:\/\/www.pmpf.rs.gov.br\/iptu\/\",\"name\":\"IPTU 2026\",\"description\":\"S\u00f3 mais um site Prefeitura de Passo Fundo\",\"potentialAction\":[{\"@type\":\"SearchAction\",\"target\":{\"@type\":\"EntryPoint\",\"urlTemplate\":\"https:\/\/www.pmpf.rs.gov.br\/iptu\/?s={search_term_string}\"},\"query-input\":{\"@type\":\"PropertyValueSpecification\",\"valueRequired\":true,\"valueName\":\"search_term_string\"}}],\"inLanguage\":\"pt-BR\"}]}<\/script>\n<!-- \/ Yoast SEO plugin. -->","yoast_head_json":{"title":"Taxa de Lixo - IPTU 2026","robots":{"index":"index","follow":"follow","max-snippet":"max-snippet:-1","max-image-preview":"max-image-preview:large","max-video-preview":"max-video-preview:-1"},"canonical":"https:\/\/www.pmpf.rs.gov.br\/iptu\/taxa-de-lixo\/","og_locale":"pt_BR","og_type":"article","og_title":"Taxa de Lixo - IPTU 2026","og_description":"Informa\u00e7\u00f5es e valores A taxa de lixo do ano de 2025 ser\u00e1 cobrada na mesma guia do IPTU de 2026. O valor da taxa de lixo est\u00e1 discriminado na guia de pagamento [&hellip;]","og_url":"https:\/\/www.pmpf.rs.gov.br\/iptu\/taxa-de-lixo\/","og_site_name":"IPTU 2026","article_modified_time":"2025-11-19T18:16:22+00:00","twitter_card":"summary_large_image","twitter_misc":{"Est. tempo de leitura":"1 minuto"},"schema":{"@context":"https:\/\/schema.org","@graph":[{"@type":"WebPage","@id":"https:\/\/www.pmpf.rs.gov.br\/iptu\/taxa-de-lixo\/","url":"https:\/\/www.pmpf.rs.gov.br\/iptu\/taxa-de-lixo\/","name":"Taxa de Lixo - IPTU 2026","isPartOf":{"@id":"https:\/\/www.pmpf.rs.gov.br\/iptu\/#website"},"datePublished":"2022-01-12T16:27:00+00:00","dateModified":"2025-11-19T18:16:22+00:00","breadcrumb":{"@id":"https:\/\/www.pmpf.rs.gov.br\/iptu\/taxa-de-lixo\/#breadcrumb"},"inLanguage":"pt-BR","potentialAction":[{"@type":"ReadAction","target":["https:\/\/www.pmpf.rs.gov.br\/iptu\/taxa-de-lixo\/"]}]},{"@type":"BreadcrumbList","@id":"https:\/\/www.pmpf.rs.gov.br\/iptu\/taxa-de-lixo\/#breadcrumb","itemListElement":[{"@type":"ListItem","position":1,"name":"In\u00edcio","item":"https:\/\/www.pmpf.rs.gov.br\/iptu\/"},{"@type":"ListItem","position":2,"name":"Taxa de Lixo"}]},{"@type":"WebSite","@id":"https:\/\/www.pmpf.rs.gov.br\/iptu\/#website","url":"https:\/\/www.pmpf.rs.gov.br\/iptu\/","name":"IPTU 2026","description":"S\u00f3 mais um site Prefeitura de Passo Fundo","potentialAction":[{"@type":"SearchAction","target":{"@type":"EntryPoint","urlTemplate":"https:\/\/www.pmpf.rs.gov.br\/iptu\/?s={search_term_string}"},"query-input":{"@type":"PropertyValueSpecification","valueRequired":true,"valueName":"search_term_string"}}],"inLanguage":"pt-BR"}]}},"_links":{"self":[{"href":"https:\/\/www.pmpf.rs.gov.br\/iptu\/wp-json\/wp\/v2\/pages\/39"}],"collection":[{"href":"https:\/\/www.pmpf.rs.gov.br\/iptu\/wp-json\/wp\/v2\/pages"}],"about":[{"href":"https:\/\/www.pmpf.rs.gov.br\/iptu\/wp-json\/wp\/v2\/types\/page"}],"author":[{"embeddable":true,"href":"https:\/\/www.pmpf.rs.gov.br\/iptu\/wp-json\/wp\/v2\/users\/1"}],"replies":[{"embeddable":true,"href":"https:\/\/www.pmpf.rs.gov.br\/iptu\/wp-json\/wp\/v2\/comments?post=39"}],"version-history":[{"count":13,"href":"https:\/\/www.pmpf.rs.gov.br\/iptu\/wp-json\/wp\/v2\/pages\/39\/revisions"}],"predecessor-version":[{"id":536,"href":"https:\/\/www.pmpf.rs.gov.br\/iptu\/wp-json\/wp\/v2\/pages\/39\/revisions\/536"}],"wp:attachment":[{"href":"https:\/\/www.pmpf.rs.gov.br\/iptu\/wp-json\/wp\/v2\/media?parent=39"}],"curies":[{"name":"wp","href":"https:\/\/api.w.org\/{rel}","templated":true}]}}