{"id":20,"date":"2022-01-12T12:26:45","date_gmt":"2022-01-12T15:26:45","guid":{"rendered":"https:\/\/www.pmpf.rs.gov.br\/iptu\/?page_id=20"},"modified":"2025-11-19T15:14:55","modified_gmt":"2025-11-19T18:14:55","slug":"descontos-e-vencimentos","status":"publish","type":"page","link":"https:\/\/www.pmpf.rs.gov.br\/iptu\/descontos-e-vencimentos\/","title":{"rendered":"Descontos e Vencimentos do IPTU 2026"},"content":{"rendered":"\n<p>O carn\u00ea de IPTU poder\u00e1 ser pago na cota \u00fanica 1, cota \u00fanica 2 ou em 8 parcelas. Os descontos s\u00e3o de at\u00e9 20% para pagamento na Cota \u00fanica 1 e de at\u00e9 7% para pagamento na Cota \u00fanica 2 conforme tabela abaixo.<\/p>\n\n\n\n<div style=\"height:10px\" aria-hidden=\"true\" class=\"wp-block-spacer\"><\/div>\n\n\n\n<figure class=\"wp-block-table alignleft has-small-font-size\"><table><tbody><tr><td><strong>COTA<\/strong><\/td><td><strong>VENCIMENTO<\/strong><\/td><td><strong>DESCONTO NORMAL<\/strong><\/td><td><strong>DESCONTO BOM PAGADOR<\/strong><\/td><td><strong>DESCONTO ADICIONAL COM\u00c9RCIO, <\/strong><br><strong>IND\u00daSTRIA E PREST. SERVI\u00c7OS<\/strong><\/td><\/tr><tr><td><strong>\u00daNICA 1<\/strong><\/td><td>09\/01\/2026<\/td><td>10%<\/td><td>+5%<\/td><td>+5%<\/td><\/tr><tr><td><strong>\u00daNICA 2<\/strong><\/td><td>09\/02\/2026<\/td><td>4%<\/td><td>+2%<\/td><td>+1%<\/td><\/tr><tr><td>PARCELADO<\/td><td>A partir de 16\/03\/2026<\/td><td><br><\/td><td><br><\/td><td><br><\/td><\/tr><\/tbody><\/table><\/figure>\n\n\n\n<div style=\"height:10px\" aria-hidden=\"true\" class=\"wp-block-spacer\"><\/div>\n\n\n\n<div style=\"height:10px\" aria-hidden=\"true\" class=\"wp-block-spacer\"><\/div>\n\n\n\n<p>* Para pagamento com desconto de <strong>AT\u00c9 20%<\/strong>, emita a guia <strong>COTA \u00daNICA 1 <\/strong>com vencimento em <strong>09\/01\/2026<\/strong> no site da Prefeitura (www.pmpf.rs.gov.br\/iptu) ou APP Cidad\u00e3o Online.<\/p>\n\n\n\n<p>*Para im\u00f3veis residenciais o desconto m\u00e1ximo \u00e9 de 15% na Cota \u00fanica 1 e de 6% na cota \u00fanica 2, visto que o adicional de 5% (cota \u00fanica 1) ou 1% (cota \u00fanica 2) \u00e9 apenas para im\u00f3veis comerciais.<\/p>\n\n\n\n<p>* *Para pagamento com desconto de <strong>AT\u00c9 7%<\/strong>, utilize a guia <strong>COTA \u00daNICA 2<\/strong> com vencimento em <strong>09\/02\/2026<\/strong>.<br>*Para pagamento parcelado n\u00e3o h\u00e1 desconto.<br>*O desconto de bom pagador \u00e9 aplicado aos im\u00f3veis que <strong>n\u00e3o possuam<\/strong> d\u00e9bitos na data de 15\/10\/2025.<\/p>\n\n\n\n<hr class=\"wp-block-separator has-alpha-channel-opacity\"\/>\n","protected":false},"excerpt":{"rendered":"<p>O carn\u00ea de IPTU poder\u00e1 ser pago na cota \u00fanica 1, cota \u00fanica 2 ou em 8 parcelas. Os descontos s\u00e3o de at\u00e9 20% para pagamento na Cota \u00fanica 1 e de [&hellip;]<\/p>\n","protected":false},"author":1,"featured_media":0,"parent":0,"menu_order":0,"comment_status":"closed","ping_status":"closed","template":"","meta":{"footnotes":""},"class_list":["post-20","page","type-page","status-publish","hentry"],"yoast_head":"<!-- This site is optimized with the Yoast SEO plugin v23.8 - https:\/\/yoast.com\/wordpress\/plugins\/seo\/ -->\n<title>Descontos e Vencimentos do IPTU 2026 - IPTU 2026<\/title>\n<meta name=\"robots\" content=\"index, follow, max-snippet:-1, max-image-preview:large, max-video-preview:-1\" \/>\n<link rel=\"canonical\" href=\"https:\/\/www.pmpf.rs.gov.br\/iptu\/descontos-e-vencimentos\/\" \/>\n<meta property=\"og:locale\" content=\"pt_BR\" \/>\n<meta property=\"og:type\" content=\"article\" \/>\n<meta property=\"og:title\" content=\"Descontos e Vencimentos do IPTU 2026 - IPTU 2026\" \/>\n<meta property=\"og:description\" content=\"O carn\u00ea de IPTU poder\u00e1 ser pago na cota \u00fanica 1, cota \u00fanica 2 ou em 8 parcelas. Os descontos s\u00e3o de at\u00e9 20% para pagamento na Cota \u00fanica 1 e de [&hellip;]\" \/>\n<meta property=\"og:url\" content=\"https:\/\/www.pmpf.rs.gov.br\/iptu\/descontos-e-vencimentos\/\" \/>\n<meta property=\"og:site_name\" content=\"IPTU 2026\" \/>\n<meta property=\"article:modified_time\" content=\"2025-11-19T18:14:55+00:00\" \/>\n<meta name=\"twitter:card\" content=\"summary_large_image\" \/>\n<meta name=\"twitter:label1\" content=\"Est. tempo de leitura\" \/>\n\t<meta name=\"twitter:data1\" content=\"2 minutos\" \/>\n<script type=\"application\/ld+json\" class=\"yoast-schema-graph\">{\"@context\":\"https:\/\/schema.org\",\"@graph\":[{\"@type\":\"WebPage\",\"@id\":\"https:\/\/www.pmpf.rs.gov.br\/iptu\/descontos-e-vencimentos\/\",\"url\":\"https:\/\/www.pmpf.rs.gov.br\/iptu\/descontos-e-vencimentos\/\",\"name\":\"Descontos e Vencimentos do IPTU 2026 - IPTU 2026\",\"isPartOf\":{\"@id\":\"https:\/\/www.pmpf.rs.gov.br\/iptu\/#website\"},\"datePublished\":\"2022-01-12T15:26:45+00:00\",\"dateModified\":\"2025-11-19T18:14:55+00:00\",\"breadcrumb\":{\"@id\":\"https:\/\/www.pmpf.rs.gov.br\/iptu\/descontos-e-vencimentos\/#breadcrumb\"},\"inLanguage\":\"pt-BR\",\"potentialAction\":[{\"@type\":\"ReadAction\",\"target\":[\"https:\/\/www.pmpf.rs.gov.br\/iptu\/descontos-e-vencimentos\/\"]}]},{\"@type\":\"BreadcrumbList\",\"@id\":\"https:\/\/www.pmpf.rs.gov.br\/iptu\/descontos-e-vencimentos\/#breadcrumb\",\"itemListElement\":[{\"@type\":\"ListItem\",\"position\":1,\"name\":\"In\u00edcio\",\"item\":\"https:\/\/www.pmpf.rs.gov.br\/iptu\/\"},{\"@type\":\"ListItem\",\"position\":2,\"name\":\"Descontos e Vencimentos do IPTU 2026\"}]},{\"@type\":\"WebSite\",\"@id\":\"https:\/\/www.pmpf.rs.gov.br\/iptu\/#website\",\"url\":\"https:\/\/www.pmpf.rs.gov.br\/iptu\/\",\"name\":\"IPTU 2026\",\"description\":\"S\u00f3 mais um site Prefeitura de Passo Fundo\",\"potentialAction\":[{\"@type\":\"SearchAction\",\"target\":{\"@type\":\"EntryPoint\",\"urlTemplate\":\"https:\/\/www.pmpf.rs.gov.br\/iptu\/?s={search_term_string}\"},\"query-input\":{\"@type\":\"PropertyValueSpecification\",\"valueRequired\":true,\"valueName\":\"search_term_string\"}}],\"inLanguage\":\"pt-BR\"}]}<\/script>\n<!-- \/ Yoast SEO plugin. -->","yoast_head_json":{"title":"Descontos e Vencimentos do IPTU 2026 - IPTU 2026","robots":{"index":"index","follow":"follow","max-snippet":"max-snippet:-1","max-image-preview":"max-image-preview:large","max-video-preview":"max-video-preview:-1"},"canonical":"https:\/\/www.pmpf.rs.gov.br\/iptu\/descontos-e-vencimentos\/","og_locale":"pt_BR","og_type":"article","og_title":"Descontos e Vencimentos do IPTU 2026 - IPTU 2026","og_description":"O carn\u00ea de IPTU poder\u00e1 ser pago na cota \u00fanica 1, cota \u00fanica 2 ou em 8 parcelas. Os descontos s\u00e3o de at\u00e9 20% para pagamento na Cota \u00fanica 1 e de [&hellip;]","og_url":"https:\/\/www.pmpf.rs.gov.br\/iptu\/descontos-e-vencimentos\/","og_site_name":"IPTU 2026","article_modified_time":"2025-11-19T18:14:55+00:00","twitter_card":"summary_large_image","twitter_misc":{"Est. tempo de leitura":"2 minutos"},"schema":{"@context":"https:\/\/schema.org","@graph":[{"@type":"WebPage","@id":"https:\/\/www.pmpf.rs.gov.br\/iptu\/descontos-e-vencimentos\/","url":"https:\/\/www.pmpf.rs.gov.br\/iptu\/descontos-e-vencimentos\/","name":"Descontos e Vencimentos do IPTU 2026 - IPTU 2026","isPartOf":{"@id":"https:\/\/www.pmpf.rs.gov.br\/iptu\/#website"},"datePublished":"2022-01-12T15:26:45+00:00","dateModified":"2025-11-19T18:14:55+00:00","breadcrumb":{"@id":"https:\/\/www.pmpf.rs.gov.br\/iptu\/descontos-e-vencimentos\/#breadcrumb"},"inLanguage":"pt-BR","potentialAction":[{"@type":"ReadAction","target":["https:\/\/www.pmpf.rs.gov.br\/iptu\/descontos-e-vencimentos\/"]}]},{"@type":"BreadcrumbList","@id":"https:\/\/www.pmpf.rs.gov.br\/iptu\/descontos-e-vencimentos\/#breadcrumb","itemListElement":[{"@type":"ListItem","position":1,"name":"In\u00edcio","item":"https:\/\/www.pmpf.rs.gov.br\/iptu\/"},{"@type":"ListItem","position":2,"name":"Descontos e Vencimentos do IPTU 2026"}]},{"@type":"WebSite","@id":"https:\/\/www.pmpf.rs.gov.br\/iptu\/#website","url":"https:\/\/www.pmpf.rs.gov.br\/iptu\/","name":"IPTU 2026","description":"S\u00f3 mais um site Prefeitura de Passo Fundo","potentialAction":[{"@type":"SearchAction","target":{"@type":"EntryPoint","urlTemplate":"https:\/\/www.pmpf.rs.gov.br\/iptu\/?s={search_term_string}"},"query-input":{"@type":"PropertyValueSpecification","valueRequired":true,"valueName":"search_term_string"}}],"inLanguage":"pt-BR"}]}},"_links":{"self":[{"href":"https:\/\/www.pmpf.rs.gov.br\/iptu\/wp-json\/wp\/v2\/pages\/20"}],"collection":[{"href":"https:\/\/www.pmpf.rs.gov.br\/iptu\/wp-json\/wp\/v2\/pages"}],"about":[{"href":"https:\/\/www.pmpf.rs.gov.br\/iptu\/wp-json\/wp\/v2\/types\/page"}],"author":[{"embeddable":true,"href":"https:\/\/www.pmpf.rs.gov.br\/iptu\/wp-json\/wp\/v2\/users\/1"}],"replies":[{"embeddable":true,"href":"https:\/\/www.pmpf.rs.gov.br\/iptu\/wp-json\/wp\/v2\/comments?post=20"}],"version-history":[{"count":23,"href":"https:\/\/www.pmpf.rs.gov.br\/iptu\/wp-json\/wp\/v2\/pages\/20\/revisions"}],"predecessor-version":[{"id":534,"href":"https:\/\/www.pmpf.rs.gov.br\/iptu\/wp-json\/wp\/v2\/pages\/20\/revisions\/534"}],"wp:attachment":[{"href":"https:\/\/www.pmpf.rs.gov.br\/iptu\/wp-json\/wp\/v2\/media?parent=20"}],"curies":[{"name":"wp","href":"https:\/\/api.w.org\/{rel}","templated":true}]}}