{"id":403,"date":"2025-11-07T09:59:51","date_gmt":"2025-11-07T12:59:51","guid":{"rendered":"https:\/\/www.pmpf.rs.gov.br\/inovacao\/?page_id=403"},"modified":"2026-04-01T16:50:56","modified_gmt":"2026-04-01T19:50:56","slug":"premioinovacao2026","status":"publish","type":"page","link":"https:\/\/www.pmpf.rs.gov.br\/inovacao\/premioinovacao2026\/","title":{"rendered":"Pr\u00eamio de Inova\u00e7\u00e3o 2026 &#8211; Passo  para o Futuro"},"content":{"rendered":"<div class=\"wp-block-image\">\n<figure class=\"aligncenter size-full is-resized\"><img loading=\"lazy\" decoding=\"async\" width=\"700\" height=\"175\" src=\"https:\/\/www.pmpf.rs.gov.br\/inovacao\/wp-content\/uploads\/sites\/78\/2025\/11\/banner-google-premio-inovacao.png\" alt=\"\" class=\"wp-image-411\" style=\"width:894px;height:auto\" srcset=\"https:\/\/www.pmpf.rs.gov.br\/inovacao\/wp-content\/uploads\/sites\/78\/2025\/11\/banner-google-premio-inovacao.png 700w, https:\/\/www.pmpf.rs.gov.br\/inovacao\/wp-content\/uploads\/sites\/78\/2025\/11\/banner-google-premio-inovacao-300x75.png 300w\" sizes=\"(max-width: 700px) 100vw, 700px\" \/><\/figure><\/div>\n\n\n<div style=\"height:20px\" aria-hidden=\"true\" class=\"wp-block-spacer\"><\/div>\n\n\n\n<p class=\"has-text-align-left\">O pr\u00eamio tem como finalidade reconhecer e valorizar iniciativas, pessoas e institui\u00e7\u00f5es que contribuam para o fortalecimento <br>da cultura da inova\u00e7\u00e3o, da ci\u00eancia, da tecnologia, da sustentabilidade e do empreendedorismo inovador no munic\u00edpio de Passo Fundo.<\/p>\n\n\n\n<div style=\"height:20px\" aria-hidden=\"true\" class=\"wp-block-spacer\"><\/div>\n\n\n\n<div class=\"wp-block-buttons is-content-justification-center is-layout-flex wp-container-core-buttons-is-layout-1 wp-block-buttons-is-layout-flex\">\n<div class=\"wp-block-button\"><a class=\"wp-block-button__link has-white-color has-black-background-color has-text-color has-background has-link-color wp-element-button\" href=\"https:\/\/www.pmpf.rs.gov.br\/inovacao\/wp-content\/uploads\/sites\/78\/2024\/03\/premio-inovacao2-regulamento.pdf\" style=\"border-radius:24px\" target=\"_blank\" rel=\"noreferrer noopener\">Regulamento<\/a><\/div>\n\n\n\n<div class=\"wp-block-button\"><a class=\"wp-block-button__link has-white-color has-black-background-color has-text-color has-background has-link-color wp-element-button\" href=\"https:\/\/forms.gle\/4iiYbUs6AaAPBJZV7\" style=\"border-radius:24px\" target=\"_blank\" rel=\"noreferrer noopener\">Formul\u00e1rio de Inscri\u00e7\u00e3o<\/a><\/div>\n\n\n\n<div class=\"wp-block-button\"><a class=\"wp-block-button__link has-white-color has-black-background-color has-text-color has-background has-link-color wp-element-button\" href=\"https:\/\/www.pmpf.rs.gov.br\/inovacao\/wp-content\/uploads\/sites\/78\/2024\/03\/premio-inovacao-cronograma_atualizado.pdf\" style=\"border-radius:24px\" target=\"_blank\" rel=\"noreferrer noopener\">Cronograma Atualizado<\/a><\/div>\n<\/div>\n\n\n\n<hr class=\"wp-block-separator has-alpha-channel-opacity\"\/>\n\n\n\n<p><\/p>\n\n\n\n<p><\/p>\n","protected":false},"excerpt":{"rendered":"<p>O pr\u00eamio tem como finalidade reconhecer e valorizar iniciativas, pessoas e institui\u00e7\u00f5es que contribuam para o fortalecimento da cultura da inova\u00e7\u00e3o, da ci\u00eancia, da tecnologia, da sustentabilidade e do empreendedorismo inovador no [&hellip;]<\/p>\n","protected":false},"author":4,"featured_media":0,"parent":0,"menu_order":0,"comment_status":"closed","ping_status":"closed","template":"","meta":{"footnotes":""},"class_list":["post-403","page","type-page","status-publish","hentry"],"yoast_head":"<!-- This site is optimized with the Yoast SEO plugin v23.8 - https:\/\/yoast.com\/wordpress\/plugins\/seo\/ -->\n<title>Pr\u00eamio de Inova\u00e7\u00e3o 2026 - Passo para o Futuro - Secretaria de Inova\u00e7\u00e3o<\/title>\n<meta name=\"robots\" content=\"index, follow, max-snippet:-1, max-image-preview:large, max-video-preview:-1\" \/>\n<link rel=\"canonical\" href=\"https:\/\/www.pmpf.rs.gov.br\/inovacao\/premioinovacao2026\/\" \/>\n<meta property=\"og:locale\" content=\"pt_BR\" \/>\n<meta property=\"og:type\" content=\"article\" \/>\n<meta property=\"og:title\" content=\"Pr\u00eamio de Inova\u00e7\u00e3o 2026 - Passo para o Futuro - Secretaria de Inova\u00e7\u00e3o\" \/>\n<meta property=\"og:description\" content=\"O pr\u00eamio tem como finalidade reconhecer e valorizar iniciativas, pessoas e institui\u00e7\u00f5es que contribuam para o fortalecimento da cultura da inova\u00e7\u00e3o, da ci\u00eancia, da tecnologia, da sustentabilidade e do empreendedorismo inovador no [&hellip;]\" \/>\n<meta property=\"og:url\" content=\"https:\/\/www.pmpf.rs.gov.br\/inovacao\/premioinovacao2026\/\" \/>\n<meta property=\"og:site_name\" content=\"Secretaria de Inova\u00e7\u00e3o\" \/>\n<meta property=\"article:modified_time\" content=\"2026-04-01T19:50:56+00:00\" \/>\n<meta property=\"og:image\" content=\"https:\/\/www.pmpf.rs.gov.br\/inovacao\/wp-content\/uploads\/sites\/78\/2025\/11\/banner-google-premio-inovacao.png\" \/>\n\t<meta property=\"og:image:width\" content=\"700\" \/>\n\t<meta property=\"og:image:height\" content=\"175\" \/>\n\t<meta property=\"og:image:type\" content=\"image\/png\" \/>\n<meta name=\"twitter:card\" content=\"summary_large_image\" \/>\n<script type=\"application\/ld+json\" class=\"yoast-schema-graph\">{\"@context\":\"https:\/\/schema.org\",\"@graph\":[{\"@type\":\"WebPage\",\"@id\":\"https:\/\/www.pmpf.rs.gov.br\/inovacao\/premioinovacao2026\/\",\"url\":\"https:\/\/www.pmpf.rs.gov.br\/inovacao\/premioinovacao2026\/\",\"name\":\"Pr\u00eamio de Inova\u00e7\u00e3o 2026 - Passo para o Futuro - Secretaria de Inova\u00e7\u00e3o\",\"isPartOf\":{\"@id\":\"https:\/\/www.pmpf.rs.gov.br\/inovacao\/#website\"},\"primaryImageOfPage\":{\"@id\":\"https:\/\/www.pmpf.rs.gov.br\/inovacao\/premioinovacao2026\/#primaryimage\"},\"image\":{\"@id\":\"https:\/\/www.pmpf.rs.gov.br\/inovacao\/premioinovacao2026\/#primaryimage\"},\"thumbnailUrl\":\"https:\/\/www.pmpf.rs.gov.br\/inovacao\/wp-content\/uploads\/sites\/78\/2025\/11\/banner-google-premio-inovacao.png\",\"datePublished\":\"2025-11-07T12:59:51+00:00\",\"dateModified\":\"2026-04-01T19:50:56+00:00\",\"breadcrumb\":{\"@id\":\"https:\/\/www.pmpf.rs.gov.br\/inovacao\/premioinovacao2026\/#breadcrumb\"},\"inLanguage\":\"pt-BR\",\"potentialAction\":[{\"@type\":\"ReadAction\",\"target\":[\"https:\/\/www.pmpf.rs.gov.br\/inovacao\/premioinovacao2026\/\"]}]},{\"@type\":\"ImageObject\",\"inLanguage\":\"pt-BR\",\"@id\":\"https:\/\/www.pmpf.rs.gov.br\/inovacao\/premioinovacao2026\/#primaryimage\",\"url\":\"https:\/\/www.pmpf.rs.gov.br\/inovacao\/wp-content\/uploads\/sites\/78\/2025\/11\/banner-google-premio-inovacao.png\",\"contentUrl\":\"https:\/\/www.pmpf.rs.gov.br\/inovacao\/wp-content\/uploads\/sites\/78\/2025\/11\/banner-google-premio-inovacao.png\",\"width\":700,\"height\":175},{\"@type\":\"BreadcrumbList\",\"@id\":\"https:\/\/www.pmpf.rs.gov.br\/inovacao\/premioinovacao2026\/#breadcrumb\",\"itemListElement\":[{\"@type\":\"ListItem\",\"position\":1,\"name\":\"In\u00edcio\",\"item\":\"https:\/\/www.pmpf.rs.gov.br\/inovacao\/\"},{\"@type\":\"ListItem\",\"position\":2,\"name\":\"Pr\u00eamio de Inova\u00e7\u00e3o 2026 &#8211; Passo para o Futuro\"}]},{\"@type\":\"WebSite\",\"@id\":\"https:\/\/www.pmpf.rs.gov.br\/inovacao\/#website\",\"url\":\"https:\/\/www.pmpf.rs.gov.br\/inovacao\/\",\"name\":\"Secretaria de Inova\u00e7\u00e3o\",\"description\":\"\",\"potentialAction\":[{\"@type\":\"SearchAction\",\"target\":{\"@type\":\"EntryPoint\",\"urlTemplate\":\"https:\/\/www.pmpf.rs.gov.br\/inovacao\/?s={search_term_string}\"},\"query-input\":{\"@type\":\"PropertyValueSpecification\",\"valueRequired\":true,\"valueName\":\"search_term_string\"}}],\"inLanguage\":\"pt-BR\"}]}<\/script>\n<!-- \/ Yoast SEO plugin. -->","yoast_head_json":{"title":"Pr\u00eamio de Inova\u00e7\u00e3o 2026 - Passo para o Futuro - Secretaria de Inova\u00e7\u00e3o","robots":{"index":"index","follow":"follow","max-snippet":"max-snippet:-1","max-image-preview":"max-image-preview:large","max-video-preview":"max-video-preview:-1"},"canonical":"https:\/\/www.pmpf.rs.gov.br\/inovacao\/premioinovacao2026\/","og_locale":"pt_BR","og_type":"article","og_title":"Pr\u00eamio de Inova\u00e7\u00e3o 2026 - Passo para o Futuro - Secretaria de Inova\u00e7\u00e3o","og_description":"O pr\u00eamio tem como finalidade reconhecer e valorizar iniciativas, pessoas e institui\u00e7\u00f5es que contribuam para o fortalecimento da cultura da inova\u00e7\u00e3o, da ci\u00eancia, da tecnologia, da sustentabilidade e do empreendedorismo inovador no [&hellip;]","og_url":"https:\/\/www.pmpf.rs.gov.br\/inovacao\/premioinovacao2026\/","og_site_name":"Secretaria de Inova\u00e7\u00e3o","article_modified_time":"2026-04-01T19:50:56+00:00","og_image":[{"width":700,"height":175,"url":"https:\/\/www.pmpf.rs.gov.br\/inovacao\/wp-content\/uploads\/sites\/78\/2025\/11\/banner-google-premio-inovacao.png","type":"image\/png"}],"twitter_card":"summary_large_image","schema":{"@context":"https:\/\/schema.org","@graph":[{"@type":"WebPage","@id":"https:\/\/www.pmpf.rs.gov.br\/inovacao\/premioinovacao2026\/","url":"https:\/\/www.pmpf.rs.gov.br\/inovacao\/premioinovacao2026\/","name":"Pr\u00eamio de Inova\u00e7\u00e3o 2026 - Passo para o Futuro - Secretaria de Inova\u00e7\u00e3o","isPartOf":{"@id":"https:\/\/www.pmpf.rs.gov.br\/inovacao\/#website"},"primaryImageOfPage":{"@id":"https:\/\/www.pmpf.rs.gov.br\/inovacao\/premioinovacao2026\/#primaryimage"},"image":{"@id":"https:\/\/www.pmpf.rs.gov.br\/inovacao\/premioinovacao2026\/#primaryimage"},"thumbnailUrl":"https:\/\/www.pmpf.rs.gov.br\/inovacao\/wp-content\/uploads\/sites\/78\/2025\/11\/banner-google-premio-inovacao.png","datePublished":"2025-11-07T12:59:51+00:00","dateModified":"2026-04-01T19:50:56+00:00","breadcrumb":{"@id":"https:\/\/www.pmpf.rs.gov.br\/inovacao\/premioinovacao2026\/#breadcrumb"},"inLanguage":"pt-BR","potentialAction":[{"@type":"ReadAction","target":["https:\/\/www.pmpf.rs.gov.br\/inovacao\/premioinovacao2026\/"]}]},{"@type":"ImageObject","inLanguage":"pt-BR","@id":"https:\/\/www.pmpf.rs.gov.br\/inovacao\/premioinovacao2026\/#primaryimage","url":"https:\/\/www.pmpf.rs.gov.br\/inovacao\/wp-content\/uploads\/sites\/78\/2025\/11\/banner-google-premio-inovacao.png","contentUrl":"https:\/\/www.pmpf.rs.gov.br\/inovacao\/wp-content\/uploads\/sites\/78\/2025\/11\/banner-google-premio-inovacao.png","width":700,"height":175},{"@type":"BreadcrumbList","@id":"https:\/\/www.pmpf.rs.gov.br\/inovacao\/premioinovacao2026\/#breadcrumb","itemListElement":[{"@type":"ListItem","position":1,"name":"In\u00edcio","item":"https:\/\/www.pmpf.rs.gov.br\/inovacao\/"},{"@type":"ListItem","position":2,"name":"Pr\u00eamio de Inova\u00e7\u00e3o 2026 &#8211; Passo para o Futuro"}]},{"@type":"WebSite","@id":"https:\/\/www.pmpf.rs.gov.br\/inovacao\/#website","url":"https:\/\/www.pmpf.rs.gov.br\/inovacao\/","name":"Secretaria de Inova\u00e7\u00e3o","description":"","potentialAction":[{"@type":"SearchAction","target":{"@type":"EntryPoint","urlTemplate":"https:\/\/www.pmpf.rs.gov.br\/inovacao\/?s={search_term_string}"},"query-input":{"@type":"PropertyValueSpecification","valueRequired":true,"valueName":"search_term_string"}}],"inLanguage":"pt-BR"}]}},"_links":{"self":[{"href":"https:\/\/www.pmpf.rs.gov.br\/inovacao\/wp-json\/wp\/v2\/pages\/403"}],"collection":[{"href":"https:\/\/www.pmpf.rs.gov.br\/inovacao\/wp-json\/wp\/v2\/pages"}],"about":[{"href":"https:\/\/www.pmpf.rs.gov.br\/inovacao\/wp-json\/wp\/v2\/types\/page"}],"author":[{"embeddable":true,"href":"https:\/\/www.pmpf.rs.gov.br\/inovacao\/wp-json\/wp\/v2\/users\/4"}],"replies":[{"embeddable":true,"href":"https:\/\/www.pmpf.rs.gov.br\/inovacao\/wp-json\/wp\/v2\/comments?post=403"}],"version-history":[{"count":16,"href":"https:\/\/www.pmpf.rs.gov.br\/inovacao\/wp-json\/wp\/v2\/pages\/403\/revisions"}],"predecessor-version":[{"id":462,"href":"https:\/\/www.pmpf.rs.gov.br\/inovacao\/wp-json\/wp\/v2\/pages\/403\/revisions\/462"}],"wp:attachment":[{"href":"https:\/\/www.pmpf.rs.gov.br\/inovacao\/wp-json\/wp\/v2\/media?parent=403"}],"curies":[{"name":"wp","href":"https:\/\/api.w.org\/{rel}","templated":true}]}}