{"id":4,"date":"2023-05-16T14:39:45","date_gmt":"2023-05-16T17:39:45","guid":{"rendered":"https:\/\/www.pmpf.rs.gov.br\/inovacao\/?page_id=4"},"modified":"2025-11-11T15:44:09","modified_gmt":"2025-11-11T18:44:09","slug":"inicial","status":"publish","type":"page","link":"https:\/\/www.pmpf.rs.gov.br\/inovacao\/","title":{"rendered":"Secretaria de Inova\u00e7\u00e3o &#8211; SEINOVA"},"content":{"rendered":"\n<h2 class=\"wp-block-heading has-black-color has-text-color has-link-color wp-elements-3c5acc615b62d7fdfa7cdba86adc43d7\">Sobre a Secretaria<\/h2>\n\n\n\n<p>A Secretaria&nbsp; de Inova\u00e7\u00e3o foi criada com a miss\u00e3o de articular e fortalecer a conex\u00e3o entre os atores do ecossistema local de inova\u00e7\u00e3o e o Poder P\u00fablico. Sua atua\u00e7\u00e3o estrat\u00e9gica visa transformar a inova\u00e7\u00e3o em uma pol\u00edtica p\u00fablica transversal, capaz de impulsionar o desenvolvimento sustent\u00e1vel e inteligente do munic\u00edpio.&nbsp;<\/p>\n\n\n\n<p>Por meio do incentivo ao&nbsp; empreendedorismo inovador, da valoriza\u00e7\u00e3o da criatividade e da articula\u00e7\u00e3o com institui\u00e7\u00f5es de ensino, pesquisa, setor produtivo e sociedade civil, a Secretaria busca construir um ambiente f\u00e9rtil para a gera\u00e7\u00e3o de solu\u00e7\u00f5es que respondam aos desafios contempor\u00e2neos de forma colaborativa, tecnol\u00f3gica e centrada nas pessoas.<\/p>\n\n\n\n<p>Mais do que fomentar projetos pontuais, a Secretaria trabalha para consolidar uma cultura de inova\u00e7\u00e3o no servi\u00e7o p\u00fablico e na cidade como um todo. Isso significa promover a\u00e7\u00f5es que estimulem a experimenta\u00e7\u00e3o, a escuta ativa da popula\u00e7\u00e3o, a forma\u00e7\u00e3o de redes colaborativas e o uso de dados e tecnologias para tomada de decis\u00e3o.<\/p>\n\n\n\n<p>Dentro dessa perspectiva,&nbsp; a Secretaria lidera o Passo para o Futuro &#8211; Pacto pela Inova\u00e7\u00e3o de Passo Fundo, um movimento coletivo que marca uma nova etapa no planejamento estrat\u00e9gico da cidade. O Pacto \u00e9 uma alian\u00e7a entre governo, universidades, empreendedores, setor produtivo e comunidade.&nbsp; O Passo para o Futuro representa um compromisso com a transforma\u00e7\u00e3o de Passo Fundo em uma cidade refer\u00eancia em inova\u00e7\u00e3o no interior do pa\u00eds, uma cidade que aposta na forma\u00e7\u00e3o de talentos, na gera\u00e7\u00e3o de novas oportunidades e na melhoria da qualidade de vida da popula\u00e7\u00e3o.<\/p>\n\n\n\n<h3 class=\"wp-block-heading\">Miss\u00e3o<\/h3>\n\n\n\n<p>Impulsionar a transforma\u00e7\u00e3o sustent\u00e1vel e inclusiva por meio da inova\u00e7\u00e3o colaborativa e respons\u00e1vel que gere impacto social, ambiental e econ\u00f4mico para a comunidade de Passo Fundo.<\/p>\n\n\n\n<h3 class=\"wp-block-heading\">Vis\u00e3o<\/h3>\n\n\n\n<h4 class=\"wp-block-heading\">&#8220;Inspirar. Criar. Realizar pela Inova\u00e7\u00e3o!&#8221;<\/h4>\n\n\n\n<p>Ser refer\u00eancia no desenvolvimento e implementa\u00e7\u00e3o de pol\u00edticas p\u00fablicas e programas de inova\u00e7\u00e3o que n\u00e3o s\u00f3 gerem oportunidades de neg\u00f3cios, mas tamb\u00e9m promovam o valor compartilhado, impulsionando o desenvolvimento sustent\u00e1vel e inclusivo de Passo Fundo.<\/p>\n\n\n\n<h3 class=\"wp-block-heading\">Valores<\/h3>\n\n\n\n<ul class=\"wp-block-list\">\n<li>Pessoas pulsam nosso prop\u00f3sito;<\/li>\n\n\n\n<li>Coprosperidade;<\/li>\n\n\n\n<li>Ambidestria;<\/li>\n\n\n\n<li>Transversalidade;<\/li>\n\n\n\n<li>Destreza Digital;<\/li>\n\n\n\n<li>Inovabilidade;<\/li>\n\n\n\n<li>A inclusividade \u00e9 inegoci\u00e1vel.<\/li>\n<\/ul>\n\n\n\n<hr class=\"wp-block-separator has-alpha-channel-opacity\"\/>\n","protected":false},"excerpt":{"rendered":"<p>Sobre a Secretaria A Secretaria&nbsp; de Inova\u00e7\u00e3o foi criada com a miss\u00e3o de articular e fortalecer a conex\u00e3o entre os atores do ecossistema local de inova\u00e7\u00e3o e o Poder P\u00fablico. Sua atua\u00e7\u00e3o [&hellip;]<\/p>\n","protected":false},"author":4,"featured_media":0,"parent":0,"menu_order":0,"comment_status":"closed","ping_status":"closed","template":"page_secretaria_sem_sidebar.php","meta":{"footnotes":""},"class_list":["post-4","page","type-page","status-publish","hentry"],"yoast_head":"<!-- This site is optimized with the Yoast SEO plugin v23.8 - https:\/\/yoast.com\/wordpress\/plugins\/seo\/ -->\n<title>Secretaria de Inova\u00e7\u00e3o - SEINOVA - Secretaria de Inova\u00e7\u00e3o<\/title>\n<meta name=\"robots\" content=\"index, follow, max-snippet:-1, max-image-preview:large, max-video-preview:-1\" \/>\n<link rel=\"canonical\" href=\"https:\/\/www.pmpf.rs.gov.br\/inovacao\/\" \/>\n<meta property=\"og:locale\" content=\"pt_BR\" \/>\n<meta property=\"og:type\" content=\"article\" \/>\n<meta property=\"og:title\" content=\"Secretaria de Inova\u00e7\u00e3o - SEINOVA - Secretaria de Inova\u00e7\u00e3o\" \/>\n<meta property=\"og:description\" content=\"Sobre a Secretaria A Secretaria&nbsp; de Inova\u00e7\u00e3o foi criada com a miss\u00e3o de articular e fortalecer a conex\u00e3o entre os atores do ecossistema local de inova\u00e7\u00e3o e o Poder P\u00fablico. Sua atua\u00e7\u00e3o [&hellip;]\" \/>\n<meta property=\"og:url\" content=\"https:\/\/www.pmpf.rs.gov.br\/inovacao\/\" \/>\n<meta property=\"og:site_name\" content=\"Secretaria de Inova\u00e7\u00e3o\" \/>\n<meta property=\"article:modified_time\" content=\"2025-11-11T18:44:09+00:00\" \/>\n<meta name=\"twitter:card\" content=\"summary_large_image\" \/>\n<meta name=\"twitter:label1\" content=\"Est. tempo de leitura\" \/>\n\t<meta name=\"twitter:data1\" content=\"2 minutos\" \/>\n<script type=\"application\/ld+json\" class=\"yoast-schema-graph\">{\"@context\":\"https:\/\/schema.org\",\"@graph\":[{\"@type\":\"WebPage\",\"@id\":\"https:\/\/www.pmpf.rs.gov.br\/inovacao\/\",\"url\":\"https:\/\/www.pmpf.rs.gov.br\/inovacao\/\",\"name\":\"Secretaria de Inova\u00e7\u00e3o - SEINOVA - Secretaria de Inova\u00e7\u00e3o\",\"isPartOf\":{\"@id\":\"https:\/\/www.pmpf.rs.gov.br\/inovacao\/#website\"},\"datePublished\":\"2023-05-16T17:39:45+00:00\",\"dateModified\":\"2025-11-11T18:44:09+00:00\",\"breadcrumb\":{\"@id\":\"https:\/\/www.pmpf.rs.gov.br\/inovacao\/#breadcrumb\"},\"inLanguage\":\"pt-BR\",\"potentialAction\":[{\"@type\":\"ReadAction\",\"target\":[\"https:\/\/www.pmpf.rs.gov.br\/inovacao\/\"]}]},{\"@type\":\"BreadcrumbList\",\"@id\":\"https:\/\/www.pmpf.rs.gov.br\/inovacao\/#breadcrumb\",\"itemListElement\":[{\"@type\":\"ListItem\",\"position\":1,\"name\":\"In\u00edcio\",\"item\":\"https:\/\/www.pmpf.rs.gov.br\/inovacao\/\"},{\"@type\":\"ListItem\",\"position\":2,\"name\":\"Secretaria de Inova\u00e7\u00e3o &#8211; SEINOVA\"}]},{\"@type\":\"WebSite\",\"@id\":\"https:\/\/www.pmpf.rs.gov.br\/inovacao\/#website\",\"url\":\"https:\/\/www.pmpf.rs.gov.br\/inovacao\/\",\"name\":\"Secretaria de Inova\u00e7\u00e3o\",\"description\":\"\",\"potentialAction\":[{\"@type\":\"SearchAction\",\"target\":{\"@type\":\"EntryPoint\",\"urlTemplate\":\"https:\/\/www.pmpf.rs.gov.br\/inovacao\/?s={search_term_string}\"},\"query-input\":{\"@type\":\"PropertyValueSpecification\",\"valueRequired\":true,\"valueName\":\"search_term_string\"}}],\"inLanguage\":\"pt-BR\"}]}<\/script>\n<!-- \/ Yoast SEO plugin. -->","yoast_head_json":{"title":"Secretaria de Inova\u00e7\u00e3o - SEINOVA - Secretaria de Inova\u00e7\u00e3o","robots":{"index":"index","follow":"follow","max-snippet":"max-snippet:-1","max-image-preview":"max-image-preview:large","max-video-preview":"max-video-preview:-1"},"canonical":"https:\/\/www.pmpf.rs.gov.br\/inovacao\/","og_locale":"pt_BR","og_type":"article","og_title":"Secretaria de Inova\u00e7\u00e3o - SEINOVA - Secretaria de Inova\u00e7\u00e3o","og_description":"Sobre a Secretaria A Secretaria&nbsp; de Inova\u00e7\u00e3o foi criada com a miss\u00e3o de articular e fortalecer a conex\u00e3o entre os atores do ecossistema local de inova\u00e7\u00e3o e o Poder P\u00fablico. Sua atua\u00e7\u00e3o [&hellip;]","og_url":"https:\/\/www.pmpf.rs.gov.br\/inovacao\/","og_site_name":"Secretaria de Inova\u00e7\u00e3o","article_modified_time":"2025-11-11T18:44:09+00:00","twitter_card":"summary_large_image","twitter_misc":{"Est. tempo de leitura":"2 minutos"},"schema":{"@context":"https:\/\/schema.org","@graph":[{"@type":"WebPage","@id":"https:\/\/www.pmpf.rs.gov.br\/inovacao\/","url":"https:\/\/www.pmpf.rs.gov.br\/inovacao\/","name":"Secretaria de Inova\u00e7\u00e3o - SEINOVA - Secretaria de Inova\u00e7\u00e3o","isPartOf":{"@id":"https:\/\/www.pmpf.rs.gov.br\/inovacao\/#website"},"datePublished":"2023-05-16T17:39:45+00:00","dateModified":"2025-11-11T18:44:09+00:00","breadcrumb":{"@id":"https:\/\/www.pmpf.rs.gov.br\/inovacao\/#breadcrumb"},"inLanguage":"pt-BR","potentialAction":[{"@type":"ReadAction","target":["https:\/\/www.pmpf.rs.gov.br\/inovacao\/"]}]},{"@type":"BreadcrumbList","@id":"https:\/\/www.pmpf.rs.gov.br\/inovacao\/#breadcrumb","itemListElement":[{"@type":"ListItem","position":1,"name":"In\u00edcio","item":"https:\/\/www.pmpf.rs.gov.br\/inovacao\/"},{"@type":"ListItem","position":2,"name":"Secretaria de Inova\u00e7\u00e3o &#8211; SEINOVA"}]},{"@type":"WebSite","@id":"https:\/\/www.pmpf.rs.gov.br\/inovacao\/#website","url":"https:\/\/www.pmpf.rs.gov.br\/inovacao\/","name":"Secretaria de Inova\u00e7\u00e3o","description":"","potentialAction":[{"@type":"SearchAction","target":{"@type":"EntryPoint","urlTemplate":"https:\/\/www.pmpf.rs.gov.br\/inovacao\/?s={search_term_string}"},"query-input":{"@type":"PropertyValueSpecification","valueRequired":true,"valueName":"search_term_string"}}],"inLanguage":"pt-BR"}]}},"_links":{"self":[{"href":"https:\/\/www.pmpf.rs.gov.br\/inovacao\/wp-json\/wp\/v2\/pages\/4"}],"collection":[{"href":"https:\/\/www.pmpf.rs.gov.br\/inovacao\/wp-json\/wp\/v2\/pages"}],"about":[{"href":"https:\/\/www.pmpf.rs.gov.br\/inovacao\/wp-json\/wp\/v2\/types\/page"}],"author":[{"embeddable":true,"href":"https:\/\/www.pmpf.rs.gov.br\/inovacao\/wp-json\/wp\/v2\/users\/4"}],"replies":[{"embeddable":true,"href":"https:\/\/www.pmpf.rs.gov.br\/inovacao\/wp-json\/wp\/v2\/comments?post=4"}],"version-history":[{"count":73,"href":"https:\/\/www.pmpf.rs.gov.br\/inovacao\/wp-json\/wp\/v2\/pages\/4\/revisions"}],"predecessor-version":[{"id":433,"href":"https:\/\/www.pmpf.rs.gov.br\/inovacao\/wp-json\/wp\/v2\/pages\/4\/revisions\/433"}],"wp:attachment":[{"href":"https:\/\/www.pmpf.rs.gov.br\/inovacao\/wp-json\/wp\/v2\/media?parent=4"}],"curies":[{"name":"wp","href":"https:\/\/api.w.org\/{rel}","templated":true}]}}