{"id":319,"date":"2025-09-03T16:40:36","date_gmt":"2025-09-03T19:40:36","guid":{"rendered":"https:\/\/www.pmpf.rs.gov.br\/inovacao\/?page_id=319"},"modified":"2025-09-03T16:42:14","modified_gmt":"2025-09-03T19:42:14","slug":"regimentocomitefundoinovacao","status":"publish","type":"page","link":"https:\/\/www.pmpf.rs.gov.br\/inovacao\/regimentocomitefundoinovacao\/","title":{"rendered":"Regimento Interno do Comit\u00ea Gestor do Fundo Municipal de Inova\u00e7\u00e3o"},"content":{"rendered":"","protected":false},"excerpt":{"rendered":"","protected":false},"author":4,"featured_media":0,"parent":0,"menu_order":0,"comment_status":"closed","ping_status":"closed","template":"","meta":{"footnotes":""},"class_list":["post-319","page","type-page","status-publish","hentry"],"yoast_head":"<!-- This site is optimized with the Yoast SEO plugin v23.8 - https:\/\/yoast.com\/wordpress\/plugins\/seo\/ -->\n<title>Regimento Interno do Comit\u00ea Gestor do Fundo Municipal de Inova\u00e7\u00e3o - Secretaria de Inova\u00e7\u00e3o<\/title>\n<meta name=\"robots\" content=\"index, follow, max-snippet:-1, max-image-preview:large, max-video-preview:-1\" \/>\n<link rel=\"canonical\" href=\"https:\/\/www.pmpf.rs.gov.br\/inovacao\/regimentocomitefundoinovacao\/\" \/>\n<meta property=\"og:locale\" content=\"pt_BR\" \/>\n<meta property=\"og:type\" content=\"article\" \/>\n<meta property=\"og:title\" content=\"Regimento Interno do Comit\u00ea Gestor do Fundo Municipal de Inova\u00e7\u00e3o - Secretaria de Inova\u00e7\u00e3o\" \/>\n<meta property=\"og:url\" content=\"https:\/\/www.pmpf.rs.gov.br\/inovacao\/regimentocomitefundoinovacao\/\" \/>\n<meta property=\"og:site_name\" content=\"Secretaria de Inova\u00e7\u00e3o\" \/>\n<meta property=\"article:modified_time\" content=\"2025-09-03T19:42:14+00:00\" \/>\n<meta name=\"twitter:card\" content=\"summary_large_image\" \/>\n<script type=\"application\/ld+json\" class=\"yoast-schema-graph\">{\"@context\":\"https:\/\/schema.org\",\"@graph\":[{\"@type\":\"WebPage\",\"@id\":\"https:\/\/www.pmpf.rs.gov.br\/inovacao\/regimentocomitefundoinovacao\/\",\"url\":\"https:\/\/www.pmpf.rs.gov.br\/inovacao\/regimentocomitefundoinovacao\/\",\"name\":\"Regimento Interno do Comit\u00ea Gestor do Fundo Municipal de Inova\u00e7\u00e3o - Secretaria de Inova\u00e7\u00e3o\",\"isPartOf\":{\"@id\":\"https:\/\/www.pmpf.rs.gov.br\/inovacao\/#website\"},\"datePublished\":\"2025-09-03T19:40:36+00:00\",\"dateModified\":\"2025-09-03T19:42:14+00:00\",\"breadcrumb\":{\"@id\":\"https:\/\/www.pmpf.rs.gov.br\/inovacao\/regimentocomitefundoinovacao\/#breadcrumb\"},\"inLanguage\":\"pt-BR\",\"potentialAction\":[{\"@type\":\"ReadAction\",\"target\":[\"https:\/\/www.pmpf.rs.gov.br\/inovacao\/regimentocomitefundoinovacao\/\"]}]},{\"@type\":\"BreadcrumbList\",\"@id\":\"https:\/\/www.pmpf.rs.gov.br\/inovacao\/regimentocomitefundoinovacao\/#breadcrumb\",\"itemListElement\":[{\"@type\":\"ListItem\",\"position\":1,\"name\":\"In\u00edcio\",\"item\":\"https:\/\/www.pmpf.rs.gov.br\/inovacao\/\"},{\"@type\":\"ListItem\",\"position\":2,\"name\":\"Regimento Interno do Comit\u00ea Gestor do Fundo Municipal de Inova\u00e7\u00e3o\"}]},{\"@type\":\"WebSite\",\"@id\":\"https:\/\/www.pmpf.rs.gov.br\/inovacao\/#website\",\"url\":\"https:\/\/www.pmpf.rs.gov.br\/inovacao\/\",\"name\":\"Secretaria de Inova\u00e7\u00e3o\",\"description\":\"\",\"potentialAction\":[{\"@type\":\"SearchAction\",\"target\":{\"@type\":\"EntryPoint\",\"urlTemplate\":\"https:\/\/www.pmpf.rs.gov.br\/inovacao\/?s={search_term_string}\"},\"query-input\":{\"@type\":\"PropertyValueSpecification\",\"valueRequired\":true,\"valueName\":\"search_term_string\"}}],\"inLanguage\":\"pt-BR\"}]}<\/script>\n<!-- \/ Yoast SEO plugin. -->","yoast_head_json":{"title":"Regimento Interno do Comit\u00ea Gestor do Fundo Municipal de Inova\u00e7\u00e3o - Secretaria de Inova\u00e7\u00e3o","robots":{"index":"index","follow":"follow","max-snippet":"max-snippet:-1","max-image-preview":"max-image-preview:large","max-video-preview":"max-video-preview:-1"},"canonical":"https:\/\/www.pmpf.rs.gov.br\/inovacao\/regimentocomitefundoinovacao\/","og_locale":"pt_BR","og_type":"article","og_title":"Regimento Interno do Comit\u00ea Gestor do Fundo Municipal de Inova\u00e7\u00e3o - Secretaria de Inova\u00e7\u00e3o","og_url":"https:\/\/www.pmpf.rs.gov.br\/inovacao\/regimentocomitefundoinovacao\/","og_site_name":"Secretaria de Inova\u00e7\u00e3o","article_modified_time":"2025-09-03T19:42:14+00:00","twitter_card":"summary_large_image","schema":{"@context":"https:\/\/schema.org","@graph":[{"@type":"WebPage","@id":"https:\/\/www.pmpf.rs.gov.br\/inovacao\/regimentocomitefundoinovacao\/","url":"https:\/\/www.pmpf.rs.gov.br\/inovacao\/regimentocomitefundoinovacao\/","name":"Regimento Interno do Comit\u00ea Gestor do Fundo Municipal de Inova\u00e7\u00e3o - Secretaria de Inova\u00e7\u00e3o","isPartOf":{"@id":"https:\/\/www.pmpf.rs.gov.br\/inovacao\/#website"},"datePublished":"2025-09-03T19:40:36+00:00","dateModified":"2025-09-03T19:42:14+00:00","breadcrumb":{"@id":"https:\/\/www.pmpf.rs.gov.br\/inovacao\/regimentocomitefundoinovacao\/#breadcrumb"},"inLanguage":"pt-BR","potentialAction":[{"@type":"ReadAction","target":["https:\/\/www.pmpf.rs.gov.br\/inovacao\/regimentocomitefundoinovacao\/"]}]},{"@type":"BreadcrumbList","@id":"https:\/\/www.pmpf.rs.gov.br\/inovacao\/regimentocomitefundoinovacao\/#breadcrumb","itemListElement":[{"@type":"ListItem","position":1,"name":"In\u00edcio","item":"https:\/\/www.pmpf.rs.gov.br\/inovacao\/"},{"@type":"ListItem","position":2,"name":"Regimento Interno do Comit\u00ea Gestor do Fundo Municipal de Inova\u00e7\u00e3o"}]},{"@type":"WebSite","@id":"https:\/\/www.pmpf.rs.gov.br\/inovacao\/#website","url":"https:\/\/www.pmpf.rs.gov.br\/inovacao\/","name":"Secretaria de Inova\u00e7\u00e3o","description":"","potentialAction":[{"@type":"SearchAction","target":{"@type":"EntryPoint","urlTemplate":"https:\/\/www.pmpf.rs.gov.br\/inovacao\/?s={search_term_string}"},"query-input":{"@type":"PropertyValueSpecification","valueRequired":true,"valueName":"search_term_string"}}],"inLanguage":"pt-BR"}]}},"_links":{"self":[{"href":"https:\/\/www.pmpf.rs.gov.br\/inovacao\/wp-json\/wp\/v2\/pages\/319"}],"collection":[{"href":"https:\/\/www.pmpf.rs.gov.br\/inovacao\/wp-json\/wp\/v2\/pages"}],"about":[{"href":"https:\/\/www.pmpf.rs.gov.br\/inovacao\/wp-json\/wp\/v2\/types\/page"}],"author":[{"embeddable":true,"href":"https:\/\/www.pmpf.rs.gov.br\/inovacao\/wp-json\/wp\/v2\/users\/4"}],"replies":[{"embeddable":true,"href":"https:\/\/www.pmpf.rs.gov.br\/inovacao\/wp-json\/wp\/v2\/comments?post=319"}],"version-history":[{"count":2,"href":"https:\/\/www.pmpf.rs.gov.br\/inovacao\/wp-json\/wp\/v2\/pages\/319\/revisions"}],"predecessor-version":[{"id":321,"href":"https:\/\/www.pmpf.rs.gov.br\/inovacao\/wp-json\/wp\/v2\/pages\/319\/revisions\/321"}],"wp:attachment":[{"href":"https:\/\/www.pmpf.rs.gov.br\/inovacao\/wp-json\/wp\/v2\/media?parent=319"}],"curies":[{"name":"wp","href":"https:\/\/api.w.org\/{rel}","templated":true}]}}