{"id":72,"date":"2021-12-21T17:23:04","date_gmt":"2021-12-21T20:23:04","guid":{"rendered":"https:\/\/www.pmpf.rs.gov.br\/financas\/?page_id=72"},"modified":"2021-12-21T17:23:05","modified_gmt":"2021-12-21T20:23:05","slug":"taxas","status":"publish","type":"page","link":"https:\/\/www.pmpf.rs.gov.br\/financas\/taxas\/","title":{"rendered":"Taxas"},"content":{"rendered":"\n<figure class=\"wp-block-table is-style-regular\"><table><tbody><tr><td>Taxa<\/td><td>Valor<\/td><\/tr><tr><td>Taxa de Inscri\u00e7\u00e3o<\/td><td>2,9543 UFM + 0,7665 UFM (taxa expediente)<\/td><\/tr><tr><td>Taxa Segunda Via Alvar\u00e1<\/td><td>2,9543 UFM +0,7665 UFM (taxa expediente)<\/td><\/tr><tr><td>Taxa de Expediente<\/td><td>0,7665 UFM<\/td><\/tr><tr><td>Com\u00e9rcio ambulante de alimentos e refrigerantes (automotores) LC 81\/99 art. 9\u00ba<\/td><td>300 UFM parcelado em at\u00e9 4x<\/td><\/tr><tr><td>Com\u00e9rcio ambulante de alimentos e refrigerantes (propuls\u00e3o humana) LC 81\/99 art. 9\u00ba<\/td><td>120 UFM parcelado em at\u00e9 4x<\/td><\/tr><tr><td>Com\u00e9rcio ambulante de refrigerantes (pessoa f\u00edsica) &#8211; venda atrav\u00e9s de cestas, caixas de isopor ou assemelhados LC 81\/99 Art. 18<\/td><td>1 m\u00eas = 5 UFM; 6 meses = 30 UFM; 1 ano = 60 UFM<\/td><\/tr><tr><td>Com\u00e9rcio eventual de frutas e verduras (caminh\u00f5es e cong\u00eaneres) LC 81\/99 Art. 23<\/td><td>7 dias = 12 UFM; 15 dias = 20 UFM ; 30 dias = 30 UFM<\/td><\/tr><tr><td>Com\u00e9rcio eventual de pequenos artigos, artesanatos e cong\u00eaneres LC 81\/99 Art. 23 e 26<\/td><td>7 dias = 12 UFM; 15 dias = 20 UFM ; 30 dias = 30 UFM<\/td><\/tr><tr><td>Taxa para venda ambulante em eventos especiais, como shows, eventos esportivos e outros a se realizarem na cidade LC 81\/99 Art. 99, par\u00e1grafo \u00fanico<\/td><td>20 UFM<\/td><\/tr><tr><td>Circos, parques e cong\u00eaneres, instalados em locais designados pelo munic\u00edpio<\/td><td>60 UFM pelos primeiros 10 dias. Ap\u00f3s, 15 UFM para cada dia instalado.<\/td><\/tr><tr><td>Taxa de Inuma\u00e7\u00e3o (sepultura rasa)<\/td><td>Adulto = 3,66 UFM (5 anos); Crian\u00e7a = 1,83 UFM (3 anos)<\/td><\/tr><tr><td>Taxa de Inuma\u00e7\u00e3o (Gaveta)<\/td><td>Adulto = 36,57 UFM (5 anos); Crian\u00e7a = 25,60 UFM (3 anos)<\/td><\/tr><tr><td>Taxa de Exuma\u00e7\u00e3o<\/td><td>Antes do prazo dec.: 10,97 UFM; Ap\u00f3s prazo dec: 7,31 UFM<\/td><\/tr><tr><td>Arrendamento de terrenos (5 anos)<\/td><td>Sepultura Rasa\/Carneira = 3,66 UFM ; gavetas = 36,57 UFM<\/td><\/tr><tr><td>Concess\u00e3o de terreno de cemit\u00e9rio<\/td><td>Multiplicam-se as medidas e ap\u00f3s novamente por 36,57 UFM. Obs: No cemit\u00e9rio Vera Cruz o valor \u00e9 integral, nos demais divide por 2 (gaveta = 219,40 UFM; nicho= 73,13 UFM).<\/td><\/tr><tr><td>BCP=UFM<\/td><td>36,5656 UFM<\/td><\/tr><tr><td>Multa por baixa fora do prazo<\/td><td>14,5888 UFM<\/td><\/tr><\/tbody><\/table><\/figure>\n","protected":false},"excerpt":{"rendered":"<p>Taxa Valor Taxa de Inscri\u00e7\u00e3o 2,9543 UFM + 0,7665 UFM (taxa expediente) Taxa Segunda Via Alvar\u00e1 2,9543 UFM +0,7665 UFM (taxa expediente) Taxa de Expediente 0,7665 UFM Com\u00e9rcio ambulante de alimentos e [&hellip;]<\/p>\n","protected":false},"author":1,"featured_media":0,"parent":0,"menu_order":0,"comment_status":"closed","ping_status":"closed","template":"","meta":{"footnotes":""},"class_list":["post-72","page","type-page","status-publish","hentry"],"yoast_head":"<!-- This site is optimized with the Yoast SEO plugin v23.8 - https:\/\/yoast.com\/wordpress\/plugins\/seo\/ -->\n<title>Taxas - Finan\u00e7as<\/title>\n<meta name=\"robots\" content=\"index, follow, max-snippet:-1, max-image-preview:large, max-video-preview:-1\" \/>\n<link rel=\"canonical\" href=\"https:\/\/www.pmpf.rs.gov.br\/financas\/taxas\/\" \/>\n<meta property=\"og:locale\" content=\"pt_BR\" \/>\n<meta property=\"og:type\" content=\"article\" \/>\n<meta property=\"og:title\" content=\"Taxas - Finan\u00e7as\" \/>\n<meta property=\"og:description\" content=\"Taxa Valor Taxa de Inscri\u00e7\u00e3o 2,9543 UFM + 0,7665 UFM (taxa expediente) Taxa Segunda Via Alvar\u00e1 2,9543 UFM +0,7665 UFM (taxa expediente) Taxa de Expediente 0,7665 UFM Com\u00e9rcio ambulante de alimentos e [&hellip;]\" \/>\n<meta property=\"og:url\" content=\"https:\/\/www.pmpf.rs.gov.br\/financas\/taxas\/\" \/>\n<meta property=\"og:site_name\" content=\"Finan\u00e7as\" \/>\n<meta property=\"article:modified_time\" content=\"2021-12-21T20:23:05+00:00\" \/>\n<meta name=\"twitter:card\" content=\"summary_large_image\" \/>\n<meta name=\"twitter:label1\" content=\"Est. tempo de leitura\" \/>\n\t<meta name=\"twitter:data1\" content=\"2 minutos\" \/>\n<script type=\"application\/ld+json\" class=\"yoast-schema-graph\">{\"@context\":\"https:\/\/schema.org\",\"@graph\":[{\"@type\":\"WebPage\",\"@id\":\"https:\/\/www.pmpf.rs.gov.br\/financas\/taxas\/\",\"url\":\"https:\/\/www.pmpf.rs.gov.br\/financas\/taxas\/\",\"name\":\"Taxas - Finan\u00e7as\",\"isPartOf\":{\"@id\":\"https:\/\/www.pmpf.rs.gov.br\/financas\/#website\"},\"datePublished\":\"2021-12-21T20:23:04+00:00\",\"dateModified\":\"2021-12-21T20:23:05+00:00\",\"inLanguage\":\"pt-BR\",\"potentialAction\":[{\"@type\":\"ReadAction\",\"target\":[\"https:\/\/www.pmpf.rs.gov.br\/financas\/taxas\/\"]}]},{\"@type\":\"WebSite\",\"@id\":\"https:\/\/www.pmpf.rs.gov.br\/financas\/#website\",\"url\":\"https:\/\/www.pmpf.rs.gov.br\/financas\/\",\"name\":\"Finan\u00e7as\",\"description\":\"S\u00f3 mais um site Prefeitura de Passo Fundo\",\"potentialAction\":[{\"@type\":\"SearchAction\",\"target\":{\"@type\":\"EntryPoint\",\"urlTemplate\":\"https:\/\/www.pmpf.rs.gov.br\/financas\/?s={search_term_string}\"},\"query-input\":{\"@type\":\"PropertyValueSpecification\",\"valueRequired\":true,\"valueName\":\"search_term_string\"}}],\"inLanguage\":\"pt-BR\"}]}<\/script>\n<!-- \/ Yoast SEO plugin. -->","yoast_head_json":{"title":"Taxas - Finan\u00e7as","robots":{"index":"index","follow":"follow","max-snippet":"max-snippet:-1","max-image-preview":"max-image-preview:large","max-video-preview":"max-video-preview:-1"},"canonical":"https:\/\/www.pmpf.rs.gov.br\/financas\/taxas\/","og_locale":"pt_BR","og_type":"article","og_title":"Taxas - Finan\u00e7as","og_description":"Taxa Valor Taxa de Inscri\u00e7\u00e3o 2,9543 UFM + 0,7665 UFM (taxa expediente) Taxa Segunda Via Alvar\u00e1 2,9543 UFM +0,7665 UFM (taxa expediente) Taxa de Expediente 0,7665 UFM Com\u00e9rcio ambulante de alimentos e [&hellip;]","og_url":"https:\/\/www.pmpf.rs.gov.br\/financas\/taxas\/","og_site_name":"Finan\u00e7as","article_modified_time":"2021-12-21T20:23:05+00:00","twitter_card":"summary_large_image","twitter_misc":{"Est. tempo de leitura":"2 minutos"},"schema":{"@context":"https:\/\/schema.org","@graph":[{"@type":"WebPage","@id":"https:\/\/www.pmpf.rs.gov.br\/financas\/taxas\/","url":"https:\/\/www.pmpf.rs.gov.br\/financas\/taxas\/","name":"Taxas - Finan\u00e7as","isPartOf":{"@id":"https:\/\/www.pmpf.rs.gov.br\/financas\/#website"},"datePublished":"2021-12-21T20:23:04+00:00","dateModified":"2021-12-21T20:23:05+00:00","inLanguage":"pt-BR","potentialAction":[{"@type":"ReadAction","target":["https:\/\/www.pmpf.rs.gov.br\/financas\/taxas\/"]}]},{"@type":"WebSite","@id":"https:\/\/www.pmpf.rs.gov.br\/financas\/#website","url":"https:\/\/www.pmpf.rs.gov.br\/financas\/","name":"Finan\u00e7as","description":"S\u00f3 mais um site Prefeitura de Passo Fundo","potentialAction":[{"@type":"SearchAction","target":{"@type":"EntryPoint","urlTemplate":"https:\/\/www.pmpf.rs.gov.br\/financas\/?s={search_term_string}"},"query-input":{"@type":"PropertyValueSpecification","valueRequired":true,"valueName":"search_term_string"}}],"inLanguage":"pt-BR"}]}},"_links":{"self":[{"href":"https:\/\/www.pmpf.rs.gov.br\/financas\/wp-json\/wp\/v2\/pages\/72"}],"collection":[{"href":"https:\/\/www.pmpf.rs.gov.br\/financas\/wp-json\/wp\/v2\/pages"}],"about":[{"href":"https:\/\/www.pmpf.rs.gov.br\/financas\/wp-json\/wp\/v2\/types\/page"}],"author":[{"embeddable":true,"href":"https:\/\/www.pmpf.rs.gov.br\/financas\/wp-json\/wp\/v2\/users\/1"}],"replies":[{"embeddable":true,"href":"https:\/\/www.pmpf.rs.gov.br\/financas\/wp-json\/wp\/v2\/comments?post=72"}],"version-history":[{"count":1,"href":"https:\/\/www.pmpf.rs.gov.br\/financas\/wp-json\/wp\/v2\/pages\/72\/revisions"}],"predecessor-version":[{"id":73,"href":"https:\/\/www.pmpf.rs.gov.br\/financas\/wp-json\/wp\/v2\/pages\/72\/revisions\/73"}],"wp:attachment":[{"href":"https:\/\/www.pmpf.rs.gov.br\/financas\/wp-json\/wp\/v2\/media?parent=72"}],"curies":[{"name":"wp","href":"https:\/\/api.w.org\/{rel}","templated":true}]}}