{"id":70,"date":"2021-12-21T17:21:03","date_gmt":"2021-12-21T20:21:03","guid":{"rendered":"https:\/\/www.pmpf.rs.gov.br\/financas\/?page_id=70"},"modified":"2022-02-07T08:28:38","modified_gmt":"2022-02-07T11:28:38","slug":"principais-beneficios-fiscais-previstos-ctm-e-em-utilizacao","status":"publish","type":"page","link":"https:\/\/www.pmpf.rs.gov.br\/financas\/principais-beneficios-fiscais-previstos-ctm-e-em-utilizacao\/","title":{"rendered":"Benef\u00edcios fiscais"},"content":{"rendered":"\n<h2 class=\"wp-block-heading\"><em>Principais benef\u00edcios fiscais previstos no <em>CTM<\/em><\/em> (<em>C\u00f3digo Tribut\u00e1rio Municipal ) e em utiliza\u00e7\u00e3o<\/em><\/h2>\n\n\n\n<p>Anistias<br>&nbsp;Isen\u00e7\u00f5es &#8211; vi\u00favas, idosos, templos, associa\u00e7\u00f5es, Estado e Uni\u00e3o<br>&nbsp;Diferimentos &#8211; d\u00edvida ativa<br>&nbsp;Redu\u00e7\u00e3o de al\u00edquotas &#8211; im\u00f3veis de constru\u00e7\u00e3o prec\u00e1ria<br>&nbsp;Outros benef\u00edcios &#8211; incentivos e isen\u00e7\u00f5es tempor\u00e1rias para projetos empresariais<\/p>\n\n\n\n<p>Isen\u00e7\u00e3o do ISSQN \/ Alvar\u00e1<br>O pedido de isen\u00e7\u00e3o de ISSQN ou Alvar\u00e1 (nos casos previstos em lei), dever\u00e1 ser formulado at\u00e9 o final do exerc\u00edcio anterior a que se refere o benef\u00edcio pedido.<\/p>\n\n\n\n<p>Para requerer isen\u00e7\u00e3o, \u00e9 necess\u00e1rio:<br>Requerimento<br>CNPJ<br>Ata que elegeu o \u00faltimo presidente<br>C\u00f3pia do estatuto<br>C\u00f3pia da identidade e CPF do(s) representante(s)<br>C\u00f3pia dos \u00faltimos dois balan\u00e7os patrimoniais<br>C\u00f3pia do laudo do corpo de bombeiros<\/p>\n","protected":false},"excerpt":{"rendered":"<p>Principais benef\u00edcios fiscais previstos no CTM (C\u00f3digo Tribut\u00e1rio Municipal ) e em utiliza\u00e7\u00e3o Anistias&nbsp;Isen\u00e7\u00f5es &#8211; vi\u00favas, idosos, templos, associa\u00e7\u00f5es, Estado e Uni\u00e3o&nbsp;Diferimentos &#8211; d\u00edvida ativa&nbsp;Redu\u00e7\u00e3o de al\u00edquotas &#8211; im\u00f3veis de constru\u00e7\u00e3o prec\u00e1ria&nbsp;Outros [&hellip;]<\/p>\n","protected":false},"author":1,"featured_media":0,"parent":0,"menu_order":0,"comment_status":"closed","ping_status":"closed","template":"","meta":{"footnotes":""},"class_list":["post-70","page","type-page","status-publish","hentry"],"yoast_head":"<!-- This site is optimized with the Yoast SEO plugin v23.8 - https:\/\/yoast.com\/wordpress\/plugins\/seo\/ -->\n<title>Benef\u00edcios fiscais - Finan\u00e7as<\/title>\n<meta name=\"robots\" content=\"index, follow, max-snippet:-1, max-image-preview:large, max-video-preview:-1\" \/>\n<link rel=\"canonical\" href=\"https:\/\/www.pmpf.rs.gov.br\/financas\/principais-beneficios-fiscais-previstos-ctm-e-em-utilizacao\/\" \/>\n<meta property=\"og:locale\" content=\"pt_BR\" \/>\n<meta property=\"og:type\" content=\"article\" \/>\n<meta property=\"og:title\" content=\"Benef\u00edcios fiscais - Finan\u00e7as\" \/>\n<meta property=\"og:description\" content=\"Principais benef\u00edcios fiscais previstos no CTM (C\u00f3digo Tribut\u00e1rio Municipal ) e em utiliza\u00e7\u00e3o Anistias&nbsp;Isen\u00e7\u00f5es &#8211; vi\u00favas, idosos, templos, associa\u00e7\u00f5es, Estado e Uni\u00e3o&nbsp;Diferimentos &#8211; d\u00edvida ativa&nbsp;Redu\u00e7\u00e3o de al\u00edquotas &#8211; im\u00f3veis de constru\u00e7\u00e3o prec\u00e1ria&nbsp;Outros [&hellip;]\" \/>\n<meta property=\"og:url\" content=\"https:\/\/www.pmpf.rs.gov.br\/financas\/principais-beneficios-fiscais-previstos-ctm-e-em-utilizacao\/\" \/>\n<meta property=\"og:site_name\" content=\"Finan\u00e7as\" \/>\n<meta property=\"article:modified_time\" content=\"2022-02-07T11:28:38+00:00\" \/>\n<meta name=\"twitter:card\" content=\"summary_large_image\" \/>\n<meta name=\"twitter:label1\" content=\"Est. tempo de leitura\" \/>\n\t<meta name=\"twitter:data1\" content=\"1 minuto\" \/>\n<script type=\"application\/ld+json\" class=\"yoast-schema-graph\">{\"@context\":\"https:\/\/schema.org\",\"@graph\":[{\"@type\":\"WebPage\",\"@id\":\"https:\/\/www.pmpf.rs.gov.br\/financas\/principais-beneficios-fiscais-previstos-ctm-e-em-utilizacao\/\",\"url\":\"https:\/\/www.pmpf.rs.gov.br\/financas\/principais-beneficios-fiscais-previstos-ctm-e-em-utilizacao\/\",\"name\":\"Benef\u00edcios fiscais - Finan\u00e7as\",\"isPartOf\":{\"@id\":\"https:\/\/www.pmpf.rs.gov.br\/financas\/#website\"},\"datePublished\":\"2021-12-21T20:21:03+00:00\",\"dateModified\":\"2022-02-07T11:28:38+00:00\",\"inLanguage\":\"pt-BR\",\"potentialAction\":[{\"@type\":\"ReadAction\",\"target\":[\"https:\/\/www.pmpf.rs.gov.br\/financas\/principais-beneficios-fiscais-previstos-ctm-e-em-utilizacao\/\"]}]},{\"@type\":\"WebSite\",\"@id\":\"https:\/\/www.pmpf.rs.gov.br\/financas\/#website\",\"url\":\"https:\/\/www.pmpf.rs.gov.br\/financas\/\",\"name\":\"Finan\u00e7as\",\"description\":\"S\u00f3 mais um site Prefeitura de Passo Fundo\",\"potentialAction\":[{\"@type\":\"SearchAction\",\"target\":{\"@type\":\"EntryPoint\",\"urlTemplate\":\"https:\/\/www.pmpf.rs.gov.br\/financas\/?s={search_term_string}\"},\"query-input\":{\"@type\":\"PropertyValueSpecification\",\"valueRequired\":true,\"valueName\":\"search_term_string\"}}],\"inLanguage\":\"pt-BR\"}]}<\/script>\n<!-- \/ Yoast SEO plugin. -->","yoast_head_json":{"title":"Benef\u00edcios fiscais - Finan\u00e7as","robots":{"index":"index","follow":"follow","max-snippet":"max-snippet:-1","max-image-preview":"max-image-preview:large","max-video-preview":"max-video-preview:-1"},"canonical":"https:\/\/www.pmpf.rs.gov.br\/financas\/principais-beneficios-fiscais-previstos-ctm-e-em-utilizacao\/","og_locale":"pt_BR","og_type":"article","og_title":"Benef\u00edcios fiscais - Finan\u00e7as","og_description":"Principais benef\u00edcios fiscais previstos no CTM (C\u00f3digo Tribut\u00e1rio Municipal ) e em utiliza\u00e7\u00e3o Anistias&nbsp;Isen\u00e7\u00f5es &#8211; vi\u00favas, idosos, templos, associa\u00e7\u00f5es, Estado e Uni\u00e3o&nbsp;Diferimentos &#8211; d\u00edvida ativa&nbsp;Redu\u00e7\u00e3o de al\u00edquotas &#8211; im\u00f3veis de constru\u00e7\u00e3o prec\u00e1ria&nbsp;Outros [&hellip;]","og_url":"https:\/\/www.pmpf.rs.gov.br\/financas\/principais-beneficios-fiscais-previstos-ctm-e-em-utilizacao\/","og_site_name":"Finan\u00e7as","article_modified_time":"2022-02-07T11:28:38+00:00","twitter_card":"summary_large_image","twitter_misc":{"Est. tempo de leitura":"1 minuto"},"schema":{"@context":"https:\/\/schema.org","@graph":[{"@type":"WebPage","@id":"https:\/\/www.pmpf.rs.gov.br\/financas\/principais-beneficios-fiscais-previstos-ctm-e-em-utilizacao\/","url":"https:\/\/www.pmpf.rs.gov.br\/financas\/principais-beneficios-fiscais-previstos-ctm-e-em-utilizacao\/","name":"Benef\u00edcios fiscais - Finan\u00e7as","isPartOf":{"@id":"https:\/\/www.pmpf.rs.gov.br\/financas\/#website"},"datePublished":"2021-12-21T20:21:03+00:00","dateModified":"2022-02-07T11:28:38+00:00","inLanguage":"pt-BR","potentialAction":[{"@type":"ReadAction","target":["https:\/\/www.pmpf.rs.gov.br\/financas\/principais-beneficios-fiscais-previstos-ctm-e-em-utilizacao\/"]}]},{"@type":"WebSite","@id":"https:\/\/www.pmpf.rs.gov.br\/financas\/#website","url":"https:\/\/www.pmpf.rs.gov.br\/financas\/","name":"Finan\u00e7as","description":"S\u00f3 mais um site Prefeitura de Passo Fundo","potentialAction":[{"@type":"SearchAction","target":{"@type":"EntryPoint","urlTemplate":"https:\/\/www.pmpf.rs.gov.br\/financas\/?s={search_term_string}"},"query-input":{"@type":"PropertyValueSpecification","valueRequired":true,"valueName":"search_term_string"}}],"inLanguage":"pt-BR"}]}},"_links":{"self":[{"href":"https:\/\/www.pmpf.rs.gov.br\/financas\/wp-json\/wp\/v2\/pages\/70"}],"collection":[{"href":"https:\/\/www.pmpf.rs.gov.br\/financas\/wp-json\/wp\/v2\/pages"}],"about":[{"href":"https:\/\/www.pmpf.rs.gov.br\/financas\/wp-json\/wp\/v2\/types\/page"}],"author":[{"embeddable":true,"href":"https:\/\/www.pmpf.rs.gov.br\/financas\/wp-json\/wp\/v2\/users\/1"}],"replies":[{"embeddable":true,"href":"https:\/\/www.pmpf.rs.gov.br\/financas\/wp-json\/wp\/v2\/comments?post=70"}],"version-history":[{"count":3,"href":"https:\/\/www.pmpf.rs.gov.br\/financas\/wp-json\/wp\/v2\/pages\/70\/revisions"}],"predecessor-version":[{"id":843,"href":"https:\/\/www.pmpf.rs.gov.br\/financas\/wp-json\/wp\/v2\/pages\/70\/revisions\/843"}],"wp:attachment":[{"href":"https:\/\/www.pmpf.rs.gov.br\/financas\/wp-json\/wp\/v2\/media?parent=70"}],"curies":[{"name":"wp","href":"https:\/\/api.w.org\/{rel}","templated":true}]}}