{"id":64,"date":"2021-12-21T17:18:28","date_gmt":"2021-12-21T20:18:28","guid":{"rendered":"https:\/\/www.pmpf.rs.gov.br\/financas\/?page_id=64"},"modified":"2022-02-07T08:24:20","modified_gmt":"2022-02-07T11:24:20","slug":"imposto-sobre-circulacao-de-mercadorias-e-prestacao-de-servicos","status":"publish","type":"page","link":"https:\/\/www.pmpf.rs.gov.br\/financas\/imposto-sobre-circulacao-de-mercadorias-e-prestacao-de-servicos\/","title":{"rendered":"ICMS"},"content":{"rendered":"\n<h2 class=\"wp-block-heading\"><em>Imposto Sobre Circula\u00e7\u00e3o de Mercadorias e Presta\u00e7\u00e3o de Servi\u00e7os<\/em><\/h2>\n\n\n\n<p>O ICMS \u00e9 o imposto sobre as opera\u00e7\u00f5es relativas \u00e0 circula\u00e7\u00e3o de mercadorias e sobre servi\u00e7os de transporte interestadual e de comunica\u00e7\u00f5es.<\/p>\n\n\n\n<p>\u00c9 de compet\u00eancia dos Estados e do Distrito Federal, cabendo aos Munic\u00edpios 25% da arrecada\u00e7\u00e3o.<\/p>\n\n\n\n<p>Compete \u00e0 prefeitura, por delega\u00e7\u00e3o do governo do estado, a tarefa de realizar o censo econ\u00f4mico do ICMS, atrav\u00e9s das guias modelos \u201cA\u201d e \u201cB\u201d, para obten\u00e7\u00e3o do valor adicionado que servir\u00e1 de base ao c\u00e1lculo do \u00edndice de retorno desta receita ao munic\u00edpio.<\/p>\n\n\n\n<p>Como \u00e9 apurado o Valor Adicionado?<\/p>\n\n\n\n<p>Mediante a computa\u00e7\u00e3o das informa\u00e7\u00f5es dos contribuintes (Guia Modelo \u201cB\u201d), conforme livros fiscais de entradas e sa\u00eddas, e dos produtores agropecu\u00e1rios (Guia Modelo \u201cA\u201d), atrav\u00e9s de notas fiscais de produtor.<\/p>\n\n\n\n<p>Quem deve entregar a Guia Modelo \u201cA\u201d?<\/p>\n\n\n\n<p>Todos os produtores rurais inscritos em Passo Fundo dever\u00e3o apresentar seus tal\u00f5es de notas anualmente, de onde ser\u00e3o extra\u00eddos os valores das opera\u00e7\u00f5es e preenchida a guia, gratuitamente.<\/p>\n\n\n\n<p>Quem deve entregar a guia modelo \u201cB\u201d?<\/p>\n\n\n\n<p>Todas as empresas de com\u00e9rcio, ind\u00fastria, transporte, comunica\u00e7\u00e3o e cooperativas, com inscri\u00e7\u00e3o estadual, que efetuarem opera\u00e7\u00f5es sujeitas ou isentas de ICMS, inclusive as \u201csem movimento\u201d.<\/p>\n\n\n\n<p>Como, quando e onde proceder?<\/p>\n\n\n\n<p>Devem ser preenchidos um formul\u00e1rio e anexos em 3 (tr\u00eas) vias, ou ent\u00e3o por meio magn\u00e9tico (disquete), mediante vers\u00e3o do programa dispon\u00edvel na prefeitura de Passo Fundo e na internet, pelo endere\u00e7o http:\/\/www.sefaz.rs.gov.br.<\/p>\n\n\n\n<p>A entrega das guias deve ser feita anualmente, de janeiro a mar\u00e7o, na se\u00e7\u00e3o do ICMS da Prefeitura Municipal de Passo Fundo.<\/p>\n\n\n\n<p>ATEN\u00c7\u00c3O &#8211; A n\u00e3o entrega da guia informativa, ou entrega da guia errada, implica em multa de 1% do valor adicionado \/ mal informado, com um m\u00ednimo de 290 e 180 UFMs, respectivamente.<\/p>\n\n\n\n<p>Maiores informa\u00e7\u00f5es pelos fones 3311 4222 3311 4098 ramal .24<\/p>\n","protected":false},"excerpt":{"rendered":"<p>Imposto Sobre Circula\u00e7\u00e3o de Mercadorias e Presta\u00e7\u00e3o de Servi\u00e7os O ICMS \u00e9 o imposto sobre as opera\u00e7\u00f5es relativas \u00e0 circula\u00e7\u00e3o de mercadorias e sobre servi\u00e7os de transporte interestadual e de comunica\u00e7\u00f5es. \u00c9 [&hellip;]<\/p>\n","protected":false},"author":1,"featured_media":0,"parent":0,"menu_order":0,"comment_status":"closed","ping_status":"closed","template":"","meta":{"footnotes":""},"class_list":["post-64","page","type-page","status-publish","hentry"],"yoast_head":"<!-- This site is optimized with the Yoast SEO plugin v23.8 - https:\/\/yoast.com\/wordpress\/plugins\/seo\/ -->\n<title>ICMS - Finan\u00e7as<\/title>\n<meta name=\"robots\" content=\"index, follow, max-snippet:-1, max-image-preview:large, max-video-preview:-1\" \/>\n<link rel=\"canonical\" href=\"https:\/\/www.pmpf.rs.gov.br\/financas\/imposto-sobre-circulacao-de-mercadorias-e-prestacao-de-servicos\/\" \/>\n<meta property=\"og:locale\" content=\"pt_BR\" \/>\n<meta property=\"og:type\" content=\"article\" \/>\n<meta property=\"og:title\" content=\"ICMS - Finan\u00e7as\" \/>\n<meta property=\"og:description\" content=\"Imposto Sobre Circula\u00e7\u00e3o de Mercadorias e Presta\u00e7\u00e3o de Servi\u00e7os O ICMS \u00e9 o imposto sobre as opera\u00e7\u00f5es relativas \u00e0 circula\u00e7\u00e3o de mercadorias e sobre servi\u00e7os de transporte interestadual e de comunica\u00e7\u00f5es. \u00c9 [&hellip;]\" \/>\n<meta property=\"og:url\" content=\"https:\/\/www.pmpf.rs.gov.br\/financas\/imposto-sobre-circulacao-de-mercadorias-e-prestacao-de-servicos\/\" \/>\n<meta property=\"og:site_name\" content=\"Finan\u00e7as\" \/>\n<meta property=\"article:modified_time\" content=\"2022-02-07T11:24:20+00:00\" \/>\n<meta name=\"twitter:card\" content=\"summary_large_image\" \/>\n<meta name=\"twitter:label1\" content=\"Est. tempo de leitura\" \/>\n\t<meta name=\"twitter:data1\" content=\"2 minutos\" \/>\n<script type=\"application\/ld+json\" class=\"yoast-schema-graph\">{\"@context\":\"https:\/\/schema.org\",\"@graph\":[{\"@type\":\"WebPage\",\"@id\":\"https:\/\/www.pmpf.rs.gov.br\/financas\/imposto-sobre-circulacao-de-mercadorias-e-prestacao-de-servicos\/\",\"url\":\"https:\/\/www.pmpf.rs.gov.br\/financas\/imposto-sobre-circulacao-de-mercadorias-e-prestacao-de-servicos\/\",\"name\":\"ICMS - Finan\u00e7as\",\"isPartOf\":{\"@id\":\"https:\/\/www.pmpf.rs.gov.br\/financas\/#website\"},\"datePublished\":\"2021-12-21T20:18:28+00:00\",\"dateModified\":\"2022-02-07T11:24:20+00:00\",\"inLanguage\":\"pt-BR\",\"potentialAction\":[{\"@type\":\"ReadAction\",\"target\":[\"https:\/\/www.pmpf.rs.gov.br\/financas\/imposto-sobre-circulacao-de-mercadorias-e-prestacao-de-servicos\/\"]}]},{\"@type\":\"WebSite\",\"@id\":\"https:\/\/www.pmpf.rs.gov.br\/financas\/#website\",\"url\":\"https:\/\/www.pmpf.rs.gov.br\/financas\/\",\"name\":\"Finan\u00e7as\",\"description\":\"S\u00f3 mais um site Prefeitura de Passo Fundo\",\"potentialAction\":[{\"@type\":\"SearchAction\",\"target\":{\"@type\":\"EntryPoint\",\"urlTemplate\":\"https:\/\/www.pmpf.rs.gov.br\/financas\/?s={search_term_string}\"},\"query-input\":{\"@type\":\"PropertyValueSpecification\",\"valueRequired\":true,\"valueName\":\"search_term_string\"}}],\"inLanguage\":\"pt-BR\"}]}<\/script>\n<!-- \/ Yoast SEO plugin. -->","yoast_head_json":{"title":"ICMS - Finan\u00e7as","robots":{"index":"index","follow":"follow","max-snippet":"max-snippet:-1","max-image-preview":"max-image-preview:large","max-video-preview":"max-video-preview:-1"},"canonical":"https:\/\/www.pmpf.rs.gov.br\/financas\/imposto-sobre-circulacao-de-mercadorias-e-prestacao-de-servicos\/","og_locale":"pt_BR","og_type":"article","og_title":"ICMS - Finan\u00e7as","og_description":"Imposto Sobre Circula\u00e7\u00e3o de Mercadorias e Presta\u00e7\u00e3o de Servi\u00e7os O ICMS \u00e9 o imposto sobre as opera\u00e7\u00f5es relativas \u00e0 circula\u00e7\u00e3o de mercadorias e sobre servi\u00e7os de transporte interestadual e de comunica\u00e7\u00f5es. \u00c9 [&hellip;]","og_url":"https:\/\/www.pmpf.rs.gov.br\/financas\/imposto-sobre-circulacao-de-mercadorias-e-prestacao-de-servicos\/","og_site_name":"Finan\u00e7as","article_modified_time":"2022-02-07T11:24:20+00:00","twitter_card":"summary_large_image","twitter_misc":{"Est. tempo de leitura":"2 minutos"},"schema":{"@context":"https:\/\/schema.org","@graph":[{"@type":"WebPage","@id":"https:\/\/www.pmpf.rs.gov.br\/financas\/imposto-sobre-circulacao-de-mercadorias-e-prestacao-de-servicos\/","url":"https:\/\/www.pmpf.rs.gov.br\/financas\/imposto-sobre-circulacao-de-mercadorias-e-prestacao-de-servicos\/","name":"ICMS - Finan\u00e7as","isPartOf":{"@id":"https:\/\/www.pmpf.rs.gov.br\/financas\/#website"},"datePublished":"2021-12-21T20:18:28+00:00","dateModified":"2022-02-07T11:24:20+00:00","inLanguage":"pt-BR","potentialAction":[{"@type":"ReadAction","target":["https:\/\/www.pmpf.rs.gov.br\/financas\/imposto-sobre-circulacao-de-mercadorias-e-prestacao-de-servicos\/"]}]},{"@type":"WebSite","@id":"https:\/\/www.pmpf.rs.gov.br\/financas\/#website","url":"https:\/\/www.pmpf.rs.gov.br\/financas\/","name":"Finan\u00e7as","description":"S\u00f3 mais um site Prefeitura de Passo Fundo","potentialAction":[{"@type":"SearchAction","target":{"@type":"EntryPoint","urlTemplate":"https:\/\/www.pmpf.rs.gov.br\/financas\/?s={search_term_string}"},"query-input":{"@type":"PropertyValueSpecification","valueRequired":true,"valueName":"search_term_string"}}],"inLanguage":"pt-BR"}]}},"_links":{"self":[{"href":"https:\/\/www.pmpf.rs.gov.br\/financas\/wp-json\/wp\/v2\/pages\/64"}],"collection":[{"href":"https:\/\/www.pmpf.rs.gov.br\/financas\/wp-json\/wp\/v2\/pages"}],"about":[{"href":"https:\/\/www.pmpf.rs.gov.br\/financas\/wp-json\/wp\/v2\/types\/page"}],"author":[{"embeddable":true,"href":"https:\/\/www.pmpf.rs.gov.br\/financas\/wp-json\/wp\/v2\/users\/1"}],"replies":[{"embeddable":true,"href":"https:\/\/www.pmpf.rs.gov.br\/financas\/wp-json\/wp\/v2\/comments?post=64"}],"version-history":[{"count":3,"href":"https:\/\/www.pmpf.rs.gov.br\/financas\/wp-json\/wp\/v2\/pages\/64\/revisions"}],"predecessor-version":[{"id":837,"href":"https:\/\/www.pmpf.rs.gov.br\/financas\/wp-json\/wp\/v2\/pages\/64\/revisions\/837"}],"wp:attachment":[{"href":"https:\/\/www.pmpf.rs.gov.br\/financas\/wp-json\/wp\/v2\/media?parent=64"}],"curies":[{"name":"wp","href":"https:\/\/api.w.org\/{rel}","templated":true}]}}