{"id":23,"date":"2021-12-21T16:08:33","date_gmt":"2021-12-21T19:08:33","guid":{"rendered":"https:\/\/www.pmpf.rs.gov.br\/financas\/?page_id=23"},"modified":"2021-12-27T14:00:18","modified_gmt":"2021-12-27T17:00:18","slug":"senha-iss","status":"publish","type":"page","link":"https:\/\/www.pmpf.rs.gov.br\/financas\/senha-iss\/","title":{"rendered":"Senha &#8211; ISS"},"content":{"rendered":"\n<h2 class=\"wp-block-heading\">Solicitar Senha ISS<\/h2>\n\n\n\n<p><strong>1\u00ba Passo<\/strong>: Solicitar senha atrav\u00e9s do link abaixo:<\/p>\n\n\n\n<div class=\"wp-block-buttons is-layout-flex wp-block-buttons-is-layout-flex\">\n<div class=\"wp-block-button\"><a class=\"wp-block-button__link has-white-color has-green-background-color has-text-color has-background\" href=\"https:\/\/grp.pmpf.rs.gov.br\/acessoexterno\/programaAcessoExterno.faces?codigo=670014\" style=\"border-radius:8px\">ACESSE AQUI SENHA ISS<\/a><\/div>\n<\/div>\n\n\n\n<p><strong>2\u00ba Passo:<\/strong>\u00a0Apresentar os documentos descritos abaixo.<br><strong>3\u00ba Passo:<\/strong>\u00a0Aguardar o envio da senha pela internet (e-mail).<br><strong>4\u00ba Passo:<\/strong>\u00a0Na impossibilidade de abrir a senha, solicit\u00e1-la novamente no e-mail senhaiss@pmpf.rs.gov.br.<br>A senha para Pessoa F\u00edsica ou Jur\u00eddica, permitir\u00e1 acesso para declara\u00e7\u00e3o do imposto ISSQN devido, a emiss\u00e3o e consulta de guias de ISS e Alvar\u00e1, informa\u00e7\u00f5es gerais e solicita\u00e7\u00e3o de autoriza\u00e7\u00e3o de notas fiscais.<br>Documentos Necess\u00e1rios: A) Aos Contadores: 1- Procura\u00e7\u00e3o assinada pela pessoa f\u00edsica que est\u00e1 autorizando o acesso. 2- Procura\u00e7\u00e3o assinada pelos s\u00f3cios (quando pessoa jur\u00eddica). 3- C\u00f3pia da Carteira de Identidade e CPF da pessoa que est\u00e1 autorizando perante procura\u00e7\u00e3o o acesso. 4- Declara\u00e7\u00e3o de responsabilidade, (modelo I) aprovado no site municipal.<br>B) \u00c0s Pessoas F\u00edsicas: 1- C\u00f3pia da Carteira de Identidade e CPF. 2- Declara\u00e7\u00e3o de responsabilidade, (modelo II) aprovado no site municipal.<br>C) \u00c0s Pessoas Jur\u00eddicas: 1-C\u00f3pia da Carteira de Identidade e CPF dos s\u00f3cios que constam registrados no cadastro municipal. 2-Declara\u00e7\u00e3o de responsabilidade,\u00a0 (modelo III) aprovado no site municipal.<br>D) Acesso por Tomadores de Servi\u00e7o e Prestadores de Servi\u00e7o de fora do munic\u00edpio: 1- C\u00f3pia da Carteira de Identidade e CPF do solicitante. 2- Declara\u00e7\u00e3o de responsabilidade, (modelo IV) aprovado no site municipal.<br>E) Cancelamento de senha e acesso: 1- Declara\u00e7\u00e3o (modelo V) 2- C\u00f3pia da Carteira de Identidade do solicitante.<br>Para todos os grupos citados nas letras A,B,C,D, os documentos devem ser apresentados no balc\u00e3o de atendimento do ISS da Secretaria de Finan\u00e7as do Munic\u00edpio de Passo Fundo. Para os tomadores e prestadores de fora do munic\u00edpio os documentos poder\u00e3o ainda serem enviados via correio para o endere\u00e7o Prefeitura Municipal de Passo Fundo &#8211; Coordenadoria de ISS na Rua Ant\u00f4nio Ara\u00fajo, 1002, CEP 99010-220, Passo Fundo &#8211; RS, ou por e-mail: <strong>senhaiss@pmpf.rs.gov.br<\/strong>.<\/p>\n\n\n\n<p>Em todos os modelos de declara\u00e7\u00e3o, a assinatura do requerente deve ser igual do documento apresentado, se divergir o documento deve possuir autentica\u00e7\u00e3o de registro.<\/p>\n\n\n\n<p><a href=\"https:\/\/www.pmpf.rs.gov.br\/financas\/contadoresmodelo-i\/\" target=\"_blank\" rel=\"noreferrer noopener\">Contadores (modelo I)<\/a><\/p>\n\n\n\n<p><a href=\"https:\/\/www.pmpf.rs.gov.br\/financas\/pessoa-fisicamodelo-ii\/\" target=\"_blank\" rel=\"noreferrer noopener\">Pessoa F\u00edsica (modelo II)<\/a><\/p>\n\n\n\n<p><a href=\"https:\/\/www.pmpf.rs.gov.br\/financas\/pessoa-juridicamodelo-iii\/\" target=\"_blank\" rel=\"noreferrer noopener\">Pessoa Jur\u00eddica (modelo III)<\/a><\/p>\n\n\n\n<p><a href=\"https:\/\/www.pmpf.rs.gov.br\/financas\/pessoa-fora-municipiomodelo-iv\/\" target=\"_blank\" rel=\"noreferrer noopener\">Pessoa Fora Munic\u00edpio (modelo IV)<\/a><\/p>\n\n\n\n<p><a href=\"https:\/\/www.pmpf.rs.gov.br\/financas\/cancelamento-de-senhamodelo-v\/\" target=\"_blank\" rel=\"noreferrer noopener\">Cancelamento de Senha (modelo V)<\/a><\/p>\n","protected":false},"excerpt":{"rendered":"<p>Solicitar Senha ISS 1\u00ba Passo: Solicitar senha atrav\u00e9s do link abaixo: 2\u00ba Passo:\u00a0Apresentar os documentos descritos abaixo.3\u00ba Passo:\u00a0Aguardar o envio da senha pela internet (e-mail).4\u00ba Passo:\u00a0Na impossibilidade de abrir a senha, solicit\u00e1-la [&hellip;]<\/p>\n","protected":false},"author":1,"featured_media":0,"parent":0,"menu_order":0,"comment_status":"closed","ping_status":"closed","template":"","meta":{"footnotes":""},"class_list":["post-23","page","type-page","status-publish","hentry"],"yoast_head":"<!-- This site is optimized with the Yoast SEO plugin v23.8 - https:\/\/yoast.com\/wordpress\/plugins\/seo\/ -->\n<title>Senha - ISS - Finan\u00e7as<\/title>\n<meta name=\"robots\" content=\"index, follow, max-snippet:-1, max-image-preview:large, max-video-preview:-1\" \/>\n<link rel=\"canonical\" href=\"https:\/\/www.pmpf.rs.gov.br\/financas\/senha-iss\/\" \/>\n<meta property=\"og:locale\" content=\"pt_BR\" \/>\n<meta property=\"og:type\" content=\"article\" \/>\n<meta property=\"og:title\" content=\"Senha - ISS - Finan\u00e7as\" \/>\n<meta property=\"og:description\" content=\"Solicitar Senha ISS 1\u00ba Passo: Solicitar senha atrav\u00e9s do link abaixo: 2\u00ba Passo:\u00a0Apresentar os documentos descritos abaixo.3\u00ba Passo:\u00a0Aguardar o envio da senha pela internet (e-mail).4\u00ba Passo:\u00a0Na impossibilidade de abrir a senha, solicit\u00e1-la [&hellip;]\" \/>\n<meta property=\"og:url\" content=\"https:\/\/www.pmpf.rs.gov.br\/financas\/senha-iss\/\" \/>\n<meta property=\"og:site_name\" content=\"Finan\u00e7as\" \/>\n<meta property=\"article:modified_time\" content=\"2021-12-27T17:00:18+00:00\" \/>\n<meta name=\"twitter:card\" content=\"summary_large_image\" \/>\n<meta name=\"twitter:label1\" content=\"Est. tempo de leitura\" \/>\n\t<meta name=\"twitter:data1\" content=\"2 minutos\" \/>\n<script type=\"application\/ld+json\" class=\"yoast-schema-graph\">{\"@context\":\"https:\/\/schema.org\",\"@graph\":[{\"@type\":\"WebPage\",\"@id\":\"https:\/\/www.pmpf.rs.gov.br\/financas\/senha-iss\/\",\"url\":\"https:\/\/www.pmpf.rs.gov.br\/financas\/senha-iss\/\",\"name\":\"Senha - ISS - Finan\u00e7as\",\"isPartOf\":{\"@id\":\"https:\/\/www.pmpf.rs.gov.br\/financas\/#website\"},\"datePublished\":\"2021-12-21T19:08:33+00:00\",\"dateModified\":\"2021-12-27T17:00:18+00:00\",\"inLanguage\":\"pt-BR\",\"potentialAction\":[{\"@type\":\"ReadAction\",\"target\":[\"https:\/\/www.pmpf.rs.gov.br\/financas\/senha-iss\/\"]}]},{\"@type\":\"WebSite\",\"@id\":\"https:\/\/www.pmpf.rs.gov.br\/financas\/#website\",\"url\":\"https:\/\/www.pmpf.rs.gov.br\/financas\/\",\"name\":\"Finan\u00e7as\",\"description\":\"S\u00f3 mais um site Prefeitura de Passo Fundo\",\"potentialAction\":[{\"@type\":\"SearchAction\",\"target\":{\"@type\":\"EntryPoint\",\"urlTemplate\":\"https:\/\/www.pmpf.rs.gov.br\/financas\/?s={search_term_string}\"},\"query-input\":{\"@type\":\"PropertyValueSpecification\",\"valueRequired\":true,\"valueName\":\"search_term_string\"}}],\"inLanguage\":\"pt-BR\"}]}<\/script>\n<!-- \/ Yoast SEO plugin. -->","yoast_head_json":{"title":"Senha - ISS - Finan\u00e7as","robots":{"index":"index","follow":"follow","max-snippet":"max-snippet:-1","max-image-preview":"max-image-preview:large","max-video-preview":"max-video-preview:-1"},"canonical":"https:\/\/www.pmpf.rs.gov.br\/financas\/senha-iss\/","og_locale":"pt_BR","og_type":"article","og_title":"Senha - ISS - Finan\u00e7as","og_description":"Solicitar Senha ISS 1\u00ba Passo: Solicitar senha atrav\u00e9s do link abaixo: 2\u00ba Passo:\u00a0Apresentar os documentos descritos abaixo.3\u00ba Passo:\u00a0Aguardar o envio da senha pela internet (e-mail).4\u00ba Passo:\u00a0Na impossibilidade de abrir a senha, solicit\u00e1-la [&hellip;]","og_url":"https:\/\/www.pmpf.rs.gov.br\/financas\/senha-iss\/","og_site_name":"Finan\u00e7as","article_modified_time":"2021-12-27T17:00:18+00:00","twitter_card":"summary_large_image","twitter_misc":{"Est. tempo de leitura":"2 minutos"},"schema":{"@context":"https:\/\/schema.org","@graph":[{"@type":"WebPage","@id":"https:\/\/www.pmpf.rs.gov.br\/financas\/senha-iss\/","url":"https:\/\/www.pmpf.rs.gov.br\/financas\/senha-iss\/","name":"Senha - ISS - Finan\u00e7as","isPartOf":{"@id":"https:\/\/www.pmpf.rs.gov.br\/financas\/#website"},"datePublished":"2021-12-21T19:08:33+00:00","dateModified":"2021-12-27T17:00:18+00:00","inLanguage":"pt-BR","potentialAction":[{"@type":"ReadAction","target":["https:\/\/www.pmpf.rs.gov.br\/financas\/senha-iss\/"]}]},{"@type":"WebSite","@id":"https:\/\/www.pmpf.rs.gov.br\/financas\/#website","url":"https:\/\/www.pmpf.rs.gov.br\/financas\/","name":"Finan\u00e7as","description":"S\u00f3 mais um site Prefeitura de Passo Fundo","potentialAction":[{"@type":"SearchAction","target":{"@type":"EntryPoint","urlTemplate":"https:\/\/www.pmpf.rs.gov.br\/financas\/?s={search_term_string}"},"query-input":{"@type":"PropertyValueSpecification","valueRequired":true,"valueName":"search_term_string"}}],"inLanguage":"pt-BR"}]}},"_links":{"self":[{"href":"https:\/\/www.pmpf.rs.gov.br\/financas\/wp-json\/wp\/v2\/pages\/23"}],"collection":[{"href":"https:\/\/www.pmpf.rs.gov.br\/financas\/wp-json\/wp\/v2\/pages"}],"about":[{"href":"https:\/\/www.pmpf.rs.gov.br\/financas\/wp-json\/wp\/v2\/types\/page"}],"author":[{"embeddable":true,"href":"https:\/\/www.pmpf.rs.gov.br\/financas\/wp-json\/wp\/v2\/users\/1"}],"replies":[{"embeddable":true,"href":"https:\/\/www.pmpf.rs.gov.br\/financas\/wp-json\/wp\/v2\/comments?post=23"}],"version-history":[{"count":5,"href":"https:\/\/www.pmpf.rs.gov.br\/financas\/wp-json\/wp\/v2\/pages\/23\/revisions"}],"predecessor-version":[{"id":593,"href":"https:\/\/www.pmpf.rs.gov.br\/financas\/wp-json\/wp\/v2\/pages\/23\/revisions\/593"}],"wp:attachment":[{"href":"https:\/\/www.pmpf.rs.gov.br\/financas\/wp-json\/wp\/v2\/media?parent=23"}],"curies":[{"name":"wp","href":"https:\/\/api.w.org\/{rel}","templated":true}]}}