{"id":21,"date":"2021-12-21T15:58:37","date_gmt":"2021-12-21T18:58:37","guid":{"rendered":"https:\/\/www.pmpf.rs.gov.br\/financas\/?page_id=21"},"modified":"2021-12-21T15:58:37","modified_gmt":"2021-12-21T18:58:37","slug":"estrutura","status":"publish","type":"page","link":"https:\/\/www.pmpf.rs.gov.br\/financas\/estrutura\/","title":{"rendered":"Estrutura"},"content":{"rendered":"\n<h2 class=\"wp-block-heading\"><em>Confira a estrutura da secretaria e suas respectivas tarefas<\/em><\/h2>\n\n\n\n<p><strong><em>Administra\u00e7\u00e3o, Planejamento e Contabilidade &#8211; CAPC<br><br><\/em><\/strong>Tem como responsabilidade dar apoio administrativo \u00e0s demais coordenadorias e n\u00facleos da secretaria, controlar a efici\u00eancia e efic\u00e1cia de todos os \u00f3rg\u00e3os da secretaria e de todos os processos e procedimentos administrativos. Atua, ainda, no controle da execu\u00e7\u00e3o or\u00e7ament\u00e1ria da secretaria, correspond\u00eancia oficial e demais servi\u00e7os, al\u00e9m de orientar e auxiliar os respectivos n\u00facleos na execu\u00e7\u00e3o das compet\u00eancias atribu\u00eddas.<\/p>\n\n\n\n<p>\u00c9 o \u00f3rg\u00e3o respons\u00e1vel pelo controle de frequ\u00eancia (assiduidade e pontualidade) dos servidores, com a elabora\u00e7\u00e3o da efetividade mensal e a elabora\u00e7\u00e3o do registro e acompanhamento de f\u00e9rias, licen\u00e7as e outras situa\u00e7\u00f5es funcionais, al\u00e9m do recebimento, controle interno e expedi\u00e7\u00e3o dos processos internos e administrativos.<\/p>\n\n\n\n<p>Elabora tamb\u00e9m requisi\u00e7\u00f5es de materiais, servi\u00e7os, equipamentos e o consequente empenho com o anexo do documento fiscal respectivo, bem como o registro de entrada de materiais e equipamentos adquiridos para controle da demanda e conserva\u00e7\u00e3o dos mesmos.<\/p>\n\n\n\n<p>Estrutura da coordenadoria:<br>N\u00facleo de Administra\u00e7\u00e3o<br>N\u00facleo de Arrecada\u00e7\u00e3o<br>N\u00facleo Cont\u00e1bil<\/p>\n\n\n\n<p><strong><em>Coordenadoria Atendimento, Cadastro e D\u00edvida Ativa<br><br><\/em><\/strong>\u00c9 o \u00f3rg\u00e3o respons\u00e1vel por coordenar a cobran\u00e7a da d\u00edvida ativa tribut\u00e1ria e n\u00e3o-tribut\u00e1ria e o atendimento geral aos contribuintes, atuando na orienta\u00e7\u00e3o e auxilio aos respectivos n\u00facleos na execu\u00e7\u00e3o das compet\u00eancias atribu\u00eddas.<\/p>\n\n\n\n<p>Estrutura da coordenadoria:<br>N\u00facleo de Cobran\u00e7a da D\u00edvida Ativa<br>N\u00facleo de Execu\u00e7\u00e3o da D\u00edvida Ativa<\/p>\n\n\n\n<p><strong><em><br>Coordenadoria de Despesas P\u00fablicas<br><br><\/em><\/strong>\u00c9 o \u00f3rg\u00e3o que coordena as atividades relacionadas \u00e0 gera\u00e7\u00e3o da despesa p\u00fablica, confer\u00eancia e controle dos documentos enviados para liquida\u00e7\u00e3o, bem como dos procedimentos necess\u00e1rios \u00e0 efetiva\u00e7\u00e3o dos pagamentos relativos aos fornecedores e pessoal.<\/p>\n\n\n\n<p>Estrutura da coordenadoria:<br>N\u00facleo de Requisi\u00e7\u00f5es e Empenho<br>N\u00facleo de Pagamento<\/p>\n\n\n\n<p><strong><em>Coordenadoria de Fiscaliza\u00e7\u00e3o e Licenciamento<br><br><\/em><\/strong>\u00c9 o \u00f3rg\u00e3o que coordena as atividades de fiscaliza\u00e7\u00e3o e licenciamento de alvar\u00e1s de localiza\u00e7\u00e3o e funcionamento, autoriza\u00e7\u00f5es para com\u00e9rcio em vias p\u00fablicas e para realiza\u00e7\u00e3o de eventos e fiscaliza\u00e7\u00f5es diversas. Tamb\u00e9m orienta e auxilia os respectivos n\u00facleos na execu\u00e7\u00e3o das compet\u00eancias atribu\u00eddas.<\/p>\n\n\n\n<p>Estrutura da coordenadoria:<br>N\u00facleo de Fiscaliza\u00e7\u00e3o<br>N\u00facleo de Licenciamento<\/p>\n\n\n\n<p><strong><em>Coordenadoria de Receitas e Servi\u00e7os<br><br><\/em><\/strong>\u00c9 o \u00f3rg\u00e3o respons\u00e1vel por coordenar o lan\u00e7amento de cobran\u00e7a do ISS (Imposto sobre Servi\u00e7os) e da taxa de alvar\u00e1 de localiza\u00e7\u00e3o, os servi\u00e7os de fiscaliza\u00e7\u00e3o tribut\u00e1ria, definir rotinas para atendimentos de pedidos, organizar processos e controle dos procedimentos internos e externos, coordenar e acompanhar o censo econ\u00f4mico do Munic\u00edpio e controle da produ\u00e7\u00e3o prim\u00e1ria e orientar e auxiliar os respectivos n\u00facleos na execu\u00e7\u00e3o das compet\u00eancias atribu\u00eddas.&nbsp;<\/p>\n\n\n\n<p>Estrutura da Coordenadoria:<br>N\u00facleo de ICMS<br>N\u00facleo de ISS<\/p>\n\n\n\n<p><em><strong>Coordenadoria de Receitas Imobili\u00e1rias<br><br><\/strong><\/em>\u00c9 o \u00f3rg\u00e3o respons\u00e1vel por coordenar os tributos de origem imobili\u00e1ria, bem como auxiliar e orientar os respectivos n\u00facleos na execu\u00e7\u00e3o das compet\u00eancias atribu\u00eddas.<\/p>\n\n\n\n<p>Estrutura da coordenadoria<br>N\u00facleo de ITBI \u2013 CM<br>N\u00facleo de IPTU e ITR<br><br><strong><em>Departamento de Receitas P\u00fablicas<br><br><\/em><\/strong>\u00c9 o \u00f3rg\u00e3o respons\u00e1vel por implementar pol\u00edticas p\u00fablicas referentes \u00e0s receitas, potencializando-as, especialmente as receitas pr\u00f3prias, conforme as atribui\u00e7\u00f5es das coordenadorias, e, ainda, supervisionar as coordenadorias da Secretaria de Finan\u00e7as da Prefeitura de Passo Fundo.&nbsp;<\/p>\n","protected":false},"excerpt":{"rendered":"<p>Confira a estrutura da secretaria e suas respectivas tarefas Administra\u00e7\u00e3o, Planejamento e Contabilidade &#8211; CAPC Tem como responsabilidade dar apoio administrativo \u00e0s demais coordenadorias e n\u00facleos da secretaria, controlar a efici\u00eancia e [&hellip;]<\/p>\n","protected":false},"author":1,"featured_media":0,"parent":0,"menu_order":0,"comment_status":"closed","ping_status":"closed","template":"","meta":{"footnotes":""},"class_list":["post-21","page","type-page","status-publish","hentry"],"yoast_head":"<!-- This site is optimized with the Yoast SEO plugin v23.8 - https:\/\/yoast.com\/wordpress\/plugins\/seo\/ -->\n<title>Estrutura - Finan\u00e7as<\/title>\n<meta name=\"robots\" content=\"index, follow, max-snippet:-1, max-image-preview:large, max-video-preview:-1\" \/>\n<link rel=\"canonical\" href=\"https:\/\/www.pmpf.rs.gov.br\/financas\/estrutura\/\" \/>\n<meta property=\"og:locale\" content=\"pt_BR\" \/>\n<meta property=\"og:type\" content=\"article\" \/>\n<meta property=\"og:title\" content=\"Estrutura - Finan\u00e7as\" \/>\n<meta property=\"og:description\" content=\"Confira a estrutura da secretaria e suas respectivas tarefas Administra\u00e7\u00e3o, Planejamento e Contabilidade &#8211; CAPC Tem como responsabilidade dar apoio administrativo \u00e0s demais coordenadorias e n\u00facleos da secretaria, controlar a efici\u00eancia e [&hellip;]\" \/>\n<meta property=\"og:url\" content=\"https:\/\/www.pmpf.rs.gov.br\/financas\/estrutura\/\" \/>\n<meta property=\"og:site_name\" content=\"Finan\u00e7as\" \/>\n<meta name=\"twitter:card\" content=\"summary_large_image\" \/>\n<meta name=\"twitter:label1\" content=\"Est. tempo de leitura\" \/>\n\t<meta name=\"twitter:data1\" content=\"3 minutos\" \/>\n<script type=\"application\/ld+json\" class=\"yoast-schema-graph\">{\"@context\":\"https:\/\/schema.org\",\"@graph\":[{\"@type\":\"WebPage\",\"@id\":\"https:\/\/www.pmpf.rs.gov.br\/financas\/estrutura\/\",\"url\":\"https:\/\/www.pmpf.rs.gov.br\/financas\/estrutura\/\",\"name\":\"Estrutura - Finan\u00e7as\",\"isPartOf\":{\"@id\":\"https:\/\/www.pmpf.rs.gov.br\/financas\/#website\"},\"datePublished\":\"2021-12-21T18:58:37+00:00\",\"dateModified\":\"2021-12-21T18:58:37+00:00\",\"inLanguage\":\"pt-BR\",\"potentialAction\":[{\"@type\":\"ReadAction\",\"target\":[\"https:\/\/www.pmpf.rs.gov.br\/financas\/estrutura\/\"]}]},{\"@type\":\"WebSite\",\"@id\":\"https:\/\/www.pmpf.rs.gov.br\/financas\/#website\",\"url\":\"https:\/\/www.pmpf.rs.gov.br\/financas\/\",\"name\":\"Finan\u00e7as\",\"description\":\"S\u00f3 mais um site Prefeitura de Passo Fundo\",\"potentialAction\":[{\"@type\":\"SearchAction\",\"target\":{\"@type\":\"EntryPoint\",\"urlTemplate\":\"https:\/\/www.pmpf.rs.gov.br\/financas\/?s={search_term_string}\"},\"query-input\":{\"@type\":\"PropertyValueSpecification\",\"valueRequired\":true,\"valueName\":\"search_term_string\"}}],\"inLanguage\":\"pt-BR\"}]}<\/script>\n<!-- \/ Yoast SEO plugin. -->","yoast_head_json":{"title":"Estrutura - Finan\u00e7as","robots":{"index":"index","follow":"follow","max-snippet":"max-snippet:-1","max-image-preview":"max-image-preview:large","max-video-preview":"max-video-preview:-1"},"canonical":"https:\/\/www.pmpf.rs.gov.br\/financas\/estrutura\/","og_locale":"pt_BR","og_type":"article","og_title":"Estrutura - Finan\u00e7as","og_description":"Confira a estrutura da secretaria e suas respectivas tarefas Administra\u00e7\u00e3o, Planejamento e Contabilidade &#8211; CAPC Tem como responsabilidade dar apoio administrativo \u00e0s demais coordenadorias e n\u00facleos da secretaria, controlar a efici\u00eancia e [&hellip;]","og_url":"https:\/\/www.pmpf.rs.gov.br\/financas\/estrutura\/","og_site_name":"Finan\u00e7as","twitter_card":"summary_large_image","twitter_misc":{"Est. tempo de leitura":"3 minutos"},"schema":{"@context":"https:\/\/schema.org","@graph":[{"@type":"WebPage","@id":"https:\/\/www.pmpf.rs.gov.br\/financas\/estrutura\/","url":"https:\/\/www.pmpf.rs.gov.br\/financas\/estrutura\/","name":"Estrutura - Finan\u00e7as","isPartOf":{"@id":"https:\/\/www.pmpf.rs.gov.br\/financas\/#website"},"datePublished":"2021-12-21T18:58:37+00:00","dateModified":"2021-12-21T18:58:37+00:00","inLanguage":"pt-BR","potentialAction":[{"@type":"ReadAction","target":["https:\/\/www.pmpf.rs.gov.br\/financas\/estrutura\/"]}]},{"@type":"WebSite","@id":"https:\/\/www.pmpf.rs.gov.br\/financas\/#website","url":"https:\/\/www.pmpf.rs.gov.br\/financas\/","name":"Finan\u00e7as","description":"S\u00f3 mais um site Prefeitura de Passo Fundo","potentialAction":[{"@type":"SearchAction","target":{"@type":"EntryPoint","urlTemplate":"https:\/\/www.pmpf.rs.gov.br\/financas\/?s={search_term_string}"},"query-input":{"@type":"PropertyValueSpecification","valueRequired":true,"valueName":"search_term_string"}}],"inLanguage":"pt-BR"}]}},"_links":{"self":[{"href":"https:\/\/www.pmpf.rs.gov.br\/financas\/wp-json\/wp\/v2\/pages\/21"}],"collection":[{"href":"https:\/\/www.pmpf.rs.gov.br\/financas\/wp-json\/wp\/v2\/pages"}],"about":[{"href":"https:\/\/www.pmpf.rs.gov.br\/financas\/wp-json\/wp\/v2\/types\/page"}],"author":[{"embeddable":true,"href":"https:\/\/www.pmpf.rs.gov.br\/financas\/wp-json\/wp\/v2\/users\/1"}],"replies":[{"embeddable":true,"href":"https:\/\/www.pmpf.rs.gov.br\/financas\/wp-json\/wp\/v2\/comments?post=21"}],"version-history":[{"count":1,"href":"https:\/\/www.pmpf.rs.gov.br\/financas\/wp-json\/wp\/v2\/pages\/21\/revisions"}],"predecessor-version":[{"id":22,"href":"https:\/\/www.pmpf.rs.gov.br\/financas\/wp-json\/wp\/v2\/pages\/21\/revisions\/22"}],"wp:attachment":[{"href":"https:\/\/www.pmpf.rs.gov.br\/financas\/wp-json\/wp\/v2\/media?parent=21"}],"curies":[{"name":"wp","href":"https:\/\/api.w.org\/{rel}","templated":true}]}}