{"id":916,"date":"2022-04-12T16:54:06","date_gmt":"2022-04-12T19:54:06","guid":{"rendered":"https:\/\/www.pmpf.rs.gov.br\/secretaria-extraordinaria-de-esportes\/?page_id=916"},"modified":"2022-09-15T11:14:27","modified_gmt":"2022-09-15T14:14:27","slug":"luiz-felipe-scolari","status":"publish","type":"page","link":"https:\/\/www.pmpf.rs.gov.br\/esportes\/luiz-felipe-scolari\/","title":{"rendered":"Luiz Felipe Scolari"},"content":{"rendered":"\n<p>Nascido em 1948 na cidade de Passo Fundo, se interessou no futebol logo cedo por influ\u00eancia de seu pai, Benjamin Scolari, que atuou como zagueiro no sul do pa\u00eds. <\/p>\n\n\n\n<p>Felip\u00e3o iniciou sua carreira como jogador aos 17 anos nas categorias de base do Aimor\u00e9, tendo ficado at\u00e9 os 25 anos. <\/p>\n\n\n\n<p>Ap\u00f3s se aposentar aos 33 anos passou a trabalhar como professor de educa\u00e7\u00e3o f\u00edsica em algumas escolas. Pouco tempo depois tornou-se t\u00e9cnico de futebol, atuando primeiramente no CSA de Alagoas. Em sua carreira como treinador passou por diversos clubes, dentre os quais: CSA, Gr\u00eamio, Palmeiras, Cruzeiro, Chelsea e at\u00e9 as Sele\u00e7\u00f5es Brasileira e Portuguesa.<br><br>\ud83d\udc8eFelip\u00e3o \u00e9 uma das maiores, mais conhecidas e queridas joias esportivas que sa\u00edram de nossa cidade.<br><br><strong>Seus principais t\u00edtulos s\u00e3o:<\/strong><br><br>\ud83c\udfc6 Copa do Mundo 2002 (Sele\u00e7\u00e3o Brasileira);<br>\ud83c\udfc6 Copa das Confedera\u00e7\u00f5es 2013;<br>\ud83c\udfc6 Campe\u00e3o da Recopa Sul-Americana 1996;<br>\ud83c\udfc6\ud83c\udfc6 Bi Campe\u00e3o da Copa Libertadores (1995 e 1999);<br>\ud83c\udfc6\ud83c\udfc6 Bi Campe\u00e3o Brasileiro (1996 e 2018);<br>\ud83c\udfc6\ud83c\udfc6\ud83c\udfc6 Tri Campe\u00e3o da Superliga Chinesa (2015, 2016 e 2017);<br>\ud83c\udfc6\ud83c\udfc6\ud83c\udfc6 Tri Campe\u00e3o Ga\u00facho (1987, 1995 e 1996);<br>\ud83c\udfc6\ud83c\udfc6\ud83c\udfc6\ud83c\udfc6 Tetra Campe\u00e3o da Copa do Brasil (1991, 1994, 1998 e 2012);<br>Atualmente Felip\u00e3o est\u00e1 ministrando cursos para treinadores.<br><\/p>\n\n\n\n<hr class=\"wp-block-separator\"\/>\n\n\n\n<figure class=\"wp-block-gallery has-nested-images columns-2 is-cropped wp-block-gallery-1 is-layout-flex wp-block-gallery-is-layout-flex\">\n<figure class=\"wp-block-image size-large is-style-default\"><a href=\"https:\/\/www.pmpf.rs.gov.br\/secretaria-extraordinaria-de-esportes\/wp-content\/uploads\/sites\/44\/2022\/04\/luiz-felipe-scolari01.jpg\"><img loading=\"lazy\" decoding=\"async\" width=\"1024\" height=\"748\" data-id=\"917\" src=\"https:\/\/www.pmpf.rs.gov.br\/secretaria-extraordinaria-de-esportes\/wp-content\/uploads\/sites\/44\/2022\/04\/luiz-felipe-scolari01-1024x748.jpg\" alt=\"SAITAMA, JAPAN - JUNE 26:  WM 2002 in JAPAN und KOREA, Saitama; Match 62\/HALBFINALE\/BRASILIEN - TUERKEI (BRA - TUR) 1:0; TRAINER Luiz Felipe SCOLARI\/BRA  (Photo by Gunnar Berning\/Bongarts\/Getty Images)\" class=\"wp-image-917\" srcset=\"https:\/\/www.pmpf.rs.gov.br\/esportes\/wp-content\/uploads\/sites\/44\/2022\/04\/luiz-felipe-scolari01-1024x748.jpg 1024w, https:\/\/www.pmpf.rs.gov.br\/esportes\/wp-content\/uploads\/sites\/44\/2022\/04\/luiz-felipe-scolari01-300x219.jpg 300w, https:\/\/www.pmpf.rs.gov.br\/esportes\/wp-content\/uploads\/sites\/44\/2022\/04\/luiz-felipe-scolari01-768x561.jpg 768w, https:\/\/www.pmpf.rs.gov.br\/esportes\/wp-content\/uploads\/sites\/44\/2022\/04\/luiz-felipe-scolari01-1536x1122.jpg 1536w, https:\/\/www.pmpf.rs.gov.br\/esportes\/wp-content\/uploads\/sites\/44\/2022\/04\/luiz-felipe-scolari01.jpg 1902w\" sizes=\"(max-width: 1024px) 100vw, 1024px\" \/><\/a><\/figure>\n\n\n\n<figure class=\"wp-block-image size-large is-style-default\"><a href=\"https:\/\/www.pmpf.rs.gov.br\/secretaria-extraordinaria-de-esportes\/wp-content\/uploads\/sites\/44\/2022\/04\/luiz-felipe-scolari02.jpg\"><img loading=\"lazy\" decoding=\"async\" width=\"1024\" height=\"747\" data-id=\"919\" src=\"https:\/\/www.pmpf.rs.gov.br\/secretaria-extraordinaria-de-esportes\/wp-content\/uploads\/sites\/44\/2022\/04\/luiz-felipe-scolari02-1024x747.jpg\" alt=\"YOKOHAMA, JAPAN - JUNE 30:  WM 2002 in JAPAN und KOREA, Yokohama; Match 64\/FINALE\/DEUTSCHLAND - BRASILIEN (GER - BRA) 0:2; BRASILIEN WELTMEISTER 2002; JUBEL nach TOR zum 0:2 RONALDO unf TRAINER Luiz Felipe SCOLARI\/BRA  (Photo by Gunnar Berning\/Bongarts\/Getty Images)\" class=\"wp-image-919\" srcset=\"https:\/\/www.pmpf.rs.gov.br\/esportes\/wp-content\/uploads\/sites\/44\/2022\/04\/luiz-felipe-scolari02-1024x747.jpg 1024w, https:\/\/www.pmpf.rs.gov.br\/esportes\/wp-content\/uploads\/sites\/44\/2022\/04\/luiz-felipe-scolari02-300x219.jpg 300w, https:\/\/www.pmpf.rs.gov.br\/esportes\/wp-content\/uploads\/sites\/44\/2022\/04\/luiz-felipe-scolari02-768x560.jpg 768w, https:\/\/www.pmpf.rs.gov.br\/esportes\/wp-content\/uploads\/sites\/44\/2022\/04\/luiz-felipe-scolari02.jpg 1222w\" sizes=\"(max-width: 1024px) 100vw, 1024px\" \/><\/a><\/figure>\n\n\n\n<figure class=\"wp-block-image size-large is-style-default\"><a href=\"https:\/\/www.pmpf.rs.gov.br\/secretaria-extraordinaria-de-esportes\/wp-content\/uploads\/sites\/44\/2022\/04\/luiz-felipe-scolari03.jpg\"><img loading=\"lazy\" decoding=\"async\" width=\"716\" height=\"1024\" data-id=\"920\" src=\"https:\/\/www.pmpf.rs.gov.br\/secretaria-extraordinaria-de-esportes\/wp-content\/uploads\/sites\/44\/2022\/04\/luiz-felipe-scolari03-716x1024.jpg\" alt=\"GENEVA - JUNE 07: Cristiano Ronaldo of Portugal receives instructions by head coach Luiz Felipe Scolari during the UEFA EURO 2008 Group A match between Portugal and Turkey at Stade de Geneve on June 7, 2008 in Geneva, Switzerland.  (Photo by Alex Livesey\/Getty Images)\" class=\"wp-image-920\" srcset=\"https:\/\/www.pmpf.rs.gov.br\/esportes\/wp-content\/uploads\/sites\/44\/2022\/04\/luiz-felipe-scolari03-716x1024.jpg 716w, https:\/\/www.pmpf.rs.gov.br\/esportes\/wp-content\/uploads\/sites\/44\/2022\/04\/luiz-felipe-scolari03-210x300.jpg 210w, https:\/\/www.pmpf.rs.gov.br\/esportes\/wp-content\/uploads\/sites\/44\/2022\/04\/luiz-felipe-scolari03-768x1099.jpg 768w, https:\/\/www.pmpf.rs.gov.br\/esportes\/wp-content\/uploads\/sites\/44\/2022\/04\/luiz-felipe-scolari03-1073x1536.jpg 1073w, https:\/\/www.pmpf.rs.gov.br\/esportes\/wp-content\/uploads\/sites\/44\/2022\/04\/luiz-felipe-scolari03.jpg 1431w\" sizes=\"(max-width: 716px) 100vw, 716px\" \/><\/a><\/figure>\n\n\n\n<figure class=\"wp-block-image size-large is-style-default\"><a href=\"https:\/\/www.pmpf.rs.gov.br\/secretaria-extraordinaria-de-esportes\/wp-content\/uploads\/sites\/44\/2022\/04\/luiz-felipe-scolari04.jpg\"><img loading=\"lazy\" decoding=\"async\" width=\"1024\" height=\"754\" data-id=\"922\" src=\"https:\/\/www.pmpf.rs.gov.br\/secretaria-extraordinaria-de-esportes\/wp-content\/uploads\/sites\/44\/2022\/04\/luiz-felipe-scolari04-1024x754.jpg\" alt=\"COBHAM, UNITED KINGDOM - JULY 08:  Luiz Felipe Scolari is unveiled as new Chelsea manager at a press conference held at the Hilton Cobham Hotel on July 8, 2008 in Cobham, England.  (Photo by Paul Gilham\/Getty Images)\" class=\"wp-image-922\" srcset=\"https:\/\/www.pmpf.rs.gov.br\/esportes\/wp-content\/uploads\/sites\/44\/2022\/04\/luiz-felipe-scolari04-1024x754.jpg 1024w, https:\/\/www.pmpf.rs.gov.br\/esportes\/wp-content\/uploads\/sites\/44\/2022\/04\/luiz-felipe-scolari04-300x221.jpg 300w, https:\/\/www.pmpf.rs.gov.br\/esportes\/wp-content\/uploads\/sites\/44\/2022\/04\/luiz-felipe-scolari04-768x565.jpg 768w, https:\/\/www.pmpf.rs.gov.br\/esportes\/wp-content\/uploads\/sites\/44\/2022\/04\/luiz-felipe-scolari04-1536x1130.jpg 1536w, https:\/\/www.pmpf.rs.gov.br\/esportes\/wp-content\/uploads\/sites\/44\/2022\/04\/luiz-felipe-scolari04.jpg 2048w\" sizes=\"(max-width: 1024px) 100vw, 1024px\" \/><\/a><\/figure>\n\n\n\n<figure class=\"wp-block-image size-large is-style-default\"><a href=\"https:\/\/www.pmpf.rs.gov.br\/secretaria-extraordinaria-de-esportes\/wp-content\/uploads\/sites\/44\/2022\/04\/luiz-felipe-scolari05.jpg\"><img loading=\"lazy\" decoding=\"async\" width=\"1024\" height=\"683\" data-id=\"921\" src=\"https:\/\/www.pmpf.rs.gov.br\/secretaria-extraordinaria-de-esportes\/wp-content\/uploads\/sites\/44\/2022\/04\/luiz-felipe-scolari05-1024x683.jpg\" alt=\"PORTO ALEGRE, BRAZIL - SEPTEMBER 21: Luiz Felipe Scolari coach of Gremio during the match Gremio v Chapecoense as part of Brasileirao Series A 2014, at Arena do Gremio on September 21, 2014 in Porto Alegre, Brazil. (Photo by Lucas Uebel\/Getty Images)\" class=\"wp-image-921\" srcset=\"https:\/\/www.pmpf.rs.gov.br\/esportes\/wp-content\/uploads\/sites\/44\/2022\/04\/luiz-felipe-scolari05-1024x683.jpg 1024w, https:\/\/www.pmpf.rs.gov.br\/esportes\/wp-content\/uploads\/sites\/44\/2022\/04\/luiz-felipe-scolari05-300x200.jpg 300w, https:\/\/www.pmpf.rs.gov.br\/esportes\/wp-content\/uploads\/sites\/44\/2022\/04\/luiz-felipe-scolari05-768x512.jpg 768w, https:\/\/www.pmpf.rs.gov.br\/esportes\/wp-content\/uploads\/sites\/44\/2022\/04\/luiz-felipe-scolari05-1536x1024.jpg 1536w, https:\/\/www.pmpf.rs.gov.br\/esportes\/wp-content\/uploads\/sites\/44\/2022\/04\/luiz-felipe-scolari05.jpg 2048w\" sizes=\"(max-width: 1024px) 100vw, 1024px\" \/><\/a><\/figure>\n\n\n\n<figure class=\"wp-block-image size-large is-style-default\"><a href=\"https:\/\/www.pmpf.rs.gov.br\/secretaria-extraordinaria-de-esportes\/wp-content\/uploads\/sites\/44\/2022\/04\/luiz-felipe-scolari06.jpg\"><img loading=\"lazy\" decoding=\"async\" width=\"1024\" height=\"682\" data-id=\"918\" src=\"https:\/\/www.pmpf.rs.gov.br\/secretaria-extraordinaria-de-esportes\/wp-content\/uploads\/sites\/44\/2022\/04\/luiz-felipe-scolari06-1024x682.jpg\" alt=\"SAO PAULO, BRAZIL - DECEMBER 02: Palmeiras team coach Luiz Felipe Scolari celebrates after winning the Brasileirao 2018 after the match against Vitora at Allianz Parque on December 02, 2018 in Sao Paulo, Brazil. (Photo by Miguel Schincariol\/Getty Images)\" class=\"wp-image-918\" srcset=\"https:\/\/www.pmpf.rs.gov.br\/esportes\/wp-content\/uploads\/sites\/44\/2022\/04\/luiz-felipe-scolari06-1024x682.jpg 1024w, https:\/\/www.pmpf.rs.gov.br\/esportes\/wp-content\/uploads\/sites\/44\/2022\/04\/luiz-felipe-scolari06-300x200.jpg 300w, https:\/\/www.pmpf.rs.gov.br\/esportes\/wp-content\/uploads\/sites\/44\/2022\/04\/luiz-felipe-scolari06-768x512.jpg 768w, https:\/\/www.pmpf.rs.gov.br\/esportes\/wp-content\/uploads\/sites\/44\/2022\/04\/luiz-felipe-scolari06-1536x1023.jpg 1536w, https:\/\/www.pmpf.rs.gov.br\/esportes\/wp-content\/uploads\/sites\/44\/2022\/04\/luiz-felipe-scolari06.jpg 2048w\" sizes=\"(max-width: 1024px) 100vw, 1024px\" \/><\/a><\/figure>\n<\/figure>\n\n\n\n<p><br>\uf4f8: Getty Images<\/p>\n\n\n\n<hr class=\"wp-block-separator\"\/>\n","protected":false},"excerpt":{"rendered":"<p>Nascido em 1948 na cidade de Passo Fundo, se interessou no futebol logo cedo por influ\u00eancia de seu pai, Benjamin Scolari, que atuou como zagueiro no sul do pa\u00eds. Felip\u00e3o iniciou sua [&hellip;]<\/p>\n","protected":false},"author":4,"featured_media":0,"parent":0,"menu_order":0,"comment_status":"closed","ping_status":"closed","template":"","meta":{"footnotes":""},"class_list":["post-916","page","type-page","status-publish","hentry"],"yoast_head":"<!-- This site is optimized with the Yoast SEO plugin v23.8 - https:\/\/yoast.com\/wordpress\/plugins\/seo\/ -->\n<title>Luiz Felipe Scolari - Secretaria de Esportes<\/title>\n<meta name=\"robots\" content=\"index, follow, max-snippet:-1, max-image-preview:large, max-video-preview:-1\" \/>\n<link rel=\"canonical\" href=\"https:\/\/www.pmpf.rs.gov.br\/esportes\/luiz-felipe-scolari\/\" \/>\n<meta property=\"og:locale\" content=\"pt_BR\" \/>\n<meta property=\"og:type\" content=\"article\" \/>\n<meta property=\"og:title\" content=\"Luiz Felipe Scolari - Secretaria de Esportes\" \/>\n<meta property=\"og:description\" content=\"Nascido em 1948 na cidade de Passo Fundo, se interessou no futebol logo cedo por influ\u00eancia de seu pai, Benjamin Scolari, que atuou como zagueiro no sul do pa\u00eds. Felip\u00e3o iniciou sua [&hellip;]\" \/>\n<meta property=\"og:url\" content=\"https:\/\/www.pmpf.rs.gov.br\/esportes\/luiz-felipe-scolari\/\" \/>\n<meta property=\"og:site_name\" content=\"Secretaria de Esportes\" \/>\n<meta property=\"article:modified_time\" content=\"2022-09-15T14:14:27+00:00\" \/>\n<meta property=\"og:image\" content=\"https:\/\/www.pmpf.rs.gov.br\/secretaria-extraordinaria-de-esportes\/wp-content\/uploads\/sites\/44\/2022\/04\/luiz-felipe-scolari01-1024x748.jpg\" \/>\n<meta name=\"twitter:card\" content=\"summary_large_image\" \/>\n<meta name=\"twitter:label1\" content=\"Est. tempo de leitura\" \/>\n\t<meta name=\"twitter:data1\" content=\"1 minuto\" \/>\n<script type=\"application\/ld+json\" class=\"yoast-schema-graph\">{\"@context\":\"https:\/\/schema.org\",\"@graph\":[{\"@type\":\"WebPage\",\"@id\":\"https:\/\/www.pmpf.rs.gov.br\/esportes\/luiz-felipe-scolari\/\",\"url\":\"https:\/\/www.pmpf.rs.gov.br\/esportes\/luiz-felipe-scolari\/\",\"name\":\"Luiz Felipe Scolari - Secretaria de Esportes\",\"isPartOf\":{\"@id\":\"https:\/\/www.pmpf.rs.gov.br\/esportes\/#website\"},\"primaryImageOfPage\":{\"@id\":\"https:\/\/www.pmpf.rs.gov.br\/esportes\/luiz-felipe-scolari\/#primaryimage\"},\"image\":{\"@id\":\"https:\/\/www.pmpf.rs.gov.br\/esportes\/luiz-felipe-scolari\/#primaryimage\"},\"thumbnailUrl\":\"https:\/\/www.pmpf.rs.gov.br\/secretaria-extraordinaria-de-esportes\/wp-content\/uploads\/sites\/44\/2022\/04\/luiz-felipe-scolari01-1024x748.jpg\",\"datePublished\":\"2022-04-12T19:54:06+00:00\",\"dateModified\":\"2022-09-15T14:14:27+00:00\",\"inLanguage\":\"pt-BR\",\"potentialAction\":[{\"@type\":\"ReadAction\",\"target\":[\"https:\/\/www.pmpf.rs.gov.br\/esportes\/luiz-felipe-scolari\/\"]}]},{\"@type\":\"ImageObject\",\"inLanguage\":\"pt-BR\",\"@id\":\"https:\/\/www.pmpf.rs.gov.br\/esportes\/luiz-felipe-scolari\/#primaryimage\",\"url\":\"https:\/\/www.pmpf.rs.gov.br\/secretaria-extraordinaria-de-esportes\/wp-content\/uploads\/sites\/44\/2022\/04\/luiz-felipe-scolari01-1024x748.jpg\",\"contentUrl\":\"https:\/\/www.pmpf.rs.gov.br\/secretaria-extraordinaria-de-esportes\/wp-content\/uploads\/sites\/44\/2022\/04\/luiz-felipe-scolari01-1024x748.jpg\"},{\"@type\":\"WebSite\",\"@id\":\"https:\/\/www.pmpf.rs.gov.br\/esportes\/#website\",\"url\":\"https:\/\/www.pmpf.rs.gov.br\/esportes\/\",\"name\":\"Secretaria de Esportes\",\"description\":\"Site Secretaria de Esporte da Prefeitura de Passo Fundo\",\"potentialAction\":[{\"@type\":\"SearchAction\",\"target\":{\"@type\":\"EntryPoint\",\"urlTemplate\":\"https:\/\/www.pmpf.rs.gov.br\/esportes\/?s={search_term_string}\"},\"query-input\":{\"@type\":\"PropertyValueSpecification\",\"valueRequired\":true,\"valueName\":\"search_term_string\"}}],\"inLanguage\":\"pt-BR\"}]}<\/script>\n<!-- \/ Yoast SEO plugin. -->","yoast_head_json":{"title":"Luiz Felipe Scolari - Secretaria de Esportes","robots":{"index":"index","follow":"follow","max-snippet":"max-snippet:-1","max-image-preview":"max-image-preview:large","max-video-preview":"max-video-preview:-1"},"canonical":"https:\/\/www.pmpf.rs.gov.br\/esportes\/luiz-felipe-scolari\/","og_locale":"pt_BR","og_type":"article","og_title":"Luiz Felipe Scolari - Secretaria de Esportes","og_description":"Nascido em 1948 na cidade de Passo Fundo, se interessou no futebol logo cedo por influ\u00eancia de seu pai, Benjamin Scolari, que atuou como zagueiro no sul do pa\u00eds. Felip\u00e3o iniciou sua [&hellip;]","og_url":"https:\/\/www.pmpf.rs.gov.br\/esportes\/luiz-felipe-scolari\/","og_site_name":"Secretaria de Esportes","article_modified_time":"2022-09-15T14:14:27+00:00","og_image":[{"url":"https:\/\/www.pmpf.rs.gov.br\/secretaria-extraordinaria-de-esportes\/wp-content\/uploads\/sites\/44\/2022\/04\/luiz-felipe-scolari01-1024x748.jpg"}],"twitter_card":"summary_large_image","twitter_misc":{"Est. tempo de leitura":"1 minuto"},"schema":{"@context":"https:\/\/schema.org","@graph":[{"@type":"WebPage","@id":"https:\/\/www.pmpf.rs.gov.br\/esportes\/luiz-felipe-scolari\/","url":"https:\/\/www.pmpf.rs.gov.br\/esportes\/luiz-felipe-scolari\/","name":"Luiz Felipe Scolari - Secretaria de Esportes","isPartOf":{"@id":"https:\/\/www.pmpf.rs.gov.br\/esportes\/#website"},"primaryImageOfPage":{"@id":"https:\/\/www.pmpf.rs.gov.br\/esportes\/luiz-felipe-scolari\/#primaryimage"},"image":{"@id":"https:\/\/www.pmpf.rs.gov.br\/esportes\/luiz-felipe-scolari\/#primaryimage"},"thumbnailUrl":"https:\/\/www.pmpf.rs.gov.br\/secretaria-extraordinaria-de-esportes\/wp-content\/uploads\/sites\/44\/2022\/04\/luiz-felipe-scolari01-1024x748.jpg","datePublished":"2022-04-12T19:54:06+00:00","dateModified":"2022-09-15T14:14:27+00:00","inLanguage":"pt-BR","potentialAction":[{"@type":"ReadAction","target":["https:\/\/www.pmpf.rs.gov.br\/esportes\/luiz-felipe-scolari\/"]}]},{"@type":"ImageObject","inLanguage":"pt-BR","@id":"https:\/\/www.pmpf.rs.gov.br\/esportes\/luiz-felipe-scolari\/#primaryimage","url":"https:\/\/www.pmpf.rs.gov.br\/secretaria-extraordinaria-de-esportes\/wp-content\/uploads\/sites\/44\/2022\/04\/luiz-felipe-scolari01-1024x748.jpg","contentUrl":"https:\/\/www.pmpf.rs.gov.br\/secretaria-extraordinaria-de-esportes\/wp-content\/uploads\/sites\/44\/2022\/04\/luiz-felipe-scolari01-1024x748.jpg"},{"@type":"WebSite","@id":"https:\/\/www.pmpf.rs.gov.br\/esportes\/#website","url":"https:\/\/www.pmpf.rs.gov.br\/esportes\/","name":"Secretaria de Esportes","description":"Site Secretaria de Esporte da Prefeitura de Passo Fundo","potentialAction":[{"@type":"SearchAction","target":{"@type":"EntryPoint","urlTemplate":"https:\/\/www.pmpf.rs.gov.br\/esportes\/?s={search_term_string}"},"query-input":{"@type":"PropertyValueSpecification","valueRequired":true,"valueName":"search_term_string"}}],"inLanguage":"pt-BR"}]}},"_links":{"self":[{"href":"https:\/\/www.pmpf.rs.gov.br\/esportes\/wp-json\/wp\/v2\/pages\/916"}],"collection":[{"href":"https:\/\/www.pmpf.rs.gov.br\/esportes\/wp-json\/wp\/v2\/pages"}],"about":[{"href":"https:\/\/www.pmpf.rs.gov.br\/esportes\/wp-json\/wp\/v2\/types\/page"}],"author":[{"embeddable":true,"href":"https:\/\/www.pmpf.rs.gov.br\/esportes\/wp-json\/wp\/v2\/users\/4"}],"replies":[{"embeddable":true,"href":"https:\/\/www.pmpf.rs.gov.br\/esportes\/wp-json\/wp\/v2\/comments?post=916"}],"version-history":[{"count":5,"href":"https:\/\/www.pmpf.rs.gov.br\/esportes\/wp-json\/wp\/v2\/pages\/916\/revisions"}],"predecessor-version":[{"id":1121,"href":"https:\/\/www.pmpf.rs.gov.br\/esportes\/wp-json\/wp\/v2\/pages\/916\/revisions\/1121"}],"wp:attachment":[{"href":"https:\/\/www.pmpf.rs.gov.br\/esportes\/wp-json\/wp\/v2\/media?parent=916"}],"curies":[{"name":"wp","href":"https:\/\/api.w.org\/{rel}","templated":true}]}}