{"id":899,"date":"2022-04-12T16:31:32","date_gmt":"2022-04-12T19:31:32","guid":{"rendered":"https:\/\/www.pmpf.rs.gov.br\/secretaria-extraordinaria-de-esportes\/?page_id=899"},"modified":"2022-09-15T11:11:48","modified_gmt":"2022-09-15T14:11:48","slug":"murilo-endres","status":"publish","type":"page","link":"https:\/\/www.pmpf.rs.gov.br\/esportes\/murilo-endres\/","title":{"rendered":"Murilo Endres"},"content":{"rendered":"\n<p>Natural de Passo Fundo, Murilo nasceu no ano de 1981 e iniciou sua carreira profissional jogando no Esporte Clube Banespa em 1999. <\/p>\n\n\n\n<p>Sua chegada \u00e0 Sele\u00e7\u00e3o Brasileira de Voleibol aconteceu logo em 2000 na equipe juvenil, permanecendo at\u00e9 2001. Entre os anos de 2003 e 2004, estreou na equipe principal que conquistou a Liga Mundial de Voleibol em Roma 2004.<\/p>\n\n\n\n<p>\ud83d\udc8eMurilo \u00e9 outra joia esportiva que saiu de nossa cidade e at\u00e9 hoje considerado um dos melhores jogadores que j\u00e1 passaram por nossa sele\u00e7\u00e3o principal.<\/p>\n\n\n\n<p><br><strong>Seus principais t\u00edtulos s\u00e3o:<\/strong><br>\ud83e\udd48 Vice-Campe\u00e3o Ol\u00edmpico em Pequim 2008;<br>\ud83e\udd48 Vice-campe\u00e3o Ol\u00edmpico em Londres 2012;<br>\ud83c\udfc6 Campe\u00e3o da Copa do Mundo de Voleibol no Jap\u00e3o em 2007;<br>\ud83c\udfc6\ud83c\udfc6 Campe\u00e3o do Campeonato Mundial de Voleibol no Jap\u00e3o em 2006 e na It\u00e1lia em 2010;<br>\ud83e\udd47 Medalha de Ouro no Pan do Rio de Janeiro 2007;<br>\ud83c\udfc6 6 vezes Campe\u00e3o da Liga Mundial de Voleibol;<br>\ud83c\udfc6 4 vezes Campe\u00e3o Sul-americano de Voleibol;<br>\ud83c\udfc6\ud83c\udfc6 Campe\u00e3o da Copa dos Campe\u00f5es de Voleibol no Jap\u00e3o em 2005 e 2009;<br>\ud83c\udfc5 MVP Liga Mundial de V\u00f4lei FIVB em C\u00f3rdoba 2010;<br>\ud83c\udfc5 MVP Olimp\u00edadas de Londres em Londres 2012.<br>Atualmente Murilo est\u00e1 atuando pelo time principal do SESI\/SP.<\/p>\n\n\n\n<p><strong>Siga:<\/strong><\/p>\n\n\n\n<ul class=\"wp-block-social-links is-layout-flex wp-block-social-links-is-layout-flex\"><li class=\"wp-social-link wp-social-link-instagram  wp-block-social-link\"><a href=\"https:\/\/@murilovolei8\" class=\"wp-block-social-link-anchor\"><svg width=\"24\" height=\"24\" viewBox=\"0 0 24 24\" version=\"1.1\" xmlns=\"http:\/\/www.w3.org\/2000\/svg\" aria-hidden=\"true\" focusable=\"false\"><path d=\"M12,4.622c2.403,0,2.688,0.009,3.637,0.052c0.877,0.04,1.354,0.187,1.671,0.31c0.42,0.163,0.72,0.358,1.035,0.673 c0.315,0.315,0.51,0.615,0.673,1.035c0.123,0.317,0.27,0.794,0.31,1.671c0.043,0.949,0.052,1.234,0.052,3.637 s-0.009,2.688-0.052,3.637c-0.04,0.877-0.187,1.354-0.31,1.671c-0.163,0.42-0.358,0.72-0.673,1.035 c-0.315,0.315-0.615,0.51-1.035,0.673c-0.317,0.123-0.794,0.27-1.671,0.31c-0.949,0.043-1.233,0.052-3.637,0.052 s-2.688-0.009-3.637-0.052c-0.877-0.04-1.354-0.187-1.671-0.31c-0.42-0.163-0.72-0.358-1.035-0.673 c-0.315-0.315-0.51-0.615-0.673-1.035c-0.123-0.317-0.27-0.794-0.31-1.671C4.631,14.688,4.622,14.403,4.622,12 s0.009-2.688,0.052-3.637c0.04-0.877,0.187-1.354,0.31-1.671c0.163-0.42,0.358-0.72,0.673-1.035 c0.315-0.315,0.615-0.51,1.035-0.673c0.317-0.123,0.794-0.27,1.671-0.31C9.312,4.631,9.597,4.622,12,4.622 M12,3 C9.556,3,9.249,3.01,8.289,3.054C7.331,3.098,6.677,3.25,6.105,3.472C5.513,3.702,5.011,4.01,4.511,4.511 c-0.5,0.5-0.808,1.002-1.038,1.594C3.25,6.677,3.098,7.331,3.054,8.289C3.01,9.249,3,9.556,3,12c0,2.444,0.01,2.751,0.054,3.711 c0.044,0.958,0.196,1.612,0.418,2.185c0.23,0.592,0.538,1.094,1.038,1.594c0.5,0.5,1.002,0.808,1.594,1.038 c0.572,0.222,1.227,0.375,2.185,0.418C9.249,20.99,9.556,21,12,21s2.751-0.01,3.711-0.054c0.958-0.044,1.612-0.196,2.185-0.418 c0.592-0.23,1.094-0.538,1.594-1.038c0.5-0.5,0.808-1.002,1.038-1.594c0.222-0.572,0.375-1.227,0.418-2.185 C20.99,14.751,21,14.444,21,12s-0.01-2.751-0.054-3.711c-0.044-0.958-0.196-1.612-0.418-2.185c-0.23-0.592-0.538-1.094-1.038-1.594 c-0.5-0.5-1.002-0.808-1.594-1.038c-0.572-0.222-1.227-0.375-2.185-0.418C14.751,3.01,14.444,3,12,3L12,3z M12,7.378 c-2.552,0-4.622,2.069-4.622,4.622S9.448,16.622,12,16.622s4.622-2.069,4.622-4.622S14.552,7.378,12,7.378z M12,15 c-1.657,0-3-1.343-3-3s1.343-3,3-3s3,1.343,3,3S13.657,15,12,15z M16.804,6.116c-0.596,0-1.08,0.484-1.08,1.08 s0.484,1.08,1.08,1.08c0.596,0,1.08-0.484,1.08-1.08S17.401,6.116,16.804,6.116z\"><\/path><\/svg><span class=\"wp-block-social-link-label screen-reader-text\">Instagram<\/span><\/a><\/li><\/ul>\n\n\n\n<hr class=\"wp-block-separator\"\/>\n\n\n\n<figure class=\"wp-block-gallery has-nested-images columns-2 is-cropped wp-block-gallery-1 is-layout-flex wp-block-gallery-is-layout-flex\">\n<figure class=\"wp-block-image size-large is-style-default\"><a href=\"https:\/\/www.pmpf.rs.gov.br\/secretaria-extraordinaria-de-esportes\/wp-content\/uploads\/sites\/44\/2022\/04\/murilo-endres1-2048x2048-1.jpg\"><img loading=\"lazy\" decoding=\"async\" width=\"2048\" height=\"1363\" data-id=\"900\" src=\"https:\/\/www.pmpf.rs.gov.br\/secretaria-extraordinaria-de-esportes\/wp-content\/uploads\/sites\/44\/2022\/04\/murilo-endres1-2048x2048-1.jpg\" alt=\"RIO DE JANEIRO, BRAZIL - JUNE 16: Murilo Endres #8 of Brazil celebrates a point during the match between Brazil and Iran on the FIVB World League 2016 - Day 1 at Carioca Arena 1 on June 16, 2016 in Rio de Janeiro, Brazil. (Photo by Alexandre Loureiro\/Getty Images)\" class=\"wp-image-900\" srcset=\"https:\/\/www.pmpf.rs.gov.br\/esportes\/wp-content\/uploads\/sites\/44\/2022\/04\/murilo-endres1-2048x2048-1.jpg 2048w, https:\/\/www.pmpf.rs.gov.br\/esportes\/wp-content\/uploads\/sites\/44\/2022\/04\/murilo-endres1-2048x2048-1-300x200.jpg 300w, https:\/\/www.pmpf.rs.gov.br\/esportes\/wp-content\/uploads\/sites\/44\/2022\/04\/murilo-endres1-2048x2048-1-1024x682.jpg 1024w, https:\/\/www.pmpf.rs.gov.br\/esportes\/wp-content\/uploads\/sites\/44\/2022\/04\/murilo-endres1-2048x2048-1-768x511.jpg 768w, https:\/\/www.pmpf.rs.gov.br\/esportes\/wp-content\/uploads\/sites\/44\/2022\/04\/murilo-endres1-2048x2048-1-1536x1022.jpg 1536w\" sizes=\"(max-width: 2048px) 100vw, 2048px\" \/><\/a><\/figure>\n\n\n\n<figure class=\"wp-block-image size-large is-style-default\"><a href=\"https:\/\/www.pmpf.rs.gov.br\/secretaria-extraordinaria-de-esportes\/wp-content\/uploads\/sites\/44\/2022\/04\/murilo-endres2-2048x2048-2.jpg\"><img loading=\"lazy\" decoding=\"async\" width=\"1024\" height=\"683\" data-id=\"904\" src=\"https:\/\/www.pmpf.rs.gov.br\/secretaria-extraordinaria-de-esportes\/wp-content\/uploads\/sites\/44\/2022\/04\/murilo-endres2-2048x2048-2-1024x683.jpg\" alt=\"LONDON, ENGLAND - AUGUST 10:  Dante Amaral #18, Murilo Endres #8  and Sergio Santos #10 of Brazil react after a point against Italy during the Men's Volleyball Semifinals on Day 14 of the London 2012 Olympic Games at Earls Court on August 10, 2012 in London, England.  (Photo by Elsa\/Getty Images)\" class=\"wp-image-904\" srcset=\"https:\/\/www.pmpf.rs.gov.br\/esportes\/wp-content\/uploads\/sites\/44\/2022\/04\/murilo-endres2-2048x2048-2-1024x683.jpg 1024w, https:\/\/www.pmpf.rs.gov.br\/esportes\/wp-content\/uploads\/sites\/44\/2022\/04\/murilo-endres2-2048x2048-2-300x200.jpg 300w, https:\/\/www.pmpf.rs.gov.br\/esportes\/wp-content\/uploads\/sites\/44\/2022\/04\/murilo-endres2-2048x2048-2-768x512.jpg 768w, https:\/\/www.pmpf.rs.gov.br\/esportes\/wp-content\/uploads\/sites\/44\/2022\/04\/murilo-endres2-2048x2048-2-1536x1024.jpg 1536w, https:\/\/www.pmpf.rs.gov.br\/esportes\/wp-content\/uploads\/sites\/44\/2022\/04\/murilo-endres2-2048x2048-2.jpg 2048w\" sizes=\"(max-width: 1024px) 100vw, 1024px\" \/><\/a><\/figure>\n\n\n\n<figure class=\"wp-block-image size-large is-style-default\"><a href=\"https:\/\/www.pmpf.rs.gov.br\/secretaria-extraordinaria-de-esportes\/wp-content\/uploads\/sites\/44\/2022\/04\/murilo-endres3-2048x2048-2.jpg\"><img loading=\"lazy\" decoding=\"async\" width=\"1024\" height=\"655\" data-id=\"905\" src=\"https:\/\/www.pmpf.rs.gov.br\/secretaria-extraordinaria-de-esportes\/wp-content\/uploads\/sites\/44\/2022\/04\/murilo-endres3-2048x2048-2-1024x655.jpg\" alt=\"Brazil's Murilo Endres (L) and Ricardo Lucarelli Santos De Souza react during the FIVB Mens Volleyball World Championship Round 3 match Russia vs Brazil in Lodz, Poland on September 17, 2014. AFP PHOTO\/JANEK SKARZYNSKI        (Photo credit should read JANEK SKARZYNSKI\/AFP via Getty Images)\" class=\"wp-image-905\" srcset=\"https:\/\/www.pmpf.rs.gov.br\/esportes\/wp-content\/uploads\/sites\/44\/2022\/04\/murilo-endres3-2048x2048-2-1024x655.jpg 1024w, https:\/\/www.pmpf.rs.gov.br\/esportes\/wp-content\/uploads\/sites\/44\/2022\/04\/murilo-endres3-2048x2048-2-300x192.jpg 300w, https:\/\/www.pmpf.rs.gov.br\/esportes\/wp-content\/uploads\/sites\/44\/2022\/04\/murilo-endres3-2048x2048-2-768x491.jpg 768w, https:\/\/www.pmpf.rs.gov.br\/esportes\/wp-content\/uploads\/sites\/44\/2022\/04\/murilo-endres3-2048x2048-2-1536x982.jpg 1536w, https:\/\/www.pmpf.rs.gov.br\/esportes\/wp-content\/uploads\/sites\/44\/2022\/04\/murilo-endres3-2048x2048-2.jpg 2048w\" sizes=\"(max-width: 1024px) 100vw, 1024px\" \/><\/a><\/figure>\n\n\n\n<figure class=\"wp-block-image size-large is-style-default\"><a href=\"https:\/\/www.pmpf.rs.gov.br\/secretaria-extraordinaria-de-esportes\/wp-content\/uploads\/sites\/44\/2022\/04\/murilo-endres4-2048x2048-1.jpg\"><img loading=\"lazy\" decoding=\"async\" width=\"2048\" height=\"1363\" data-id=\"903\" src=\"https:\/\/www.pmpf.rs.gov.br\/secretaria-extraordinaria-de-esportes\/wp-content\/uploads\/sites\/44\/2022\/04\/murilo-endres4-2048x2048-1.jpg\" alt=\"RIO DE JANEIRO, BRAZIL - JUNE 16: Murilo Endres #8 of Brazil celebrates a point during the match between Brazil and Iran on the FIVB World League 2016 - Day 1 at Carioca Arena 1 on June 16, 2016 in Rio de Janeiro, Brazil. (Photo by Alexandre Loureiro\/Getty Images)\" class=\"wp-image-903\" srcset=\"https:\/\/www.pmpf.rs.gov.br\/esportes\/wp-content\/uploads\/sites\/44\/2022\/04\/murilo-endres4-2048x2048-1.jpg 2048w, https:\/\/www.pmpf.rs.gov.br\/esportes\/wp-content\/uploads\/sites\/44\/2022\/04\/murilo-endres4-2048x2048-1-300x200.jpg 300w, https:\/\/www.pmpf.rs.gov.br\/esportes\/wp-content\/uploads\/sites\/44\/2022\/04\/murilo-endres4-2048x2048-1-1024x682.jpg 1024w, https:\/\/www.pmpf.rs.gov.br\/esportes\/wp-content\/uploads\/sites\/44\/2022\/04\/murilo-endres4-2048x2048-1-768x511.jpg 768w, https:\/\/www.pmpf.rs.gov.br\/esportes\/wp-content\/uploads\/sites\/44\/2022\/04\/murilo-endres4-2048x2048-1-1536x1022.jpg 1536w\" sizes=\"(max-width: 2048px) 100vw, 2048px\" \/><\/a><\/figure>\n<\/figure>\n\n\n\n<p><br>\ud83d\udcf8: Getty Images<\/p>\n\n\n\n<hr class=\"wp-block-separator\"\/>\n","protected":false},"excerpt":{"rendered":"<p>Natural de Passo Fundo, Murilo nasceu no ano de 1981 e iniciou sua carreira profissional jogando no Esporte Clube Banespa em 1999. Sua chegada \u00e0 Sele\u00e7\u00e3o Brasileira de Voleibol aconteceu logo em [&hellip;]<\/p>\n","protected":false},"author":4,"featured_media":0,"parent":0,"menu_order":0,"comment_status":"closed","ping_status":"closed","template":"","meta":{"footnotes":""},"class_list":["post-899","page","type-page","status-publish","hentry"],"yoast_head":"<!-- This site is optimized with the Yoast SEO plugin v23.8 - https:\/\/yoast.com\/wordpress\/plugins\/seo\/ -->\n<title>Murilo Endres - Secretaria de Esportes<\/title>\n<meta name=\"robots\" content=\"index, follow, max-snippet:-1, max-image-preview:large, max-video-preview:-1\" \/>\n<link rel=\"canonical\" href=\"https:\/\/www.pmpf.rs.gov.br\/esportes\/murilo-endres\/\" \/>\n<meta property=\"og:locale\" content=\"pt_BR\" \/>\n<meta property=\"og:type\" content=\"article\" \/>\n<meta property=\"og:title\" content=\"Murilo Endres - Secretaria de Esportes\" \/>\n<meta property=\"og:description\" content=\"Natural de Passo Fundo, Murilo nasceu no ano de 1981 e iniciou sua carreira profissional jogando no Esporte Clube Banespa em 1999. Sua chegada \u00e0 Sele\u00e7\u00e3o Brasileira de Voleibol aconteceu logo em [&hellip;]\" \/>\n<meta property=\"og:url\" content=\"https:\/\/www.pmpf.rs.gov.br\/esportes\/murilo-endres\/\" \/>\n<meta property=\"og:site_name\" content=\"Secretaria de Esportes\" \/>\n<meta property=\"article:modified_time\" content=\"2022-09-15T14:11:48+00:00\" \/>\n<meta property=\"og:image\" content=\"https:\/\/www.pmpf.rs.gov.br\/secretaria-extraordinaria-de-esportes\/wp-content\/uploads\/sites\/44\/2022\/04\/murilo-endres1-2048x2048-1.jpg\" \/>\n<meta name=\"twitter:card\" content=\"summary_large_image\" \/>\n<meta name=\"twitter:label1\" content=\"Est. tempo de leitura\" \/>\n\t<meta name=\"twitter:data1\" content=\"1 minuto\" \/>\n<script type=\"application\/ld+json\" class=\"yoast-schema-graph\">{\"@context\":\"https:\/\/schema.org\",\"@graph\":[{\"@type\":\"WebPage\",\"@id\":\"https:\/\/www.pmpf.rs.gov.br\/esportes\/murilo-endres\/\",\"url\":\"https:\/\/www.pmpf.rs.gov.br\/esportes\/murilo-endres\/\",\"name\":\"Murilo Endres - Secretaria de Esportes\",\"isPartOf\":{\"@id\":\"https:\/\/www.pmpf.rs.gov.br\/esportes\/#website\"},\"primaryImageOfPage\":{\"@id\":\"https:\/\/www.pmpf.rs.gov.br\/esportes\/murilo-endres\/#primaryimage\"},\"image\":{\"@id\":\"https:\/\/www.pmpf.rs.gov.br\/esportes\/murilo-endres\/#primaryimage\"},\"thumbnailUrl\":\"https:\/\/www.pmpf.rs.gov.br\/secretaria-extraordinaria-de-esportes\/wp-content\/uploads\/sites\/44\/2022\/04\/murilo-endres1-2048x2048-1.jpg\",\"datePublished\":\"2022-04-12T19:31:32+00:00\",\"dateModified\":\"2022-09-15T14:11:48+00:00\",\"inLanguage\":\"pt-BR\",\"potentialAction\":[{\"@type\":\"ReadAction\",\"target\":[\"https:\/\/www.pmpf.rs.gov.br\/esportes\/murilo-endres\/\"]}]},{\"@type\":\"ImageObject\",\"inLanguage\":\"pt-BR\",\"@id\":\"https:\/\/www.pmpf.rs.gov.br\/esportes\/murilo-endres\/#primaryimage\",\"url\":\"https:\/\/www.pmpf.rs.gov.br\/secretaria-extraordinaria-de-esportes\/wp-content\/uploads\/sites\/44\/2022\/04\/murilo-endres1-2048x2048-1.jpg\",\"contentUrl\":\"https:\/\/www.pmpf.rs.gov.br\/secretaria-extraordinaria-de-esportes\/wp-content\/uploads\/sites\/44\/2022\/04\/murilo-endres1-2048x2048-1.jpg\"},{\"@type\":\"WebSite\",\"@id\":\"https:\/\/www.pmpf.rs.gov.br\/esportes\/#website\",\"url\":\"https:\/\/www.pmpf.rs.gov.br\/esportes\/\",\"name\":\"Secretaria de Esportes\",\"description\":\"Site Secretaria de Esporte da Prefeitura de Passo Fundo\",\"potentialAction\":[{\"@type\":\"SearchAction\",\"target\":{\"@type\":\"EntryPoint\",\"urlTemplate\":\"https:\/\/www.pmpf.rs.gov.br\/esportes\/?s={search_term_string}\"},\"query-input\":{\"@type\":\"PropertyValueSpecification\",\"valueRequired\":true,\"valueName\":\"search_term_string\"}}],\"inLanguage\":\"pt-BR\"}]}<\/script>\n<!-- \/ Yoast SEO plugin. -->","yoast_head_json":{"title":"Murilo Endres - Secretaria de Esportes","robots":{"index":"index","follow":"follow","max-snippet":"max-snippet:-1","max-image-preview":"max-image-preview:large","max-video-preview":"max-video-preview:-1"},"canonical":"https:\/\/www.pmpf.rs.gov.br\/esportes\/murilo-endres\/","og_locale":"pt_BR","og_type":"article","og_title":"Murilo Endres - Secretaria de Esportes","og_description":"Natural de Passo Fundo, Murilo nasceu no ano de 1981 e iniciou sua carreira profissional jogando no Esporte Clube Banespa em 1999. Sua chegada \u00e0 Sele\u00e7\u00e3o Brasileira de Voleibol aconteceu logo em [&hellip;]","og_url":"https:\/\/www.pmpf.rs.gov.br\/esportes\/murilo-endres\/","og_site_name":"Secretaria de Esportes","article_modified_time":"2022-09-15T14:11:48+00:00","og_image":[{"url":"https:\/\/www.pmpf.rs.gov.br\/secretaria-extraordinaria-de-esportes\/wp-content\/uploads\/sites\/44\/2022\/04\/murilo-endres1-2048x2048-1.jpg"}],"twitter_card":"summary_large_image","twitter_misc":{"Est. tempo de leitura":"1 minuto"},"schema":{"@context":"https:\/\/schema.org","@graph":[{"@type":"WebPage","@id":"https:\/\/www.pmpf.rs.gov.br\/esportes\/murilo-endres\/","url":"https:\/\/www.pmpf.rs.gov.br\/esportes\/murilo-endres\/","name":"Murilo Endres - Secretaria de Esportes","isPartOf":{"@id":"https:\/\/www.pmpf.rs.gov.br\/esportes\/#website"},"primaryImageOfPage":{"@id":"https:\/\/www.pmpf.rs.gov.br\/esportes\/murilo-endres\/#primaryimage"},"image":{"@id":"https:\/\/www.pmpf.rs.gov.br\/esportes\/murilo-endres\/#primaryimage"},"thumbnailUrl":"https:\/\/www.pmpf.rs.gov.br\/secretaria-extraordinaria-de-esportes\/wp-content\/uploads\/sites\/44\/2022\/04\/murilo-endres1-2048x2048-1.jpg","datePublished":"2022-04-12T19:31:32+00:00","dateModified":"2022-09-15T14:11:48+00:00","inLanguage":"pt-BR","potentialAction":[{"@type":"ReadAction","target":["https:\/\/www.pmpf.rs.gov.br\/esportes\/murilo-endres\/"]}]},{"@type":"ImageObject","inLanguage":"pt-BR","@id":"https:\/\/www.pmpf.rs.gov.br\/esportes\/murilo-endres\/#primaryimage","url":"https:\/\/www.pmpf.rs.gov.br\/secretaria-extraordinaria-de-esportes\/wp-content\/uploads\/sites\/44\/2022\/04\/murilo-endres1-2048x2048-1.jpg","contentUrl":"https:\/\/www.pmpf.rs.gov.br\/secretaria-extraordinaria-de-esportes\/wp-content\/uploads\/sites\/44\/2022\/04\/murilo-endres1-2048x2048-1.jpg"},{"@type":"WebSite","@id":"https:\/\/www.pmpf.rs.gov.br\/esportes\/#website","url":"https:\/\/www.pmpf.rs.gov.br\/esportes\/","name":"Secretaria de Esportes","description":"Site Secretaria de Esporte da Prefeitura de Passo Fundo","potentialAction":[{"@type":"SearchAction","target":{"@type":"EntryPoint","urlTemplate":"https:\/\/www.pmpf.rs.gov.br\/esportes\/?s={search_term_string}"},"query-input":{"@type":"PropertyValueSpecification","valueRequired":true,"valueName":"search_term_string"}}],"inLanguage":"pt-BR"}]}},"_links":{"self":[{"href":"https:\/\/www.pmpf.rs.gov.br\/esportes\/wp-json\/wp\/v2\/pages\/899"}],"collection":[{"href":"https:\/\/www.pmpf.rs.gov.br\/esportes\/wp-json\/wp\/v2\/pages"}],"about":[{"href":"https:\/\/www.pmpf.rs.gov.br\/esportes\/wp-json\/wp\/v2\/types\/page"}],"author":[{"embeddable":true,"href":"https:\/\/www.pmpf.rs.gov.br\/esportes\/wp-json\/wp\/v2\/users\/4"}],"replies":[{"embeddable":true,"href":"https:\/\/www.pmpf.rs.gov.br\/esportes\/wp-json\/wp\/v2\/comments?post=899"}],"version-history":[{"count":6,"href":"https:\/\/www.pmpf.rs.gov.br\/esportes\/wp-json\/wp\/v2\/pages\/899\/revisions"}],"predecessor-version":[{"id":1118,"href":"https:\/\/www.pmpf.rs.gov.br\/esportes\/wp-json\/wp\/v2\/pages\/899\/revisions\/1118"}],"wp:attachment":[{"href":"https:\/\/www.pmpf.rs.gov.br\/esportes\/wp-json\/wp\/v2\/media?parent=899"}],"curies":[{"name":"wp","href":"https:\/\/api.w.org\/{rel}","templated":true}]}}