{"id":879,"date":"2022-04-08T13:55:35","date_gmt":"2022-04-08T16:55:35","guid":{"rendered":"https:\/\/www.pmpf.rs.gov.br\/secretaria-extraordinaria-de-esportes\/?page_id=879"},"modified":"2022-09-16T16:23:41","modified_gmt":"2022-09-16T19:23:41","slug":"gustavo-endres","status":"publish","type":"page","link":"https:\/\/www.pmpf.rs.gov.br\/esportes\/gustavo-endres\/","title":{"rendered":"Gustavo Endres"},"content":{"rendered":"\n<p>Nascido em Passo Fundo no ano de 1975, Gustavo iniciou sua carreira jogando na rua e na escola com seus amigos, tempos depois passou em uma peneira e integrou a equipe do Esporte Clube Banespa em 1993. Sua chegada na Sele\u00e7\u00e3o Brasileira de Voleibol aconteceu j\u00e1 em 1994, participando da equipe juvenil at\u00e9 1995 e, em 1997 foi a vez de usar a camiseta da sele\u00e7\u00e3o principal.<br>\ud83d\udc8eGustavo \u00e9 uma das maiores joias esportivas que j\u00e1 sa\u00edram de nossa cidade.<\/p>\n\n\n\n<p><br><strong>Seus principais t\u00edtulos s\u00e3o:<\/strong><br>\ud83e\udd47 Campe\u00e3o Ol\u00edmpico em Atenas 2004;<br>\ud83e\udd48Vice-campe\u00e3o Ol\u00edmpico em Pequim 2008:<br>\ud83c\udfc6\ud83c\udfc6 Campe\u00e3o da Copa do Mundo de Voleibol no Jap\u00e3o em 2003 e 2007;<br>\ud83c\udfc6\ud83c\udfc6 Campe\u00e3o do Campeonato Mundial de Voleibol em Buenos Aires em 2002 e T\u00f3quio 2006;<br>\ud83e\udd47\ud83e\udd47 Medalha de Ouro no Pan do Rio de Janeiro 2007 e Guadalajara 2011;<br>\ud83c\udfc6 6X Campe\u00e3o da Liga Mundial de Voleibol;<br>\ud83c\udfc6 Campe\u00e3o da Copa dos Campe\u00f5es de Voleibol no Jap\u00e3o em 2005.<br>Atualmente Gustavo participa ativamente de projetos sociais ligados ao voleibol.<br><strong>Siga:<\/strong> <\/p>\n\n\n\n<ul class=\"wp-block-social-links is-layout-flex wp-block-social-links-is-layout-flex\"><li class=\"wp-social-link wp-social-link-instagram  wp-block-social-link\"><a href=\"https:\/\/www.instagram.com\/gustavollei\" class=\"wp-block-social-link-anchor\"><svg width=\"24\" height=\"24\" viewBox=\"0 0 24 24\" version=\"1.1\" xmlns=\"http:\/\/www.w3.org\/2000\/svg\" aria-hidden=\"true\" focusable=\"false\"><path d=\"M12,4.622c2.403,0,2.688,0.009,3.637,0.052c0.877,0.04,1.354,0.187,1.671,0.31c0.42,0.163,0.72,0.358,1.035,0.673 c0.315,0.315,0.51,0.615,0.673,1.035c0.123,0.317,0.27,0.794,0.31,1.671c0.043,0.949,0.052,1.234,0.052,3.637 s-0.009,2.688-0.052,3.637c-0.04,0.877-0.187,1.354-0.31,1.671c-0.163,0.42-0.358,0.72-0.673,1.035 c-0.315,0.315-0.615,0.51-1.035,0.673c-0.317,0.123-0.794,0.27-1.671,0.31c-0.949,0.043-1.233,0.052-3.637,0.052 s-2.688-0.009-3.637-0.052c-0.877-0.04-1.354-0.187-1.671-0.31c-0.42-0.163-0.72-0.358-1.035-0.673 c-0.315-0.315-0.51-0.615-0.673-1.035c-0.123-0.317-0.27-0.794-0.31-1.671C4.631,14.688,4.622,14.403,4.622,12 s0.009-2.688,0.052-3.637c0.04-0.877,0.187-1.354,0.31-1.671c0.163-0.42,0.358-0.72,0.673-1.035 c0.315-0.315,0.615-0.51,1.035-0.673c0.317-0.123,0.794-0.27,1.671-0.31C9.312,4.631,9.597,4.622,12,4.622 M12,3 C9.556,3,9.249,3.01,8.289,3.054C7.331,3.098,6.677,3.25,6.105,3.472C5.513,3.702,5.011,4.01,4.511,4.511 c-0.5,0.5-0.808,1.002-1.038,1.594C3.25,6.677,3.098,7.331,3.054,8.289C3.01,9.249,3,9.556,3,12c0,2.444,0.01,2.751,0.054,3.711 c0.044,0.958,0.196,1.612,0.418,2.185c0.23,0.592,0.538,1.094,1.038,1.594c0.5,0.5,1.002,0.808,1.594,1.038 c0.572,0.222,1.227,0.375,2.185,0.418C9.249,20.99,9.556,21,12,21s2.751-0.01,3.711-0.054c0.958-0.044,1.612-0.196,2.185-0.418 c0.592-0.23,1.094-0.538,1.594-1.038c0.5-0.5,0.808-1.002,1.038-1.594c0.222-0.572,0.375-1.227,0.418-2.185 C20.99,14.751,21,14.444,21,12s-0.01-2.751-0.054-3.711c-0.044-0.958-0.196-1.612-0.418-2.185c-0.23-0.592-0.538-1.094-1.038-1.594 c-0.5-0.5-1.002-0.808-1.594-1.038c-0.572-0.222-1.227-0.375-2.185-0.418C14.751,3.01,14.444,3,12,3L12,3z M12,7.378 c-2.552,0-4.622,2.069-4.622,4.622S9.448,16.622,12,16.622s4.622-2.069,4.622-4.622S14.552,7.378,12,7.378z M12,15 c-1.657,0-3-1.343-3-3s1.343-3,3-3s3,1.343,3,3S13.657,15,12,15z M16.804,6.116c-0.596,0-1.08,0.484-1.08,1.08 s0.484,1.08,1.08,1.08c0.596,0,1.08-0.484,1.08-1.08S17.401,6.116,16.804,6.116z\"><\/path><\/svg><span class=\"wp-block-social-link-label screen-reader-text\">Instagram<\/span><\/a><\/li><\/ul>\n\n\n\n<hr class=\"wp-block-separator\"\/>\n\n\n\n<figure class=\"wp-block-gallery has-nested-images columns-2 is-cropped wp-block-gallery-1 is-layout-flex wp-block-gallery-is-layout-flex\">\n<figure class=\"wp-block-image size-large is-style-default\"><a href=\"https:\/\/www.pmpf.rs.gov.br\/secretaria-extraordinaria-de-esportes\/wp-content\/uploads\/sites\/44\/2022\/04\/35336031_edited.jpeg\"><img loading=\"lazy\" decoding=\"async\" width=\"700\" height=\"466\" data-id=\"882\" src=\"https:\/\/www.pmpf.rs.gov.br\/secretaria-extraordinaria-de-esportes\/wp-content\/uploads\/sites\/44\/2022\/04\/35336031_edited.jpeg\" alt=\"\" class=\"wp-image-882\" srcset=\"https:\/\/www.pmpf.rs.gov.br\/esportes\/wp-content\/uploads\/sites\/44\/2022\/04\/35336031_edited.jpeg 700w, https:\/\/www.pmpf.rs.gov.br\/esportes\/wp-content\/uploads\/sites\/44\/2022\/04\/35336031_edited-300x200.jpeg 300w\" sizes=\"(max-width: 700px) 100vw, 700px\" \/><\/a><\/figure>\n\n\n\n<figure class=\"wp-block-image size-large is-style-default\"><a href=\"https:\/\/www.pmpf.rs.gov.br\/secretaria-extraordinaria-de-esportes\/wp-content\/uploads\/sites\/44\/2022\/04\/gettyimages-78168598-2048x2048-1.jpg\"><img loading=\"lazy\" decoding=\"async\" width=\"1024\" height=\"678\" data-id=\"885\" src=\"https:\/\/www.pmpf.rs.gov.br\/secretaria-extraordinaria-de-esportes\/wp-content\/uploads\/sites\/44\/2022\/04\/gettyimages-78168598-2048x2048-1-1024x678.jpg\" alt=\"Brazilian attacker Gustavo Endres (C-#13) prepares to spike the ball against Argentina while his teammates, Gilberto Godoy Filho (R) and Sergio Dutra Santos (L-#10) look on during their match at the FIVB Men's World Cup volleyball tournament in Tokyo, 30 November 2007. Brazil beat Argentina 25-20, 25-22, 26-16.     AFP PHOTO \/ KAZUHIRO NOGI (Photo credit should read KAZUHIRO NOGI\/AFP via Getty Images)\" class=\"wp-image-885\" srcset=\"https:\/\/www.pmpf.rs.gov.br\/esportes\/wp-content\/uploads\/sites\/44\/2022\/04\/gettyimages-78168598-2048x2048-1-1024x678.jpg 1024w, https:\/\/www.pmpf.rs.gov.br\/esportes\/wp-content\/uploads\/sites\/44\/2022\/04\/gettyimages-78168598-2048x2048-1-300x198.jpg 300w, https:\/\/www.pmpf.rs.gov.br\/esportes\/wp-content\/uploads\/sites\/44\/2022\/04\/gettyimages-78168598-2048x2048-1-768x508.jpg 768w, https:\/\/www.pmpf.rs.gov.br\/esportes\/wp-content\/uploads\/sites\/44\/2022\/04\/gettyimages-78168598-2048x2048-1-1536x1016.jpg 1536w, https:\/\/www.pmpf.rs.gov.br\/esportes\/wp-content\/uploads\/sites\/44\/2022\/04\/gettyimages-78168598-2048x2048-1.jpg 2048w\" sizes=\"(max-width: 1024px) 100vw, 1024px\" \/><\/a><\/figure>\n\n\n\n<figure class=\"wp-block-image size-large is-style-default\"><a href=\"https:\/\/www.pmpf.rs.gov.br\/secretaria-extraordinaria-de-esportes\/wp-content\/uploads\/sites\/44\/2022\/04\/gettyimages-82267973-2048x2048-1.jpg\"><img loading=\"lazy\" decoding=\"async\" width=\"1024\" height=\"601\" data-id=\"884\" src=\"https:\/\/www.pmpf.rs.gov.br\/secretaria-extraordinaria-de-esportes\/wp-content\/uploads\/sites\/44\/2022\/04\/gettyimages-82267973-2048x2048-1-1024x601.jpg\" alt=\"Brazil's Marcelo Elgarten (R) lines up the ball for team-mate Gustavo Endres during a Men's Preliminary Olympic Volleyball Pool B match against Serbia in the 2008 Beijing Olympic Games in Beijing on August 12, 2008. AFP PHOTO\/ALEXANDER JOE     (Photo credit should read ALEXANDER JOE\/AFP via Getty Images)\" class=\"wp-image-884\" srcset=\"https:\/\/www.pmpf.rs.gov.br\/esportes\/wp-content\/uploads\/sites\/44\/2022\/04\/gettyimages-82267973-2048x2048-1-1024x601.jpg 1024w, https:\/\/www.pmpf.rs.gov.br\/esportes\/wp-content\/uploads\/sites\/44\/2022\/04\/gettyimages-82267973-2048x2048-1-300x176.jpg 300w, https:\/\/www.pmpf.rs.gov.br\/esportes\/wp-content\/uploads\/sites\/44\/2022\/04\/gettyimages-82267973-2048x2048-1-768x450.jpg 768w, https:\/\/www.pmpf.rs.gov.br\/esportes\/wp-content\/uploads\/sites\/44\/2022\/04\/gettyimages-82267973-2048x2048-1-1536x901.jpg 1536w, https:\/\/www.pmpf.rs.gov.br\/esportes\/wp-content\/uploads\/sites\/44\/2022\/04\/gettyimages-82267973-2048x2048-1.jpg 2048w\" sizes=\"(max-width: 1024px) 100vw, 1024px\" \/><\/a><\/figure>\n\n\n\n<figure class=\"wp-block-image size-large is-style-default\"><a href=\"https:\/\/www.pmpf.rs.gov.br\/secretaria-extraordinaria-de-esportes\/wp-content\/uploads\/sites\/44\/2022\/04\/gettyimages-82513305-2048x2048-1.jpg\"><img loading=\"lazy\" decoding=\"async\" width=\"1024\" height=\"683\" data-id=\"883\" src=\"https:\/\/www.pmpf.rs.gov.br\/secretaria-extraordinaria-de-esportes\/wp-content\/uploads\/sites\/44\/2022\/04\/gettyimages-82513305-2048x2048-1-1024x683.jpg\" alt=\"BEIJING - AUGUST 22:  Alessandro Fei #14 of Italy goes up for a spike over Murilo Endres #8 and Gustavo Endres #13 of Brazil during the semifinal volleyball game at the Capital Indoor Stadium on Day 14 of the Beijing 2008 Olympic Games on August 22, 2008 in Beijing, China.  (Photo by Nick Laham\/Getty Images)\" class=\"wp-image-883\" srcset=\"https:\/\/www.pmpf.rs.gov.br\/esportes\/wp-content\/uploads\/sites\/44\/2022\/04\/gettyimages-82513305-2048x2048-1-1024x683.jpg 1024w, https:\/\/www.pmpf.rs.gov.br\/esportes\/wp-content\/uploads\/sites\/44\/2022\/04\/gettyimages-82513305-2048x2048-1-300x200.jpg 300w, https:\/\/www.pmpf.rs.gov.br\/esportes\/wp-content\/uploads\/sites\/44\/2022\/04\/gettyimages-82513305-2048x2048-1-768x512.jpg 768w, https:\/\/www.pmpf.rs.gov.br\/esportes\/wp-content\/uploads\/sites\/44\/2022\/04\/gettyimages-82513305-2048x2048-1-1536x1024.jpg 1536w, https:\/\/www.pmpf.rs.gov.br\/esportes\/wp-content\/uploads\/sites\/44\/2022\/04\/gettyimages-82513305-2048x2048-1.jpg 2048w\" sizes=\"(max-width: 1024px) 100vw, 1024px\" \/><\/a><\/figure>\n<\/figure>\n\n\n\n<p>\ud83d\udcf8: GZH e Getty Images<\/p>\n\n\n\n<hr class=\"wp-block-separator\"\/>\n","protected":false},"excerpt":{"rendered":"<p>Nascido em Passo Fundo no ano de 1975, Gustavo iniciou sua carreira jogando na rua e na escola com seus amigos, tempos depois passou em uma peneira e integrou a equipe do [&hellip;]<\/p>\n","protected":false},"author":4,"featured_media":0,"parent":0,"menu_order":0,"comment_status":"closed","ping_status":"closed","template":"","meta":{"footnotes":""},"class_list":["post-879","page","type-page","status-publish","hentry"],"yoast_head":"<!-- This site is optimized with the Yoast SEO plugin v23.8 - https:\/\/yoast.com\/wordpress\/plugins\/seo\/ -->\n<title>Gustavo Endres - Secretaria de Esportes<\/title>\n<meta name=\"robots\" content=\"index, follow, max-snippet:-1, max-image-preview:large, max-video-preview:-1\" \/>\n<link rel=\"canonical\" href=\"https:\/\/www.pmpf.rs.gov.br\/esportes\/gustavo-endres\/\" \/>\n<meta property=\"og:locale\" content=\"pt_BR\" \/>\n<meta property=\"og:type\" content=\"article\" \/>\n<meta property=\"og:title\" content=\"Gustavo Endres - Secretaria de Esportes\" \/>\n<meta property=\"og:description\" content=\"Nascido em Passo Fundo no ano de 1975, Gustavo iniciou sua carreira jogando na rua e na escola com seus amigos, tempos depois passou em uma peneira e integrou a equipe do [&hellip;]\" \/>\n<meta property=\"og:url\" content=\"https:\/\/www.pmpf.rs.gov.br\/esportes\/gustavo-endres\/\" \/>\n<meta property=\"og:site_name\" content=\"Secretaria de Esportes\" \/>\n<meta property=\"article:modified_time\" content=\"2022-09-16T19:23:41+00:00\" \/>\n<meta property=\"og:image\" content=\"https:\/\/www.pmpf.rs.gov.br\/secretaria-extraordinaria-de-esportes\/wp-content\/uploads\/sites\/44\/2022\/04\/35336031_edited.jpeg\" \/>\n<meta name=\"twitter:card\" content=\"summary_large_image\" \/>\n<meta name=\"twitter:label1\" content=\"Est. tempo de leitura\" \/>\n\t<meta name=\"twitter:data1\" content=\"1 minuto\" \/>\n<script type=\"application\/ld+json\" class=\"yoast-schema-graph\">{\"@context\":\"https:\/\/schema.org\",\"@graph\":[{\"@type\":\"WebPage\",\"@id\":\"https:\/\/www.pmpf.rs.gov.br\/esportes\/gustavo-endres\/\",\"url\":\"https:\/\/www.pmpf.rs.gov.br\/esportes\/gustavo-endres\/\",\"name\":\"Gustavo Endres - Secretaria de Esportes\",\"isPartOf\":{\"@id\":\"https:\/\/www.pmpf.rs.gov.br\/esportes\/#website\"},\"primaryImageOfPage\":{\"@id\":\"https:\/\/www.pmpf.rs.gov.br\/esportes\/gustavo-endres\/#primaryimage\"},\"image\":{\"@id\":\"https:\/\/www.pmpf.rs.gov.br\/esportes\/gustavo-endres\/#primaryimage\"},\"thumbnailUrl\":\"https:\/\/www.pmpf.rs.gov.br\/secretaria-extraordinaria-de-esportes\/wp-content\/uploads\/sites\/44\/2022\/04\/35336031_edited.jpeg\",\"datePublished\":\"2022-04-08T16:55:35+00:00\",\"dateModified\":\"2022-09-16T19:23:41+00:00\",\"inLanguage\":\"pt-BR\",\"potentialAction\":[{\"@type\":\"ReadAction\",\"target\":[\"https:\/\/www.pmpf.rs.gov.br\/esportes\/gustavo-endres\/\"]}]},{\"@type\":\"ImageObject\",\"inLanguage\":\"pt-BR\",\"@id\":\"https:\/\/www.pmpf.rs.gov.br\/esportes\/gustavo-endres\/#primaryimage\",\"url\":\"https:\/\/www.pmpf.rs.gov.br\/secretaria-extraordinaria-de-esportes\/wp-content\/uploads\/sites\/44\/2022\/04\/35336031_edited.jpeg\",\"contentUrl\":\"https:\/\/www.pmpf.rs.gov.br\/secretaria-extraordinaria-de-esportes\/wp-content\/uploads\/sites\/44\/2022\/04\/35336031_edited.jpeg\"},{\"@type\":\"WebSite\",\"@id\":\"https:\/\/www.pmpf.rs.gov.br\/esportes\/#website\",\"url\":\"https:\/\/www.pmpf.rs.gov.br\/esportes\/\",\"name\":\"Secretaria de Esportes\",\"description\":\"Site Secretaria de Esporte da Prefeitura de Passo Fundo\",\"potentialAction\":[{\"@type\":\"SearchAction\",\"target\":{\"@type\":\"EntryPoint\",\"urlTemplate\":\"https:\/\/www.pmpf.rs.gov.br\/esportes\/?s={search_term_string}\"},\"query-input\":{\"@type\":\"PropertyValueSpecification\",\"valueRequired\":true,\"valueName\":\"search_term_string\"}}],\"inLanguage\":\"pt-BR\"}]}<\/script>\n<!-- \/ Yoast SEO plugin. -->","yoast_head_json":{"title":"Gustavo Endres - Secretaria de Esportes","robots":{"index":"index","follow":"follow","max-snippet":"max-snippet:-1","max-image-preview":"max-image-preview:large","max-video-preview":"max-video-preview:-1"},"canonical":"https:\/\/www.pmpf.rs.gov.br\/esportes\/gustavo-endres\/","og_locale":"pt_BR","og_type":"article","og_title":"Gustavo Endres - Secretaria de Esportes","og_description":"Nascido em Passo Fundo no ano de 1975, Gustavo iniciou sua carreira jogando na rua e na escola com seus amigos, tempos depois passou em uma peneira e integrou a equipe do [&hellip;]","og_url":"https:\/\/www.pmpf.rs.gov.br\/esportes\/gustavo-endres\/","og_site_name":"Secretaria de Esportes","article_modified_time":"2022-09-16T19:23:41+00:00","og_image":[{"url":"https:\/\/www.pmpf.rs.gov.br\/secretaria-extraordinaria-de-esportes\/wp-content\/uploads\/sites\/44\/2022\/04\/35336031_edited.jpeg"}],"twitter_card":"summary_large_image","twitter_misc":{"Est. tempo de leitura":"1 minuto"},"schema":{"@context":"https:\/\/schema.org","@graph":[{"@type":"WebPage","@id":"https:\/\/www.pmpf.rs.gov.br\/esportes\/gustavo-endres\/","url":"https:\/\/www.pmpf.rs.gov.br\/esportes\/gustavo-endres\/","name":"Gustavo Endres - Secretaria de Esportes","isPartOf":{"@id":"https:\/\/www.pmpf.rs.gov.br\/esportes\/#website"},"primaryImageOfPage":{"@id":"https:\/\/www.pmpf.rs.gov.br\/esportes\/gustavo-endres\/#primaryimage"},"image":{"@id":"https:\/\/www.pmpf.rs.gov.br\/esportes\/gustavo-endres\/#primaryimage"},"thumbnailUrl":"https:\/\/www.pmpf.rs.gov.br\/secretaria-extraordinaria-de-esportes\/wp-content\/uploads\/sites\/44\/2022\/04\/35336031_edited.jpeg","datePublished":"2022-04-08T16:55:35+00:00","dateModified":"2022-09-16T19:23:41+00:00","inLanguage":"pt-BR","potentialAction":[{"@type":"ReadAction","target":["https:\/\/www.pmpf.rs.gov.br\/esportes\/gustavo-endres\/"]}]},{"@type":"ImageObject","inLanguage":"pt-BR","@id":"https:\/\/www.pmpf.rs.gov.br\/esportes\/gustavo-endres\/#primaryimage","url":"https:\/\/www.pmpf.rs.gov.br\/secretaria-extraordinaria-de-esportes\/wp-content\/uploads\/sites\/44\/2022\/04\/35336031_edited.jpeg","contentUrl":"https:\/\/www.pmpf.rs.gov.br\/secretaria-extraordinaria-de-esportes\/wp-content\/uploads\/sites\/44\/2022\/04\/35336031_edited.jpeg"},{"@type":"WebSite","@id":"https:\/\/www.pmpf.rs.gov.br\/esportes\/#website","url":"https:\/\/www.pmpf.rs.gov.br\/esportes\/","name":"Secretaria de Esportes","description":"Site Secretaria de Esporte da Prefeitura de Passo Fundo","potentialAction":[{"@type":"SearchAction","target":{"@type":"EntryPoint","urlTemplate":"https:\/\/www.pmpf.rs.gov.br\/esportes\/?s={search_term_string}"},"query-input":{"@type":"PropertyValueSpecification","valueRequired":true,"valueName":"search_term_string"}}],"inLanguage":"pt-BR"}]}},"_links":{"self":[{"href":"https:\/\/www.pmpf.rs.gov.br\/esportes\/wp-json\/wp\/v2\/pages\/879"}],"collection":[{"href":"https:\/\/www.pmpf.rs.gov.br\/esportes\/wp-json\/wp\/v2\/pages"}],"about":[{"href":"https:\/\/www.pmpf.rs.gov.br\/esportes\/wp-json\/wp\/v2\/types\/page"}],"author":[{"embeddable":true,"href":"https:\/\/www.pmpf.rs.gov.br\/esportes\/wp-json\/wp\/v2\/users\/4"}],"replies":[{"embeddable":true,"href":"https:\/\/www.pmpf.rs.gov.br\/esportes\/wp-json\/wp\/v2\/comments?post=879"}],"version-history":[{"count":13,"href":"https:\/\/www.pmpf.rs.gov.br\/esportes\/wp-json\/wp\/v2\/pages\/879\/revisions"}],"predecessor-version":[{"id":1134,"href":"https:\/\/www.pmpf.rs.gov.br\/esportes\/wp-json\/wp\/v2\/pages\/879\/revisions\/1134"}],"wp:attachment":[{"href":"https:\/\/www.pmpf.rs.gov.br\/esportes\/wp-json\/wp\/v2\/media?parent=879"}],"curies":[{"name":"wp","href":"https:\/\/api.w.org\/{rel}","templated":true}]}}