{"id":817,"date":"2022-03-07T10:53:54","date_gmt":"2022-03-07T13:53:54","guid":{"rendered":"https:\/\/www.pmpf.rs.gov.br\/secretaria-extraordinaria-de-esportes\/?page_id=817"},"modified":"2025-10-24T16:27:54","modified_gmt":"2025-10-24T19:27:54","slug":"jogosintegracao","status":"publish","type":"page","link":"https:\/\/www.pmpf.rs.gov.br\/esportes\/jogosintegracao\/","title":{"rendered":"Jogos de Integra\u00e7\u00e3o da Rede Municipal de Educa\u00e7\u00e3o"},"content":{"rendered":"\n<h2 class=\"wp-block-heading\"><\/h2>\n\n\n\n<p>Jogos de Futsal, Basquetebol, Voleibol , Handebol e Atletismo para toda a Rede Municipal de Ensino. Projeto que incentiva a pr\u00e1tica esportiva e o esp\u00edrito de coletividade entre os alunos da rede.<\/p>\n\n\n\n<hr class=\"wp-block-separator has-css-opacity\"\/>\n\n\n\n<figure class=\"wp-block-gallery has-nested-images columns-default is-cropped wp-block-gallery-1 is-layout-flex wp-block-gallery-is-layout-flex\">\n<figure class=\"wp-block-image size-large\"><img loading=\"lazy\" decoding=\"async\" width=\"1024\" height=\"768\" data-id=\"2105\" src=\"https:\/\/www.pmpf.rs.gov.br\/esportes\/wp-content\/uploads\/sites\/44\/2025\/10\/jogosintegracao-1-1024x768.jpeg\" alt=\"\" class=\"wp-image-2105\" srcset=\"https:\/\/www.pmpf.rs.gov.br\/esportes\/wp-content\/uploads\/sites\/44\/2025\/10\/jogosintegracao-1-1024x768.jpeg 1024w, https:\/\/www.pmpf.rs.gov.br\/esportes\/wp-content\/uploads\/sites\/44\/2025\/10\/jogosintegracao-1-300x225.jpeg 300w, https:\/\/www.pmpf.rs.gov.br\/esportes\/wp-content\/uploads\/sites\/44\/2025\/10\/jogosintegracao-1-768x576.jpeg 768w, https:\/\/www.pmpf.rs.gov.br\/esportes\/wp-content\/uploads\/sites\/44\/2025\/10\/jogosintegracao-1-1536x1152.jpeg 1536w, https:\/\/www.pmpf.rs.gov.br\/esportes\/wp-content\/uploads\/sites\/44\/2025\/10\/jogosintegracao-1.jpeg 1600w\" sizes=\"(max-width: 1024px) 100vw, 1024px\" \/><\/figure>\n\n\n\n<figure class=\"wp-block-image size-large\"><img loading=\"lazy\" decoding=\"async\" width=\"1024\" height=\"768\" data-id=\"2106\" src=\"https:\/\/www.pmpf.rs.gov.br\/esportes\/wp-content\/uploads\/sites\/44\/2025\/10\/jogosintegracao2-1024x768.jpg\" alt=\"\" class=\"wp-image-2106\" srcset=\"https:\/\/www.pmpf.rs.gov.br\/esportes\/wp-content\/uploads\/sites\/44\/2025\/10\/jogosintegracao2-1024x768.jpg 1024w, https:\/\/www.pmpf.rs.gov.br\/esportes\/wp-content\/uploads\/sites\/44\/2025\/10\/jogosintegracao2-300x225.jpg 300w, https:\/\/www.pmpf.rs.gov.br\/esportes\/wp-content\/uploads\/sites\/44\/2025\/10\/jogosintegracao2-768x576.jpg 768w, https:\/\/www.pmpf.rs.gov.br\/esportes\/wp-content\/uploads\/sites\/44\/2025\/10\/jogosintegracao2-1536x1152.jpg 1536w, https:\/\/www.pmpf.rs.gov.br\/esportes\/wp-content\/uploads\/sites\/44\/2025\/10\/jogosintegracao2.jpg 1600w\" sizes=\"(max-width: 1024px) 100vw, 1024px\" \/><\/figure>\n\n\n\n<figure class=\"wp-block-image size-large\"><img loading=\"lazy\" decoding=\"async\" width=\"1024\" height=\"769\" data-id=\"2104\" src=\"https:\/\/www.pmpf.rs.gov.br\/esportes\/wp-content\/uploads\/sites\/44\/2025\/10\/jogosintegracao3-1024x769.jpg\" alt=\"\" class=\"wp-image-2104\" srcset=\"https:\/\/www.pmpf.rs.gov.br\/esportes\/wp-content\/uploads\/sites\/44\/2025\/10\/jogosintegracao3-1024x769.jpg 1024w, https:\/\/www.pmpf.rs.gov.br\/esportes\/wp-content\/uploads\/sites\/44\/2025\/10\/jogosintegracao3-300x225.jpg 300w, https:\/\/www.pmpf.rs.gov.br\/esportes\/wp-content\/uploads\/sites\/44\/2025\/10\/jogosintegracao3-768x576.jpg 768w, https:\/\/www.pmpf.rs.gov.br\/esportes\/wp-content\/uploads\/sites\/44\/2025\/10\/jogosintegracao3-1536x1153.jpg 1536w, https:\/\/www.pmpf.rs.gov.br\/esportes\/wp-content\/uploads\/sites\/44\/2025\/10\/jogosintegracao3.jpg 1600w\" sizes=\"(max-width: 1024px) 100vw, 1024px\" \/><\/figure>\n\n\n\n<figure class=\"wp-block-image size-large\"><img loading=\"lazy\" decoding=\"async\" width=\"769\" height=\"1024\" data-id=\"2103\" src=\"https:\/\/www.pmpf.rs.gov.br\/esportes\/wp-content\/uploads\/sites\/44\/2025\/10\/jogosintegracao4-769x1024.jpg\" alt=\"\" class=\"wp-image-2103\" srcset=\"https:\/\/www.pmpf.rs.gov.br\/esportes\/wp-content\/uploads\/sites\/44\/2025\/10\/jogosintegracao4-769x1024.jpg 769w, https:\/\/www.pmpf.rs.gov.br\/esportes\/wp-content\/uploads\/sites\/44\/2025\/10\/jogosintegracao4-225x300.jpg 225w, https:\/\/www.pmpf.rs.gov.br\/esportes\/wp-content\/uploads\/sites\/44\/2025\/10\/jogosintegracao4-768x1023.jpg 768w, https:\/\/www.pmpf.rs.gov.br\/esportes\/wp-content\/uploads\/sites\/44\/2025\/10\/jogosintegracao4-1153x1536.jpg 1153w, https:\/\/www.pmpf.rs.gov.br\/esportes\/wp-content\/uploads\/sites\/44\/2025\/10\/jogosintegracao4.jpg 1201w\" sizes=\"(max-width: 769px) 100vw, 769px\" \/><\/figure>\n\n\n\n<figure class=\"wp-block-image size-large\"><img loading=\"lazy\" decoding=\"async\" width=\"1024\" height=\"769\" data-id=\"2107\" src=\"https:\/\/www.pmpf.rs.gov.br\/esportes\/wp-content\/uploads\/sites\/44\/2025\/10\/jogosintegracao5-1024x769.jpg\" alt=\"\" class=\"wp-image-2107\" srcset=\"https:\/\/www.pmpf.rs.gov.br\/esportes\/wp-content\/uploads\/sites\/44\/2025\/10\/jogosintegracao5-1024x769.jpg 1024w, https:\/\/www.pmpf.rs.gov.br\/esportes\/wp-content\/uploads\/sites\/44\/2025\/10\/jogosintegracao5-300x225.jpg 300w, https:\/\/www.pmpf.rs.gov.br\/esportes\/wp-content\/uploads\/sites\/44\/2025\/10\/jogosintegracao5-768x576.jpg 768w, https:\/\/www.pmpf.rs.gov.br\/esportes\/wp-content\/uploads\/sites\/44\/2025\/10\/jogosintegracao5-1536x1153.jpg 1536w, https:\/\/www.pmpf.rs.gov.br\/esportes\/wp-content\/uploads\/sites\/44\/2025\/10\/jogosintegracao5.jpg 1600w\" sizes=\"(max-width: 1024px) 100vw, 1024px\" \/><\/figure>\n<\/figure>\n\n\n\n<hr class=\"wp-block-separator has-alpha-channel-opacity\"\/>\n\n\n\n<p><\/p>\n","protected":false},"excerpt":{"rendered":"<p>Jogos de Futsal, Basquetebol, Voleibol , Handebol e Atletismo para toda a Rede Municipal de Ensino. Projeto que incentiva a pr\u00e1tica esportiva e o esp\u00edrito de coletividade entre os alunos da rede.<\/p>\n","protected":false},"author":13,"featured_media":0,"parent":0,"menu_order":0,"comment_status":"closed","ping_status":"closed","template":"","meta":{"footnotes":""},"class_list":["post-817","page","type-page","status-publish","hentry"],"yoast_head":"<!-- This site is optimized with the Yoast SEO plugin v23.8 - https:\/\/yoast.com\/wordpress\/plugins\/seo\/ -->\n<title>Jogos de Integra\u00e7\u00e3o da Rede Municipal de Educa\u00e7\u00e3o - Secretaria de Esportes<\/title>\n<meta name=\"robots\" content=\"index, follow, max-snippet:-1, max-image-preview:large, max-video-preview:-1\" \/>\n<link rel=\"canonical\" href=\"https:\/\/www.pmpf.rs.gov.br\/esportes\/jogosintegracao\/\" \/>\n<meta property=\"og:locale\" content=\"pt_BR\" \/>\n<meta property=\"og:type\" content=\"article\" \/>\n<meta property=\"og:title\" content=\"Jogos de Integra\u00e7\u00e3o da Rede Municipal de Educa\u00e7\u00e3o - Secretaria de Esportes\" \/>\n<meta property=\"og:description\" content=\"Jogos de Futsal, Basquetebol, Voleibol , Handebol e Atletismo para toda a Rede Municipal de Ensino. Projeto que incentiva a pr\u00e1tica esportiva e o esp\u00edrito de coletividade entre os alunos da rede.\" \/>\n<meta property=\"og:url\" content=\"https:\/\/www.pmpf.rs.gov.br\/esportes\/jogosintegracao\/\" \/>\n<meta property=\"og:site_name\" content=\"Secretaria de Esportes\" \/>\n<meta property=\"article:modified_time\" content=\"2025-10-24T19:27:54+00:00\" \/>\n<meta property=\"og:image\" content=\"https:\/\/www.pmpf.rs.gov.br\/esportes\/wp-content\/uploads\/sites\/44\/2025\/10\/jogosintegracao-1.jpeg\" \/>\n\t<meta property=\"og:image:width\" content=\"1600\" \/>\n\t<meta property=\"og:image:height\" content=\"1200\" \/>\n\t<meta property=\"og:image:type\" content=\"image\/jpeg\" \/>\n<meta name=\"twitter:card\" content=\"summary_large_image\" \/>\n<meta name=\"twitter:label1\" content=\"Est. tempo de leitura\" \/>\n\t<meta name=\"twitter:data1\" content=\"1 minuto\" \/>\n<script type=\"application\/ld+json\" class=\"yoast-schema-graph\">{\"@context\":\"https:\/\/schema.org\",\"@graph\":[{\"@type\":\"WebPage\",\"@id\":\"https:\/\/www.pmpf.rs.gov.br\/esportes\/jogosintegracao\/\",\"url\":\"https:\/\/www.pmpf.rs.gov.br\/esportes\/jogosintegracao\/\",\"name\":\"Jogos de Integra\u00e7\u00e3o da Rede Municipal de Educa\u00e7\u00e3o - Secretaria de Esportes\",\"isPartOf\":{\"@id\":\"https:\/\/www.pmpf.rs.gov.br\/esportes\/#website\"},\"primaryImageOfPage\":{\"@id\":\"https:\/\/www.pmpf.rs.gov.br\/esportes\/jogosintegracao\/#primaryimage\"},\"image\":{\"@id\":\"https:\/\/www.pmpf.rs.gov.br\/esportes\/jogosintegracao\/#primaryimage\"},\"thumbnailUrl\":\"https:\/\/www.pmpf.rs.gov.br\/esportes\/wp-content\/uploads\/sites\/44\/2025\/10\/jogosintegracao-1-1024x768.jpeg\",\"datePublished\":\"2022-03-07T13:53:54+00:00\",\"dateModified\":\"2025-10-24T19:27:54+00:00\",\"inLanguage\":\"pt-BR\",\"potentialAction\":[{\"@type\":\"ReadAction\",\"target\":[\"https:\/\/www.pmpf.rs.gov.br\/esportes\/jogosintegracao\/\"]}]},{\"@type\":\"ImageObject\",\"inLanguage\":\"pt-BR\",\"@id\":\"https:\/\/www.pmpf.rs.gov.br\/esportes\/jogosintegracao\/#primaryimage\",\"url\":\"https:\/\/www.pmpf.rs.gov.br\/esportes\/wp-content\/uploads\/sites\/44\/2025\/10\/jogosintegracao-1.jpeg\",\"contentUrl\":\"https:\/\/www.pmpf.rs.gov.br\/esportes\/wp-content\/uploads\/sites\/44\/2025\/10\/jogosintegracao-1.jpeg\",\"width\":1600,\"height\":1200},{\"@type\":\"WebSite\",\"@id\":\"https:\/\/www.pmpf.rs.gov.br\/esportes\/#website\",\"url\":\"https:\/\/www.pmpf.rs.gov.br\/esportes\/\",\"name\":\"Secretaria de Esportes\",\"description\":\"Site Secretaria de Esporte da Prefeitura de Passo Fundo\",\"potentialAction\":[{\"@type\":\"SearchAction\",\"target\":{\"@type\":\"EntryPoint\",\"urlTemplate\":\"https:\/\/www.pmpf.rs.gov.br\/esportes\/?s={search_term_string}\"},\"query-input\":{\"@type\":\"PropertyValueSpecification\",\"valueRequired\":true,\"valueName\":\"search_term_string\"}}],\"inLanguage\":\"pt-BR\"}]}<\/script>\n<!-- \/ Yoast SEO plugin. -->","yoast_head_json":{"title":"Jogos de Integra\u00e7\u00e3o da Rede Municipal de Educa\u00e7\u00e3o - Secretaria de Esportes","robots":{"index":"index","follow":"follow","max-snippet":"max-snippet:-1","max-image-preview":"max-image-preview:large","max-video-preview":"max-video-preview:-1"},"canonical":"https:\/\/www.pmpf.rs.gov.br\/esportes\/jogosintegracao\/","og_locale":"pt_BR","og_type":"article","og_title":"Jogos de Integra\u00e7\u00e3o da Rede Municipal de Educa\u00e7\u00e3o - Secretaria de Esportes","og_description":"Jogos de Futsal, Basquetebol, Voleibol , Handebol e Atletismo para toda a Rede Municipal de Ensino. Projeto que incentiva a pr\u00e1tica esportiva e o esp\u00edrito de coletividade entre os alunos da rede.","og_url":"https:\/\/www.pmpf.rs.gov.br\/esportes\/jogosintegracao\/","og_site_name":"Secretaria de Esportes","article_modified_time":"2025-10-24T19:27:54+00:00","og_image":[{"width":1600,"height":1200,"url":"https:\/\/www.pmpf.rs.gov.br\/esportes\/wp-content\/uploads\/sites\/44\/2025\/10\/jogosintegracao-1.jpeg","type":"image\/jpeg"}],"twitter_card":"summary_large_image","twitter_misc":{"Est. tempo de leitura":"1 minuto"},"schema":{"@context":"https:\/\/schema.org","@graph":[{"@type":"WebPage","@id":"https:\/\/www.pmpf.rs.gov.br\/esportes\/jogosintegracao\/","url":"https:\/\/www.pmpf.rs.gov.br\/esportes\/jogosintegracao\/","name":"Jogos de Integra\u00e7\u00e3o da Rede Municipal de Educa\u00e7\u00e3o - Secretaria de Esportes","isPartOf":{"@id":"https:\/\/www.pmpf.rs.gov.br\/esportes\/#website"},"primaryImageOfPage":{"@id":"https:\/\/www.pmpf.rs.gov.br\/esportes\/jogosintegracao\/#primaryimage"},"image":{"@id":"https:\/\/www.pmpf.rs.gov.br\/esportes\/jogosintegracao\/#primaryimage"},"thumbnailUrl":"https:\/\/www.pmpf.rs.gov.br\/esportes\/wp-content\/uploads\/sites\/44\/2025\/10\/jogosintegracao-1-1024x768.jpeg","datePublished":"2022-03-07T13:53:54+00:00","dateModified":"2025-10-24T19:27:54+00:00","inLanguage":"pt-BR","potentialAction":[{"@type":"ReadAction","target":["https:\/\/www.pmpf.rs.gov.br\/esportes\/jogosintegracao\/"]}]},{"@type":"ImageObject","inLanguage":"pt-BR","@id":"https:\/\/www.pmpf.rs.gov.br\/esportes\/jogosintegracao\/#primaryimage","url":"https:\/\/www.pmpf.rs.gov.br\/esportes\/wp-content\/uploads\/sites\/44\/2025\/10\/jogosintegracao-1.jpeg","contentUrl":"https:\/\/www.pmpf.rs.gov.br\/esportes\/wp-content\/uploads\/sites\/44\/2025\/10\/jogosintegracao-1.jpeg","width":1600,"height":1200},{"@type":"WebSite","@id":"https:\/\/www.pmpf.rs.gov.br\/esportes\/#website","url":"https:\/\/www.pmpf.rs.gov.br\/esportes\/","name":"Secretaria de Esportes","description":"Site Secretaria de Esporte da Prefeitura de Passo Fundo","potentialAction":[{"@type":"SearchAction","target":{"@type":"EntryPoint","urlTemplate":"https:\/\/www.pmpf.rs.gov.br\/esportes\/?s={search_term_string}"},"query-input":{"@type":"PropertyValueSpecification","valueRequired":true,"valueName":"search_term_string"}}],"inLanguage":"pt-BR"}]}},"_links":{"self":[{"href":"https:\/\/www.pmpf.rs.gov.br\/esportes\/wp-json\/wp\/v2\/pages\/817"}],"collection":[{"href":"https:\/\/www.pmpf.rs.gov.br\/esportes\/wp-json\/wp\/v2\/pages"}],"about":[{"href":"https:\/\/www.pmpf.rs.gov.br\/esportes\/wp-json\/wp\/v2\/types\/page"}],"author":[{"embeddable":true,"href":"https:\/\/www.pmpf.rs.gov.br\/esportes\/wp-json\/wp\/v2\/users\/13"}],"replies":[{"embeddable":true,"href":"https:\/\/www.pmpf.rs.gov.br\/esportes\/wp-json\/wp\/v2\/comments?post=817"}],"version-history":[{"count":7,"href":"https:\/\/www.pmpf.rs.gov.br\/esportes\/wp-json\/wp\/v2\/pages\/817\/revisions"}],"predecessor-version":[{"id":2123,"href":"https:\/\/www.pmpf.rs.gov.br\/esportes\/wp-json\/wp\/v2\/pages\/817\/revisions\/2123"}],"wp:attachment":[{"href":"https:\/\/www.pmpf.rs.gov.br\/esportes\/wp-json\/wp\/v2\/media?parent=817"}],"curies":[{"name":"wp","href":"https:\/\/api.w.org\/{rel}","templated":true}]}}