{"id":55,"date":"2021-12-21T15:22:19","date_gmt":"2021-12-21T18:22:19","guid":{"rendered":"https:\/\/www.pmpf.rs.gov.br\/secretaria-extraordinaria-de-esportes\/?page_id=55"},"modified":"2022-04-08T15:27:24","modified_gmt":"2022-04-08T18:27:24","slug":"estadio-municipal-delmar-sitoni","status":"publish","type":"page","link":"https:\/\/www.pmpf.rs.gov.br\/esportes\/estadio-municipal-delmar-sitoni\/","title":{"rendered":"Complexo Esportivo Delmar Sitoni"},"content":{"rendered":"\n<h2 class=\"wp-block-heading\">Espa\u00e7o de conviv\u00eancia e de sa\u00fade<\/h2>\n\n\n\n<p>O Complexo Esportivo foi inaugurado em Dezembro de 2020 com a miss\u00e3o de ser, al\u00e9m de um complexo esportivo, um espa\u00e7o de lazer para a comunidade. O complexo fica situado entre os bairros Nonoai e Oper\u00e1ria e possui capacidade de receber simultaneamente 600 pessoas. <\/p>\n\n\n\n<p>Entre outros benef\u00edcios, possui:<\/p>\n\n\n\n<ul class=\"wp-block-list\"><li>Campo de futebol;<\/li><li>Vesti\u00e1rios;<\/li><li>Banco de reservas coberto;<\/li><li>Cabine de imprensa;<\/li><li>Arquibancada;<\/li><li>Pista de caminhada;<\/li><li>Academia ao ar livre;<\/li><\/ul>\n\n\n\n<p>Estacionamento interno para at\u00e9 30 ve\u00edculos.<\/p>\n\n\n\n<p>O Complexo fica localizado na esquina da <strong>Rua Pedro Lessa com a Rua dos Andradas.<\/strong><\/p>\n\n\n\n<p>Para mais informa\u00e7\u00f5es, ligue<strong> (54) 3311-2485<\/strong>.<\/p>\n\n\n\n<hr class=\"wp-block-separator\"\/>\n\n\n\n<figure class=\"wp-block-gallery has-nested-images columns-2 is-cropped wp-block-gallery-1 is-layout-flex wp-block-gallery-is-layout-flex\">\n<figure class=\"wp-block-image size-large is-style-default\"><a href=\"https:\/\/www.pmpf.rs.gov.br\/secretaria-extraordinaria-de-esportes\/wp-content\/uploads\/sites\/44\/2022\/02\/delmar_sitoni1_1024.jpg\"><img loading=\"lazy\" decoding=\"async\" width=\"1024\" height=\"397\" data-id=\"865\" src=\"https:\/\/www.pmpf.rs.gov.br\/secretaria-extraordinaria-de-esportes\/wp-content\/uploads\/sites\/44\/2022\/02\/delmar_sitoni1_1024.jpg\" alt=\"\" class=\"wp-image-865\" srcset=\"https:\/\/www.pmpf.rs.gov.br\/esportes\/wp-content\/uploads\/sites\/44\/2022\/02\/delmar_sitoni1_1024.jpg 1024w, https:\/\/www.pmpf.rs.gov.br\/esportes\/wp-content\/uploads\/sites\/44\/2022\/02\/delmar_sitoni1_1024-300x116.jpg 300w, https:\/\/www.pmpf.rs.gov.br\/esportes\/wp-content\/uploads\/sites\/44\/2022\/02\/delmar_sitoni1_1024-768x298.jpg 768w\" sizes=\"(max-width: 1024px) 100vw, 1024px\" \/><\/a><\/figure>\n\n\n\n<figure class=\"wp-block-image size-large is-style-default\"><a href=\"https:\/\/www.pmpf.rs.gov.br\/secretaria-extraordinaria-de-esportes\/wp-content\/uploads\/sites\/44\/2022\/02\/delmar_sitoni2_1024.jpg\"><img loading=\"lazy\" decoding=\"async\" width=\"1024\" height=\"683\" data-id=\"866\" src=\"https:\/\/www.pmpf.rs.gov.br\/secretaria-extraordinaria-de-esportes\/wp-content\/uploads\/sites\/44\/2022\/02\/delmar_sitoni2_1024.jpg\" alt=\"\" class=\"wp-image-866\" srcset=\"https:\/\/www.pmpf.rs.gov.br\/esportes\/wp-content\/uploads\/sites\/44\/2022\/02\/delmar_sitoni2_1024.jpg 1024w, https:\/\/www.pmpf.rs.gov.br\/esportes\/wp-content\/uploads\/sites\/44\/2022\/02\/delmar_sitoni2_1024-300x200.jpg 300w, https:\/\/www.pmpf.rs.gov.br\/esportes\/wp-content\/uploads\/sites\/44\/2022\/02\/delmar_sitoni2_1024-768x512.jpg 768w\" sizes=\"(max-width: 1024px) 100vw, 1024px\" \/><\/a><\/figure>\n\n\n\n<figure class=\"wp-block-image size-large is-style-default\"><a href=\"https:\/\/www.pmpf.rs.gov.br\/secretaria-extraordinaria-de-esportes\/wp-content\/uploads\/sites\/44\/2022\/02\/delmar_sitoni3_1024.jpg\"><img loading=\"lazy\" decoding=\"async\" width=\"1024\" height=\"683\" data-id=\"867\" src=\"https:\/\/www.pmpf.rs.gov.br\/secretaria-extraordinaria-de-esportes\/wp-content\/uploads\/sites\/44\/2022\/02\/delmar_sitoni3_1024.jpg\" alt=\"\" class=\"wp-image-867\" srcset=\"https:\/\/www.pmpf.rs.gov.br\/esportes\/wp-content\/uploads\/sites\/44\/2022\/02\/delmar_sitoni3_1024.jpg 1024w, https:\/\/www.pmpf.rs.gov.br\/esportes\/wp-content\/uploads\/sites\/44\/2022\/02\/delmar_sitoni3_1024-300x200.jpg 300w, https:\/\/www.pmpf.rs.gov.br\/esportes\/wp-content\/uploads\/sites\/44\/2022\/02\/delmar_sitoni3_1024-768x512.jpg 768w\" sizes=\"(max-width: 1024px) 100vw, 1024px\" \/><\/a><\/figure>\n\n\n\n<figure class=\"wp-block-image size-large is-style-default\"><a href=\"https:\/\/www.pmpf.rs.gov.br\/secretaria-extraordinaria-de-esportes\/wp-content\/uploads\/sites\/44\/2022\/02\/delmar_sitoni4_1024.jpg\"><img loading=\"lazy\" decoding=\"async\" width=\"1024\" height=\"365\" data-id=\"868\" src=\"https:\/\/www.pmpf.rs.gov.br\/secretaria-extraordinaria-de-esportes\/wp-content\/uploads\/sites\/44\/2022\/02\/delmar_sitoni4_1024.jpg\" alt=\"\" class=\"wp-image-868\" srcset=\"https:\/\/www.pmpf.rs.gov.br\/esportes\/wp-content\/uploads\/sites\/44\/2022\/02\/delmar_sitoni4_1024.jpg 1024w, https:\/\/www.pmpf.rs.gov.br\/esportes\/wp-content\/uploads\/sites\/44\/2022\/02\/delmar_sitoni4_1024-300x107.jpg 300w, https:\/\/www.pmpf.rs.gov.br\/esportes\/wp-content\/uploads\/sites\/44\/2022\/02\/delmar_sitoni4_1024-768x274.jpg 768w\" sizes=\"(max-width: 1024px) 100vw, 1024px\" \/><\/a><\/figure>\n<\/figure>\n\n\n\n<hr class=\"wp-block-separator\"\/>\n","protected":false},"excerpt":{"rendered":"<p>Espa\u00e7o de conviv\u00eancia e de sa\u00fade O Complexo Esportivo foi inaugurado em Dezembro de 2020 com a miss\u00e3o de ser, al\u00e9m de um complexo esportivo, um espa\u00e7o de lazer para a comunidade. [&hellip;]<\/p>\n","protected":false},"author":1,"featured_media":0,"parent":0,"menu_order":0,"comment_status":"closed","ping_status":"closed","template":"","meta":{"footnotes":""},"class_list":["post-55","page","type-page","status-publish","hentry"],"yoast_head":"<!-- This site is optimized with the Yoast SEO plugin v23.8 - https:\/\/yoast.com\/wordpress\/plugins\/seo\/ -->\n<title>Complexo Esportivo Delmar Sitoni - Secretaria de Esportes<\/title>\n<meta name=\"robots\" content=\"index, follow, max-snippet:-1, max-image-preview:large, max-video-preview:-1\" \/>\n<link rel=\"canonical\" href=\"https:\/\/www.pmpf.rs.gov.br\/esportes\/estadio-municipal-delmar-sitoni\/\" \/>\n<meta property=\"og:locale\" content=\"pt_BR\" \/>\n<meta property=\"og:type\" content=\"article\" \/>\n<meta property=\"og:title\" content=\"Complexo Esportivo Delmar Sitoni - Secretaria de Esportes\" \/>\n<meta property=\"og:description\" content=\"Espa\u00e7o de conviv\u00eancia e de sa\u00fade O Complexo Esportivo foi inaugurado em Dezembro de 2020 com a miss\u00e3o de ser, al\u00e9m de um complexo esportivo, um espa\u00e7o de lazer para a comunidade. [&hellip;]\" \/>\n<meta property=\"og:url\" content=\"https:\/\/www.pmpf.rs.gov.br\/esportes\/estadio-municipal-delmar-sitoni\/\" \/>\n<meta property=\"og:site_name\" content=\"Secretaria de Esportes\" \/>\n<meta property=\"article:modified_time\" content=\"2022-04-08T18:27:24+00:00\" \/>\n<meta property=\"og:image\" content=\"https:\/\/www.pmpf.rs.gov.br\/secretaria-extraordinaria-de-esportes\/wp-content\/uploads\/sites\/44\/2022\/02\/delmar_sitoni1_1024.jpg\" \/>\n<meta name=\"twitter:card\" content=\"summary_large_image\" \/>\n<meta name=\"twitter:label1\" content=\"Est. tempo de leitura\" \/>\n\t<meta name=\"twitter:data1\" content=\"1 minuto\" \/>\n<script type=\"application\/ld+json\" class=\"yoast-schema-graph\">{\"@context\":\"https:\/\/schema.org\",\"@graph\":[{\"@type\":\"WebPage\",\"@id\":\"https:\/\/www.pmpf.rs.gov.br\/esportes\/estadio-municipal-delmar-sitoni\/\",\"url\":\"https:\/\/www.pmpf.rs.gov.br\/esportes\/estadio-municipal-delmar-sitoni\/\",\"name\":\"Complexo Esportivo Delmar Sitoni - Secretaria de Esportes\",\"isPartOf\":{\"@id\":\"https:\/\/www.pmpf.rs.gov.br\/esportes\/#website\"},\"primaryImageOfPage\":{\"@id\":\"https:\/\/www.pmpf.rs.gov.br\/esportes\/estadio-municipal-delmar-sitoni\/#primaryimage\"},\"image\":{\"@id\":\"https:\/\/www.pmpf.rs.gov.br\/esportes\/estadio-municipal-delmar-sitoni\/#primaryimage\"},\"thumbnailUrl\":\"https:\/\/www.pmpf.rs.gov.br\/secretaria-extraordinaria-de-esportes\/wp-content\/uploads\/sites\/44\/2022\/02\/delmar_sitoni1_1024.jpg\",\"datePublished\":\"2021-12-21T18:22:19+00:00\",\"dateModified\":\"2022-04-08T18:27:24+00:00\",\"inLanguage\":\"pt-BR\",\"potentialAction\":[{\"@type\":\"ReadAction\",\"target\":[\"https:\/\/www.pmpf.rs.gov.br\/esportes\/estadio-municipal-delmar-sitoni\/\"]}]},{\"@type\":\"ImageObject\",\"inLanguage\":\"pt-BR\",\"@id\":\"https:\/\/www.pmpf.rs.gov.br\/esportes\/estadio-municipal-delmar-sitoni\/#primaryimage\",\"url\":\"https:\/\/www.pmpf.rs.gov.br\/secretaria-extraordinaria-de-esportes\/wp-content\/uploads\/sites\/44\/2022\/02\/delmar_sitoni1_1024.jpg\",\"contentUrl\":\"https:\/\/www.pmpf.rs.gov.br\/secretaria-extraordinaria-de-esportes\/wp-content\/uploads\/sites\/44\/2022\/02\/delmar_sitoni1_1024.jpg\"},{\"@type\":\"WebSite\",\"@id\":\"https:\/\/www.pmpf.rs.gov.br\/esportes\/#website\",\"url\":\"https:\/\/www.pmpf.rs.gov.br\/esportes\/\",\"name\":\"Secretaria de Esportes\",\"description\":\"Site Secretaria de Esporte da Prefeitura de Passo Fundo\",\"potentialAction\":[{\"@type\":\"SearchAction\",\"target\":{\"@type\":\"EntryPoint\",\"urlTemplate\":\"https:\/\/www.pmpf.rs.gov.br\/esportes\/?s={search_term_string}\"},\"query-input\":{\"@type\":\"PropertyValueSpecification\",\"valueRequired\":true,\"valueName\":\"search_term_string\"}}],\"inLanguage\":\"pt-BR\"}]}<\/script>\n<!-- \/ Yoast SEO plugin. -->","yoast_head_json":{"title":"Complexo Esportivo Delmar Sitoni - Secretaria de Esportes","robots":{"index":"index","follow":"follow","max-snippet":"max-snippet:-1","max-image-preview":"max-image-preview:large","max-video-preview":"max-video-preview:-1"},"canonical":"https:\/\/www.pmpf.rs.gov.br\/esportes\/estadio-municipal-delmar-sitoni\/","og_locale":"pt_BR","og_type":"article","og_title":"Complexo Esportivo Delmar Sitoni - Secretaria de Esportes","og_description":"Espa\u00e7o de conviv\u00eancia e de sa\u00fade O Complexo Esportivo foi inaugurado em Dezembro de 2020 com a miss\u00e3o de ser, al\u00e9m de um complexo esportivo, um espa\u00e7o de lazer para a comunidade. [&hellip;]","og_url":"https:\/\/www.pmpf.rs.gov.br\/esportes\/estadio-municipal-delmar-sitoni\/","og_site_name":"Secretaria de Esportes","article_modified_time":"2022-04-08T18:27:24+00:00","og_image":[{"url":"https:\/\/www.pmpf.rs.gov.br\/secretaria-extraordinaria-de-esportes\/wp-content\/uploads\/sites\/44\/2022\/02\/delmar_sitoni1_1024.jpg"}],"twitter_card":"summary_large_image","twitter_misc":{"Est. tempo de leitura":"1 minuto"},"schema":{"@context":"https:\/\/schema.org","@graph":[{"@type":"WebPage","@id":"https:\/\/www.pmpf.rs.gov.br\/esportes\/estadio-municipal-delmar-sitoni\/","url":"https:\/\/www.pmpf.rs.gov.br\/esportes\/estadio-municipal-delmar-sitoni\/","name":"Complexo Esportivo Delmar Sitoni - Secretaria de Esportes","isPartOf":{"@id":"https:\/\/www.pmpf.rs.gov.br\/esportes\/#website"},"primaryImageOfPage":{"@id":"https:\/\/www.pmpf.rs.gov.br\/esportes\/estadio-municipal-delmar-sitoni\/#primaryimage"},"image":{"@id":"https:\/\/www.pmpf.rs.gov.br\/esportes\/estadio-municipal-delmar-sitoni\/#primaryimage"},"thumbnailUrl":"https:\/\/www.pmpf.rs.gov.br\/secretaria-extraordinaria-de-esportes\/wp-content\/uploads\/sites\/44\/2022\/02\/delmar_sitoni1_1024.jpg","datePublished":"2021-12-21T18:22:19+00:00","dateModified":"2022-04-08T18:27:24+00:00","inLanguage":"pt-BR","potentialAction":[{"@type":"ReadAction","target":["https:\/\/www.pmpf.rs.gov.br\/esportes\/estadio-municipal-delmar-sitoni\/"]}]},{"@type":"ImageObject","inLanguage":"pt-BR","@id":"https:\/\/www.pmpf.rs.gov.br\/esportes\/estadio-municipal-delmar-sitoni\/#primaryimage","url":"https:\/\/www.pmpf.rs.gov.br\/secretaria-extraordinaria-de-esportes\/wp-content\/uploads\/sites\/44\/2022\/02\/delmar_sitoni1_1024.jpg","contentUrl":"https:\/\/www.pmpf.rs.gov.br\/secretaria-extraordinaria-de-esportes\/wp-content\/uploads\/sites\/44\/2022\/02\/delmar_sitoni1_1024.jpg"},{"@type":"WebSite","@id":"https:\/\/www.pmpf.rs.gov.br\/esportes\/#website","url":"https:\/\/www.pmpf.rs.gov.br\/esportes\/","name":"Secretaria de Esportes","description":"Site Secretaria de Esporte da Prefeitura de Passo Fundo","potentialAction":[{"@type":"SearchAction","target":{"@type":"EntryPoint","urlTemplate":"https:\/\/www.pmpf.rs.gov.br\/esportes\/?s={search_term_string}"},"query-input":{"@type":"PropertyValueSpecification","valueRequired":true,"valueName":"search_term_string"}}],"inLanguage":"pt-BR"}]}},"_links":{"self":[{"href":"https:\/\/www.pmpf.rs.gov.br\/esportes\/wp-json\/wp\/v2\/pages\/55"}],"collection":[{"href":"https:\/\/www.pmpf.rs.gov.br\/esportes\/wp-json\/wp\/v2\/pages"}],"about":[{"href":"https:\/\/www.pmpf.rs.gov.br\/esportes\/wp-json\/wp\/v2\/types\/page"}],"author":[{"embeddable":true,"href":"https:\/\/www.pmpf.rs.gov.br\/esportes\/wp-json\/wp\/v2\/users\/1"}],"replies":[{"embeddable":true,"href":"https:\/\/www.pmpf.rs.gov.br\/esportes\/wp-json\/wp\/v2\/comments?post=55"}],"version-history":[{"count":8,"href":"https:\/\/www.pmpf.rs.gov.br\/esportes\/wp-json\/wp\/v2\/pages\/55\/revisions"}],"predecessor-version":[{"id":892,"href":"https:\/\/www.pmpf.rs.gov.br\/esportes\/wp-json\/wp\/v2\/pages\/55\/revisions\/892"}],"wp:attachment":[{"href":"https:\/\/www.pmpf.rs.gov.br\/esportes\/wp-json\/wp\/v2\/media?parent=55"}],"curies":[{"name":"wp","href":"https:\/\/api.w.org\/{rel}","templated":true}]}}