{"id":51,"date":"2021-12-21T15:20:44","date_gmt":"2021-12-21T18:20:44","guid":{"rendered":"https:\/\/www.pmpf.rs.gov.br\/secretaria-extraordinaria-de-esportes\/?page_id=51"},"modified":"2024-12-24T13:18:31","modified_gmt":"2024-12-24T16:18:31","slug":"centroesportivofredolino","status":"publish","type":"page","link":"https:\/\/www.pmpf.rs.gov.br\/esportes\/centroesportivofredolino\/","title":{"rendered":"Centro de Esporte e Lazer Fredolino Chimango"},"content":{"rendered":"\n<h2 class=\"wp-block-heading\">O complexo re\u00fane in\u00fameras possibilidades para a pr\u00e1tica de esportes e lazer.<\/h2>\n\n\n<div class=\"wp-block-image\">\n<figure class=\"alignleft size-full is-resized\"><a href=\"https:\/\/www.instagram.com\/p\/CsZejW8JtBI\/\"><img loading=\"lazy\" decoding=\"async\" width=\"980\" height=\"734\" src=\"https:\/\/www.pmpf.rs.gov.br\/esportes\/wp-content\/uploads\/sites\/44\/2023\/05\/fredolino4-980-734px-1.jpg\" alt=\"\" class=\"wp-image-1326\" style=\"width:364px;height:273px\" srcset=\"https:\/\/www.pmpf.rs.gov.br\/esportes\/wp-content\/uploads\/sites\/44\/2023\/05\/fredolino4-980-734px-1.jpg 980w, https:\/\/www.pmpf.rs.gov.br\/esportes\/wp-content\/uploads\/sites\/44\/2023\/05\/fredolino4-980-734px-1-300x225.jpg 300w, https:\/\/www.pmpf.rs.gov.br\/esportes\/wp-content\/uploads\/sites\/44\/2023\/05\/fredolino4-980-734px-1-768x575.jpg 768w\" sizes=\"(max-width: 980px) 100vw, 980px\" \/><\/a><\/figure><\/div>\n\n\n<p>No cora\u00e7\u00e3o da cidade, o Centro de Esporte e Lazer Fredolino Chimango ou Campo do Quartel, como \u00e9 conhecido popularmente, \u00e9 uma heran\u00e7a da unidade militar em Passo Fundo. Espa\u00e7o nobre \u00e9 utilizado para a realiza\u00e7\u00e3o de jogos escolares, campeonatos de futebol e especialmente para a pr\u00e1tica da caminhada ou corrida. Todos os dias centenas de pessoas aproveitam sua pista atl\u00e9tica para correr ou caminhar com seguran\u00e7a e tranquilidade.<\/p>\n\n\n\n<p>\u00c9 o maior espa\u00e7o esportivo da cidade com: campo de futebol sete em grama sint\u00e9tica \u2013 o primeiro p\u00fablico de Passo Fundo \u2013, quadra poliesportiva, quadra de areia, circuito multifuncional, pista de caminhada, que teve as suas caracter\u00edsticas originais mantidas e vesti\u00e1rios. Essa estrutura possibilitar\u00e1 a utiliza\u00e7\u00e3o do espa\u00e7o tamb\u00e9m para a realiza\u00e7\u00e3o de jogos e campeonatos.<\/p>\n\n\n\n<p>Contempla, ainda, espa\u00e7o pet, um grande playground para as crian\u00e7as com piso emborrachado e \u00e1reas de perman\u00eancia para que a comunidade possa usufruir para o lazer. Todos esses espa\u00e7os ganharam ilumina\u00e7\u00e3o projetada e distribu\u00edda a fim de garantir maior seguran\u00e7a.<\/p>\n\n\n\n<p><strong>Localiza\u00e7\u00e3o:<\/strong> <a href=\"https:\/\/goo.gl\/maps\/8vx4iGKH5DdABGXS8?coh=178571&amp;entry=tt\" target=\"_blank\" rel=\"noreferrer noopener\">Rua Teixeira Soares, Centro<\/a><\/p>\n\n\n\n<p><strong>Hor\u00e1rio de Funcionamento:<\/strong> das 8:30 \u00e0s 20h de segunda \u00e0 s\u00e1bado e das 8:30 \u00e0s 18h no domingo<\/p>\n\n\n\n<p class=\"has-grey-background-color has-background\"><a href=\"https:\/\/www.pmpf.rs.gov.br\/esportes\/wp-content\/uploads\/sites\/44\/2022\/02\/decreto_31_2023-_agendamento_qudras.pdf\" target=\"_blank\" rel=\"noreferrer noopener\">Decreto 31\/2023<\/a> &#8211; Regulamento  para o agendamento das quadras, normas de conduta e conserva\u00e7\u00e3o do Centro de Esporte e Lazer Fredolino Chimango<\/p>\n\n\n\n<div style=\"height:20px\" aria-hidden=\"true\" class=\"wp-block-spacer\"><\/div>\n\n\n\n<div class=\"wp-block-buttons is-content-justification-center is-layout-flex wp-container-core-buttons-is-layout-1 wp-block-buttons-is-layout-flex\">\n<div class=\"wp-block-button\"><a class=\"wp-block-button__link has-white-color has-blue-background-color has-text-color has-background wp-element-button\" href=\"http:\/\/buscaquadras.com.br\/centro-esportivo-agendamento-online?a=riWC4S\" style=\"border-radius:8px\" target=\"_blank\" rel=\"noreferrer noopener\">Reserva de Quadras<\/a><\/div>\n<\/div>\n\n\n\n<hr class=\"wp-block-separator has-css-opacity\"\/>\n","protected":false},"excerpt":{"rendered":"<p>O complexo re\u00fane in\u00fameras possibilidades para a pr\u00e1tica de esportes e lazer. No cora\u00e7\u00e3o da cidade, o Centro de Esporte e Lazer Fredolino Chimango ou Campo do Quartel, como \u00e9 conhecido popularmente, [&hellip;]<\/p>\n","protected":false},"author":1,"featured_media":0,"parent":0,"menu_order":0,"comment_status":"closed","ping_status":"closed","template":"","meta":{"footnotes":""},"class_list":["post-51","page","type-page","status-publish","hentry"],"yoast_head":"<!-- This site is optimized with the Yoast SEO plugin v23.8 - https:\/\/yoast.com\/wordpress\/plugins\/seo\/ -->\n<title>Centro de Esporte e Lazer Fredolino Chimango - Secretaria de Esportes<\/title>\n<meta name=\"robots\" content=\"index, follow, max-snippet:-1, max-image-preview:large, max-video-preview:-1\" \/>\n<link rel=\"canonical\" href=\"https:\/\/www.pmpf.rs.gov.br\/esportes\/centroesportivofredolino\/\" \/>\n<meta property=\"og:locale\" content=\"pt_BR\" \/>\n<meta property=\"og:type\" content=\"article\" \/>\n<meta property=\"og:title\" content=\"Centro de Esporte e Lazer Fredolino Chimango - Secretaria de Esportes\" \/>\n<meta property=\"og:description\" content=\"O complexo re\u00fane in\u00fameras possibilidades para a pr\u00e1tica de esportes e lazer. No cora\u00e7\u00e3o da cidade, o Centro de Esporte e Lazer Fredolino Chimango ou Campo do Quartel, como \u00e9 conhecido popularmente, [&hellip;]\" \/>\n<meta property=\"og:url\" content=\"https:\/\/www.pmpf.rs.gov.br\/esportes\/centroesportivofredolino\/\" \/>\n<meta property=\"og:site_name\" content=\"Secretaria de Esportes\" \/>\n<meta property=\"article:modified_time\" content=\"2024-12-24T16:18:31+00:00\" \/>\n<meta property=\"og:image\" content=\"https:\/\/www.pmpf.rs.gov.br\/esportes\/wp-content\/uploads\/sites\/44\/2023\/05\/fredolino4-980-734px-1.jpg\" \/>\n\t<meta property=\"og:image:width\" content=\"980\" \/>\n\t<meta property=\"og:image:height\" content=\"734\" \/>\n\t<meta property=\"og:image:type\" content=\"image\/jpeg\" \/>\n<meta name=\"twitter:card\" content=\"summary_large_image\" \/>\n<meta name=\"twitter:label1\" content=\"Est. tempo de leitura\" \/>\n\t<meta name=\"twitter:data1\" content=\"1 minuto\" \/>\n<script type=\"application\/ld+json\" class=\"yoast-schema-graph\">{\"@context\":\"https:\/\/schema.org\",\"@graph\":[{\"@type\":\"WebPage\",\"@id\":\"https:\/\/www.pmpf.rs.gov.br\/esportes\/centroesportivofredolino\/\",\"url\":\"https:\/\/www.pmpf.rs.gov.br\/esportes\/centroesportivofredolino\/\",\"name\":\"Centro de Esporte e Lazer Fredolino Chimango - Secretaria de Esportes\",\"isPartOf\":{\"@id\":\"https:\/\/www.pmpf.rs.gov.br\/esportes\/#website\"},\"primaryImageOfPage\":{\"@id\":\"https:\/\/www.pmpf.rs.gov.br\/esportes\/centroesportivofredolino\/#primaryimage\"},\"image\":{\"@id\":\"https:\/\/www.pmpf.rs.gov.br\/esportes\/centroesportivofredolino\/#primaryimage\"},\"thumbnailUrl\":\"https:\/\/www.pmpf.rs.gov.br\/esportes\/wp-content\/uploads\/sites\/44\/2023\/05\/fredolino4-980-734px-1.jpg\",\"datePublished\":\"2021-12-21T18:20:44+00:00\",\"dateModified\":\"2024-12-24T16:18:31+00:00\",\"inLanguage\":\"pt-BR\",\"potentialAction\":[{\"@type\":\"ReadAction\",\"target\":[\"https:\/\/www.pmpf.rs.gov.br\/esportes\/centroesportivofredolino\/\"]}]},{\"@type\":\"ImageObject\",\"inLanguage\":\"pt-BR\",\"@id\":\"https:\/\/www.pmpf.rs.gov.br\/esportes\/centroesportivofredolino\/#primaryimage\",\"url\":\"https:\/\/www.pmpf.rs.gov.br\/esportes\/wp-content\/uploads\/sites\/44\/2023\/05\/fredolino4-980-734px-1.jpg\",\"contentUrl\":\"https:\/\/www.pmpf.rs.gov.br\/esportes\/wp-content\/uploads\/sites\/44\/2023\/05\/fredolino4-980-734px-1.jpg\",\"width\":980,\"height\":734},{\"@type\":\"WebSite\",\"@id\":\"https:\/\/www.pmpf.rs.gov.br\/esportes\/#website\",\"url\":\"https:\/\/www.pmpf.rs.gov.br\/esportes\/\",\"name\":\"Secretaria de Esportes\",\"description\":\"Site Secretaria de Esporte da Prefeitura de Passo Fundo\",\"potentialAction\":[{\"@type\":\"SearchAction\",\"target\":{\"@type\":\"EntryPoint\",\"urlTemplate\":\"https:\/\/www.pmpf.rs.gov.br\/esportes\/?s={search_term_string}\"},\"query-input\":{\"@type\":\"PropertyValueSpecification\",\"valueRequired\":true,\"valueName\":\"search_term_string\"}}],\"inLanguage\":\"pt-BR\"}]}<\/script>\n<!-- \/ Yoast SEO plugin. -->","yoast_head_json":{"title":"Centro de Esporte e Lazer Fredolino Chimango - Secretaria de Esportes","robots":{"index":"index","follow":"follow","max-snippet":"max-snippet:-1","max-image-preview":"max-image-preview:large","max-video-preview":"max-video-preview:-1"},"canonical":"https:\/\/www.pmpf.rs.gov.br\/esportes\/centroesportivofredolino\/","og_locale":"pt_BR","og_type":"article","og_title":"Centro de Esporte e Lazer Fredolino Chimango - Secretaria de Esportes","og_description":"O complexo re\u00fane in\u00fameras possibilidades para a pr\u00e1tica de esportes e lazer. No cora\u00e7\u00e3o da cidade, o Centro de Esporte e Lazer Fredolino Chimango ou Campo do Quartel, como \u00e9 conhecido popularmente, [&hellip;]","og_url":"https:\/\/www.pmpf.rs.gov.br\/esportes\/centroesportivofredolino\/","og_site_name":"Secretaria de Esportes","article_modified_time":"2024-12-24T16:18:31+00:00","og_image":[{"width":980,"height":734,"url":"https:\/\/www.pmpf.rs.gov.br\/esportes\/wp-content\/uploads\/sites\/44\/2023\/05\/fredolino4-980-734px-1.jpg","type":"image\/jpeg"}],"twitter_card":"summary_large_image","twitter_misc":{"Est. tempo de leitura":"1 minuto"},"schema":{"@context":"https:\/\/schema.org","@graph":[{"@type":"WebPage","@id":"https:\/\/www.pmpf.rs.gov.br\/esportes\/centroesportivofredolino\/","url":"https:\/\/www.pmpf.rs.gov.br\/esportes\/centroesportivofredolino\/","name":"Centro de Esporte e Lazer Fredolino Chimango - Secretaria de Esportes","isPartOf":{"@id":"https:\/\/www.pmpf.rs.gov.br\/esportes\/#website"},"primaryImageOfPage":{"@id":"https:\/\/www.pmpf.rs.gov.br\/esportes\/centroesportivofredolino\/#primaryimage"},"image":{"@id":"https:\/\/www.pmpf.rs.gov.br\/esportes\/centroesportivofredolino\/#primaryimage"},"thumbnailUrl":"https:\/\/www.pmpf.rs.gov.br\/esportes\/wp-content\/uploads\/sites\/44\/2023\/05\/fredolino4-980-734px-1.jpg","datePublished":"2021-12-21T18:20:44+00:00","dateModified":"2024-12-24T16:18:31+00:00","inLanguage":"pt-BR","potentialAction":[{"@type":"ReadAction","target":["https:\/\/www.pmpf.rs.gov.br\/esportes\/centroesportivofredolino\/"]}]},{"@type":"ImageObject","inLanguage":"pt-BR","@id":"https:\/\/www.pmpf.rs.gov.br\/esportes\/centroesportivofredolino\/#primaryimage","url":"https:\/\/www.pmpf.rs.gov.br\/esportes\/wp-content\/uploads\/sites\/44\/2023\/05\/fredolino4-980-734px-1.jpg","contentUrl":"https:\/\/www.pmpf.rs.gov.br\/esportes\/wp-content\/uploads\/sites\/44\/2023\/05\/fredolino4-980-734px-1.jpg","width":980,"height":734},{"@type":"WebSite","@id":"https:\/\/www.pmpf.rs.gov.br\/esportes\/#website","url":"https:\/\/www.pmpf.rs.gov.br\/esportes\/","name":"Secretaria de Esportes","description":"Site Secretaria de Esporte da Prefeitura de Passo Fundo","potentialAction":[{"@type":"SearchAction","target":{"@type":"EntryPoint","urlTemplate":"https:\/\/www.pmpf.rs.gov.br\/esportes\/?s={search_term_string}"},"query-input":{"@type":"PropertyValueSpecification","valueRequired":true,"valueName":"search_term_string"}}],"inLanguage":"pt-BR"}]}},"_links":{"self":[{"href":"https:\/\/www.pmpf.rs.gov.br\/esportes\/wp-json\/wp\/v2\/pages\/51"}],"collection":[{"href":"https:\/\/www.pmpf.rs.gov.br\/esportes\/wp-json\/wp\/v2\/pages"}],"about":[{"href":"https:\/\/www.pmpf.rs.gov.br\/esportes\/wp-json\/wp\/v2\/types\/page"}],"author":[{"embeddable":true,"href":"https:\/\/www.pmpf.rs.gov.br\/esportes\/wp-json\/wp\/v2\/users\/1"}],"replies":[{"embeddable":true,"href":"https:\/\/www.pmpf.rs.gov.br\/esportes\/wp-json\/wp\/v2\/comments?post=51"}],"version-history":[{"count":21,"href":"https:\/\/www.pmpf.rs.gov.br\/esportes\/wp-json\/wp\/v2\/pages\/51\/revisions"}],"predecessor-version":[{"id":1824,"href":"https:\/\/www.pmpf.rs.gov.br\/esportes\/wp-json\/wp\/v2\/pages\/51\/revisions\/1824"}],"wp:attachment":[{"href":"https:\/\/www.pmpf.rs.gov.br\/esportes\/wp-json\/wp\/v2\/media?parent=51"}],"curies":[{"name":"wp","href":"https:\/\/api.w.org\/{rel}","templated":true}]}}