{"id":22,"date":"2021-12-21T15:10:17","date_gmt":"2021-12-21T18:10:17","guid":{"rendered":"https:\/\/www.pmpf.rs.gov.br\/secretaria-extraordinaria-de-esportes\/?page_id=22"},"modified":"2025-10-21T16:19:40","modified_gmt":"2025-10-21T19:19:40","slug":"corridas-de-rua","status":"publish","type":"page","link":"https:\/\/www.pmpf.rs.gov.br\/esportes\/corridas-de-rua\/","title":{"rendered":"Corridas de Rua"},"content":{"rendered":"\n<p>O Circuito Municipal de Corridas de Rua de Passo Fundo, atualmente \u00e9 composto por 4 corridas anuais, sendo elas:<\/p>\n\n\n\n<h4 class=\"wp-block-heading\">1\u00aa Etapa Circuito Municipal de Corridas de Rua &#8211; Volta da Rosel\u00e2ndia<\/h4>\n\n\n\n<figure class=\"wp-block-image size-full is-resized\"><img loading=\"lazy\" decoding=\"async\" width=\"729\" height=\"775\" src=\"https:\/\/www.pmpf.rs.gov.br\/esportes\/wp-content\/uploads\/sites\/44\/2022\/02\/1a-Etapa-Circuito-Corridas-de-Rua.png\" alt=\"\" class=\"wp-image-1611\" style=\"width:369px;height:auto\" srcset=\"https:\/\/www.pmpf.rs.gov.br\/esportes\/wp-content\/uploads\/sites\/44\/2022\/02\/1a-Etapa-Circuito-Corridas-de-Rua.png 729w, https:\/\/www.pmpf.rs.gov.br\/esportes\/wp-content\/uploads\/sites\/44\/2022\/02\/1a-Etapa-Circuito-Corridas-de-Rua-282x300.png 282w\" sizes=\"(max-width: 729px) 100vw, 729px\" \/><\/figure>\n\n\n\n<div style=\"height:10px\" aria-hidden=\"true\" class=\"wp-block-spacer\"><\/div>\n\n\n\n<hr class=\"wp-block-separator has-alpha-channel-opacity\"\/>\n\n\n\n<h4 class=\"wp-block-heading\">2\u00aa Etapa do Circuito Municipal de Corridas de Rua &#8211; Corrida da Av. Brasil\/Uirapuru<\/h4>\n\n\n\n<figure class=\"wp-block-image size-large is-resized\"><img loading=\"lazy\" decoding=\"async\" width=\"1024\" height=\"526\" src=\"https:\/\/www.pmpf.rs.gov.br\/esportes\/wp-content\/uploads\/sites\/44\/2022\/02\/2a-Etapa-Circuito-Corridas-de-Rua-1024x526.png\" alt=\"\" class=\"wp-image-1616\" style=\"width:691px;height:auto\" srcset=\"https:\/\/www.pmpf.rs.gov.br\/esportes\/wp-content\/uploads\/sites\/44\/2022\/02\/2a-Etapa-Circuito-Corridas-de-Rua-1024x526.png 1024w, https:\/\/www.pmpf.rs.gov.br\/esportes\/wp-content\/uploads\/sites\/44\/2022\/02\/2a-Etapa-Circuito-Corridas-de-Rua-300x154.png 300w, https:\/\/www.pmpf.rs.gov.br\/esportes\/wp-content\/uploads\/sites\/44\/2022\/02\/2a-Etapa-Circuito-Corridas-de-Rua-768x395.png 768w, https:\/\/www.pmpf.rs.gov.br\/esportes\/wp-content\/uploads\/sites\/44\/2022\/02\/2a-Etapa-Circuito-Corridas-de-Rua.png 1462w\" sizes=\"(max-width: 1024px) 100vw, 1024px\" \/><\/figure>\n\n\n\n<div style=\"height:10px\" aria-hidden=\"true\" class=\"wp-block-spacer\"><\/div>\n\n\n\n<hr class=\"wp-block-separator has-alpha-channel-opacity\"\/>\n\n\n\n<h4 class=\"wp-block-heading\">3\u00aa Etapa do Circuito Municipal de Corridas de Rua &#8211; Corrida do Passo Fundo Shopping<\/h4>\n\n\n\n<figure class=\"wp-block-image size-full is-resized\"><img loading=\"lazy\" decoding=\"async\" width=\"850\" height=\"506\" src=\"https:\/\/www.pmpf.rs.gov.br\/esportes\/wp-content\/uploads\/sites\/44\/2025\/10\/corrida-passofundo-shopping-percurso.jpeg\" alt=\"\" class=\"wp-image-2079\" style=\"width:694px;height:auto\" srcset=\"https:\/\/www.pmpf.rs.gov.br\/esportes\/wp-content\/uploads\/sites\/44\/2025\/10\/corrida-passofundo-shopping-percurso.jpeg 850w, https:\/\/www.pmpf.rs.gov.br\/esportes\/wp-content\/uploads\/sites\/44\/2025\/10\/corrida-passofundo-shopping-percurso-300x179.jpeg 300w, https:\/\/www.pmpf.rs.gov.br\/esportes\/wp-content\/uploads\/sites\/44\/2025\/10\/corrida-passofundo-shopping-percurso-768x457.jpeg 768w\" sizes=\"(max-width: 850px) 100vw, 850px\" \/><\/figure>\n\n\n\n<div style=\"height:6px\" aria-hidden=\"true\" class=\"wp-block-spacer\"><\/div>\n\n\n\n<hr class=\"wp-block-separator has-alpha-channel-opacity\"\/>\n\n\n\n<h4 class=\"wp-block-heading\">4\u00aa Etapa do Circuito Municipal de Corridas de Rua &#8211; Volta do Parque da Gare (3 voltas no circuito)<\/h4>\n\n\n\n<div style=\"height:10px\" aria-hidden=\"true\" class=\"wp-block-spacer\"><\/div>\n\n\n\n<hr class=\"wp-block-separator has-alpha-channel-opacity\"\/>\n\n\n\n<figure class=\"wp-block-image size-large is-resized\"><img loading=\"lazy\" decoding=\"async\" width=\"1024\" height=\"578\" src=\"https:\/\/www.pmpf.rs.gov.br\/esportes\/wp-content\/uploads\/sites\/44\/2025\/10\/percurso-gare-1024x578.jpg\" alt=\"\" class=\"wp-image-2086\" style=\"width:701px;height:auto\" srcset=\"https:\/\/www.pmpf.rs.gov.br\/esportes\/wp-content\/uploads\/sites\/44\/2025\/10\/percurso-gare-1024x578.jpg 1024w, https:\/\/www.pmpf.rs.gov.br\/esportes\/wp-content\/uploads\/sites\/44\/2025\/10\/percurso-gare-300x169.jpg 300w, https:\/\/www.pmpf.rs.gov.br\/esportes\/wp-content\/uploads\/sites\/44\/2025\/10\/percurso-gare-768x433.jpg 768w, https:\/\/www.pmpf.rs.gov.br\/esportes\/wp-content\/uploads\/sites\/44\/2025\/10\/percurso-gare.jpg 1439w\" sizes=\"(max-width: 1024px) 100vw, 1024px\" \/><\/figure>\n\n\n\n<div style=\"height:10px\" aria-hidden=\"true\" class=\"wp-block-spacer\"><\/div>\n\n\n\n<hr class=\"wp-block-separator has-alpha-channel-opacity\"\/>\n\n\n\n<p>Cada etapa conta com diferentes caracter\u00edsticas que desafiam ainda mais os atletas amadores e os profissionais que participam.<\/p>\n\n\n\n<p>Al\u00e9m das corridas do Circuito, temos a tradicional Meia Maratona Internacional de Passo Fundo e a R\u00fastica de anivers\u00e1rio da cidade, realizadas sempre no m\u00eas de Agosto.<\/p>\n\n\n\n<figure class=\"wp-block-image size-full is-resized\"><img loading=\"lazy\" decoding=\"async\" width=\"719\" height=\"446\" src=\"https:\/\/www.pmpf.rs.gov.br\/esportes\/wp-content\/uploads\/sites\/44\/2025\/10\/meia-maratona-esporte.jpeg\" alt=\"\" class=\"wp-image-2083\" style=\"width:706px;height:auto\" srcset=\"https:\/\/www.pmpf.rs.gov.br\/esportes\/wp-content\/uploads\/sites\/44\/2025\/10\/meia-maratona-esporte.jpeg 719w, https:\/\/www.pmpf.rs.gov.br\/esportes\/wp-content\/uploads\/sites\/44\/2025\/10\/meia-maratona-esporte-300x186.jpeg 300w\" sizes=\"(max-width: 719px) 100vw, 719px\" \/><\/figure>\n\n\n\n<div style=\"height:12px\" aria-hidden=\"true\" class=\"wp-block-spacer\"><\/div>\n\n\n\n<hr class=\"wp-block-separator has-alpha-channel-opacity\"\/>\n\n\n\n<hr class=\"wp-block-separator has-alpha-channel-opacity\"\/>\n\n\n\n<figure class=\"wp-block-gallery has-nested-images columns-default is-cropped wp-block-gallery-1 is-layout-flex wp-block-gallery-is-layout-flex\">\n<figure class=\"wp-block-image size-large\"><img loading=\"lazy\" decoding=\"async\" width=\"1024\" height=\"576\" data-id=\"2037\" src=\"https:\/\/www.pmpf.rs.gov.br\/esportes\/wp-content\/uploads\/sites\/44\/2022\/02\/foto-corrida-05.jpg\" alt=\"\" class=\"wp-image-2037\" srcset=\"https:\/\/www.pmpf.rs.gov.br\/esportes\/wp-content\/uploads\/sites\/44\/2022\/02\/foto-corrida-05.jpg 1024w, https:\/\/www.pmpf.rs.gov.br\/esportes\/wp-content\/uploads\/sites\/44\/2022\/02\/foto-corrida-05-300x169.jpg 300w, https:\/\/www.pmpf.rs.gov.br\/esportes\/wp-content\/uploads\/sites\/44\/2022\/02\/foto-corrida-05-768x432.jpg 768w, https:\/\/www.pmpf.rs.gov.br\/esportes\/wp-content\/uploads\/sites\/44\/2022\/02\/foto-corrida-05-520x292.jpg 520w\" sizes=\"(max-width: 1024px) 100vw, 1024px\" \/><\/figure>\n\n\n\n<figure class=\"wp-block-image size-large\"><img loading=\"lazy\" decoding=\"async\" width=\"1024\" height=\"682\" data-id=\"2038\" src=\"https:\/\/www.pmpf.rs.gov.br\/esportes\/wp-content\/uploads\/sites\/44\/2022\/02\/foto-corrida-03-1024x682.jpg\" alt=\"\" class=\"wp-image-2038\" srcset=\"https:\/\/www.pmpf.rs.gov.br\/esportes\/wp-content\/uploads\/sites\/44\/2022\/02\/foto-corrida-03-1024x682.jpg 1024w, https:\/\/www.pmpf.rs.gov.br\/esportes\/wp-content\/uploads\/sites\/44\/2022\/02\/foto-corrida-03-300x200.jpg 300w, https:\/\/www.pmpf.rs.gov.br\/esportes\/wp-content\/uploads\/sites\/44\/2022\/02\/foto-corrida-03-768x512.jpg 768w, https:\/\/www.pmpf.rs.gov.br\/esportes\/wp-content\/uploads\/sites\/44\/2022\/02\/foto-corrida-03-1536x1023.jpg 1536w, https:\/\/www.pmpf.rs.gov.br\/esportes\/wp-content\/uploads\/sites\/44\/2022\/02\/foto-corrida-03.jpg 1600w\" sizes=\"(max-width: 1024px) 100vw, 1024px\" \/><\/figure>\n\n\n\n<figure class=\"wp-block-image size-large\"><img loading=\"lazy\" decoding=\"async\" width=\"788\" height=\"1024\" data-id=\"2039\" src=\"https:\/\/www.pmpf.rs.gov.br\/esportes\/wp-content\/uploads\/sites\/44\/2022\/02\/foto-corrida-02-788x1024.jpg\" alt=\"\" class=\"wp-image-2039\" srcset=\"https:\/\/www.pmpf.rs.gov.br\/esportes\/wp-content\/uploads\/sites\/44\/2022\/02\/foto-corrida-02-788x1024.jpg 788w, https:\/\/www.pmpf.rs.gov.br\/esportes\/wp-content\/uploads\/sites\/44\/2022\/02\/foto-corrida-02-231x300.jpg 231w, https:\/\/www.pmpf.rs.gov.br\/esportes\/wp-content\/uploads\/sites\/44\/2022\/02\/foto-corrida-02-768x998.jpg 768w, https:\/\/www.pmpf.rs.gov.br\/esportes\/wp-content\/uploads\/sites\/44\/2022\/02\/foto-corrida-02.jpg 1171w\" sizes=\"(max-width: 788px) 100vw, 788px\" \/><\/figure>\n\n\n\n<figure class=\"wp-block-image size-large\"><img loading=\"lazy\" decoding=\"async\" width=\"1024\" height=\"576\" data-id=\"2040\" src=\"https:\/\/www.pmpf.rs.gov.br\/esportes\/wp-content\/uploads\/sites\/44\/2022\/02\/foto-corrida-01-1024x576.jpg\" alt=\"\" class=\"wp-image-2040\" srcset=\"https:\/\/www.pmpf.rs.gov.br\/esportes\/wp-content\/uploads\/sites\/44\/2022\/02\/foto-corrida-01-1024x576.jpg 1024w, https:\/\/www.pmpf.rs.gov.br\/esportes\/wp-content\/uploads\/sites\/44\/2022\/02\/foto-corrida-01-300x169.jpg 300w, https:\/\/www.pmpf.rs.gov.br\/esportes\/wp-content\/uploads\/sites\/44\/2022\/02\/foto-corrida-01-768x432.jpg 768w, https:\/\/www.pmpf.rs.gov.br\/esportes\/wp-content\/uploads\/sites\/44\/2022\/02\/foto-corrida-01-1536x864.jpg 1536w, https:\/\/www.pmpf.rs.gov.br\/esportes\/wp-content\/uploads\/sites\/44\/2022\/02\/foto-corrida-01-520x292.jpg 520w, https:\/\/www.pmpf.rs.gov.br\/esportes\/wp-content\/uploads\/sites\/44\/2022\/02\/foto-corrida-01.jpg 1600w\" sizes=\"(max-width: 1024px) 100vw, 1024px\" \/><\/figure>\n\n\n\n<figure class=\"wp-block-image size-large\"><img loading=\"lazy\" decoding=\"async\" width=\"1024\" height=\"768\" data-id=\"2041\" src=\"https:\/\/www.pmpf.rs.gov.br\/esportes\/wp-content\/uploads\/sites\/44\/2022\/02\/foto-corrida-04.jpg\" alt=\"\" class=\"wp-image-2041\" srcset=\"https:\/\/www.pmpf.rs.gov.br\/esportes\/wp-content\/uploads\/sites\/44\/2022\/02\/foto-corrida-04.jpg 1024w, https:\/\/www.pmpf.rs.gov.br\/esportes\/wp-content\/uploads\/sites\/44\/2022\/02\/foto-corrida-04-300x225.jpg 300w, https:\/\/www.pmpf.rs.gov.br\/esportes\/wp-content\/uploads\/sites\/44\/2022\/02\/foto-corrida-04-768x576.jpg 768w\" sizes=\"(max-width: 1024px) 100vw, 1024px\" \/><\/figure>\n\n\n\n<figure class=\"wp-block-image size-large\"><img loading=\"lazy\" decoding=\"async\" width=\"1024\" height=\"768\" data-id=\"2042\" src=\"https:\/\/www.pmpf.rs.gov.br\/esportes\/wp-content\/uploads\/sites\/44\/2022\/02\/foto-corrida-06.jpg\" alt=\"\" class=\"wp-image-2042\" srcset=\"https:\/\/www.pmpf.rs.gov.br\/esportes\/wp-content\/uploads\/sites\/44\/2022\/02\/foto-corrida-06.jpg 1024w, https:\/\/www.pmpf.rs.gov.br\/esportes\/wp-content\/uploads\/sites\/44\/2022\/02\/foto-corrida-06-300x225.jpg 300w, https:\/\/www.pmpf.rs.gov.br\/esportes\/wp-content\/uploads\/sites\/44\/2022\/02\/foto-corrida-06-768x576.jpg 768w\" sizes=\"(max-width: 1024px) 100vw, 1024px\" \/><\/figure>\n<\/figure>\n\n\n\n<hr class=\"wp-block-separator has-alpha-channel-opacity\"\/>\n\n\n\n<p>Para mais informa\u00e7\u00f5es:<br>(54) 3311-2485 (Telefone)<br>(54) 9 9986-4114 (WhatsApp)<\/p>\n\n\n\n<hr class=\"wp-block-separator has-css-opacity\"\/>\n","protected":false},"excerpt":{"rendered":"<p>O Circuito Municipal de Corridas de Rua de Passo Fundo, atualmente \u00e9 composto por 4 corridas anuais, sendo elas: 1\u00aa Etapa Circuito Municipal de Corridas de Rua &#8211; Volta da Rosel\u00e2ndia 2\u00aa [&hellip;]<\/p>\n","protected":false},"author":1,"featured_media":0,"parent":0,"menu_order":0,"comment_status":"closed","ping_status":"closed","template":"","meta":{"footnotes":""},"class_list":["post-22","page","type-page","status-publish","hentry"],"yoast_head":"<!-- This site is optimized with the Yoast SEO plugin v23.8 - https:\/\/yoast.com\/wordpress\/plugins\/seo\/ -->\n<title>Corridas de Rua - Secretaria de Esportes<\/title>\n<meta name=\"robots\" content=\"index, follow, max-snippet:-1, max-image-preview:large, max-video-preview:-1\" \/>\n<link rel=\"canonical\" href=\"https:\/\/www.pmpf.rs.gov.br\/esportes\/corridas-de-rua\/\" \/>\n<meta property=\"og:locale\" content=\"pt_BR\" \/>\n<meta property=\"og:type\" content=\"article\" \/>\n<meta property=\"og:title\" content=\"Corridas de Rua - Secretaria de Esportes\" \/>\n<meta property=\"og:description\" content=\"O Circuito Municipal de Corridas de Rua de Passo Fundo, atualmente \u00e9 composto por 4 corridas anuais, sendo elas: 1\u00aa Etapa Circuito Municipal de Corridas de Rua &#8211; Volta da Rosel\u00e2ndia 2\u00aa [&hellip;]\" \/>\n<meta property=\"og:url\" content=\"https:\/\/www.pmpf.rs.gov.br\/esportes\/corridas-de-rua\/\" \/>\n<meta property=\"og:site_name\" content=\"Secretaria de Esportes\" \/>\n<meta property=\"article:modified_time\" content=\"2025-10-21T19:19:40+00:00\" \/>\n<meta property=\"og:image\" content=\"https:\/\/www.pmpf.rs.gov.br\/esportes\/wp-content\/uploads\/sites\/44\/2022\/02\/1a-Etapa-Circuito-Corridas-de-Rua.png\" \/>\n\t<meta property=\"og:image:width\" content=\"729\" \/>\n\t<meta property=\"og:image:height\" content=\"775\" \/>\n\t<meta property=\"og:image:type\" content=\"image\/png\" \/>\n<meta name=\"twitter:card\" content=\"summary_large_image\" \/>\n<meta name=\"twitter:label1\" content=\"Est. tempo de leitura\" \/>\n\t<meta name=\"twitter:data1\" content=\"1 minuto\" \/>\n<script type=\"application\/ld+json\" class=\"yoast-schema-graph\">{\"@context\":\"https:\/\/schema.org\",\"@graph\":[{\"@type\":\"WebPage\",\"@id\":\"https:\/\/www.pmpf.rs.gov.br\/esportes\/corridas-de-rua\/\",\"url\":\"https:\/\/www.pmpf.rs.gov.br\/esportes\/corridas-de-rua\/\",\"name\":\"Corridas de Rua - Secretaria de Esportes\",\"isPartOf\":{\"@id\":\"https:\/\/www.pmpf.rs.gov.br\/esportes\/#website\"},\"primaryImageOfPage\":{\"@id\":\"https:\/\/www.pmpf.rs.gov.br\/esportes\/corridas-de-rua\/#primaryimage\"},\"image\":{\"@id\":\"https:\/\/www.pmpf.rs.gov.br\/esportes\/corridas-de-rua\/#primaryimage\"},\"thumbnailUrl\":\"https:\/\/www.pmpf.rs.gov.br\/esportes\/wp-content\/uploads\/sites\/44\/2022\/02\/1a-Etapa-Circuito-Corridas-de-Rua.png\",\"datePublished\":\"2021-12-21T18:10:17+00:00\",\"dateModified\":\"2025-10-21T19:19:40+00:00\",\"inLanguage\":\"pt-BR\",\"potentialAction\":[{\"@type\":\"ReadAction\",\"target\":[\"https:\/\/www.pmpf.rs.gov.br\/esportes\/corridas-de-rua\/\"]}]},{\"@type\":\"ImageObject\",\"inLanguage\":\"pt-BR\",\"@id\":\"https:\/\/www.pmpf.rs.gov.br\/esportes\/corridas-de-rua\/#primaryimage\",\"url\":\"https:\/\/www.pmpf.rs.gov.br\/esportes\/wp-content\/uploads\/sites\/44\/2022\/02\/1a-Etapa-Circuito-Corridas-de-Rua.png\",\"contentUrl\":\"https:\/\/www.pmpf.rs.gov.br\/esportes\/wp-content\/uploads\/sites\/44\/2022\/02\/1a-Etapa-Circuito-Corridas-de-Rua.png\",\"width\":729,\"height\":775},{\"@type\":\"WebSite\",\"@id\":\"https:\/\/www.pmpf.rs.gov.br\/esportes\/#website\",\"url\":\"https:\/\/www.pmpf.rs.gov.br\/esportes\/\",\"name\":\"Secretaria de Esportes\",\"description\":\"Site Secretaria de Esporte da Prefeitura de Passo Fundo\",\"potentialAction\":[{\"@type\":\"SearchAction\",\"target\":{\"@type\":\"EntryPoint\",\"urlTemplate\":\"https:\/\/www.pmpf.rs.gov.br\/esportes\/?s={search_term_string}\"},\"query-input\":{\"@type\":\"PropertyValueSpecification\",\"valueRequired\":true,\"valueName\":\"search_term_string\"}}],\"inLanguage\":\"pt-BR\"}]}<\/script>\n<!-- \/ Yoast SEO plugin. -->","yoast_head_json":{"title":"Corridas de Rua - Secretaria de Esportes","robots":{"index":"index","follow":"follow","max-snippet":"max-snippet:-1","max-image-preview":"max-image-preview:large","max-video-preview":"max-video-preview:-1"},"canonical":"https:\/\/www.pmpf.rs.gov.br\/esportes\/corridas-de-rua\/","og_locale":"pt_BR","og_type":"article","og_title":"Corridas de Rua - Secretaria de Esportes","og_description":"O Circuito Municipal de Corridas de Rua de Passo Fundo, atualmente \u00e9 composto por 4 corridas anuais, sendo elas: 1\u00aa Etapa Circuito Municipal de Corridas de Rua &#8211; Volta da Rosel\u00e2ndia 2\u00aa [&hellip;]","og_url":"https:\/\/www.pmpf.rs.gov.br\/esportes\/corridas-de-rua\/","og_site_name":"Secretaria de Esportes","article_modified_time":"2025-10-21T19:19:40+00:00","og_image":[{"width":729,"height":775,"url":"https:\/\/www.pmpf.rs.gov.br\/esportes\/wp-content\/uploads\/sites\/44\/2022\/02\/1a-Etapa-Circuito-Corridas-de-Rua.png","type":"image\/png"}],"twitter_card":"summary_large_image","twitter_misc":{"Est. tempo de leitura":"1 minuto"},"schema":{"@context":"https:\/\/schema.org","@graph":[{"@type":"WebPage","@id":"https:\/\/www.pmpf.rs.gov.br\/esportes\/corridas-de-rua\/","url":"https:\/\/www.pmpf.rs.gov.br\/esportes\/corridas-de-rua\/","name":"Corridas de Rua - Secretaria de Esportes","isPartOf":{"@id":"https:\/\/www.pmpf.rs.gov.br\/esportes\/#website"},"primaryImageOfPage":{"@id":"https:\/\/www.pmpf.rs.gov.br\/esportes\/corridas-de-rua\/#primaryimage"},"image":{"@id":"https:\/\/www.pmpf.rs.gov.br\/esportes\/corridas-de-rua\/#primaryimage"},"thumbnailUrl":"https:\/\/www.pmpf.rs.gov.br\/esportes\/wp-content\/uploads\/sites\/44\/2022\/02\/1a-Etapa-Circuito-Corridas-de-Rua.png","datePublished":"2021-12-21T18:10:17+00:00","dateModified":"2025-10-21T19:19:40+00:00","inLanguage":"pt-BR","potentialAction":[{"@type":"ReadAction","target":["https:\/\/www.pmpf.rs.gov.br\/esportes\/corridas-de-rua\/"]}]},{"@type":"ImageObject","inLanguage":"pt-BR","@id":"https:\/\/www.pmpf.rs.gov.br\/esportes\/corridas-de-rua\/#primaryimage","url":"https:\/\/www.pmpf.rs.gov.br\/esportes\/wp-content\/uploads\/sites\/44\/2022\/02\/1a-Etapa-Circuito-Corridas-de-Rua.png","contentUrl":"https:\/\/www.pmpf.rs.gov.br\/esportes\/wp-content\/uploads\/sites\/44\/2022\/02\/1a-Etapa-Circuito-Corridas-de-Rua.png","width":729,"height":775},{"@type":"WebSite","@id":"https:\/\/www.pmpf.rs.gov.br\/esportes\/#website","url":"https:\/\/www.pmpf.rs.gov.br\/esportes\/","name":"Secretaria de Esportes","description":"Site Secretaria de Esporte da Prefeitura de Passo Fundo","potentialAction":[{"@type":"SearchAction","target":{"@type":"EntryPoint","urlTemplate":"https:\/\/www.pmpf.rs.gov.br\/esportes\/?s={search_term_string}"},"query-input":{"@type":"PropertyValueSpecification","valueRequired":true,"valueName":"search_term_string"}}],"inLanguage":"pt-BR"}]}},"_links":{"self":[{"href":"https:\/\/www.pmpf.rs.gov.br\/esportes\/wp-json\/wp\/v2\/pages\/22"}],"collection":[{"href":"https:\/\/www.pmpf.rs.gov.br\/esportes\/wp-json\/wp\/v2\/pages"}],"about":[{"href":"https:\/\/www.pmpf.rs.gov.br\/esportes\/wp-json\/wp\/v2\/types\/page"}],"author":[{"embeddable":true,"href":"https:\/\/www.pmpf.rs.gov.br\/esportes\/wp-json\/wp\/v2\/users\/1"}],"replies":[{"embeddable":true,"href":"https:\/\/www.pmpf.rs.gov.br\/esportes\/wp-json\/wp\/v2\/comments?post=22"}],"version-history":[{"count":32,"href":"https:\/\/www.pmpf.rs.gov.br\/esportes\/wp-json\/wp\/v2\/pages\/22\/revisions"}],"predecessor-version":[{"id":2089,"href":"https:\/\/www.pmpf.rs.gov.br\/esportes\/wp-json\/wp\/v2\/pages\/22\/revisions\/2089"}],"wp:attachment":[{"href":"https:\/\/www.pmpf.rs.gov.br\/esportes\/wp-json\/wp\/v2\/media?parent=22"}],"curies":[{"name":"wp","href":"https:\/\/api.w.org\/{rel}","templated":true}]}}